{"id":9793,"date":"2024-11-25T11:36:46","date_gmt":"2024-11-25T09:36:46","guid":{"rendered":"https:\/\/www.granlunds.com\/?post_type=product&#038;p=9793"},"modified":"2024-11-25T11:37:51","modified_gmt":"2024-11-25T09:37:51","slug":"belysning-72cm","status":"publish","type":"product","link":"https:\/\/www.granlunds.com\/sv\/produkt\/belysning-72cm\/","title":{"rendered":"Belysning 72cm"},"content":{"rendered":"<p>Led lampa l\u00e4mplig att montera uppe i stenfyren och ett bockat elr\u00f6r i aluminium f\u00f6r kabeldragning.<br \/>\nLampan lyser rakt upp i fyrens tak, ljuset sprids d\u00e4rifr\u00e5n ut till sidorna.<\/p>\n<ul>\n<li>220V<\/li>\n<li>5watt<\/li>\n<li>IP65<\/li>\n<li>gr\u00e5<\/li>\n<li>r\u00f6rets diameter 16\/13mm<\/li>\n<li>fyrh\u00f6jd 72cm<\/li>\n<\/ul>\n<p>Elkabel ing\u00e5r ej!<br \/>\nN\u00e4r fyren fylls med sten placeras det bockade elr\u00f6ret inuti fyren. R\u00f6rets \u00f6vre \u00e4nde b\u00f6r h\u00e5llas i mitten av fyren, nedre \u00e4nden vrids \u00e5t l\u00e4mpligt h\u00e5ll med tanke p\u00e5 kabeldragning.<br \/>\nAlternativt kan man \u00e4ven l\u00e4gga en jordkabel direkt i fyren, utan r\u00f6r.<\/p>\n","protected":false},"excerpt":{"rendered":"<p>Led lampa 220V f\u00f6r stenfyr och bockat elr\u00f6r f\u00f6r kabeldragning.<\/p>\n","protected":false},"author":3,"featured_media":3976,"template":"","meta":{"advgb_blocks_editor_width":"","advgb_blocks_columns_visual_guide":""},"product_cat":[69,63,61],"product_tag":[],"featured_img":"https:\/\/www.granlunds.com\/wp-content\/uploads\/2021\/08\/Majakka-valaisin.jpg","coauthors":[],"author_meta":{"author_link":"https:\/\/www.granlunds.com\/sv\/author\/kaj\/","display_name":"Kaj"},"relative_dates":{"created":"Publicerad 1 \u00e5r sedan","modified":"Uppdaterad 1 \u00e5r sedan"},"absolute_dates":{"created":"Publicerat den 25 november, 2024","modified":"Uppdaterad den 25 november, 2024"},"absolute_dates_time":{"created":"Publicerat den 25 november, 2024 11:36","modified":"Uppdaterad den 25 november, 2024 11:37"},"featured_img_caption":"","tax_additional":{"product_type":{"linked":["<a href=\"https:\/\/www.granlunds.com\/sv\/?taxonomy=product_type&#038;term=simple\" class=\"advgb-post-tax-term\">simple<\/a>"],"unlinked":["<span class=\"advgb-post-tax-term\">simple<\/span>"],"slug":"product_type","name":"Produkttyp"},"product_visibility":{"linked":[],"unlinked":[],"slug":"product_visibility","name":"Produktsynlighet"},"product_cat":{"linked":["<a href=\"https:\/\/www.granlunds.com\/sv\/produkt-kategori\/stenfyrar\/\" class=\"advgb-post-tax-term\">Stenfyrar<\/a>","<a href=\"https:\/\/www.granlunds.com\/sv\/produkt-kategori\/stenkorgar-3mm\/\" class=\"advgb-post-tax-term\">Stenkorgar 3 mm<\/a>","<a href=\"https:\/\/www.granlunds.com\/sv\/produkt-kategori\/stenkorgar-5mm\/\" class=\"advgb-post-tax-term\">Stenkorgar 5 mm<\/a>"],"unlinked":["<span class=\"advgb-post-tax-term\">Stenfyrar<\/span>","<span class=\"advgb-post-tax-term\">Stenkorgar 3 mm<\/span>","<span class=\"advgb-post-tax-term\">Stenkorgar 5 mm<\/span>"],"slug":"product_cat","name":"Produktkategorier"},"product_tag":{"linked":[],"unlinked":[],"slug":"product_tag","name":"Produktetiketter"},"product_shipping_class":{"linked":["<a href=\"https:\/\/www.granlunds.com\/sv\/?taxonomy=product_shipping_class&#038;term=mindre-paket\" class=\"advgb-post-tax-term\">Mindre paket<\/a>"],"unlinked":["<span class=\"advgb-post-tax-term\">Mindre paket<\/span>"],"slug":"product_shipping_class","name":"Fraktklasser f\u00f6r produkt"},"translation_priority":{"linked":["<a href=\"https:\/\/www.granlunds.com\/sv\/?taxonomy=translation_priority&#038;term=valfritt\" class=\"advgb-post-tax-term\">Valfritt<\/a>"],"unlinked":["<span class=\"advgb-post-tax-term\">Valfritt<\/span>"],"slug":"translation_priority","name":"\u00d6vers\u00e4ttningsprioriteter"}},"series_order":"","_links":{"self":[{"href":"https:\/\/www.granlunds.com\/sv\/wp-json\/wp\/v2\/product\/9793"}],"collection":[{"href":"https:\/\/www.granlunds.com\/sv\/wp-json\/wp\/v2\/product"}],"about":[{"href":"https:\/\/www.granlunds.com\/sv\/wp-json\/wp\/v2\/types\/product"}],"wp:featuredmedia":[{"embeddable":true,"href":"https:\/\/www.granlunds.com\/sv\/wp-json\/wp\/v2\/media\/3976"}],"wp:attachment":[{"href":"https:\/\/www.granlunds.com\/sv\/wp-json\/wp\/v2\/media?parent=9793"}],"wp:term":[{"taxonomy":"product_cat","embeddable":true,"href":"https:\/\/www.granlunds.com\/sv\/wp-json\/wp\/v2\/product_cat?post=9793"},{"taxonomy":"product_tag","embeddable":true,"href":"https:\/\/www.granlunds.com\/sv\/wp-json\/wp\/v2\/product_tag?post=9793"}],"curies":[{"name":"wp","href":"https:\/\/api.w.org\/{rel}","templated":true}]}}