{"id":9786,"date":"2024-11-25T11:01:05","date_gmt":"2024-11-25T09:01:05","guid":{"rendered":"https:\/\/www.granlunds.com\/?post_type=product&#038;p=9786"},"modified":"2025-07-02T07:29:10","modified_gmt":"2025-07-02T04:29:10","slug":"stenfyr-72cm","status":"publish","type":"product","link":"https:\/\/www.granlunds.com\/sv\/produkt\/stenfyr-72cm\/","title":{"rendered":"Stenfyr 72cm"},"content":{"rendered":"<p><strong>Till Sverige kan vi nu skicka detta paket till en f\u00f6rm\u00e5nlig fraktkostnad!<\/strong><\/p>\n<p>Fyren \u00e4r varmf\u00f6rsinkad och tillverkad i Finland.<\/p>\n<p><strong>Fyrens specifikationer:<\/strong><br \/>\nBottendiameter: 35cm<br \/>\nH\u00f6jd: 72cm<br \/>\nVikt: 9kg<br \/>\nH\u00e5l f\u00f6r belysning: 72mm<\/p>\n<p><strong>Fyllnadsmaterial ing\u00e5r ej!<\/strong><\/p>\n<p>Belysning kan monteras uppe i fyren.\u00a0 Ljusskenet riktas rakt upp mot fyrens tak som sprider skenet runt fyren.<br \/>\nElkabel eller r\u00f6r b\u00f6r i s\u00e5 fall l\u00e4ggas in i mitten n\u00e4r den fylls med sten.<\/p>\n<p>Belysning best\u00e4lls skilt h\u00e4r i samma butik!<\/p>\n","protected":false},"excerpt":{"rendered":"<p>Perfekt prydnad f\u00f6r tr\u00e4dg\u00e5rden, stugstranden eller varf\u00f6r inte inomhus.<\/p>\n","protected":false},"author":3,"featured_media":9910,"template":"","meta":{"advgb_blocks_editor_width":"","advgb_blocks_columns_visual_guide":""},"product_cat":[69,63,61],"product_tag":[],"featured_img":"https:\/\/www.granlunds.com\/wp-content\/uploads\/2024\/11\/IMG-20230529-WA0000-1-1.jpg","coauthors":[],"author_meta":{"author_link":"https:\/\/www.granlunds.com\/sv\/author\/kaj\/","display_name":"Kaj"},"relative_dates":{"created":"Publicerad 1 \u00e5r sedan","modified":"Uppdaterad 10 m\u00e5nader sedan"},"absolute_dates":{"created":"Publicerat den 25 november, 2024","modified":"Uppdaterad den 2 juli, 2025"},"absolute_dates_time":{"created":"Publicerat den 25 november, 2024 11:01","modified":"Uppdaterad den 2 juli, 2025 07:29"},"featured_img_caption":"","tax_additional":{"product_type":{"linked":["<a href=\"https:\/\/www.granlunds.com\/sv\/?taxonomy=product_type&#038;term=simple\" class=\"advgb-post-tax-term\">simple<\/a>"],"unlinked":["<span class=\"advgb-post-tax-term\">simple<\/span>"],"slug":"product_type","name":"Produkttyp"},"product_visibility":{"linked":[],"unlinked":[],"slug":"product_visibility","name":"Produktsynlighet"},"product_cat":{"linked":["<a href=\"https:\/\/www.granlunds.com\/sv\/produkt-kategori\/stenfyrar\/\" class=\"advgb-post-tax-term\">Stenfyrar<\/a>","<a href=\"https:\/\/www.granlunds.com\/sv\/produkt-kategori\/stenkorgar-3mm\/\" class=\"advgb-post-tax-term\">Stenkorgar 3 mm<\/a>","<a href=\"https:\/\/www.granlunds.com\/sv\/produkt-kategori\/stenkorgar-5mm\/\" class=\"advgb-post-tax-term\">Stenkorgar 5 mm<\/a>"],"unlinked":["<span class=\"advgb-post-tax-term\">Stenfyrar<\/span>","<span class=\"advgb-post-tax-term\">Stenkorgar 3 mm<\/span>","<span class=\"advgb-post-tax-term\">Stenkorgar 5 mm<\/span>"],"slug":"product_cat","name":"Produktkategorier"},"product_tag":{"linked":[],"unlinked":[],"slug":"product_tag","name":"Produktetiketter"},"product_shipping_class":{"linked":["<a href=\"https:\/\/www.granlunds.com\/sv\/?taxonomy=product_shipping_class&#038;term=stenkorgar\" class=\"advgb-post-tax-term\">Stenkorgar<\/a>"],"unlinked":["<span class=\"advgb-post-tax-term\">Stenkorgar<\/span>"],"slug":"product_shipping_class","name":"Fraktklasser f\u00f6r produkt"},"translation_priority":{"linked":["<a href=\"https:\/\/www.granlunds.com\/sv\/?taxonomy=translation_priority&#038;term=valfritt\" class=\"advgb-post-tax-term\">Valfritt<\/a>"],"unlinked":["<span class=\"advgb-post-tax-term\">Valfritt<\/span>"],"slug":"translation_priority","name":"\u00d6vers\u00e4ttningsprioriteter"}},"series_order":"","_links":{"self":[{"href":"https:\/\/www.granlunds.com\/sv\/wp-json\/wp\/v2\/product\/9786"}],"collection":[{"href":"https:\/\/www.granlunds.com\/sv\/wp-json\/wp\/v2\/product"}],"about":[{"href":"https:\/\/www.granlunds.com\/sv\/wp-json\/wp\/v2\/types\/product"}],"wp:featuredmedia":[{"embeddable":true,"href":"https:\/\/www.granlunds.com\/sv\/wp-json\/wp\/v2\/media\/9910"}],"wp:attachment":[{"href":"https:\/\/www.granlunds.com\/sv\/wp-json\/wp\/v2\/media?parent=9786"}],"wp:term":[{"taxonomy":"product_cat","embeddable":true,"href":"https:\/\/www.granlunds.com\/sv\/wp-json\/wp\/v2\/product_cat?post=9786"},{"taxonomy":"product_tag","embeddable":true,"href":"https:\/\/www.granlunds.com\/sv\/wp-json\/wp\/v2\/product_tag?post=9786"}],"curies":[{"name":"wp","href":"https:\/\/api.w.org\/{rel}","templated":true}]}}