{"id":9087,"date":"2024-03-16T14:27:08","date_gmt":"2024-03-16T12:27:08","guid":{"rendered":"https:\/\/www.granlunds.com\/?post_type=product&#038;p=9087"},"modified":"2024-09-02T08:17:56","modified_gmt":"2024-09-02T05:17:56","slug":"jimi-dorrelement","status":"publish","type":"product","link":"https:\/\/www.granlunds.com\/sv\/produkt\/jimi-dorrelement\/","title":{"rendered":"JIMI d\u00f6rrelement"},"content":{"rendered":"<p>JIMI hundg\u00e5rd \u00e4r en lite enklare och f\u00f6rm\u00e5nligare, men \u00e4nd\u00e5 robust hundg\u00e5rd som fyller sin funktion. Elementens storlek g\u00f6r det m\u00f6jligt att bygga en hundg\u00e5rd med korta v\u00e4ggar som kanske passar ert behov b\u00e4ttre. JIMI element \u00e4r EJ kompatibla med JEPO element!<\/p>\n<p>JIMI v\u00e4ggelement 120x180cm har mindre maskor (50x50mm) nertill. Efter 60cm h\u00f6jd \u00f6kar maskstorleken successivt till 50x100mm.<\/p>\n<ul>\n<li>Varmf\u00f6rzinkad<\/li>\n<li>Tillverkad i Sverige<\/li>\n<li>Ram: 20x20x1mm<\/li>\n<li>Gallergrovlek: 3,0mm<\/li>\n<li>Maskstorlek: 50&#215;50 &#8211; 50x100mm<\/li>\n<li>N\u00e4tet \u00e4r svetsat fast i ramen<\/li>\n<li>Bredd: 120cm<\/li>\n<li>H\u00f6jd: 180cm<\/li>\n<li>Vikt: 10,5kg<\/li>\n<li>Beslag f\u00f6r hopmontering ing\u00e5r.<\/li>\n<li><span style=\"color: #000000;\"><strong>OBS! H\u00f6rnstag best\u00e4lles separat!<\/strong><\/span><\/li>\n<\/ul>\n","protected":false},"excerpt":{"rendered":"<p>JIMI d\u00f6rrelement 120 x 180cm (bredd x h\u00f6jd)<\/p>\n","protected":false},"author":3,"featured_media":9060,"template":"","meta":{"advgb_blocks_editor_width":"","advgb_blocks_columns_visual_guide":""},"product_cat":[74],"product_tag":[],"featured_img":"https:\/\/www.granlunds.com\/wp-content\/uploads\/2024\/03\/JIMI-ovielementti-1200x1800-1.jpg","coauthors":[],"author_meta":{"author_link":"https:\/\/www.granlunds.com\/sv\/author\/kaj\/","display_name":"Kaj"},"relative_dates":{"created":"Publicerad 2 \u00e5r sedan","modified":"Uppdaterad 2 \u00e5r sedan"},"absolute_dates":{"created":"Publicerat den 16 mars, 2024","modified":"Uppdaterad den 2 september, 2024"},"absolute_dates_time":{"created":"Publicerat den 16 mars, 2024 14:27","modified":"Uppdaterad den 2 september, 2024 08:17"},"featured_img_caption":"","tax_additional":{"product_type":{"linked":["<a href=\"https:\/\/www.granlunds.com\/sv\/?taxonomy=product_type&#038;term=simple\" class=\"advgb-post-tax-term\">simple<\/a>"],"unlinked":["<span class=\"advgb-post-tax-term\">simple<\/span>"],"slug":"product_type","name":"Produkttyp"},"product_visibility":{"linked":[],"unlinked":[],"slug":"product_visibility","name":"Produktsynlighet"},"product_cat":{"linked":["<a href=\"https:\/\/www.granlunds.com\/sv\/produkt-kategori\/jimi-hundgard\/\" class=\"advgb-post-tax-term\">JIMI hundg\u00e5rd<\/a>"],"unlinked":["<span class=\"advgb-post-tax-term\">JIMI hundg\u00e5rd<\/span>"],"slug":"product_cat","name":"Produktkategorier"},"product_tag":{"linked":[],"unlinked":[],"slug":"product_tag","name":"Produktetiketter"},"product_shipping_class":{"linked":["<a href=\"https:\/\/www.granlunds.com\/sv\/?taxonomy=product_shipping_class&#038;term=jimi-hundelement\" class=\"advgb-post-tax-term\">Jimi hundelement<\/a>"],"unlinked":["<span class=\"advgb-post-tax-term\">Jimi hundelement<\/span>"],"slug":"product_shipping_class","name":"Fraktklasser f\u00f6r produkt"},"translation_priority":{"linked":["<a href=\"https:\/\/www.granlunds.com\/sv\/?taxonomy=translation_priority&#038;term=valfritt\" class=\"advgb-post-tax-term\">Valfritt<\/a>"],"unlinked":["<span class=\"advgb-post-tax-term\">Valfritt<\/span>"],"slug":"translation_priority","name":"\u00d6vers\u00e4ttningsprioriteter"}},"series_order":"","_links":{"self":[{"href":"https:\/\/www.granlunds.com\/sv\/wp-json\/wp\/v2\/product\/9087"}],"collection":[{"href":"https:\/\/www.granlunds.com\/sv\/wp-json\/wp\/v2\/product"}],"about":[{"href":"https:\/\/www.granlunds.com\/sv\/wp-json\/wp\/v2\/types\/product"}],"wp:featuredmedia":[{"embeddable":true,"href":"https:\/\/www.granlunds.com\/sv\/wp-json\/wp\/v2\/media\/9060"}],"wp:attachment":[{"href":"https:\/\/www.granlunds.com\/sv\/wp-json\/wp\/v2\/media?parent=9087"}],"wp:term":[{"taxonomy":"product_cat","embeddable":true,"href":"https:\/\/www.granlunds.com\/sv\/wp-json\/wp\/v2\/product_cat?post=9087"},{"taxonomy":"product_tag","embeddable":true,"href":"https:\/\/www.granlunds.com\/sv\/wp-json\/wp\/v2\/product_tag?post=9087"}],"curies":[{"name":"wp","href":"https:\/\/api.w.org\/{rel}","templated":true}]}}