{"id":9007,"date":"2024-02-26T12:58:29","date_gmt":"2024-02-26T10:58:29","guid":{"rendered":"https:\/\/www.granlunds.com\/?post_type=product&#038;p=9007"},"modified":"2026-03-26T15:08:08","modified_gmt":"2026-03-26T13:08:08","slug":"uppvarmd-vattenskal-betong-220v-40w","status":"publish","type":"product","link":"https:\/\/www.granlunds.com\/sv\/produkt\/uppvarmd-vattenskal-betong-220v-40w\/","title":{"rendered":"Uppv\u00e4rmd vattensk\u00e5l betong 220V\/40W"},"content":{"rendered":"<ul>\n<li>220 V\/40W<\/li>\n<li>Anv\u00e4ndningstemperatur fr\u00e5n -40 \u00b0C<\/li>\n<li>Gummikabel med gjuten st\u00f6psel 3 x 1,0 mm\u00b2, 2 m<\/li>\n<li>Skyddsklass IP44<\/li>\n<li>Ytterm\u00e5tt ca. 270mm x h\u00f6jd ca. 150mm<\/li>\n<li>Vikt ca. 10kg<\/li>\n<li>Tillverkad i Finland<\/li>\n<li>Plastsk\u00e5l, 2,6L som sitter fast i betongen<\/li>\n<\/ul>\n<div class=\"et_pb_column et_pb_column_1_4 et_pb_column_5 et_pb_css_mix_blend_mode_passthrough\">\n<div class=\"et_pb_module et_pb_text et_pb_text_2 et_pb_text_align_left et_pb_bg_layout_light\">\n<div class=\"et_pb_text_inner\">\n<h4><b>Montering<\/b><\/h4>\n<p>Placera sk\u00e5len p\u00e5 ett j\u00e4mnt underlag n\u00e4ra ett jordat v\u00e4gguttag. Anv\u00e4nd endast skyddsjordat v\u00e4gguttag f\u00f6r att s\u00e4kerst\u00e4lla en trygg anv\u00e4ndning. Undvik att anv\u00e4nda skarvsladd som kan f\u00f6rs\u00e4mra els\u00e4kerheten.<\/p>\n<h4><b>Material<\/b><\/h4>\n<\/div>\n<\/div>\n<div class=\"et_pb_module et_pb_text et_pb_text_3 et_pb_text_align_left et_pb_bg_layout_light\">\n<div class=\"et_pb_text_inner\">\n<p>Stommen \u00e4r tillverkad av h\u00e5llbar betong, innersk\u00e5len av livsmedelsplast.<\/p>\n<\/div>\n<\/div>\n<\/div>\n<div class=\"et_pb_column et_pb_column_1_4 et_pb_column_6 et_pb_css_mix_blend_mode_passthrough et-last-child\">\n<div class=\"et_pb_module et_pb_text et_pb_text_4 et_pb_text_align_left et_pb_bg_layout_light\">\n<div class=\"et_pb_text_inner\">\n<h4><b>Elkabel<\/b><\/h4>\n<\/div>\n<\/div>\n<div class=\"et_pb_module et_pb_text et_pb_text_5 et_pb_text_align_left et_pb_bg_layout_light\">\n<div class=\"et_pb_text_inner\">\n<p>Skydda kabeln s\u00e5 att hunden inte kan komma i kontakt med den. Granska kabelns skick med j\u00e4mna mellanrum och byt ut den vid behov.<\/p>\n<\/div>\n<\/div>\n<\/div>\n","protected":false},"excerpt":{"rendered":"<p>Anv\u00e4ndningstemperatur fr\u00e5n -40 \u00b0C<\/p>\n<p>&nbsp;<\/p>\n","protected":false},"author":3,"featured_media":9008,"template":"","meta":{"advgb_blocks_editor_width":"","advgb_blocks_columns_visual_guide":""},"product_cat":[29],"product_tag":[],"featured_img":"https:\/\/www.granlunds.com\/wp-content\/uploads\/2024\/02\/Lammitettava-juomakuppi-betoni-1.jpg","coauthors":[],"author_meta":{"author_link":"https:\/\/www.granlunds.com\/sv\/author\/kaj\/","display_name":"Kaj"},"relative_dates":{"created":"Publicerad 2 \u00e5r sedan","modified":"Uppdaterad 3 veckor sedan"},"absolute_dates":{"created":"Publicerat den 26 februari, 2024","modified":"Uppdaterad den 26 mars, 2026"},"absolute_dates_time":{"created":"Publicerat den 26 februari, 2024 12:58","modified":"Uppdaterad den 26 mars, 2026 15:08"},"featured_img_caption":"","tax_additional":{"product_type":{"linked":["<a href=\"https:\/\/www.granlunds.com\/sv\/?taxonomy=product_type&#038;term=simple\" class=\"advgb-post-tax-term\">simple<\/a>"],"unlinked":["<span class=\"advgb-post-tax-term\">simple<\/span>"],"slug":"product_type","name":"Produkttyp"},"product_visibility":{"linked":[],"unlinked":[],"slug":"product_visibility","name":"Produktsynlighet"},"product_cat":{"linked":["<a href=\"https:\/\/www.granlunds.com\/sv\/produkt-kategori\/vattenskalar\/\" class=\"advgb-post-tax-term\">Vattensk\u00e5lar<\/a>"],"unlinked":["<span class=\"advgb-post-tax-term\">Vattensk\u00e5lar<\/span>"],"slug":"product_cat","name":"Produktkategorier"},"product_tag":{"linked":[],"unlinked":[],"slug":"product_tag","name":"Produktetiketter"},"product_shipping_class":{"linked":["<a href=\"https:\/\/www.granlunds.com\/sv\/?taxonomy=product_shipping_class&#038;term=mindre-paket\" class=\"advgb-post-tax-term\">Mindre paket<\/a>"],"unlinked":["<span class=\"advgb-post-tax-term\">Mindre paket<\/span>"],"slug":"product_shipping_class","name":"Fraktklasser f\u00f6r produkt"},"translation_priority":{"linked":["<a href=\"https:\/\/www.granlunds.com\/sv\/?taxonomy=translation_priority&#038;term=valfritt\" class=\"advgb-post-tax-term\">Valfritt<\/a>"],"unlinked":["<span class=\"advgb-post-tax-term\">Valfritt<\/span>"],"slug":"translation_priority","name":"\u00d6vers\u00e4ttningsprioriteter"}},"series_order":"","_links":{"self":[{"href":"https:\/\/www.granlunds.com\/sv\/wp-json\/wp\/v2\/product\/9007"}],"collection":[{"href":"https:\/\/www.granlunds.com\/sv\/wp-json\/wp\/v2\/product"}],"about":[{"href":"https:\/\/www.granlunds.com\/sv\/wp-json\/wp\/v2\/types\/product"}],"wp:featuredmedia":[{"embeddable":true,"href":"https:\/\/www.granlunds.com\/sv\/wp-json\/wp\/v2\/media\/9008"}],"wp:attachment":[{"href":"https:\/\/www.granlunds.com\/sv\/wp-json\/wp\/v2\/media?parent=9007"}],"wp:term":[{"taxonomy":"product_cat","embeddable":true,"href":"https:\/\/www.granlunds.com\/sv\/wp-json\/wp\/v2\/product_cat?post=9007"},{"taxonomy":"product_tag","embeddable":true,"href":"https:\/\/www.granlunds.com\/sv\/wp-json\/wp\/v2\/product_tag?post=9007"}],"curies":[{"name":"wp","href":"https:\/\/api.w.org\/{rel}","templated":true}]}}