{"id":8697,"date":"2023-12-21T10:33:50","date_gmt":"2023-12-21T08:33:50","guid":{"rendered":"https:\/\/www.granlunds.com\/?post_type=product&#038;p=8697"},"modified":"2026-01-30T09:03:48","modified_gmt":"2026-01-30T07:03:48","slug":"hundlucka-dorr-490-x-370mm","status":"publish","type":"product","link":"https:\/\/www.granlunds.com\/sv\/produkt\/hundlucka-dorr-490-x-370mm\/","title":{"rendered":"Hundlucka d\u00f6rr 490 x 370mm"},"content":{"rendered":"<header class=\"product-header\" role=\"banner\"><\/header>\n<section class=\"product-overview\" role=\"region\">\n<div class=\"long description product-long-description\">\n<ul>\n<li>Minsta monteringsh\u00e5l: 490 x 370mm<\/li>\n<li>St\u00f6rsta monteringsh\u00e5l: 530 x 410mm<\/li>\n<li>Karmens ytterm\u00e5tt: 555 x 435mm<\/li>\n<li>Passageh\u00e5l 435 x 315mm<\/li>\n<\/ul>\n<p>Hundluckan \u00e4r en sj\u00e4lvst\u00e4ngande, dragfri d\u00f6rr i tre delar, tillverkad av karosseriplywood. Ramarna och d\u00f6rrbladet \u00e4r f\u00f6rsedda med pl\u00e5tskoning f\u00f6r att f\u00f6rhindra gnag. Hundluckan \u00e4r sidoh\u00e4ngd och kan monteras med g\u00e5ngj\u00e4rnen antingen \u00e5t h\u00f6ger eller v\u00e4nster. Kan f\u00e4stas i inner- eller ytterv\u00e4gg, placeras 10-20cm \u00f6ver golvet.<\/p>\n<\/div>\n<\/section>\n","protected":false},"excerpt":{"rendered":"<p>Luckan \u00e4r en sj\u00e4lvst\u00e4ngande d\u00f6rr med g\u00e5ngj\u00e4rn i sidan.<\/p>\n<p>Produkt av mycket h\u00f6g kvalit\u00e9, tillverkad i Tornedalen.<\/p>\n","protected":false},"author":3,"featured_media":8714,"template":"","meta":{"advgb_blocks_editor_width":"","advgb_blocks_columns_visual_guide":""},"product_cat":[27],"product_tag":[],"featured_img":"https:\/\/www.granlunds.com\/wp-content\/uploads\/2023\/12\/Koiranluukku-ovi-5.jpg","coauthors":[],"author_meta":{"author_link":"https:\/\/www.granlunds.com\/sv\/author\/kaj\/","display_name":"Kaj"},"relative_dates":{"created":"Publicerad 2 \u00e5r sedan","modified":"Uppdaterad 2 m\u00e5nader sedan"},"absolute_dates":{"created":"Publicerat den 21 december, 2023","modified":"Uppdaterad den 30 januari, 2026"},"absolute_dates_time":{"created":"Publicerat den 21 december, 2023 10:33","modified":"Uppdaterad den 30 januari, 2026 09:03"},"featured_img_caption":"","tax_additional":{"product_type":{"linked":["<a href=\"https:\/\/www.granlunds.com\/sv\/?taxonomy=product_type&#038;term=simple\" class=\"advgb-post-tax-term\">simple<\/a>"],"unlinked":["<span class=\"advgb-post-tax-term\">simple<\/span>"],"slug":"product_type","name":"Produkttyp"},"product_visibility":{"linked":[],"unlinked":[],"slug":"product_visibility","name":"Produktsynlighet"},"product_cat":{"linked":["<a href=\"https:\/\/www.granlunds.com\/sv\/produkt-kategori\/luckor\/\" class=\"advgb-post-tax-term\">Luckor<\/a>"],"unlinked":["<span class=\"advgb-post-tax-term\">Luckor<\/span>"],"slug":"product_cat","name":"Produktkategorier"},"product_tag":{"linked":[],"unlinked":[],"slug":"product_tag","name":"Produktetiketter"},"product_shipping_class":{"linked":["<a href=\"https:\/\/www.granlunds.com\/sv\/?taxonomy=product_shipping_class&#038;term=mindre-paket\" class=\"advgb-post-tax-term\">Mindre paket<\/a>"],"unlinked":["<span class=\"advgb-post-tax-term\">Mindre paket<\/span>"],"slug":"product_shipping_class","name":"Fraktklasser f\u00f6r produkt"},"translation_priority":{"linked":["<a href=\"https:\/\/www.granlunds.com\/sv\/?taxonomy=translation_priority&#038;term=valfritt\" class=\"advgb-post-tax-term\">Valfritt<\/a>"],"unlinked":["<span class=\"advgb-post-tax-term\">Valfritt<\/span>"],"slug":"translation_priority","name":"\u00d6vers\u00e4ttningsprioriteter"}},"series_order":"","_links":{"self":[{"href":"https:\/\/www.granlunds.com\/sv\/wp-json\/wp\/v2\/product\/8697"}],"collection":[{"href":"https:\/\/www.granlunds.com\/sv\/wp-json\/wp\/v2\/product"}],"about":[{"href":"https:\/\/www.granlunds.com\/sv\/wp-json\/wp\/v2\/types\/product"}],"wp:featuredmedia":[{"embeddable":true,"href":"https:\/\/www.granlunds.com\/sv\/wp-json\/wp\/v2\/media\/8714"}],"wp:attachment":[{"href":"https:\/\/www.granlunds.com\/sv\/wp-json\/wp\/v2\/media?parent=8697"}],"wp:term":[{"taxonomy":"product_cat","embeddable":true,"href":"https:\/\/www.granlunds.com\/sv\/wp-json\/wp\/v2\/product_cat?post=8697"},{"taxonomy":"product_tag","embeddable":true,"href":"https:\/\/www.granlunds.com\/sv\/wp-json\/wp\/v2\/product_tag?post=8697"}],"curies":[{"name":"wp","href":"https:\/\/api.w.org\/{rel}","templated":true}]}}