{"id":5716,"date":"2022-09-14T14:03:47","date_gmt":"2022-09-14T11:03:47","guid":{"rendered":"https:\/\/www.granlunds.com\/?post_type=product&#038;p=5716"},"modified":"2022-09-23T12:44:24","modified_gmt":"2022-09-23T09:44:24","slug":"stenfyr-120cm-stenkorg","status":"publish","type":"product","link":"https:\/\/www.granlunds.com\/sv\/produkt\/stenfyr-120cm-stenkorg\/","title":{"rendered":"Stenfyr 120cm + stenkorg"},"content":{"rendered":"<p><strong>Till Sverige kan vi nu skicka detta paket till en f\u00f6rm\u00e5nlig fraktkostnad!<\/strong><\/p>\n<p>Fyren \u00e4r varmf\u00f6rsinkad och tillverkad i Finland.<\/p>\n<p><strong>Fyrens specifikationer:<\/strong><br \/>\nBottendiameter: 50cm<br \/>\nH\u00f6jd: 120cm<br \/>\nVikt: 18kg<br \/>\nH\u00e5l f\u00f6r belysning: 72mm<\/p>\n<p><strong>Stenkorgens specifikationer:<\/strong><br \/>\nBotten: 48 x 48cm<br \/>\nH\u00f6jd: 30cm<br \/>\nVikt: 3kg<\/p>\n<p>Betongplattor 50 x 50cm b\u00f6r placeras under och ovanp\u00e5 stenkorgen som saknar lock och botten.<\/p>\n<p><strong>Fyllnadsmaterial och betongplattor ing\u00e5r ej!<\/strong><\/p>\n<p>Belysning kan monteras uppe i fyren.\u00a0 Ljusskenet riktas rakt upp mot fyrens tak som sprider skenet runt fyren.<br \/>\nElkabel eller r\u00f6r b\u00f6r i s\u00e5 fall l\u00e4ggas in i mitten n\u00e4r den fylls med sten.<\/p>\n<p>Belysning best\u00e4lls skilt h\u00e4r i samma butik!<\/p>\n","protected":false},"excerpt":{"rendered":"<p>H\u00e4r \u00e4r l\u00f6sningen om fyren \u00e4r f\u00f6r l\u00e5g och den stora \u00e4r f\u00f6r h\u00f6g.<\/p>\n<p>Paketet inneh\u00e5ller fyr 120cm och en stenkorg 30cm h\u00f6g.<\/p>\n","protected":false},"author":3,"featured_media":5720,"template":"","meta":{"advgb_blocks_editor_width":"","advgb_blocks_columns_visual_guide":""},"product_cat":[69,63,61],"product_tag":[],"featured_img":"https:\/\/www.granlunds.com\/wp-content\/uploads\/2022\/09\/Fyr-stenkorg-1000X1000.jpg","coauthors":[],"author_meta":{"author_link":"https:\/\/www.granlunds.com\/sv\/author\/kaj\/","display_name":"Kaj"},"relative_dates":{"created":"Publicerad 4 \u00e5r sedan","modified":"Uppdaterad 4 \u00e5r sedan"},"absolute_dates":{"created":"Publicerat den 14 september, 2022","modified":"Uppdaterad den 23 september, 2022"},"absolute_dates_time":{"created":"Publicerat den 14 september, 2022 14:03","modified":"Uppdaterad den 23 september, 2022 12:44"},"featured_img_caption":"","tax_additional":{"product_type":{"linked":["<a href=\"https:\/\/www.granlunds.com\/sv\/?taxonomy=product_type&#038;term=simple\" class=\"advgb-post-tax-term\">simple<\/a>"],"unlinked":["<span class=\"advgb-post-tax-term\">simple<\/span>"],"slug":"product_type","name":"Produkttyp"},"product_visibility":{"linked":[],"unlinked":[],"slug":"product_visibility","name":"Produktsynlighet"},"product_cat":{"linked":["<a href=\"https:\/\/www.granlunds.com\/sv\/produkt-kategori\/stenfyrar\/\" class=\"advgb-post-tax-term\">Stenfyrar<\/a>","<a href=\"https:\/\/www.granlunds.com\/sv\/produkt-kategori\/stenkorgar-3mm\/\" class=\"advgb-post-tax-term\">Stenkorgar 3 mm<\/a>","<a href=\"https:\/\/www.granlunds.com\/sv\/produkt-kategori\/stenkorgar-5mm\/\" class=\"advgb-post-tax-term\">Stenkorgar 5 mm<\/a>"],"unlinked":["<span class=\"advgb-post-tax-term\">Stenfyrar<\/span>","<span class=\"advgb-post-tax-term\">Stenkorgar 3 mm<\/span>","<span class=\"advgb-post-tax-term\">Stenkorgar 5 mm<\/span>"],"slug":"product_cat","name":"Produktkategorier"},"product_tag":{"linked":[],"unlinked":[],"slug":"product_tag","name":"Produktetiketter"},"product_shipping_class":{"linked":["<a href=\"https:\/\/www.granlunds.com\/sv\/?taxonomy=product_shipping_class&#038;term=stenkorgar\" class=\"advgb-post-tax-term\">Stenkorgar<\/a>"],"unlinked":["<span class=\"advgb-post-tax-term\">Stenkorgar<\/span>"],"slug":"product_shipping_class","name":"Fraktklasser f\u00f6r produkt"},"translation_priority":{"linked":["<a href=\"https:\/\/www.granlunds.com\/sv\/?taxonomy=translation_priority&#038;term=valfritt\" class=\"advgb-post-tax-term\">Valfritt<\/a>"],"unlinked":["<span class=\"advgb-post-tax-term\">Valfritt<\/span>"],"slug":"translation_priority","name":"\u00d6vers\u00e4ttningsprioriteter"}},"series_order":"","_links":{"self":[{"href":"https:\/\/www.granlunds.com\/sv\/wp-json\/wp\/v2\/product\/5716"}],"collection":[{"href":"https:\/\/www.granlunds.com\/sv\/wp-json\/wp\/v2\/product"}],"about":[{"href":"https:\/\/www.granlunds.com\/sv\/wp-json\/wp\/v2\/types\/product"}],"wp:featuredmedia":[{"embeddable":true,"href":"https:\/\/www.granlunds.com\/sv\/wp-json\/wp\/v2\/media\/5720"}],"wp:attachment":[{"href":"https:\/\/www.granlunds.com\/sv\/wp-json\/wp\/v2\/media?parent=5716"}],"wp:term":[{"taxonomy":"product_cat","embeddable":true,"href":"https:\/\/www.granlunds.com\/sv\/wp-json\/wp\/v2\/product_cat?post=5716"},{"taxonomy":"product_tag","embeddable":true,"href":"https:\/\/www.granlunds.com\/sv\/wp-json\/wp\/v2\/product_tag?post=5716"}],"curies":[{"name":"wp","href":"https:\/\/api.w.org\/{rel}","templated":true}]}}