{"id":5707,"date":"2022-09-14T10:59:29","date_gmt":"2022-09-14T07:59:29","guid":{"rendered":"https:\/\/www.granlunds.com\/?post_type=product&#038;p=5707"},"modified":"2025-07-22T09:50:39","modified_gmt":"2025-07-22T06:50:39","slug":"stenkorg-3mm-06x03x03m","status":"publish","type":"product","link":"https:\/\/www.granlunds.com\/sv\/produkt\/stenkorg-3mm-06x03x03m\/","title":{"rendered":"Stenkorg 3mm <br>0,6&#215;0,3&#215;0,3m"},"content":{"rendered":"<p>Produkten levereras i delar f\u00f6r spiralmontering, inga verktyg beh\u00f6vs.<\/p>\n<p>Korgen kan monteras \u201di serie\u201d med en till\u00e4ggskorg. Man f\u00e5r d\u00e5 en kostnadseffektiv konstruktion samt snyggare utsida genom att undvika dubbla spiraler. Svetsat n\u00e4t av 3,0mm Aluzink tr\u00e5d, maskstorlek 50 x 50mm. L\u00e4mpligt fyllnadsmaterial 65-100mm kross eller natursten, ing\u00e5r ej i leveransen. Korgen kan \u00e4ven anv\u00e4ndas st\u00e5ende.<\/p>\n<p><strong>Specifikationer:<\/strong><br \/>\nKorgens l\u00e4ngd: 0,6m (ca.62cm)<br \/>\nKorgens bredd: 0,3m (ca.31cm)<br \/>\nKorgens h\u00f6jd: 0,3m (ca. 31cm)<br \/>\nVikt: 3kg<br \/>\nMaskstorlek: 50 x 50mm<\/p>\n<p><strong>Leveransinneh\u00e5ll:<\/strong><br \/>\nGaller Aluzink 0,6 x 0,3m 4st<br \/>\nGaller Aluzink 0,3 x 0,3m 2st<br \/>\nSt\u00f6dtr\u00e5d 0,3m 2st<br \/>\nSpiraltr\u00e5d 0,6m 8st (4st. klippes till gavlar)<\/p>\n","protected":false},"excerpt":{"rendered":"<p><strong>Aluzink stenkorg i delar med spiral. <span style=\"color: #ff0000;\">OBS! N\u00e4tmaskor 50 x 50mm!<\/span><\/strong><\/p>\n","protected":false},"author":3,"featured_media":3339,"template":"","meta":{"advgb_blocks_editor_width":"","advgb_blocks_columns_visual_guide":""},"product_cat":[63],"product_tag":[],"featured_img":"https:\/\/www.granlunds.com\/wp-content\/uploads\/2021\/01\/Kivikori1.jpg","coauthors":[],"author_meta":{"author_link":"https:\/\/www.granlunds.com\/sv\/author\/kaj\/","display_name":"Kaj"},"relative_dates":{"created":"Publicerad 4 \u00e5r sedan","modified":"Uppdaterad 9 m\u00e5nader sedan"},"absolute_dates":{"created":"Publicerat den 14 september, 2022","modified":"Uppdaterad den 22 juli, 2025"},"absolute_dates_time":{"created":"Publicerat den 14 september, 2022 10:59","modified":"Uppdaterad den 22 juli, 2025 09:50"},"featured_img_caption":"","tax_additional":{"product_type":{"linked":["<a href=\"https:\/\/www.granlunds.com\/sv\/?taxonomy=product_type&#038;term=simple\" class=\"advgb-post-tax-term\">simple<\/a>"],"unlinked":["<span class=\"advgb-post-tax-term\">simple<\/span>"],"slug":"product_type","name":"Produkttyp"},"product_visibility":{"linked":["<a href=\"https:\/\/www.granlunds.com\/sv\/?taxonomy=product_visibility&#038;term=outofstock\" class=\"advgb-post-tax-term\">outofstock<\/a>"],"unlinked":["<span class=\"advgb-post-tax-term\">outofstock<\/span>"],"slug":"product_visibility","name":"Produktsynlighet"},"product_cat":{"linked":["<a href=\"https:\/\/www.granlunds.com\/sv\/produkt-kategori\/stenkorgar-3mm\/\" class=\"advgb-post-tax-term\">Stenkorgar 3 mm<\/a>"],"unlinked":["<span class=\"advgb-post-tax-term\">Stenkorgar 3 mm<\/span>"],"slug":"product_cat","name":"Produktkategorier"},"product_tag":{"linked":[],"unlinked":[],"slug":"product_tag","name":"Produktetiketter"},"product_shipping_class":{"linked":["<a href=\"https:\/\/www.granlunds.com\/sv\/?taxonomy=product_shipping_class&#038;term=mindre-paket\" class=\"advgb-post-tax-term\">Mindre paket<\/a>"],"unlinked":["<span class=\"advgb-post-tax-term\">Mindre paket<\/span>"],"slug":"product_shipping_class","name":"Fraktklasser f\u00f6r produkt"},"translation_priority":{"linked":["<a href=\"https:\/\/www.granlunds.com\/sv\/?taxonomy=translation_priority&#038;term=valfritt\" class=\"advgb-post-tax-term\">Valfritt<\/a>"],"unlinked":["<span class=\"advgb-post-tax-term\">Valfritt<\/span>"],"slug":"translation_priority","name":"\u00d6vers\u00e4ttningsprioriteter"}},"series_order":"","_links":{"self":[{"href":"https:\/\/www.granlunds.com\/sv\/wp-json\/wp\/v2\/product\/5707"}],"collection":[{"href":"https:\/\/www.granlunds.com\/sv\/wp-json\/wp\/v2\/product"}],"about":[{"href":"https:\/\/www.granlunds.com\/sv\/wp-json\/wp\/v2\/types\/product"}],"wp:featuredmedia":[{"embeddable":true,"href":"https:\/\/www.granlunds.com\/sv\/wp-json\/wp\/v2\/media\/3339"}],"wp:attachment":[{"href":"https:\/\/www.granlunds.com\/sv\/wp-json\/wp\/v2\/media?parent=5707"}],"wp:term":[{"taxonomy":"product_cat","embeddable":true,"href":"https:\/\/www.granlunds.com\/sv\/wp-json\/wp\/v2\/product_cat?post=5707"},{"taxonomy":"product_tag","embeddable":true,"href":"https:\/\/www.granlunds.com\/sv\/wp-json\/wp\/v2\/product_tag?post=5707"}],"curies":[{"name":"wp","href":"https:\/\/api.w.org\/{rel}","templated":true}]}}