{"id":5036,"date":"2022-05-05T14:52:07","date_gmt":"2022-05-05T11:52:07","guid":{"rendered":"https:\/\/www.granlunds.com\/?post_type=product&#038;p=5036"},"modified":"2025-04-01T07:03:10","modified_gmt":"2025-04-01T04:03:10","slug":"elementforhojning","status":"publish","type":"product","link":"https:\/\/www.granlunds.com\/sv\/produkt\/elementforhojning\/","title":{"rendered":"JEPO Elementf\u00f6rh\u00f6jning"},"content":{"rendered":"<p>\u00c4r hagen f\u00f6r l\u00e5g?<\/p>\n<p>H\u00e4r \u00e4r l\u00f6sningen om hagen blir f\u00f6r l\u00e5g p\u00e5 grund av sn\u00f6m\u00e4ngden eller om man har en hund som \u00e4r bra att hoppa.<\/p>\n<p>Den l\u00e4ttmonterade elementf\u00f6rh\u00f6jningen passar p\u00e5 alla nya och gamla JEPO element, den nya h\u00f6jden blir 223,5cm.<\/p>\n<ul>\n<li>10 \u00e5rs garanti!<\/li>\n<li>Inhemsk produkt<\/li>\n<li>Ram: Svetsad aluminium 30x30x2mm<\/li>\n<li>Galler: Aluzink 3,0mm<\/li>\n<li>Maskstorlek: 50x50mm<\/li>\n<li>Bredd: 199cm<\/li>\n<li>H\u00f6jd: 39cm<\/li>\n<li>Vikt: 4,5kg<\/li>\n<\/ul>\n","protected":false},"excerpt":{"rendered":"<p><strong>Elementf\u00f6rh\u00f6jning 199 x 39cm som h\u00f6jer elementet till 223,5cm.<\/strong><\/p>\n","protected":false},"author":3,"featured_media":5037,"template":"","meta":{"advgb_blocks_editor_width":"","advgb_blocks_columns_visual_guide":""},"product_cat":[23],"product_tag":[],"featured_img":"https:\/\/www.granlunds.com\/wp-content\/uploads\/2022\/05\/Jepo-korotus-4-3000X3000-scaled.jpg","coauthors":[],"author_meta":{"author_link":"https:\/\/www.granlunds.com\/sv\/author\/kaj\/","display_name":"Kaj"},"relative_dates":{"created":"Publicerad 4 \u00e5r sedan","modified":"Uppdaterad 1 \u00e5r sedan"},"absolute_dates":{"created":"Publicerat den 5 maj, 2022","modified":"Uppdaterad den 1 april, 2025"},"absolute_dates_time":{"created":"Publicerat den 5 maj, 2022 14:52","modified":"Uppdaterad den 1 april, 2025 07:03"},"featured_img_caption":"","tax_additional":{"product_type":{"linked":["<a href=\"https:\/\/www.granlunds.com\/sv\/?taxonomy=product_type&#038;term=simple\" class=\"advgb-post-tax-term\">simple<\/a>"],"unlinked":["<span class=\"advgb-post-tax-term\">simple<\/span>"],"slug":"product_type","name":"Produkttyp"},"product_visibility":{"linked":[],"unlinked":[],"slug":"product_visibility","name":"Produktsynlighet"},"product_cat":{"linked":["<a href=\"https:\/\/www.granlunds.com\/sv\/produkt-kategori\/hundgard\/\" class=\"advgb-post-tax-term\">JEPO hundg\u00e5rd<\/a>"],"unlinked":["<span class=\"advgb-post-tax-term\">JEPO hundg\u00e5rd<\/span>"],"slug":"product_cat","name":"Produktkategorier"},"product_tag":{"linked":[],"unlinked":[],"slug":"product_tag","name":"Produktetiketter"},"product_shipping_class":{"linked":["<a href=\"https:\/\/www.granlunds.com\/sv\/?taxonomy=product_shipping_class&#038;term=hundelement\" class=\"advgb-post-tax-term\">Hundelement<\/a>"],"unlinked":["<span class=\"advgb-post-tax-term\">Hundelement<\/span>"],"slug":"product_shipping_class","name":"Fraktklasser f\u00f6r produkt"},"translation_priority":{"linked":["<a href=\"https:\/\/www.granlunds.com\/sv\/?taxonomy=translation_priority&#038;term=valfritt\" class=\"advgb-post-tax-term\">Valfritt<\/a>"],"unlinked":["<span class=\"advgb-post-tax-term\">Valfritt<\/span>"],"slug":"translation_priority","name":"\u00d6vers\u00e4ttningsprioriteter"}},"series_order":"","_links":{"self":[{"href":"https:\/\/www.granlunds.com\/sv\/wp-json\/wp\/v2\/product\/5036"}],"collection":[{"href":"https:\/\/www.granlunds.com\/sv\/wp-json\/wp\/v2\/product"}],"about":[{"href":"https:\/\/www.granlunds.com\/sv\/wp-json\/wp\/v2\/types\/product"}],"wp:featuredmedia":[{"embeddable":true,"href":"https:\/\/www.granlunds.com\/sv\/wp-json\/wp\/v2\/media\/5037"}],"wp:attachment":[{"href":"https:\/\/www.granlunds.com\/sv\/wp-json\/wp\/v2\/media?parent=5036"}],"wp:term":[{"taxonomy":"product_cat","embeddable":true,"href":"https:\/\/www.granlunds.com\/sv\/wp-json\/wp\/v2\/product_cat?post=5036"},{"taxonomy":"product_tag","embeddable":true,"href":"https:\/\/www.granlunds.com\/sv\/wp-json\/wp\/v2\/product_tag?post=5036"}],"curies":[{"name":"wp","href":"https:\/\/api.w.org\/{rel}","templated":true}]}}