{"id":4347,"date":"2021-11-30T13:44:32","date_gmt":"2021-11-30T11:44:32","guid":{"rendered":"https:\/\/www.granlunds.com\/?post_type=product&#038;p=4347"},"modified":"2025-07-30T12:13:46","modified_gmt":"2025-07-30T09:13:46","slug":"rokgaller","status":"publish","type":"product","link":"https:\/\/www.granlunds.com\/sv\/produkt\/rokgaller\/","title":{"rendered":"R\u00f6kgaller"},"content":{"rendered":"<p>Det rostfria r\u00f6kgallret passar till de flesta el-r\u00f6kugnar och r\u00f6kl\u00e5dor.<br \/>\nMed denna produkt kan du r\u00f6ka abborre, sik och andra mindre fiskar liggande p\u00e5 rygg.<br \/>\nR\u00f6kningen blir j\u00e4mnare genom hela fisken och smakerna bibeh\u00e5lls.<\/p>\n<p>L\u00e4ngd: 410mm<br \/>\nBredd: 238mm<br \/>\nH\u00f6jd: 40mm<br \/>\nVikt: 0,6kg<br \/>\nMaterial: Rostfritt galler 1\u00d71\u201d, 2,0mm<\/p>\n","protected":false},"excerpt":{"rendered":"<p>R\u00f6kgallret passar till de flesta elr\u00f6karna.<\/p>\n<p>Ett m\u00e5ste f\u00f6r den inbitne fiskr\u00f6karen.<\/p>\n","protected":false},"author":3,"featured_media":6615,"template":"","meta":{"advgb_blocks_editor_width":"","advgb_blocks_columns_visual_guide":""},"product_cat":[72],"product_tag":[],"featured_img":"https:\/\/www.granlunds.com\/wp-content\/uploads\/2021\/11\/Savustimen-ritila.jpg","coauthors":[],"author_meta":{"author_link":"https:\/\/www.granlunds.com\/sv\/author\/kaj\/","display_name":"Kaj"},"relative_dates":{"created":"Publicerad 4 \u00e5r sedan","modified":"Uppdaterad 9 m\u00e5nader sedan"},"absolute_dates":{"created":"Publicerat den 30 november, 2021","modified":"Uppdaterad den 30 juli, 2025"},"absolute_dates_time":{"created":"Publicerat den 30 november, 2021 13:44","modified":"Uppdaterad den 30 juli, 2025 12:13"},"featured_img_caption":"","tax_additional":{"product_type":{"linked":["<a href=\"https:\/\/www.granlunds.com\/sv\/?taxonomy=product_type&#038;term=simple\" class=\"advgb-post-tax-term\">simple<\/a>"],"unlinked":["<span class=\"advgb-post-tax-term\">simple<\/span>"],"slug":"product_type","name":"Produkttyp"},"product_visibility":{"linked":[],"unlinked":[],"slug":"product_visibility","name":"Produktsynlighet"},"product_cat":{"linked":["<a href=\"https:\/\/www.granlunds.com\/sv\/produkt-kategori\/rokgaller\/\" class=\"advgb-post-tax-term\">R\u00f6kgaller<\/a>"],"unlinked":["<span class=\"advgb-post-tax-term\">R\u00f6kgaller<\/span>"],"slug":"product_cat","name":"Produktkategorier"},"product_tag":{"linked":[],"unlinked":[],"slug":"product_tag","name":"Produktetiketter"},"product_shipping_class":{"linked":["<a href=\"https:\/\/www.granlunds.com\/sv\/?taxonomy=product_shipping_class&#038;term=mindre-paket\" class=\"advgb-post-tax-term\">Mindre paket<\/a>"],"unlinked":["<span class=\"advgb-post-tax-term\">Mindre paket<\/span>"],"slug":"product_shipping_class","name":"Fraktklasser f\u00f6r produkt"},"translation_priority":{"linked":["<a href=\"https:\/\/www.granlunds.com\/sv\/?taxonomy=translation_priority&#038;term=valfritt\" class=\"advgb-post-tax-term\">Valfritt<\/a>"],"unlinked":["<span class=\"advgb-post-tax-term\">Valfritt<\/span>"],"slug":"translation_priority","name":"\u00d6vers\u00e4ttningsprioriteter"}},"series_order":"","_links":{"self":[{"href":"https:\/\/www.granlunds.com\/sv\/wp-json\/wp\/v2\/product\/4347"}],"collection":[{"href":"https:\/\/www.granlunds.com\/sv\/wp-json\/wp\/v2\/product"}],"about":[{"href":"https:\/\/www.granlunds.com\/sv\/wp-json\/wp\/v2\/types\/product"}],"wp:featuredmedia":[{"embeddable":true,"href":"https:\/\/www.granlunds.com\/sv\/wp-json\/wp\/v2\/media\/6615"}],"wp:attachment":[{"href":"https:\/\/www.granlunds.com\/sv\/wp-json\/wp\/v2\/media?parent=4347"}],"wp:term":[{"taxonomy":"product_cat","embeddable":true,"href":"https:\/\/www.granlunds.com\/sv\/wp-json\/wp\/v2\/product_cat?post=4347"},{"taxonomy":"product_tag","embeddable":true,"href":"https:\/\/www.granlunds.com\/sv\/wp-json\/wp\/v2\/product_tag?post=4347"}],"curies":[{"name":"wp","href":"https:\/\/api.w.org\/{rel}","templated":true}]}}