{"id":3610,"date":"2021-03-11T12:21:39","date_gmt":"2021-03-11T10:21:39","guid":{"rendered":"https:\/\/www.granlunds.com\/?post_type=product&#038;p=3610"},"modified":"2025-06-25T15:47:44","modified_gmt":"2025-06-25T12:47:44","slug":"gravhinder-46-x-206cm","status":"publish","type":"product","link":"https:\/\/www.granlunds.com\/sv\/produkt\/gravhinder-46-x-206cm\/","title":{"rendered":"Gr\u00e4vhinder 206 x 46cm"},"content":{"rendered":"<ul>\n<li>L\u00e4ngd: 206cm<\/li>\n<li>Bredd: 46cm<\/li>\n<li>Tr\u00e5d: 3,0mm<\/li>\n<li>Maskor: 76 x 76mm<\/li>\n<\/ul>\n<p>N\u00e4tet gr\u00e4vs ner ca. 10cm under markniv\u00e5 l\u00e4ngs hagens v\u00e4ggar inne i hagen.<\/p>\n<p>D\u00e5 hindras hunden fr\u00e5n att gr\u00e4va sig ut ur hagen.<\/p>\n","protected":false},"excerpt":{"rendered":"<p>Gr\u00e4vhinder som hindrar hunden att gr\u00e4va sig ut ur hagen.<\/p>\n","protected":false},"author":3,"featured_media":3611,"template":"","meta":{"advgb_blocks_editor_width":"","advgb_blocks_columns_visual_guide":""},"product_cat":[23,74],"product_tag":[],"featured_img":"https:\/\/www.granlunds.com\/wp-content\/uploads\/2021\/03\/Kaivuueste-1-1000x1000-1.jpg","coauthors":[],"author_meta":{"author_link":"https:\/\/www.granlunds.com\/sv\/author\/kaj\/","display_name":"Kaj"},"relative_dates":{"created":"Publicerad 5 \u00e5r sedan","modified":"Uppdaterad 10 m\u00e5nader sedan"},"absolute_dates":{"created":"Publicerat den 11 mars, 2021","modified":"Uppdaterad den 25 juni, 2025"},"absolute_dates_time":{"created":"Publicerat den 11 mars, 2021 12:21","modified":"Uppdaterad den 25 juni, 2025 15:47"},"featured_img_caption":"","tax_additional":{"product_type":{"linked":["<a href=\"https:\/\/www.granlunds.com\/sv\/?taxonomy=product_type&#038;term=simple\" class=\"advgb-post-tax-term\">simple<\/a>"],"unlinked":["<span class=\"advgb-post-tax-term\">simple<\/span>"],"slug":"product_type","name":"Produkttyp"},"product_visibility":{"linked":[],"unlinked":[],"slug":"product_visibility","name":"Produktsynlighet"},"product_cat":{"linked":["<a href=\"https:\/\/www.granlunds.com\/sv\/produkt-kategori\/hundgard\/\" class=\"advgb-post-tax-term\">JEPO hundg\u00e5rd<\/a>","<a href=\"https:\/\/www.granlunds.com\/sv\/produkt-kategori\/jimi-hundgard\/\" class=\"advgb-post-tax-term\">JIMI hundg\u00e5rd<\/a>"],"unlinked":["<span class=\"advgb-post-tax-term\">JEPO hundg\u00e5rd<\/span>","<span class=\"advgb-post-tax-term\">JIMI hundg\u00e5rd<\/span>"],"slug":"product_cat","name":"Produktkategorier"},"product_tag":{"linked":[],"unlinked":[],"slug":"product_tag","name":"Produktetiketter"},"product_shipping_class":{"linked":["<a href=\"https:\/\/www.granlunds.com\/sv\/?taxonomy=product_shipping_class&#038;term=stenkorgar\" class=\"advgb-post-tax-term\">Stenkorgar<\/a>"],"unlinked":["<span class=\"advgb-post-tax-term\">Stenkorgar<\/span>"],"slug":"product_shipping_class","name":"Fraktklasser f\u00f6r produkt"},"translation_priority":{"linked":["<a href=\"https:\/\/www.granlunds.com\/sv\/?taxonomy=translation_priority&#038;term=valfritt\" class=\"advgb-post-tax-term\">Valfritt<\/a>"],"unlinked":["<span class=\"advgb-post-tax-term\">Valfritt<\/span>"],"slug":"translation_priority","name":"\u00d6vers\u00e4ttningsprioriteter"}},"series_order":"","_links":{"self":[{"href":"https:\/\/www.granlunds.com\/sv\/wp-json\/wp\/v2\/product\/3610"}],"collection":[{"href":"https:\/\/www.granlunds.com\/sv\/wp-json\/wp\/v2\/product"}],"about":[{"href":"https:\/\/www.granlunds.com\/sv\/wp-json\/wp\/v2\/types\/product"}],"wp:featuredmedia":[{"embeddable":true,"href":"https:\/\/www.granlunds.com\/sv\/wp-json\/wp\/v2\/media\/3611"}],"wp:attachment":[{"href":"https:\/\/www.granlunds.com\/sv\/wp-json\/wp\/v2\/media?parent=3610"}],"wp:term":[{"taxonomy":"product_cat","embeddable":true,"href":"https:\/\/www.granlunds.com\/sv\/wp-json\/wp\/v2\/product_cat?post=3610"},{"taxonomy":"product_tag","embeddable":true,"href":"https:\/\/www.granlunds.com\/sv\/wp-json\/wp\/v2\/product_tag?post=3610"}],"curies":[{"name":"wp","href":"https:\/\/api.w.org\/{rel}","templated":true}]}}