{"id":3262,"date":"2021-01-21T14:58:39","date_gmt":"2021-01-21T12:58:39","guid":{"rendered":"https:\/\/www.granlunds.com\/?post_type=product&#038;p=3262"},"modified":"2022-07-13T15:06:02","modified_gmt":"2022-07-13T12:06:02","slug":"stenfyr-180cm","status":"publish","type":"product","link":"https:\/\/www.granlunds.com\/sv\/produkt\/stenfyr-180cm\/","title":{"rendered":"Stenfyr 180cm"},"content":{"rendered":"<p>Fyren \u00e4r varmf\u00f6rsinkad och tillverkad i Finland.<\/p>\n<p><strong>Specifikationer:<\/strong><br \/>\nBottendiameter: 70cm<br \/>\nH\u00f6jd: 180cm<br \/>\nVikt: 38kg<br \/>\nH\u00e5l f\u00f6r belysning: 72mm<\/p>\n<p>Belysning kan monteras uppe i fyren. Ljusskenet riktas rakt upp mot fyrens tak som sprider skenet runt fyren.<br \/>\nElkabel eller r\u00f6r b\u00f6r i s\u00e5 fall l\u00e4ggas in i mitten n\u00e4r den fylls med sten.<\/p>\n<p>Belysning best\u00e4lls skillt h\u00e4r i samma butik!<\/p>\n<p>Fyllnadsmaterial ing\u00e5r ej!<\/p>\n","protected":false},"excerpt":{"rendered":"<p>Perfekt prydnad f\u00f6r tr\u00e4dg\u00e5rden eller stugstranden. Fyren skall fyllas med natursten.<\/p>\n<p>Fyrarna finns \u00e4ven till salu vid GRUSTERMINALEN i Smedsby och SMN AGRICENTER i Solf.<\/p>\n","protected":false},"author":2,"featured_media":5083,"template":"","meta":{"advgb_blocks_editor_width":"","advgb_blocks_columns_visual_guide":""},"product_cat":[69,63,61],"product_tag":[],"featured_img":"https:\/\/www.granlunds.com\/wp-content\/uploads\/2021\/01\/Majakka-Korpelainen-1-scaled-e1680725637371.jpg","coauthors":[],"author_meta":{"author_link":"https:\/\/www.granlunds.com\/sv\/author\/jos\/","display_name":"jos"},"relative_dates":{"created":"Publicerad 5 \u00e5r sedan","modified":"Uppdaterad 4 \u00e5r sedan"},"absolute_dates":{"created":"Publicerat den 21 januari, 2021","modified":"Uppdaterad den 13 juli, 2022"},"absolute_dates_time":{"created":"Publicerat den 21 januari, 2021 14:58","modified":"Uppdaterad den 13 juli, 2022 15:06"},"featured_img_caption":"","tax_additional":{"product_type":{"linked":["<a href=\"https:\/\/www.granlunds.com\/sv\/?taxonomy=product_type&#038;term=simple\" class=\"advgb-post-tax-term\">simple<\/a>"],"unlinked":["<span class=\"advgb-post-tax-term\">simple<\/span>"],"slug":"product_type","name":"Produkttyp"},"product_visibility":{"linked":[],"unlinked":[],"slug":"product_visibility","name":"Produktsynlighet"},"product_cat":{"linked":["<a href=\"https:\/\/www.granlunds.com\/sv\/produkt-kategori\/stenfyrar\/\" class=\"advgb-post-tax-term\">Stenfyrar<\/a>","<a href=\"https:\/\/www.granlunds.com\/sv\/produkt-kategori\/stenkorgar-3mm\/\" class=\"advgb-post-tax-term\">Stenkorgar 3 mm<\/a>","<a href=\"https:\/\/www.granlunds.com\/sv\/produkt-kategori\/stenkorgar-5mm\/\" class=\"advgb-post-tax-term\">Stenkorgar 5 mm<\/a>"],"unlinked":["<span class=\"advgb-post-tax-term\">Stenfyrar<\/span>","<span class=\"advgb-post-tax-term\">Stenkorgar 3 mm<\/span>","<span class=\"advgb-post-tax-term\">Stenkorgar 5 mm<\/span>"],"slug":"product_cat","name":"Produktkategorier"},"product_tag":{"linked":[],"unlinked":[],"slug":"product_tag","name":"Produktetiketter"},"product_shipping_class":{"linked":["<a href=\"https:\/\/www.granlunds.com\/sv\/?taxonomy=product_shipping_class&#038;term=stora-paket\" class=\"advgb-post-tax-term\">Stora paket<\/a>"],"unlinked":["<span class=\"advgb-post-tax-term\">Stora paket<\/span>"],"slug":"product_shipping_class","name":"Fraktklasser f\u00f6r produkt"},"translation_priority":{"linked":["<a href=\"https:\/\/www.granlunds.com\/sv\/?taxonomy=translation_priority&#038;term=valfritt\" class=\"advgb-post-tax-term\">Valfritt<\/a>"],"unlinked":["<span class=\"advgb-post-tax-term\">Valfritt<\/span>"],"slug":"translation_priority","name":"\u00d6vers\u00e4ttningsprioriteter"}},"series_order":"","_links":{"self":[{"href":"https:\/\/www.granlunds.com\/sv\/wp-json\/wp\/v2\/product\/3262"}],"collection":[{"href":"https:\/\/www.granlunds.com\/sv\/wp-json\/wp\/v2\/product"}],"about":[{"href":"https:\/\/www.granlunds.com\/sv\/wp-json\/wp\/v2\/types\/product"}],"wp:featuredmedia":[{"embeddable":true,"href":"https:\/\/www.granlunds.com\/sv\/wp-json\/wp\/v2\/media\/5083"}],"wp:attachment":[{"href":"https:\/\/www.granlunds.com\/sv\/wp-json\/wp\/v2\/media?parent=3262"}],"wp:term":[{"taxonomy":"product_cat","embeddable":true,"href":"https:\/\/www.granlunds.com\/sv\/wp-json\/wp\/v2\/product_cat?post=3262"},{"taxonomy":"product_tag","embeddable":true,"href":"https:\/\/www.granlunds.com\/sv\/wp-json\/wp\/v2\/product_tag?post=3262"}],"curies":[{"name":"wp","href":"https:\/\/api.w.org\/{rel}","templated":true}]}}