{"id":3240,"date":"2021-01-21T12:02:30","date_gmt":"2021-01-21T10:02:30","guid":{"rendered":"https:\/\/www.granlunds.com\/?post_type=product&#038;p=3240"},"modified":"2024-02-01T11:07:15","modified_gmt":"2024-02-01T09:07:15","slug":"stenkorg-5-mm-2-x-05-x-1m","status":"publish","type":"product","link":"https:\/\/www.granlunds.com\/sv\/produkt\/stenkorg-5-mm-2-x-05-x-1m\/","title":{"rendered":"Stenkorg 5mm <br>  2&#215;0,5x1m"},"content":{"rendered":"<p>Produkten levereras i delar f\u00f6r spiralmontering, inga verktyg beh\u00f6vs.<\/p>\n<p>Korgen kan monteras &#8221;i serie&#8221; med en till\u00e4ggskorg. Man f\u00e5r d\u00e5 en kostnadseffektiv konstruktion samt snyggare utsida genom att undvika dubbla spiraler. Svetsat n\u00e4t av 5,0mm Aluzink tr\u00e5d, maskstorlek 76 x 76mm. L\u00e4mpligt fyllnadsmaterial 100-200mm kross eller natursten, ing\u00e5r ej i leveransen.<\/p>\n<p><strong>Specifikationer:<\/strong><br \/>\nKorgens l\u00e4ngd: 2m<br \/>\nKorgens bredd: 0,5m (ca.48cm)<br \/>\nKorgens h\u00f6jd: 1m<br \/>\nVikt: 35kg<br \/>\nMaskstorlek: 76 x 76mm<\/p>\n<p><strong>Leveransinneh\u00e5ll:<\/strong><br \/>\nGaller Aluzink 2 x 1m 2st<br \/>\nGaller Aluzink 2 x 0,5m 2st<br \/>\nGaller Aluzink 0,5 x 1m 3st<br \/>\nSt\u00f6dtr\u00e5d 0,5m 8st<br \/>\nSpiraltr\u00e5d 1m 14st<br \/>\nSpiraltr\u00e5d 0,5m 6st<\/p>\n","protected":false},"excerpt":{"rendered":"<p>Aluzink stenkorg i delar med spiral.<\/p>\n","protected":false},"author":2,"featured_media":3330,"template":"","meta":{"advgb_blocks_editor_width":"","advgb_blocks_columns_visual_guide":""},"product_cat":[61],"product_tag":[],"featured_img":"https:\/\/www.granlunds.com\/wp-content\/uploads\/2021\/01\/Kivikori4.jpg","coauthors":[],"author_meta":{"author_link":"https:\/\/www.granlunds.com\/sv\/author\/jos\/","display_name":"jos"},"relative_dates":{"created":"Publicerad 5 \u00e5r sedan","modified":"Uppdaterad 2 \u00e5r sedan"},"absolute_dates":{"created":"Publicerat den 21 januari, 2021","modified":"Uppdaterad den 1 februari, 2024"},"absolute_dates_time":{"created":"Publicerat den 21 januari, 2021 12:02","modified":"Uppdaterad den 1 februari, 2024 11:07"},"featured_img_caption":"","tax_additional":{"product_type":{"linked":["<a href=\"https:\/\/www.granlunds.com\/sv\/?taxonomy=product_type&#038;term=simple\" class=\"advgb-post-tax-term\">simple<\/a>"],"unlinked":["<span class=\"advgb-post-tax-term\">simple<\/span>"],"slug":"product_type","name":"Produkttyp"},"product_visibility":{"linked":[],"unlinked":[],"slug":"product_visibility","name":"Produktsynlighet"},"product_cat":{"linked":["<a href=\"https:\/\/www.granlunds.com\/sv\/produkt-kategori\/stenkorgar-5mm\/\" class=\"advgb-post-tax-term\">Stenkorgar 5 mm<\/a>"],"unlinked":["<span class=\"advgb-post-tax-term\">Stenkorgar 5 mm<\/span>"],"slug":"product_cat","name":"Produktkategorier"},"product_tag":{"linked":[],"unlinked":[],"slug":"product_tag","name":"Produktetiketter"},"product_shipping_class":{"linked":["<a href=\"https:\/\/www.granlunds.com\/sv\/?taxonomy=product_shipping_class&#038;term=stenkorgar\" class=\"advgb-post-tax-term\">Stenkorgar<\/a>"],"unlinked":["<span class=\"advgb-post-tax-term\">Stenkorgar<\/span>"],"slug":"product_shipping_class","name":"Fraktklasser f\u00f6r produkt"},"translation_priority":{"linked":["<a href=\"https:\/\/www.granlunds.com\/sv\/?taxonomy=translation_priority&#038;term=valfritt\" class=\"advgb-post-tax-term\">Valfritt<\/a>"],"unlinked":["<span class=\"advgb-post-tax-term\">Valfritt<\/span>"],"slug":"translation_priority","name":"\u00d6vers\u00e4ttningsprioriteter"}},"series_order":"","_links":{"self":[{"href":"https:\/\/www.granlunds.com\/sv\/wp-json\/wp\/v2\/product\/3240"}],"collection":[{"href":"https:\/\/www.granlunds.com\/sv\/wp-json\/wp\/v2\/product"}],"about":[{"href":"https:\/\/www.granlunds.com\/sv\/wp-json\/wp\/v2\/types\/product"}],"wp:featuredmedia":[{"embeddable":true,"href":"https:\/\/www.granlunds.com\/sv\/wp-json\/wp\/v2\/media\/3330"}],"wp:attachment":[{"href":"https:\/\/www.granlunds.com\/sv\/wp-json\/wp\/v2\/media?parent=3240"}],"wp:term":[{"taxonomy":"product_cat","embeddable":true,"href":"https:\/\/www.granlunds.com\/sv\/wp-json\/wp\/v2\/product_cat?post=3240"},{"taxonomy":"product_tag","embeddable":true,"href":"https:\/\/www.granlunds.com\/sv\/wp-json\/wp\/v2\/product_tag?post=3240"}],"curies":[{"name":"wp","href":"https:\/\/api.w.org\/{rel}","templated":true}]}}