{"id":3223,"date":"2021-01-21T10:43:43","date_gmt":"2021-01-21T08:43:43","guid":{"rendered":"https:\/\/www.granlunds.com\/?post_type=product&#038;p=3223"},"modified":"2023-08-21T12:34:47","modified_gmt":"2023-08-21T09:34:47","slug":"stenkorg-3-mm-1-x-03-x-06m","status":"publish","type":"product","link":"https:\/\/www.granlunds.com\/sv\/produkt\/stenkorg-3-mm-1-x-03-x-06m\/","title":{"rendered":"Stenkorg 3mm <br>1&#215;0,3&#215;0,6m"},"content":{"rendered":"<p>Produkten levereras i delar f\u00f6r spiralmontering, inga verktyg beh\u00f6vs.<\/p>\n<p>Korgen kan monteras &#8221;i serie&#8221; med en till\u00e4ggskorg. Man f\u00e5r d\u00e5 en kostnadseffektiv konstruktion samt snyggare utsida genom att undvika dubbla spiraler. Svetsat n\u00e4t av 3,0mm Aluzink tr\u00e5d, maskstorlek 76 x 76mm. L\u00e4mpligt fyllnadsmaterial 100-200mm kross eller natursten, ing\u00e5r ej i leveransen.<\/p>\n<p><strong>Specifikationer:<\/strong><br \/>\nKorgens l\u00e4ngd: 1m<br \/>\nKorgens bredd: 0,3m<br \/>\nKorgens h\u00f6jd: 0,6m<br \/>\nVikt: 5,5kg<br \/>\nMaskstorlek: 76 x 76mm<\/p>\n<p><strong>Leveransinneh\u00e5ll:<\/strong><br \/>\nGaller Aluzink 1 x 0,6m 2st<br \/>\nGaller Aluzink 1 x 0,3m 2st<br \/>\nGaller Aluzink 0,3 x 0,6m 2st<br \/>\nSt\u00f6dtr\u00e5d 0,3m 6st<br \/>\nSpiraltr\u00e5d 1m 8st (4st. skall kapas till gavlarna, 0,3m + 0,6m)<\/p>\n","protected":false},"excerpt":{"rendered":"<p><strong>Aluzink stenkorg i delar med spiral.<\/strong><\/p>\n","protected":false},"author":2,"featured_media":3386,"template":"","meta":{"advgb_blocks_editor_width":"","advgb_blocks_columns_visual_guide":""},"product_cat":[63],"product_tag":[],"featured_img":"https:\/\/www.granlunds.com\/wp-content\/uploads\/2021\/01\/Kivikori7.jpg","coauthors":[],"author_meta":{"author_link":"https:\/\/www.granlunds.com\/sv\/author\/jos\/","display_name":"jos"},"relative_dates":{"created":"Publicerad 5 \u00e5r sedan","modified":"Uppdaterad 3 \u00e5r sedan"},"absolute_dates":{"created":"Publicerat den 21 januari, 2021","modified":"Uppdaterad den 21 augusti, 2023"},"absolute_dates_time":{"created":"Publicerat den 21 januari, 2021 10:43","modified":"Uppdaterad den 21 augusti, 2023 12:34"},"featured_img_caption":"","tax_additional":{"product_type":{"linked":["<a href=\"https:\/\/www.granlunds.com\/sv\/?taxonomy=product_type&#038;term=simple\" class=\"advgb-post-tax-term\">simple<\/a>"],"unlinked":["<span class=\"advgb-post-tax-term\">simple<\/span>"],"slug":"product_type","name":"Produkttyp"},"product_visibility":{"linked":[],"unlinked":[],"slug":"product_visibility","name":"Produktsynlighet"},"product_cat":{"linked":["<a href=\"https:\/\/www.granlunds.com\/sv\/produkt-kategori\/stenkorgar-3mm\/\" class=\"advgb-post-tax-term\">Stenkorgar 3 mm<\/a>"],"unlinked":["<span class=\"advgb-post-tax-term\">Stenkorgar 3 mm<\/span>"],"slug":"product_cat","name":"Produktkategorier"},"product_tag":{"linked":[],"unlinked":[],"slug":"product_tag","name":"Produktetiketter"},"product_shipping_class":{"linked":["<a href=\"https:\/\/www.granlunds.com\/sv\/?taxonomy=product_shipping_class&#038;term=stenkorgar\" class=\"advgb-post-tax-term\">Stenkorgar<\/a>"],"unlinked":["<span class=\"advgb-post-tax-term\">Stenkorgar<\/span>"],"slug":"product_shipping_class","name":"Fraktklasser f\u00f6r produkt"},"translation_priority":{"linked":["<a href=\"https:\/\/www.granlunds.com\/sv\/?taxonomy=translation_priority&#038;term=valfritt\" class=\"advgb-post-tax-term\">Valfritt<\/a>"],"unlinked":["<span class=\"advgb-post-tax-term\">Valfritt<\/span>"],"slug":"translation_priority","name":"\u00d6vers\u00e4ttningsprioriteter"}},"series_order":"","_links":{"self":[{"href":"https:\/\/www.granlunds.com\/sv\/wp-json\/wp\/v2\/product\/3223"}],"collection":[{"href":"https:\/\/www.granlunds.com\/sv\/wp-json\/wp\/v2\/product"}],"about":[{"href":"https:\/\/www.granlunds.com\/sv\/wp-json\/wp\/v2\/types\/product"}],"wp:featuredmedia":[{"embeddable":true,"href":"https:\/\/www.granlunds.com\/sv\/wp-json\/wp\/v2\/media\/3386"}],"wp:attachment":[{"href":"https:\/\/www.granlunds.com\/sv\/wp-json\/wp\/v2\/media?parent=3223"}],"wp:term":[{"taxonomy":"product_cat","embeddable":true,"href":"https:\/\/www.granlunds.com\/sv\/wp-json\/wp\/v2\/product_cat?post=3223"},{"taxonomy":"product_tag","embeddable":true,"href":"https:\/\/www.granlunds.com\/sv\/wp-json\/wp\/v2\/product_tag?post=3223"}],"curies":[{"name":"wp","href":"https:\/\/api.w.org\/{rel}","templated":true}]}}