{"id":2877,"date":"2020-10-30T11:02:35","date_gmt":"2020-10-30T09:02:35","guid":{"rendered":"https:\/\/www.granlunds.com\/?post_type=product&#038;p=2877"},"modified":"2025-04-01T07:01:11","modified_gmt":"2025-04-01T04:01:11","slug":"jepo-%c2%bd-vaggelement","status":"publish","type":"product","link":"https:\/\/www.granlunds.com\/sv\/produkt\/jepo-%c2%bd-vaggelement\/","title":{"rendered":"JEPO \u00bd V\u00e4ggelement"},"content":{"rendered":"<p>Maskstorlek 50x50mm, \u00e4ven l\u00e4mplig f\u00f6r valpar. Hundhagen har inga springor som hundens tassar kan fastna i, hagens element sitter t\u00e4tt ihop. Stommen \u00e4r tillverkad av aluminiumr\u00f6r 30x30x2mm, rostar ej. N\u00e4tet \u00e4r svetsat av 3mm Aluzink tr\u00e5d och monterat p\u00e5 stommen med popnitat bandj\u00e4rn. N\u00e4tet ligger mellan stommen och bandj\u00e4rnet och t\u00e5l p\u00e5frestningar.<\/p>\n<p>Hagen \u00e4r l\u00e4tt att montera, du beh\u00f6ver endast en 13mm:s fastnyckel. Du \u00e4ndrar hagen l\u00e4tt och kan l\u00e4gga till en mellanv\u00e4gg och f\u00f6rstora enligt behov. Om er hage skall monteras med mellanv\u00e4ggar beh\u00f6vs l\u00e4ngre monteringsskruvar f\u00f6r att n\u00e5 genom 3 element, meddela antalet mellanv\u00e4ggar vid best\u00e4llning s\u00e5 levereras r\u00e4tt monteringsskruvar.<\/p>\n<ul>\n<li>10 \u00e5rs garanti!<\/li>\n<li>Inhemsk produkt<\/li>\n<li>Ram: Svetsad aluminium 30x30x2mm<\/li>\n<li>Galler: Aluzink 3,0mm<\/li>\n<li>Maskstorlek: 50x50mm<\/li>\n<li>Bredd: 97,5cm<\/li>\n<li>H\u00f6jd: 184cm<\/li>\n<li>Vikt: 8kg<\/li>\n<\/ul>\n","protected":false},"excerpt":{"rendered":"<p><strong>Standard v\u00e4ggelement 97,5 x 184cm (bredd x h\u00f6jd).<\/strong><\/p>\n<p>Ett kortare element med samma utf\u00f6rande som ett fullstort element. L\u00e4mpligt att anv\u00e4nda n\u00e4r utrymmet tar slut.<\/p>\n<p>&nbsp;<\/p>\n","protected":false},"author":3,"featured_media":2874,"template":"","meta":{"advgb_blocks_editor_width":"","advgb_blocks_columns_visual_guide":""},"product_cat":[23],"product_tag":[],"featured_img":"https:\/\/www.granlunds.com\/wp-content\/uploads\/2020\/10\/\u00bd-seinaelementti.jpg","coauthors":[],"author_meta":{"author_link":"https:\/\/www.granlunds.com\/sv\/author\/kaj\/","display_name":"Kaj"},"relative_dates":{"created":"Publicerad 5 \u00e5r sedan","modified":"Uppdaterad 1 \u00e5r sedan"},"absolute_dates":{"created":"Publicerat den 30 oktober, 2020","modified":"Uppdaterad den 1 april, 2025"},"absolute_dates_time":{"created":"Publicerat den 30 oktober, 2020 11:02","modified":"Uppdaterad den 1 april, 2025 07:01"},"featured_img_caption":"","tax_additional":{"product_type":{"linked":["<a href=\"https:\/\/www.granlunds.com\/sv\/?taxonomy=product_type&#038;term=simple\" class=\"advgb-post-tax-term\">simple<\/a>"],"unlinked":["<span class=\"advgb-post-tax-term\">simple<\/span>"],"slug":"product_type","name":"Produkttyp"},"product_visibility":{"linked":[],"unlinked":[],"slug":"product_visibility","name":"Produktsynlighet"},"product_cat":{"linked":["<a href=\"https:\/\/www.granlunds.com\/sv\/produkt-kategori\/hundgard\/\" class=\"advgb-post-tax-term\">JEPO hundg\u00e5rd<\/a>"],"unlinked":["<span class=\"advgb-post-tax-term\">JEPO hundg\u00e5rd<\/span>"],"slug":"product_cat","name":"Produktkategorier"},"product_tag":{"linked":[],"unlinked":[],"slug":"product_tag","name":"Produktetiketter"},"product_shipping_class":{"linked":["<a href=\"https:\/\/www.granlunds.com\/sv\/?taxonomy=product_shipping_class&#038;term=stora-paket\" class=\"advgb-post-tax-term\">Stora paket<\/a>"],"unlinked":["<span class=\"advgb-post-tax-term\">Stora paket<\/span>"],"slug":"product_shipping_class","name":"Fraktklasser f\u00f6r produkt"},"translation_priority":{"linked":["<a href=\"https:\/\/www.granlunds.com\/sv\/?taxonomy=translation_priority&#038;term=valfritt\" class=\"advgb-post-tax-term\">Valfritt<\/a>"],"unlinked":["<span class=\"advgb-post-tax-term\">Valfritt<\/span>"],"slug":"translation_priority","name":"\u00d6vers\u00e4ttningsprioriteter"}},"series_order":"","_links":{"self":[{"href":"https:\/\/www.granlunds.com\/sv\/wp-json\/wp\/v2\/product\/2877"}],"collection":[{"href":"https:\/\/www.granlunds.com\/sv\/wp-json\/wp\/v2\/product"}],"about":[{"href":"https:\/\/www.granlunds.com\/sv\/wp-json\/wp\/v2\/types\/product"}],"wp:featuredmedia":[{"embeddable":true,"href":"https:\/\/www.granlunds.com\/sv\/wp-json\/wp\/v2\/media\/2874"}],"wp:attachment":[{"href":"https:\/\/www.granlunds.com\/sv\/wp-json\/wp\/v2\/media?parent=2877"}],"wp:term":[{"taxonomy":"product_cat","embeddable":true,"href":"https:\/\/www.granlunds.com\/sv\/wp-json\/wp\/v2\/product_cat?post=2877"},{"taxonomy":"product_tag","embeddable":true,"href":"https:\/\/www.granlunds.com\/sv\/wp-json\/wp\/v2\/product_tag?post=2877"}],"curies":[{"name":"wp","href":"https:\/\/api.w.org\/{rel}","templated":true}]}}