{"id":2558,"date":"2020-05-12T15:31:42","date_gmt":"2020-05-12T12:31:42","guid":{"rendered":"https:\/\/www.granlunds.com\/?post_type=product&#038;p=2558"},"modified":"2025-10-14T07:26:49","modified_gmt":"2025-10-14T04:26:49","slug":"matbar-2-x-3l","status":"publish","type":"product","link":"https:\/\/www.granlunds.com\/sv\/produkt\/matbar-2-x-3l\/","title":{"rendered":"Utdragbar matbar <br\/>2 x 3L"},"content":{"rendered":"<p>Beh\u00e4ndig matbar som g\u00f6r det m\u00f6jligt att fylla p\u00e5 mat och vatten fr\u00e5n hagens utsida.<\/p>\n<p>Rostfria sk\u00e5lar 2 x 3liter ing\u00e5r.<\/p>\n<p>\u00d6ppningen i n\u00e4tet skall vara 50 x 25cm (20 x 10&#8243;).<\/p>\n<p>Produkten \u00e4r tillverkad i Sverige.<\/p>\n","protected":false},"excerpt":{"rendered":"<p>Utdragbar matbar f\u00f6r montering i hundhagens v\u00e4ggelement, sk\u00e5lar 2 x 3liter ing\u00e5r.<\/p>\n","protected":false},"author":3,"featured_media":2559,"template":"","meta":{"advgb_blocks_editor_width":"","advgb_blocks_columns_visual_guide":""},"product_cat":[29],"product_tag":[],"featured_img":"https:\/\/www.granlunds.com\/wp-content\/uploads\/2020\/05\/Kuppiteline-ulosvedett\u00e4v\u00e4.jpg","coauthors":[],"author_meta":{"author_link":"https:\/\/www.granlunds.com\/sv\/author\/kaj\/","display_name":"Kaj"},"relative_dates":{"created":"Publicerad 6 \u00e5r sedan","modified":"Uppdaterad 7 m\u00e5nader sedan"},"absolute_dates":{"created":"Publicerat den 12 maj, 2020","modified":"Uppdaterad den 14 oktober, 2025"},"absolute_dates_time":{"created":"Publicerat den 12 maj, 2020 15:31","modified":"Uppdaterad den 14 oktober, 2025 07:26"},"featured_img_caption":"","tax_additional":{"product_type":{"linked":["<a href=\"https:\/\/www.granlunds.com\/sv\/?taxonomy=product_type&#038;term=simple\" class=\"advgb-post-tax-term\">simple<\/a>"],"unlinked":["<span class=\"advgb-post-tax-term\">simple<\/span>"],"slug":"product_type","name":"Produkttyp"},"product_visibility":{"linked":[],"unlinked":[],"slug":"product_visibility","name":"Produktsynlighet"},"product_cat":{"linked":["<a href=\"https:\/\/www.granlunds.com\/sv\/produkt-kategori\/vattenskalar\/\" class=\"advgb-post-tax-term\">Vattensk\u00e5lar<\/a>"],"unlinked":["<span class=\"advgb-post-tax-term\">Vattensk\u00e5lar<\/span>"],"slug":"product_cat","name":"Produktkategorier"},"product_tag":{"linked":[],"unlinked":[],"slug":"product_tag","name":"Produktetiketter"},"product_shipping_class":{"linked":["<a href=\"https:\/\/www.granlunds.com\/sv\/?taxonomy=product_shipping_class&#038;term=mindre-paket\" class=\"advgb-post-tax-term\">Mindre paket<\/a>"],"unlinked":["<span class=\"advgb-post-tax-term\">Mindre paket<\/span>"],"slug":"product_shipping_class","name":"Fraktklasser f\u00f6r produkt"},"translation_priority":{"linked":["<a href=\"https:\/\/www.granlunds.com\/sv\/?taxonomy=translation_priority&#038;term=valfritt\" class=\"advgb-post-tax-term\">Valfritt<\/a>"],"unlinked":["<span class=\"advgb-post-tax-term\">Valfritt<\/span>"],"slug":"translation_priority","name":"\u00d6vers\u00e4ttningsprioriteter"}},"series_order":"","_links":{"self":[{"href":"https:\/\/www.granlunds.com\/sv\/wp-json\/wp\/v2\/product\/2558"}],"collection":[{"href":"https:\/\/www.granlunds.com\/sv\/wp-json\/wp\/v2\/product"}],"about":[{"href":"https:\/\/www.granlunds.com\/sv\/wp-json\/wp\/v2\/types\/product"}],"wp:featuredmedia":[{"embeddable":true,"href":"https:\/\/www.granlunds.com\/sv\/wp-json\/wp\/v2\/media\/2559"}],"wp:attachment":[{"href":"https:\/\/www.granlunds.com\/sv\/wp-json\/wp\/v2\/media?parent=2558"}],"wp:term":[{"taxonomy":"product_cat","embeddable":true,"href":"https:\/\/www.granlunds.com\/sv\/wp-json\/wp\/v2\/product_cat?post=2558"},{"taxonomy":"product_tag","embeddable":true,"href":"https:\/\/www.granlunds.com\/sv\/wp-json\/wp\/v2\/product_tag?post=2558"}],"curies":[{"name":"wp","href":"https:\/\/api.w.org\/{rel}","templated":true}]}}