{"id":1743,"date":"2020-02-12T12:27:45","date_gmt":"2020-02-12T10:27:45","guid":{"rendered":"https:\/\/www.granlunds.com\/?post_type=product&#038;p=1743"},"modified":"2025-12-10T08:30:18","modified_gmt":"2025-12-10T06:30:18","slug":"transformator-300w","status":"publish","type":"product","link":"https:\/\/www.granlunds.com\/sv\/produkt\/transformator-300w\/","title":{"rendered":"Transformator <br\/>24V\/300W"},"content":{"rendered":"<p>Till 300w:s transformatorn kan man koppla flera olika elutrustningar. Exempel p\u00e5 kombinationer:<\/p>\n<ul>\n<li>1-2st eluppv\u00e4rmd vattensk\u00e5l +1st 140w v\u00e4rmeelement<\/li>\n<li>2st 140w v\u00e4rmeelement<\/li>\n<li>3st eluppv\u00e4rmd vattensk\u00e5l<\/li>\n<\/ul>\n<p>Utrustningarnas totala effekt f\u00e5r ej \u00f6verstiga transformatorns effekt! Ledningen fr\u00e5n transformator till utrustning f\u00e5r ej vara l\u00e4ngre \u00e4n 20m!<\/p>\n<p>IP30 Skyddas f\u00f6r fukt.<\/p>\n<p>1 \u00e5rs garanti!<\/p>\n<p>Vikt 3,8kg.<\/p>\n","protected":false},"excerpt":{"rendered":"<p>300w:s transformator anv\u00e4nds till 140w:s v\u00e4rmeelement och till olika utrustningskombinationer.<\/p>\n","protected":false},"author":1,"featured_media":2907,"template":"","meta":{"advgb_blocks_editor_width":"","advgb_blocks_columns_visual_guide":""},"product_cat":[28,29],"product_tag":[],"featured_img":"https:\/\/www.granlunds.com\/wp-content\/uploads\/2020\/02\/Muuntaja-300W-1536x1536-1.jpg","coauthors":[],"author_meta":{"author_link":"https:\/\/www.granlunds.com\/sv\/author\/tommy\/","display_name":"tommy"},"relative_dates":{"created":"Publicerad 6 \u00e5r sedan","modified":"Uppdaterad 5 m\u00e5nader sedan"},"absolute_dates":{"created":"Publicerat den 12 februari, 2020","modified":"Uppdaterad den 10 december, 2025"},"absolute_dates_time":{"created":"Publicerat den 12 februari, 2020 12:27","modified":"Uppdaterad den 10 december, 2025 08:30"},"featured_img_caption":"","tax_additional":{"product_type":{"linked":["<a href=\"https:\/\/www.granlunds.com\/sv\/?taxonomy=product_type&#038;term=simple\" class=\"advgb-post-tax-term\">simple<\/a>"],"unlinked":["<span class=\"advgb-post-tax-term\">simple<\/span>"],"slug":"product_type","name":"Produkttyp"},"product_visibility":{"linked":[],"unlinked":[],"slug":"product_visibility","name":"Produktsynlighet"},"product_cat":{"linked":["<a href=\"https:\/\/www.granlunds.com\/sv\/produkt-kategori\/varmeelement\/\" class=\"advgb-post-tax-term\">V\u00e4rmeelement<\/a>","<a href=\"https:\/\/www.granlunds.com\/sv\/produkt-kategori\/vattenskalar\/\" class=\"advgb-post-tax-term\">Vattensk\u00e5lar<\/a>"],"unlinked":["<span class=\"advgb-post-tax-term\">V\u00e4rmeelement<\/span>","<span class=\"advgb-post-tax-term\">Vattensk\u00e5lar<\/span>"],"slug":"product_cat","name":"Produktkategorier"},"product_tag":{"linked":[],"unlinked":[],"slug":"product_tag","name":"Produktetiketter"},"product_shipping_class":{"linked":["<a href=\"https:\/\/www.granlunds.com\/sv\/?taxonomy=product_shipping_class&#038;term=mindre-paket\" class=\"advgb-post-tax-term\">Mindre paket<\/a>"],"unlinked":["<span class=\"advgb-post-tax-term\">Mindre paket<\/span>"],"slug":"product_shipping_class","name":"Fraktklasser f\u00f6r produkt"},"translation_priority":{"linked":["<a href=\"https:\/\/www.granlunds.com\/sv\/?taxonomy=translation_priority&#038;term=valfritt\" class=\"advgb-post-tax-term\">Valfritt<\/a>"],"unlinked":["<span class=\"advgb-post-tax-term\">Valfritt<\/span>"],"slug":"translation_priority","name":"\u00d6vers\u00e4ttningsprioriteter"}},"series_order":"","_links":{"self":[{"href":"https:\/\/www.granlunds.com\/sv\/wp-json\/wp\/v2\/product\/1743"}],"collection":[{"href":"https:\/\/www.granlunds.com\/sv\/wp-json\/wp\/v2\/product"}],"about":[{"href":"https:\/\/www.granlunds.com\/sv\/wp-json\/wp\/v2\/types\/product"}],"wp:featuredmedia":[{"embeddable":true,"href":"https:\/\/www.granlunds.com\/sv\/wp-json\/wp\/v2\/media\/2907"}],"wp:attachment":[{"href":"https:\/\/www.granlunds.com\/sv\/wp-json\/wp\/v2\/media?parent=1743"}],"wp:term":[{"taxonomy":"product_cat","embeddable":true,"href":"https:\/\/www.granlunds.com\/sv\/wp-json\/wp\/v2\/product_cat?post=1743"},{"taxonomy":"product_tag","embeddable":true,"href":"https:\/\/www.granlunds.com\/sv\/wp-json\/wp\/v2\/product_tag?post=1743"}],"curies":[{"name":"wp","href":"https:\/\/api.w.org\/{rel}","templated":true}]}}