{"id":1740,"date":"2020-02-12T12:20:06","date_gmt":"2020-02-12T10:20:06","guid":{"rendered":"https:\/\/www.granlunds.com\/?post_type=product&#038;p=1740"},"modified":"2022-09-12T14:14:05","modified_gmt":"2022-09-12T11:14:05","slug":"varmeelement-24v-70w","status":"publish","type":"product","link":"https:\/\/www.granlunds.com\/sv\/produkt\/varmeelement-24v-70w\/","title":{"rendered":"V\u00e4rmeelement <br\/> 24V\/70W"},"content":{"rendered":"<p>24V\/70W v\u00e4rmeelement rekommenderas f\u00f6r hundkojor mindre \u00e4n 1m\u00b3.<\/p>\n<p>CE-m\u00e4rkt med ett \u00e5rs garanti. V\u00e4rmeelementet \u00e4r tillverkat av perforerad, galvaniserad pl\u00e5t. Format 630x300x20 mm. Inbyggd v\u00e4rmefolie med 24 volts system, elmont\u00f6r beh\u00f6vs ej. Elementet har fast inbyggd termostat, som sl\u00e5r till vid ca 10 grader och bryter vid ca 15 grader. Elementet \u00e4r l\u00e4tt att installera, det fastskruvas direkt inuti hundkojan. Yttertemperaturen blir aldrig h\u00f6gre \u00e4n 50 grader, och hunden kan riskfritt ligga med ryggen mot detta.<\/p>\n","protected":false},"excerpt":{"rendered":"<p>70W v\u00e4rmeelement utan transformator.<\/p>\n","protected":false},"author":1,"featured_media":2901,"template":"","meta":{"advgb_blocks_editor_width":"","advgb_blocks_columns_visual_guide":""},"product_cat":[28],"product_tag":[],"featured_img":"https:\/\/www.granlunds.com\/wp-content\/uploads\/2020\/02\/Lammitin-1536x1536-1.jpg","coauthors":[],"author_meta":{"author_link":"https:\/\/www.granlunds.com\/sv\/author\/tommy\/","display_name":"tommy"},"relative_dates":{"created":"Publicerad 6 \u00e5r sedan","modified":"Uppdaterad 4 \u00e5r sedan"},"absolute_dates":{"created":"Publicerat den 12 februari, 2020","modified":"Uppdaterad den 12 september, 2022"},"absolute_dates_time":{"created":"Publicerat den 12 februari, 2020 12:20","modified":"Uppdaterad den 12 september, 2022 14:14"},"featured_img_caption":"","tax_additional":{"product_type":{"linked":["<a href=\"https:\/\/www.granlunds.com\/sv\/?taxonomy=product_type&#038;term=simple\" class=\"advgb-post-tax-term\">simple<\/a>"],"unlinked":["<span class=\"advgb-post-tax-term\">simple<\/span>"],"slug":"product_type","name":"Produkttyp"},"product_visibility":{"linked":[],"unlinked":[],"slug":"product_visibility","name":"Produktsynlighet"},"product_cat":{"linked":["<a href=\"https:\/\/www.granlunds.com\/sv\/produkt-kategori\/varmeelement\/\" class=\"advgb-post-tax-term\">V\u00e4rmeelement<\/a>"],"unlinked":["<span class=\"advgb-post-tax-term\">V\u00e4rmeelement<\/span>"],"slug":"product_cat","name":"Produktkategorier"},"product_tag":{"linked":[],"unlinked":[],"slug":"product_tag","name":"Produktetiketter"},"product_shipping_class":{"linked":["<a href=\"https:\/\/www.granlunds.com\/sv\/?taxonomy=product_shipping_class&#038;term=mindre-paket\" class=\"advgb-post-tax-term\">Mindre paket<\/a>"],"unlinked":["<span class=\"advgb-post-tax-term\">Mindre paket<\/span>"],"slug":"product_shipping_class","name":"Fraktklasser f\u00f6r produkt"},"translation_priority":{"linked":["<a href=\"https:\/\/www.granlunds.com\/sv\/?taxonomy=translation_priority&#038;term=valfritt\" class=\"advgb-post-tax-term\">Valfritt<\/a>"],"unlinked":["<span class=\"advgb-post-tax-term\">Valfritt<\/span>"],"slug":"translation_priority","name":"\u00d6vers\u00e4ttningsprioriteter"}},"series_order":"","_links":{"self":[{"href":"https:\/\/www.granlunds.com\/sv\/wp-json\/wp\/v2\/product\/1740"}],"collection":[{"href":"https:\/\/www.granlunds.com\/sv\/wp-json\/wp\/v2\/product"}],"about":[{"href":"https:\/\/www.granlunds.com\/sv\/wp-json\/wp\/v2\/types\/product"}],"wp:featuredmedia":[{"embeddable":true,"href":"https:\/\/www.granlunds.com\/sv\/wp-json\/wp\/v2\/media\/2901"}],"wp:attachment":[{"href":"https:\/\/www.granlunds.com\/sv\/wp-json\/wp\/v2\/media?parent=1740"}],"wp:term":[{"taxonomy":"product_cat","embeddable":true,"href":"https:\/\/www.granlunds.com\/sv\/wp-json\/wp\/v2\/product_cat?post=1740"},{"taxonomy":"product_tag","embeddable":true,"href":"https:\/\/www.granlunds.com\/sv\/wp-json\/wp\/v2\/product_tag?post=1740"}],"curies":[{"name":"wp","href":"https:\/\/api.w.org\/{rel}","templated":true}]}}