{"id":1738,"date":"2020-02-12T12:11:26","date_gmt":"2020-02-12T10:11:26","guid":{"rendered":"https:\/\/www.granlunds.com\/?post_type=product&#038;p=1738"},"modified":"2024-09-02T08:25:10","modified_gmt":"2024-09-02T05:25:10","slug":"varmeelement-24v-70w-transformator-150w","status":"publish","type":"product","link":"https:\/\/www.granlunds.com\/sv\/produkt\/varmeelement-24v-70w-transformator-150w\/","title":{"rendered":"V\u00e4rmeelement <br\/> 24V\/70W + transformator 150W"},"content":{"rendered":"<p>Paketet inneh\u00e5ller 70W:s v\u00e4rmeelement och 150W:s transformator.<\/p>\n<p>24V\/70W v\u00e4rmeelement rekommenderas f\u00f6r hundkojor mindre \u00e4n 1m\u00b3.<\/p>\n<p>CE-m\u00e4rkt med ett \u00e5rs garanti. V\u00e4rmeelementet \u00e4r tillverkat av perforerad, galvaniserad pl\u00e5t. Format 630x300x20 mm. Inbyggd v\u00e4rmefolie med 24 volts system, elmont\u00f6r beh\u00f6vs ej. Elementet har fast inbyggd termostat, som sl\u00e5r till vid ca 10 grader och bryter vid ca 15 grader. Elementet \u00e4r l\u00e4tt att installera, det fastskruvas direkt inuti hundkojan. Yttertemperaturen blir aldrig h\u00f6gre \u00e4n 50 grader, och hunden kan riskfritt ligga med ryggen mot detta.<\/p>\n<p>Transformatorn placeras skyddad f\u00f6r fukt, t.ex. i ett biltak eller utef\u00f6rr\u00e5d.<\/p>\n<p>En kort elkabel mellan transformator och v\u00e4rmeelement h\u00f6r till leveransen, vid f\u00f6rl\u00e4ngning anv\u00e4nds 2 x 1,5mm2 gummi- eller plastkabel.<\/p>\n","protected":false},"excerpt":{"rendered":"<p>70W:s v\u00e4rmeelement med 150W:s transformator.<\/p>\n","protected":false},"author":1,"featured_media":2895,"template":"","meta":{"advgb_blocks_editor_width":"","advgb_blocks_columns_visual_guide":""},"product_cat":[28],"product_tag":[],"featured_img":"https:\/\/www.granlunds.com\/wp-content\/uploads\/2020\/02\/Lammitin-70W-Muuntaja-150W-1536x1536-1.jpg","coauthors":[],"author_meta":{"author_link":"https:\/\/www.granlunds.com\/sv\/author\/tommy\/","display_name":"tommy"},"relative_dates":{"created":"Publicerad 6 \u00e5r sedan","modified":"Uppdaterad 2 \u00e5r sedan"},"absolute_dates":{"created":"Publicerat den 12 februari, 2020","modified":"Uppdaterad den 2 september, 2024"},"absolute_dates_time":{"created":"Publicerat den 12 februari, 2020 12:11","modified":"Uppdaterad den 2 september, 2024 08:25"},"featured_img_caption":"","tax_additional":{"product_type":{"linked":["<a href=\"https:\/\/www.granlunds.com\/sv\/?taxonomy=product_type&#038;term=simple\" class=\"advgb-post-tax-term\">simple<\/a>"],"unlinked":["<span class=\"advgb-post-tax-term\">simple<\/span>"],"slug":"product_type","name":"Produkttyp"},"product_visibility":{"linked":[],"unlinked":[],"slug":"product_visibility","name":"Produktsynlighet"},"product_cat":{"linked":["<a href=\"https:\/\/www.granlunds.com\/sv\/produkt-kategori\/varmeelement\/\" class=\"advgb-post-tax-term\">V\u00e4rmeelement<\/a>"],"unlinked":["<span class=\"advgb-post-tax-term\">V\u00e4rmeelement<\/span>"],"slug":"product_cat","name":"Produktkategorier"},"product_tag":{"linked":[],"unlinked":[],"slug":"product_tag","name":"Produktetiketter"},"product_shipping_class":{"linked":["<a href=\"https:\/\/www.granlunds.com\/sv\/?taxonomy=product_shipping_class&#038;term=mindre-paket\" class=\"advgb-post-tax-term\">Mindre paket<\/a>"],"unlinked":["<span class=\"advgb-post-tax-term\">Mindre paket<\/span>"],"slug":"product_shipping_class","name":"Fraktklasser f\u00f6r produkt"},"translation_priority":{"linked":["<a href=\"https:\/\/www.granlunds.com\/sv\/?taxonomy=translation_priority&#038;term=valfritt\" class=\"advgb-post-tax-term\">Valfritt<\/a>"],"unlinked":["<span class=\"advgb-post-tax-term\">Valfritt<\/span>"],"slug":"translation_priority","name":"\u00d6vers\u00e4ttningsprioriteter"}},"series_order":"","_links":{"self":[{"href":"https:\/\/www.granlunds.com\/sv\/wp-json\/wp\/v2\/product\/1738"}],"collection":[{"href":"https:\/\/www.granlunds.com\/sv\/wp-json\/wp\/v2\/product"}],"about":[{"href":"https:\/\/www.granlunds.com\/sv\/wp-json\/wp\/v2\/types\/product"}],"wp:featuredmedia":[{"embeddable":true,"href":"https:\/\/www.granlunds.com\/sv\/wp-json\/wp\/v2\/media\/2895"}],"wp:attachment":[{"href":"https:\/\/www.granlunds.com\/sv\/wp-json\/wp\/v2\/media?parent=1738"}],"wp:term":[{"taxonomy":"product_cat","embeddable":true,"href":"https:\/\/www.granlunds.com\/sv\/wp-json\/wp\/v2\/product_cat?post=1738"},{"taxonomy":"product_tag","embeddable":true,"href":"https:\/\/www.granlunds.com\/sv\/wp-json\/wp\/v2\/product_tag?post=1738"}],"curies":[{"name":"wp","href":"https:\/\/api.w.org\/{rel}","templated":true}]}}