{"id":1736,"date":"2020-02-12T12:07:30","date_gmt":"2020-02-12T10:07:30","guid":{"rendered":"https:\/\/www.granlunds.com\/?post_type=product&#038;p=1736"},"modified":"2025-03-13T15:45:03","modified_gmt":"2025-03-13T13:45:03","slug":"transformator-24v-50w","status":"publish","type":"product","link":"https:\/\/www.granlunds.com\/sv\/produkt\/transformator-24v-50w\/","title":{"rendered":"Transformator <br\/>24V\/50W"},"content":{"rendered":"<p>24V\/50W:s transformator r\u00e4cker till en uppv\u00e4rmd vattensk\u00e5l. Ledningen fr\u00e5n transformatorn till vattensk\u00e5len f\u00e5r ej vara l\u00e4ngre \u00e4n 20m!<\/p>\n<p>IP30, skyddas f\u00f6r fukt. Om transformatorn kommer att bli utsatt f\u00f6r fukt b\u00f6r man anv\u00e4nda en transformator med klassen IPX4. Vi rekommenderar f\u00f6ljande alternativ: <a href=\"https:\/\/www.granlunds.com\/sv\/produkt\/transformator-ip44-24v-60w\/\">https:\/\/www.granlunds.com\/sv\/produkt\/transformator-ip44-24v-60w\/<\/a><\/p>\n<ul>\n<li>24V\/50W<\/li>\n<li>IP30<\/li>\n<li>1 \u00e5rs garanti!<\/li>\n<li>Vikt 0,7kg.<\/li>\n<\/ul>\n","protected":false},"excerpt":{"rendered":"<p>50W:s transformator uppv\u00e4rmd vattensk\u00e5l.<\/p>\n","protected":false},"author":1,"featured_media":2886,"template":"","meta":{"advgb_blocks_editor_width":"","advgb_blocks_columns_visual_guide":""},"product_cat":[29],"product_tag":[],"featured_img":"https:\/\/www.granlunds.com\/wp-content\/uploads\/2020\/02\/Muuntaja-50W-1536x1536-1.jpg","coauthors":[],"author_meta":{"author_link":"https:\/\/www.granlunds.com\/sv\/author\/tommy\/","display_name":"tommy"},"relative_dates":{"created":"Publicerad 6 \u00e5r sedan","modified":"Uppdaterad 1 \u00e5r sedan"},"absolute_dates":{"created":"Publicerat den 12 februari, 2020","modified":"Uppdaterad den 13 mars, 2025"},"absolute_dates_time":{"created":"Publicerat den 12 februari, 2020 12:07","modified":"Uppdaterad den 13 mars, 2025 15:45"},"featured_img_caption":"","tax_additional":{"product_type":{"linked":["<a href=\"https:\/\/www.granlunds.com\/sv\/?taxonomy=product_type&#038;term=simple\" class=\"advgb-post-tax-term\">simple<\/a>"],"unlinked":["<span class=\"advgb-post-tax-term\">simple<\/span>"],"slug":"product_type","name":"Produkttyp"},"product_visibility":{"linked":[],"unlinked":[],"slug":"product_visibility","name":"Produktsynlighet"},"product_cat":{"linked":["<a href=\"https:\/\/www.granlunds.com\/sv\/produkt-kategori\/vattenskalar\/\" class=\"advgb-post-tax-term\">Vattensk\u00e5lar<\/a>"],"unlinked":["<span class=\"advgb-post-tax-term\">Vattensk\u00e5lar<\/span>"],"slug":"product_cat","name":"Produktkategorier"},"product_tag":{"linked":[],"unlinked":[],"slug":"product_tag","name":"Produktetiketter"},"product_shipping_class":{"linked":["<a href=\"https:\/\/www.granlunds.com\/sv\/?taxonomy=product_shipping_class&#038;term=mindre-paket\" class=\"advgb-post-tax-term\">Mindre paket<\/a>"],"unlinked":["<span class=\"advgb-post-tax-term\">Mindre paket<\/span>"],"slug":"product_shipping_class","name":"Fraktklasser f\u00f6r produkt"},"translation_priority":{"linked":["<a href=\"https:\/\/www.granlunds.com\/sv\/?taxonomy=translation_priority&#038;term=valfritt\" class=\"advgb-post-tax-term\">Valfritt<\/a>"],"unlinked":["<span class=\"advgb-post-tax-term\">Valfritt<\/span>"],"slug":"translation_priority","name":"\u00d6vers\u00e4ttningsprioriteter"}},"series_order":"","_links":{"self":[{"href":"https:\/\/www.granlunds.com\/sv\/wp-json\/wp\/v2\/product\/1736"}],"collection":[{"href":"https:\/\/www.granlunds.com\/sv\/wp-json\/wp\/v2\/product"}],"about":[{"href":"https:\/\/www.granlunds.com\/sv\/wp-json\/wp\/v2\/types\/product"}],"wp:featuredmedia":[{"embeddable":true,"href":"https:\/\/www.granlunds.com\/sv\/wp-json\/wp\/v2\/media\/2886"}],"wp:attachment":[{"href":"https:\/\/www.granlunds.com\/sv\/wp-json\/wp\/v2\/media?parent=1736"}],"wp:term":[{"taxonomy":"product_cat","embeddable":true,"href":"https:\/\/www.granlunds.com\/sv\/wp-json\/wp\/v2\/product_cat?post=1736"},{"taxonomy":"product_tag","embeddable":true,"href":"https:\/\/www.granlunds.com\/sv\/wp-json\/wp\/v2\/product_tag?post=1736"}],"curies":[{"name":"wp","href":"https:\/\/api.w.org\/{rel}","templated":true}]}}