{"id":1735,"date":"2020-02-12T12:05:07","date_gmt":"2020-02-12T10:05:07","guid":{"rendered":"https:\/\/www.granlunds.com\/?post_type=product&#038;p=1735"},"modified":"2023-01-02T10:42:25","modified_gmt":"2023-01-02T08:42:25","slug":"vattenskal-24v-40w","status":"publish","type":"product","link":"https:\/\/www.granlunds.com\/sv\/produkt\/vattenskal-24v-40w\/","title":{"rendered":"Uppv\u00e4rmd vattensk\u00e5l 24V\/40W utan transformator"},"content":{"rendered":"<p>Eluppv\u00e4rmd vattensk\u00e5l, utan transformator.<\/p>\n<p>Inneh\u00e5ller k\u00e4rl med 24V\/40W:s elmotst\u00e5nd med kabel, vattensk\u00e5l samt v\u00e4ggst\u00e4llning f\u00f6r montering. Elmotst\u00e5ndet hindrar frysning i vattensk\u00e5len. Vid test i 25 graders kyla var vattnets temperatur 5-10 plusgrader.<\/p>\n<p>Helt ofarlig f\u00f6r hunden!<\/p>\n<p>Diameter 220 mm, h\u00f6jd 125 mm. Vattensk\u00e5lens st\u00e4llning skruvas fast t.ex. i v\u00e4ggen p\u00e5 kojans utsida.<\/p>\n<p>V\u00e4rmeelement och vattensk\u00e5l kan man koppla till samma 150 eller 300W:s transformator. Till samma transformator kan kopplas \u00e4ven flera vattensk\u00e5lar, transformatorns totala effekt f\u00e5r ej \u00f6verskridas.<\/p>\n","protected":false},"excerpt":{"rendered":"<p>Vattensk\u00e5l inklusive 40W:s v\u00e4rmemotst\u00e5nd med kabel, utan transformator.<\/p>\n","protected":false},"author":1,"featured_media":2929,"template":"","meta":{"advgb_blocks_editor_width":"","advgb_blocks_columns_visual_guide":""},"product_cat":[29],"product_tag":[],"featured_img":"https:\/\/www.granlunds.com\/wp-content\/uploads\/2020\/02\/Vesiastia-ilman-muuntaja.jpg","coauthors":[],"author_meta":{"author_link":"https:\/\/www.granlunds.com\/sv\/author\/tommy\/","display_name":"tommy"},"relative_dates":{"created":"Publicerad 6 \u00e5r sedan","modified":"Uppdaterad 3 \u00e5r sedan"},"absolute_dates":{"created":"Publicerat den 12 februari, 2020","modified":"Uppdaterad den 2 januari, 2023"},"absolute_dates_time":{"created":"Publicerat den 12 februari, 2020 12:05","modified":"Uppdaterad den 2 januari, 2023 10:42"},"featured_img_caption":"","tax_additional":{"product_type":{"linked":["<a href=\"https:\/\/www.granlunds.com\/sv\/?taxonomy=product_type&#038;term=simple\" class=\"advgb-post-tax-term\">simple<\/a>"],"unlinked":["<span class=\"advgb-post-tax-term\">simple<\/span>"],"slug":"product_type","name":"Produkttyp"},"product_visibility":{"linked":[],"unlinked":[],"slug":"product_visibility","name":"Produktsynlighet"},"product_cat":{"linked":["<a href=\"https:\/\/www.granlunds.com\/sv\/produkt-kategori\/vattenskalar\/\" class=\"advgb-post-tax-term\">Vattensk\u00e5lar<\/a>"],"unlinked":["<span class=\"advgb-post-tax-term\">Vattensk\u00e5lar<\/span>"],"slug":"product_cat","name":"Produktkategorier"},"product_tag":{"linked":[],"unlinked":[],"slug":"product_tag","name":"Produktetiketter"},"product_shipping_class":{"linked":["<a href=\"https:\/\/www.granlunds.com\/sv\/?taxonomy=product_shipping_class&#038;term=mindre-paket\" class=\"advgb-post-tax-term\">Mindre paket<\/a>"],"unlinked":["<span class=\"advgb-post-tax-term\">Mindre paket<\/span>"],"slug":"product_shipping_class","name":"Fraktklasser f\u00f6r produkt"},"translation_priority":{"linked":["<a href=\"https:\/\/www.granlunds.com\/sv\/?taxonomy=translation_priority&#038;term=valfritt\" class=\"advgb-post-tax-term\">Valfritt<\/a>"],"unlinked":["<span class=\"advgb-post-tax-term\">Valfritt<\/span>"],"slug":"translation_priority","name":"\u00d6vers\u00e4ttningsprioriteter"}},"series_order":"","_links":{"self":[{"href":"https:\/\/www.granlunds.com\/sv\/wp-json\/wp\/v2\/product\/1735"}],"collection":[{"href":"https:\/\/www.granlunds.com\/sv\/wp-json\/wp\/v2\/product"}],"about":[{"href":"https:\/\/www.granlunds.com\/sv\/wp-json\/wp\/v2\/types\/product"}],"wp:featuredmedia":[{"embeddable":true,"href":"https:\/\/www.granlunds.com\/sv\/wp-json\/wp\/v2\/media\/2929"}],"wp:attachment":[{"href":"https:\/\/www.granlunds.com\/sv\/wp-json\/wp\/v2\/media?parent=1735"}],"wp:term":[{"taxonomy":"product_cat","embeddable":true,"href":"https:\/\/www.granlunds.com\/sv\/wp-json\/wp\/v2\/product_cat?post=1735"},{"taxonomy":"product_tag","embeddable":true,"href":"https:\/\/www.granlunds.com\/sv\/wp-json\/wp\/v2\/product_tag?post=1735"}],"curies":[{"name":"wp","href":"https:\/\/api.w.org\/{rel}","templated":true}]}}