{"id":1730,"date":"2020-02-12T11:57:23","date_gmt":"2020-02-12T09:57:23","guid":{"rendered":"https:\/\/www.granlunds.com\/?post_type=product&#038;p=1730"},"modified":"2023-03-02T09:18:02","modified_gmt":"2023-03-02T07:18:02","slug":"hundlucka-370-x-300mm","status":"publish","type":"product","link":"https:\/\/www.granlunds.com\/sv\/produkt\/hundlucka-370-x-300mm\/","title":{"rendered":"Hundlucka 370 x 300mm"},"content":{"rendered":"<p>Ing\u00e5ngsluckor, rekommenderade storlekar:<\/p>\n<ul>\n<li>270 x 230 mm : Tax, katt<\/li>\n<li>300 x 250 mm : Tax, beagle, drever<\/li>\n<li>370 x 300 mm : St\u00f6vare, gr\u00e5hund, bj\u00f6rnhund, spets<\/li>\n<li>450 x 350 mm : Sch\u00e4fer, vorsteh, belgisk vallhund, j\u00e4mthund<\/li>\n<\/ul>\n<p>Luckan \u00e4r t\u00e4t och ljudl\u00f6s. Tillverkad av glasklar okrossbar PVC-plast. Kanter av aluminiumprofiler med fals med en borstlist. Borstlisten \u00e4r l\u00e4tt utbytbar vid eventuellt slitage. Monteras med tre skruvar i ing\u00e5ngsh\u00e5lets \u00f6verkant, i den ledande profil som \u00e4r upph\u00e4ngningsanordning.<\/p>\n<p>I \u00f6vre kanten finns g\u00e5ngj\u00e4rn som m\u00f6jligg\u00f6r r\u00f6relse i b\u00e5da riktningarna. I en tv\u00e5delad hundkoja monteras luckan i den inre \u00f6ppningen, den yttre \u00f6ppningen kan t\u00e4ckas med ett tyg.<\/p>\n<p>\u00d6ppningen i kojan skall vara 0,5 cm st\u00f6rre \u00e4n luckan, b\u00e5de i bredd- och h\u00f6jdled. Luckan skall falla ner av egen tyngd och inte ta fast i ing\u00e5ngsh\u00e5lets kant. Ing\u00e5ngsh\u00e5lets nedre kant skall ligga ovanf\u00f6r golvets niv\u00e5, p\u00e5 s\u00e5 s\u00e4tt uppst\u00e5r en tr\u00f6skel.<\/p>\n<p><em><strong>H\u00f6jden p\u00e5 hundens br\u00f6stkorg best\u00e4mmer luckans storlek, inte mankh\u00f6jden!<\/strong><\/em><\/p>\n","protected":false},"excerpt":{"rendered":"<p><strong>Ing\u00e5ngslucka 370 x 300mm f\u00f6r hundkoja.<\/strong><\/p>\n<p><strong>L\u00e4mplig f\u00f6r f\u00f6ljande hundar: St\u00f6vare, gr\u00e5hund, bj\u00f6rnhund, spets<\/strong><\/p>\n","protected":false},"author":1,"featured_media":1588,"template":"","meta":{"advgb_blocks_editor_width":"","advgb_blocks_columns_visual_guide":""},"product_cat":[27],"product_tag":[],"featured_img":"https:\/\/www.granlunds.com\/wp-content\/uploads\/2020\/02\/lucka.jpg","coauthors":[],"author_meta":{"author_link":"https:\/\/www.granlunds.com\/sv\/author\/tommy\/","display_name":"tommy"},"relative_dates":{"created":"Publicerad 6 \u00e5r sedan","modified":"Uppdaterad 3 \u00e5r sedan"},"absolute_dates":{"created":"Publicerat den 12 februari, 2020","modified":"Uppdaterad den 2 mars, 2023"},"absolute_dates_time":{"created":"Publicerat den 12 februari, 2020 11:57","modified":"Uppdaterad den 2 mars, 2023 09:18"},"featured_img_caption":"","tax_additional":{"product_type":{"linked":["<a href=\"https:\/\/www.granlunds.com\/sv\/?taxonomy=product_type&#038;term=simple\" class=\"advgb-post-tax-term\">simple<\/a>"],"unlinked":["<span class=\"advgb-post-tax-term\">simple<\/span>"],"slug":"product_type","name":"Produkttyp"},"product_visibility":{"linked":[],"unlinked":[],"slug":"product_visibility","name":"Produktsynlighet"},"product_cat":{"linked":["<a href=\"https:\/\/www.granlunds.com\/sv\/produkt-kategori\/luckor\/\" class=\"advgb-post-tax-term\">Luckor<\/a>"],"unlinked":["<span class=\"advgb-post-tax-term\">Luckor<\/span>"],"slug":"product_cat","name":"Produktkategorier"},"product_tag":{"linked":[],"unlinked":[],"slug":"product_tag","name":"Produktetiketter"},"product_shipping_class":{"linked":["<a href=\"https:\/\/www.granlunds.com\/sv\/?taxonomy=product_shipping_class&#038;term=mindre-paket\" class=\"advgb-post-tax-term\">Mindre paket<\/a>"],"unlinked":["<span class=\"advgb-post-tax-term\">Mindre paket<\/span>"],"slug":"product_shipping_class","name":"Fraktklasser f\u00f6r produkt"},"translation_priority":{"linked":["<a href=\"https:\/\/www.granlunds.com\/sv\/?taxonomy=translation_priority&#038;term=valfritt\" class=\"advgb-post-tax-term\">Valfritt<\/a>"],"unlinked":["<span class=\"advgb-post-tax-term\">Valfritt<\/span>"],"slug":"translation_priority","name":"\u00d6vers\u00e4ttningsprioriteter"}},"series_order":"","_links":{"self":[{"href":"https:\/\/www.granlunds.com\/sv\/wp-json\/wp\/v2\/product\/1730"}],"collection":[{"href":"https:\/\/www.granlunds.com\/sv\/wp-json\/wp\/v2\/product"}],"about":[{"href":"https:\/\/www.granlunds.com\/sv\/wp-json\/wp\/v2\/types\/product"}],"wp:featuredmedia":[{"embeddable":true,"href":"https:\/\/www.granlunds.com\/sv\/wp-json\/wp\/v2\/media\/1588"}],"wp:attachment":[{"href":"https:\/\/www.granlunds.com\/sv\/wp-json\/wp\/v2\/media?parent=1730"}],"wp:term":[{"taxonomy":"product_cat","embeddable":true,"href":"https:\/\/www.granlunds.com\/sv\/wp-json\/wp\/v2\/product_cat?post=1730"},{"taxonomy":"product_tag","embeddable":true,"href":"https:\/\/www.granlunds.com\/sv\/wp-json\/wp\/v2\/product_tag?post=1730"}],"curies":[{"name":"wp","href":"https:\/\/api.w.org\/{rel}","templated":true}]}}