{"id":1727,"date":"2020-02-11T11:23:47","date_gmt":"2020-02-11T09:23:47","guid":{"rendered":"https:\/\/www.granlunds.com\/?post_type=product&#038;p=1727"},"modified":"2022-08-26T12:35:16","modified_gmt":"2022-08-26T09:35:16","slug":"dorrfjader-hoger","status":"publish","type":"product","link":"https:\/\/www.granlunds.com\/sv\/produkt\/dorrfjader-hoger\/","title":{"rendered":"D\u00f6rrfj\u00e4der h\u00f6ger"},"content":{"rendered":"<p>Fj\u00e4dern kan k\u00f6pas separat och monteras p\u00e5 en \u00e4ldre JEPO hundhage med d\u00f6rrelement.<\/p>\n<p><strong>OBS! Alla nytillverkade d\u00f6rrelement har d\u00f6rrfj\u00e4der f\u00e4rdigt monterad!<\/strong><\/p>\n<p>Passar n\u00e4r d\u00f6rrens g\u00e5ngj\u00e4rn \u00e4r i h\u00f6ger sida sett utifr\u00e5n.<\/p>\n","protected":false},"excerpt":{"rendered":"<p>D\u00f6rrfj\u00e4der h\u00f6ger.<\/p>\n","protected":false},"author":1,"featured_media":5667,"template":"","meta":{"advgb_blocks_editor_width":"","advgb_blocks_columns_visual_guide":""},"product_cat":[23],"product_tag":[],"featured_img":"https:\/\/www.granlunds.com\/wp-content\/uploads\/2020\/02\/Ovijousi-oikea-450x600-1-e1680424067583.jpg","coauthors":[],"author_meta":{"author_link":"https:\/\/www.granlunds.com\/sv\/author\/tommy\/","display_name":"tommy"},"relative_dates":{"created":"Publicerad 6 \u00e5r sedan","modified":"Uppdaterad 4 \u00e5r sedan"},"absolute_dates":{"created":"Publicerat den 11 februari, 2020","modified":"Uppdaterad den 26 augusti, 2022"},"absolute_dates_time":{"created":"Publicerat den 11 februari, 2020 11:23","modified":"Uppdaterad den 26 augusti, 2022 12:35"},"featured_img_caption":"","tax_additional":{"product_type":{"linked":["<a href=\"https:\/\/www.granlunds.com\/sv\/?taxonomy=product_type&#038;term=simple\" class=\"advgb-post-tax-term\">simple<\/a>"],"unlinked":["<span class=\"advgb-post-tax-term\">simple<\/span>"],"slug":"product_type","name":"Produkttyp"},"product_visibility":{"linked":[],"unlinked":[],"slug":"product_visibility","name":"Produktsynlighet"},"product_cat":{"linked":["<a href=\"https:\/\/www.granlunds.com\/sv\/produkt-kategori\/hundgard\/\" class=\"advgb-post-tax-term\">JEPO hundg\u00e5rd<\/a>"],"unlinked":["<span class=\"advgb-post-tax-term\">JEPO hundg\u00e5rd<\/span>"],"slug":"product_cat","name":"Produktkategorier"},"product_tag":{"linked":[],"unlinked":[],"slug":"product_tag","name":"Produktetiketter"},"product_shipping_class":{"linked":["<a href=\"https:\/\/www.granlunds.com\/sv\/?taxonomy=product_shipping_class&#038;term=mindre-paket\" class=\"advgb-post-tax-term\">Mindre paket<\/a>"],"unlinked":["<span class=\"advgb-post-tax-term\">Mindre paket<\/span>"],"slug":"product_shipping_class","name":"Fraktklasser f\u00f6r produkt"},"translation_priority":{"linked":["<a href=\"https:\/\/www.granlunds.com\/sv\/?taxonomy=translation_priority&#038;term=valfritt\" class=\"advgb-post-tax-term\">Valfritt<\/a>"],"unlinked":["<span class=\"advgb-post-tax-term\">Valfritt<\/span>"],"slug":"translation_priority","name":"\u00d6vers\u00e4ttningsprioriteter"}},"series_order":"","_links":{"self":[{"href":"https:\/\/www.granlunds.com\/sv\/wp-json\/wp\/v2\/product\/1727"}],"collection":[{"href":"https:\/\/www.granlunds.com\/sv\/wp-json\/wp\/v2\/product"}],"about":[{"href":"https:\/\/www.granlunds.com\/sv\/wp-json\/wp\/v2\/types\/product"}],"wp:featuredmedia":[{"embeddable":true,"href":"https:\/\/www.granlunds.com\/sv\/wp-json\/wp\/v2\/media\/5667"}],"wp:attachment":[{"href":"https:\/\/www.granlunds.com\/sv\/wp-json\/wp\/v2\/media?parent=1727"}],"wp:term":[{"taxonomy":"product_cat","embeddable":true,"href":"https:\/\/www.granlunds.com\/sv\/wp-json\/wp\/v2\/product_cat?post=1727"},{"taxonomy":"product_tag","embeddable":true,"href":"https:\/\/www.granlunds.com\/sv\/wp-json\/wp\/v2\/product_tag?post=1727"}],"curies":[{"name":"wp","href":"https:\/\/api.w.org\/{rel}","templated":true}]}}