{"id":1725,"date":"2020-02-12T11:09:34","date_gmt":"2020-02-12T09:09:34","guid":{"rendered":"https:\/\/www.granlunds.com\/?post_type=product&#038;p=1725"},"modified":"2025-10-17T08:55:12","modified_gmt":"2025-10-17T05:55:12","slug":"jepo-gallertunnel","status":"publish","type":"product","link":"https:\/\/www.granlunds.com\/sv\/produkt\/jepo-gallertunnel\/","title":{"rendered":"JEPO gallertunnel"},"content":{"rendered":"<p>Gallertunneln anv\u00e4nds n\u00e4r hundkojan \u00e4r p\u00e5 hagens utsida. Tunneln placeras mellan hagens element med \u00f6ppning och hundkojan. Tunneln levereras i delar, l\u00e4tt f\u00f6r kunden att montera ihop. Bultar f\u00f6r hopmontering och f\u00f6r inf\u00e4stning i hagens element f\u00f6ljer med.<\/p>\n<ul>\n<li>10 \u00e5rs garanti!<\/li>\n<li>Inhemsk produkt<\/li>\n<li>Ram: Svetsad aluminium 30x30x2mm<\/li>\n<li>Maskstorlek: 25x25mm<\/li>\n<li>Tak och botten: Filmfaner 18mm<\/li>\n<li>Innerh\u00f6jd: 66,5cm<\/li>\n<li>Innerbredd: 44cm<\/li>\n<li>Djup: 31cm<\/li>\n<li>Vikt: 5kg<\/li>\n<\/ul>\n<p>&nbsp;<\/p>\n","protected":false},"excerpt":{"rendered":"<p><strong>Gallertunnel mellan hage och hundkoja eller annan byggnad.<\/strong><\/p>\n<p>Passar ihop med v\u00e4ggelement med \u00f6ppning.<\/p>\n","protected":false},"author":1,"featured_media":2455,"template":"","meta":{"advgb_blocks_editor_width":"","advgb_blocks_columns_visual_guide":""},"product_cat":[23],"product_tag":[],"featured_img":"https:\/\/www.granlunds.com\/wp-content\/uploads\/2020\/04\/Koiratarha-tunneli-scaled.jpg","coauthors":[],"author_meta":{"author_link":"https:\/\/www.granlunds.com\/sv\/author\/tommy\/","display_name":"tommy"},"relative_dates":{"created":"Publicerad 6 \u00e5r sedan","modified":"Uppdaterad 6 m\u00e5nader sedan"},"absolute_dates":{"created":"Publicerat den 12 februari, 2020","modified":"Uppdaterad den 17 oktober, 2025"},"absolute_dates_time":{"created":"Publicerat den 12 februari, 2020 11:09","modified":"Uppdaterad den 17 oktober, 2025 08:55"},"featured_img_caption":"","tax_additional":{"product_type":{"linked":["<a href=\"https:\/\/www.granlunds.com\/sv\/?taxonomy=product_type&#038;term=simple\" class=\"advgb-post-tax-term\">simple<\/a>"],"unlinked":["<span class=\"advgb-post-tax-term\">simple<\/span>"],"slug":"product_type","name":"Produkttyp"},"product_visibility":{"linked":[],"unlinked":[],"slug":"product_visibility","name":"Produktsynlighet"},"product_cat":{"linked":["<a href=\"https:\/\/www.granlunds.com\/sv\/produkt-kategori\/hundgard\/\" class=\"advgb-post-tax-term\">JEPO hundg\u00e5rd<\/a>"],"unlinked":["<span class=\"advgb-post-tax-term\">JEPO hundg\u00e5rd<\/span>"],"slug":"product_cat","name":"Produktkategorier"},"product_tag":{"linked":[],"unlinked":[],"slug":"product_tag","name":"Produktetiketter"},"product_shipping_class":{"linked":["<a href=\"https:\/\/www.granlunds.com\/sv\/?taxonomy=product_shipping_class&#038;term=mindre-paket\" class=\"advgb-post-tax-term\">Mindre paket<\/a>"],"unlinked":["<span class=\"advgb-post-tax-term\">Mindre paket<\/span>"],"slug":"product_shipping_class","name":"Fraktklasser f\u00f6r produkt"},"translation_priority":{"linked":["<a href=\"https:\/\/www.granlunds.com\/sv\/?taxonomy=translation_priority&#038;term=valfritt\" class=\"advgb-post-tax-term\">Valfritt<\/a>"],"unlinked":["<span class=\"advgb-post-tax-term\">Valfritt<\/span>"],"slug":"translation_priority","name":"\u00d6vers\u00e4ttningsprioriteter"}},"series_order":"","_links":{"self":[{"href":"https:\/\/www.granlunds.com\/sv\/wp-json\/wp\/v2\/product\/1725"}],"collection":[{"href":"https:\/\/www.granlunds.com\/sv\/wp-json\/wp\/v2\/product"}],"about":[{"href":"https:\/\/www.granlunds.com\/sv\/wp-json\/wp\/v2\/types\/product"}],"wp:featuredmedia":[{"embeddable":true,"href":"https:\/\/www.granlunds.com\/sv\/wp-json\/wp\/v2\/media\/2455"}],"wp:attachment":[{"href":"https:\/\/www.granlunds.com\/sv\/wp-json\/wp\/v2\/media?parent=1725"}],"wp:term":[{"taxonomy":"product_cat","embeddable":true,"href":"https:\/\/www.granlunds.com\/sv\/wp-json\/wp\/v2\/product_cat?post=1725"},{"taxonomy":"product_tag","embeddable":true,"href":"https:\/\/www.granlunds.com\/sv\/wp-json\/wp\/v2\/product_tag?post=1725"}],"curies":[{"name":"wp","href":"https:\/\/api.w.org\/{rel}","templated":true}]}}