{"id":1723,"date":"2020-02-12T11:06:29","date_gmt":"2020-02-12T09:06:29","guid":{"rendered":"https:\/\/www.granlunds.com\/?post_type=product&#038;p=1723"},"modified":"2026-04-23T15:24:50","modified_gmt":"2026-04-23T12:24:50","slug":"jepo-vaggelement-med-oppning","status":"publish","type":"product","link":"https:\/\/www.granlunds.com\/sv\/produkt\/jepo-vaggelement-med-oppning\/","title":{"rendered":"JEPO v\u00e4ggelement med \u00f6ppning"},"content":{"rendered":"<p>Elementet anv\u00e4nds tillsammans med en tunnel (eller utan tunnel) n\u00e4r hundkojan \u00e4r p\u00e5 hagens utsida. Tunneln skall best\u00e4llas skillt.<\/p>\n<ul>\n<li>10 \u00e5rs garanti!<\/li>\n<li>Inhemsk produkt<\/li>\n<li>Ram: Svetsad aluminium 30x30x2mm<\/li>\n<li>Galler: Aluzink 3,0mm<\/li>\n<li>Maskstorlek: 50x50mm<\/li>\n<li>Bredd: 199cm<\/li>\n<li>H\u00f6jd: 184cm<\/li>\n<li>\u00d6ppningens bredd: 44cm<\/li>\n<li>\u00d6ppningens h\u00f6jd: 64cm<\/li>\n<li>Tr\u00f6skel: 22cm<\/li>\n<li>Vikt: 12kg<\/li>\n<\/ul>\n<p>Maskstorlek 50x50mm, \u00e4ven l\u00e4mplig f\u00f6r valpar. Hundhagen har inga springor som hundens tassar kan fastna i, hagens element sitter t\u00e4tt ihop. Stommen \u00e4r tillverkad av aluminiumr\u00f6r 30x30x2mm, rostar ej. N\u00e4tet \u00e4r svetsat av 3mm Aluzink tr\u00e5d och monterat p\u00e5 stommen med popnitat bandj\u00e4rn. N\u00e4tet ligger mellan stommen och bandj\u00e4rnet och t\u00e5l p\u00e5frestningar.<\/p>\n<p>Hagen \u00e4r l\u00e4tt att montera, du beh\u00f6ver endast en 13mm:s fastnyckel. Du \u00e4ndrar hagen l\u00e4tt och kan l\u00e4gga till en mellanv\u00e4gg och f\u00f6rstora enligt behov. Om er hage skall monteras med mellanv\u00e4ggar beh\u00f6vs l\u00e4ngre monteringsskruvar f\u00f6r att n\u00e5 genom 3 element, meddela antalet mellanv\u00e4ggar vid best\u00e4llning s\u00e5 levereras r\u00e4tt monteringsskruvar.<\/p>\n","protected":false},"excerpt":{"rendered":"<p><strong>Standardelement 199 x 184cm (bredd x h\u00f6jd).<\/strong><\/p>\n<p>Elementet har en ramf\u00f6rsedd \u00f6ppning f\u00f6r tunnel.<\/p>\n","protected":false},"author":1,"featured_media":2443,"template":"","meta":{"advgb_blocks_editor_width":"","advgb_blocks_columns_visual_guide":""},"product_cat":[23],"product_tag":[],"featured_img":"https:\/\/www.granlunds.com\/wp-content\/uploads\/2020\/04\/Koiratarha-aukko-scaled.jpg","coauthors":[],"author_meta":{"author_link":"https:\/\/www.granlunds.com\/sv\/author\/tommy\/","display_name":"tommy"},"relative_dates":{"created":"Publicerad 6 \u00e5r sedan","modified":"Uppdaterad 5 dagar sedan"},"absolute_dates":{"created":"Publicerat den 12 februari, 2020","modified":"Uppdaterad den 23 april, 2026"},"absolute_dates_time":{"created":"Publicerat den 12 februari, 2020 11:06","modified":"Uppdaterad den 23 april, 2026 15:24"},"featured_img_caption":"","tax_additional":{"product_type":{"linked":["<a href=\"https:\/\/www.granlunds.com\/sv\/?taxonomy=product_type&#038;term=simple\" class=\"advgb-post-tax-term\">simple<\/a>"],"unlinked":["<span class=\"advgb-post-tax-term\">simple<\/span>"],"slug":"product_type","name":"Produkttyp"},"product_visibility":{"linked":[],"unlinked":[],"slug":"product_visibility","name":"Produktsynlighet"},"product_cat":{"linked":["<a href=\"https:\/\/www.granlunds.com\/sv\/produkt-kategori\/hundgard\/\" class=\"advgb-post-tax-term\">JEPO hundg\u00e5rd<\/a>"],"unlinked":["<span class=\"advgb-post-tax-term\">JEPO hundg\u00e5rd<\/span>"],"slug":"product_cat","name":"Produktkategorier"},"product_tag":{"linked":[],"unlinked":[],"slug":"product_tag","name":"Produktetiketter"},"product_shipping_class":{"linked":["<a href=\"https:\/\/www.granlunds.com\/sv\/?taxonomy=product_shipping_class&#038;term=stora-paket\" class=\"advgb-post-tax-term\">Stora paket<\/a>"],"unlinked":["<span class=\"advgb-post-tax-term\">Stora paket<\/span>"],"slug":"product_shipping_class","name":"Fraktklasser f\u00f6r produkt"},"translation_priority":{"linked":["<a href=\"https:\/\/www.granlunds.com\/sv\/?taxonomy=translation_priority&#038;term=valfritt\" class=\"advgb-post-tax-term\">Valfritt<\/a>"],"unlinked":["<span class=\"advgb-post-tax-term\">Valfritt<\/span>"],"slug":"translation_priority","name":"\u00d6vers\u00e4ttningsprioriteter"}},"series_order":"","_links":{"self":[{"href":"https:\/\/www.granlunds.com\/sv\/wp-json\/wp\/v2\/product\/1723"}],"collection":[{"href":"https:\/\/www.granlunds.com\/sv\/wp-json\/wp\/v2\/product"}],"about":[{"href":"https:\/\/www.granlunds.com\/sv\/wp-json\/wp\/v2\/types\/product"}],"wp:featuredmedia":[{"embeddable":true,"href":"https:\/\/www.granlunds.com\/sv\/wp-json\/wp\/v2\/media\/2443"}],"wp:attachment":[{"href":"https:\/\/www.granlunds.com\/sv\/wp-json\/wp\/v2\/media?parent=1723"}],"wp:term":[{"taxonomy":"product_cat","embeddable":true,"href":"https:\/\/www.granlunds.com\/sv\/wp-json\/wp\/v2\/product_cat?post=1723"},{"taxonomy":"product_tag","embeddable":true,"href":"https:\/\/www.granlunds.com\/sv\/wp-json\/wp\/v2\/product_tag?post=1723"}],"curies":[{"name":"wp","href":"https:\/\/api.w.org\/{rel}","templated":true}]}}