{"id":1722,"date":"2020-02-12T11:02:47","date_gmt":"2020-02-12T09:02:47","guid":{"rendered":"https:\/\/www.granlunds.com\/?post_type=product&#038;p=1722"},"modified":"2026-04-02T15:28:32","modified_gmt":"2026-04-02T12:28:32","slug":"jepo-dorrelement","status":"publish","type":"product","link":"https:\/\/www.granlunds.com\/sv\/produkt\/jepo-dorrelement\/","title":{"rendered":"JEPO d\u00f6rrelement"},"content":{"rendered":"<p><strong>D\u00f6rren \u00f6ppnas in\u00e5t och \u00e4r f\u00f6rsedd med returfj\u00e4der som st\u00e4nger d\u00f6rren f\u00f6r att f\u00f6rhindra rymning!<\/strong><\/p>\n<p>Maskstorlek 50x50mm, \u00e4ven l\u00e4mplig f\u00f6r valpar. Hundhagen har inga springor som hundens tassar kan fastna i, hagens element sitter t\u00e4tt ihop. Stommen \u00e4r tillverkad av aluminiumr\u00f6r 30x30x2mm, rostar ej. N\u00e4tet \u00e4r svetsat av 3mm Aluzink tr\u00e5d och monterat p\u00e5 stommen med popnitat bandj\u00e4rn. N\u00e4tet ligger mellan stommen och bandj\u00e4rnet och t\u00e5l p\u00e5frestningar.<\/p>\n<p>Hagen \u00e4r l\u00e4tt att montera, du beh\u00f6ver endast en 13mm:s fastnyckel. Du \u00e4ndrar hagen l\u00e4tt och kan l\u00e4gga till en mellanv\u00e4gg och f\u00f6rstora enligt behov. Om er hage skall monteras med mellanv\u00e4ggar beh\u00f6vs l\u00e4ngre monteringsskruvar f\u00f6r att n\u00e5 genom 3 element, meddela antalet mellanv\u00e4ggar vid best\u00e4llning s\u00e5 levereras r\u00e4tt monteringsskruvar.<\/p>\n<ul>\n<li>10 \u00e5rs garanti!<\/li>\n<li>Inhemsk produkt<\/li>\n<li>Ram: Svetsad aluminium 30x30x2mm<\/li>\n<li>Galler: Aluzink 3,0mm<\/li>\n<li>Maskstorlek: 50x50mm<\/li>\n<li>Bredd: 199cm<\/li>\n<li>H\u00f6jd: 184cm<\/li>\n<li>Tr\u00f6skelh\u00f6jd: 22cm<\/li>\n<li>D\u00f6rrens bredd: 63cm<\/li>\n<li>Vikt: 16kg<\/li>\n<\/ul>\n","protected":false},"excerpt":{"rendered":"<p><strong>Standard d\u00f6rrelement 199 x 184cm (bredd x h\u00f6jd) med fj\u00e4derf\u00f6rsedd d\u00f6rr.<\/strong><\/p>\n","protected":false},"author":1,"featured_media":2449,"template":"","meta":{"advgb_blocks_editor_width":"","advgb_blocks_columns_visual_guide":""},"product_cat":[23],"product_tag":[],"featured_img":"https:\/\/www.granlunds.com\/wp-content\/uploads\/2020\/04\/Koiratarha-ovi-scaled.jpg","coauthors":[],"author_meta":{"author_link":"https:\/\/www.granlunds.com\/sv\/author\/tommy\/","display_name":"tommy"},"relative_dates":{"created":"Publicerad 6 \u00e5r sedan","modified":"Uppdaterad 2 veckor sedan"},"absolute_dates":{"created":"Publicerat den 12 februari, 2020","modified":"Uppdaterad den 2 april, 2026"},"absolute_dates_time":{"created":"Publicerat den 12 februari, 2020 11:02","modified":"Uppdaterad den 2 april, 2026 15:28"},"featured_img_caption":"","tax_additional":{"product_type":{"linked":["<a href=\"https:\/\/www.granlunds.com\/sv\/?taxonomy=product_type&#038;term=simple\" class=\"advgb-post-tax-term\">simple<\/a>"],"unlinked":["<span class=\"advgb-post-tax-term\">simple<\/span>"],"slug":"product_type","name":"Produkttyp"},"product_visibility":{"linked":[],"unlinked":[],"slug":"product_visibility","name":"Produktsynlighet"},"product_cat":{"linked":["<a href=\"https:\/\/www.granlunds.com\/sv\/produkt-kategori\/hundgard\/\" class=\"advgb-post-tax-term\">JEPO hundg\u00e5rd<\/a>"],"unlinked":["<span class=\"advgb-post-tax-term\">JEPO hundg\u00e5rd<\/span>"],"slug":"product_cat","name":"Produktkategorier"},"product_tag":{"linked":[],"unlinked":[],"slug":"product_tag","name":"Produktetiketter"},"product_shipping_class":{"linked":["<a href=\"https:\/\/www.granlunds.com\/sv\/?taxonomy=product_shipping_class&#038;term=stora-paket\" class=\"advgb-post-tax-term\">Stora paket<\/a>"],"unlinked":["<span class=\"advgb-post-tax-term\">Stora paket<\/span>"],"slug":"product_shipping_class","name":"Fraktklasser f\u00f6r produkt"},"translation_priority":{"linked":["<a href=\"https:\/\/www.granlunds.com\/sv\/?taxonomy=translation_priority&#038;term=valfritt\" class=\"advgb-post-tax-term\">Valfritt<\/a>"],"unlinked":["<span class=\"advgb-post-tax-term\">Valfritt<\/span>"],"slug":"translation_priority","name":"\u00d6vers\u00e4ttningsprioriteter"}},"series_order":"","_links":{"self":[{"href":"https:\/\/www.granlunds.com\/sv\/wp-json\/wp\/v2\/product\/1722"}],"collection":[{"href":"https:\/\/www.granlunds.com\/sv\/wp-json\/wp\/v2\/product"}],"about":[{"href":"https:\/\/www.granlunds.com\/sv\/wp-json\/wp\/v2\/types\/product"}],"wp:featuredmedia":[{"embeddable":true,"href":"https:\/\/www.granlunds.com\/sv\/wp-json\/wp\/v2\/media\/2449"}],"wp:attachment":[{"href":"https:\/\/www.granlunds.com\/sv\/wp-json\/wp\/v2\/media?parent=1722"}],"wp:term":[{"taxonomy":"product_cat","embeddable":true,"href":"https:\/\/www.granlunds.com\/sv\/wp-json\/wp\/v2\/product_cat?post=1722"},{"taxonomy":"product_tag","embeddable":true,"href":"https:\/\/www.granlunds.com\/sv\/wp-json\/wp\/v2\/product_tag?post=1722"}],"curies":[{"name":"wp","href":"https:\/\/api.w.org\/{rel}","templated":true}]}}