{"id":10359,"date":"2026-01-30T08:45:21","date_gmt":"2026-01-30T06:45:21","guid":{"rendered":"https:\/\/www.granlunds.com\/?post_type=product&#038;p=10359"},"modified":"2026-04-02T15:33:17","modified_gmt":"2026-04-02T12:33:17","slug":"transformator-ip44-24v-150w","status":"publish","type":"product","link":"https:\/\/www.granlunds.com\/sv\/produkt\/transformator-ip44-24v-150w\/","title":{"rendered":"Transformator IP44 <br>24V\/150W"},"content":{"rendered":"<p>Alternativ transformator med b\u00e4ttre v\u00e4derbest\u00e4ndighet, t\u00e5l v\u00e4der och vind.<\/p>\n<p>OBS! Det kr\u00e4vs beh\u00f6rig elektriker f\u00f6r installation!<\/p>\n<p>Till 24V\/150W:s transformatorn kan man koppla flera olika elutrustningar. Exempel p\u00e5 kombinationer:<\/p>\n<ul>\n<li>1st 40W vattensk\u00e5l +1st 70w v\u00e4rmeelement<\/li>\n<li>3st 40W vattensk\u00e5l<\/li>\n<\/ul>\n<p>Tekniska specifikationer:<\/p>\n<ul>\n<li>24V AC<\/li>\n<li>2,0A<\/li>\n<li>150VA<\/li>\n<li>IP44<\/li>\n<li>Garant: 1\u00e5r.<\/li>\n<li>Vikt: 2,5kg.<\/li>\n<\/ul>\n","protected":false},"excerpt":{"rendered":"<p>150W:s transformator med b\u00e4ttre fuktt\u00e5lighet.<\/p>\n","protected":false},"author":3,"featured_media":10360,"template":"","meta":{"advgb_blocks_editor_width":"","advgb_blocks_columns_visual_guide":""},"product_cat":[28,29],"product_tag":[],"featured_img":"https:\/\/www.granlunds.com\/wp-content\/uploads\/2026\/01\/IP44-150W-e1775133162205.jpg","coauthors":[],"author_meta":{"author_link":"https:\/\/www.granlunds.com\/sv\/author\/kaj\/","display_name":"Kaj"},"relative_dates":{"created":"Publicerad 3 m\u00e5nader sedan","modified":"Uppdaterad 1 m\u00e5nad sedan"},"absolute_dates":{"created":"Publicerat den 30 januari, 2026","modified":"Uppdaterad den 2 april, 2026"},"absolute_dates_time":{"created":"Publicerat den 30 januari, 2026 08:45","modified":"Uppdaterad den 2 april, 2026 15:33"},"featured_img_caption":"","tax_additional":{"product_type":{"linked":["<a href=\"https:\/\/www.granlunds.com\/sv\/?taxonomy=product_type&#038;term=simple\" class=\"advgb-post-tax-term\">simple<\/a>"],"unlinked":["<span class=\"advgb-post-tax-term\">simple<\/span>"],"slug":"product_type","name":"Produkttyp"},"product_visibility":{"linked":[],"unlinked":[],"slug":"product_visibility","name":"Produktsynlighet"},"product_cat":{"linked":["<a href=\"https:\/\/www.granlunds.com\/sv\/produkt-kategori\/varmeelement\/\" class=\"advgb-post-tax-term\">V\u00e4rmeelement<\/a>","<a href=\"https:\/\/www.granlunds.com\/sv\/produkt-kategori\/vattenskalar\/\" class=\"advgb-post-tax-term\">Vattensk\u00e5lar<\/a>"],"unlinked":["<span class=\"advgb-post-tax-term\">V\u00e4rmeelement<\/span>","<span class=\"advgb-post-tax-term\">Vattensk\u00e5lar<\/span>"],"slug":"product_cat","name":"Produktkategorier"},"product_tag":{"linked":[],"unlinked":[],"slug":"product_tag","name":"Produktetiketter"},"product_shipping_class":{"linked":["<a href=\"https:\/\/www.granlunds.com\/sv\/?taxonomy=product_shipping_class&#038;term=mindre-paket\" class=\"advgb-post-tax-term\">Mindre paket<\/a>"],"unlinked":["<span class=\"advgb-post-tax-term\">Mindre paket<\/span>"],"slug":"product_shipping_class","name":"Fraktklasser f\u00f6r produkt"},"translation_priority":{"linked":["<a href=\"https:\/\/www.granlunds.com\/sv\/?taxonomy=translation_priority&#038;term=valfritt\" class=\"advgb-post-tax-term\">Valfritt<\/a>"],"unlinked":["<span class=\"advgb-post-tax-term\">Valfritt<\/span>"],"slug":"translation_priority","name":"\u00d6vers\u00e4ttningsprioriteter"}},"series_order":"","_links":{"self":[{"href":"https:\/\/www.granlunds.com\/sv\/wp-json\/wp\/v2\/product\/10359"}],"collection":[{"href":"https:\/\/www.granlunds.com\/sv\/wp-json\/wp\/v2\/product"}],"about":[{"href":"https:\/\/www.granlunds.com\/sv\/wp-json\/wp\/v2\/types\/product"}],"wp:featuredmedia":[{"embeddable":true,"href":"https:\/\/www.granlunds.com\/sv\/wp-json\/wp\/v2\/media\/10360"}],"wp:attachment":[{"href":"https:\/\/www.granlunds.com\/sv\/wp-json\/wp\/v2\/media?parent=10359"}],"wp:term":[{"taxonomy":"product_cat","embeddable":true,"href":"https:\/\/www.granlunds.com\/sv\/wp-json\/wp\/v2\/product_cat?post=10359"},{"taxonomy":"product_tag","embeddable":true,"href":"https:\/\/www.granlunds.com\/sv\/wp-json\/wp\/v2\/product_tag?post=10359"}],"curies":[{"name":"wp","href":"https:\/\/api.w.org\/{rel}","templated":true}]}}