{"id":8,"date":"2019-10-24T13:09:08","date_gmt":"2019-10-24T11:09:08","guid":{"rendered":"https:\/\/www.granlunds.com\/?page_id=8"},"modified":"2020-09-13T14:00:18","modified_gmt":"2020-09-13T11:00:18","slug":"farm","status":"publish","type":"page","link":"https:\/\/www.granlunds.com\/sv\/farm\/","title":{"rendered":"Galler, burar och lyor f\u00f6r p\u00e4lsdjursn\u00e4ringen"},"content":{"rendered":"\n<h1 class=\"h1-width wp-block-heading\">Farm<\/h1>\n\n\n\n<div class=\"wp-block-image\"><figure class=\"alignright\"><img fetchpriority=\"high\" decoding=\"async\" width=\"271\" height=\"406\" src=\"https:\/\/www.granlunds.com\/wp-content\/uploads\/2019\/11\/farm2.jpg\" alt=\"\" class=\"wp-image-316\" srcset=\"https:\/\/www.granlunds.com\/wp-content\/uploads\/2019\/11\/farm2.jpg 271w, https:\/\/www.granlunds.com\/wp-content\/uploads\/2019\/11\/farm2-200x300.jpg 200w\" sizes=\"(max-width: 271px) 100vw, 271px\" \/><\/figure><\/div>\n\n\n\n<p>Granlunds \u00e4r ett dotterbolag till OstroCenter, som \u00e4r en v\u00e4letablerad  j\u00e4rnaff\u00e4r i Nykarleby. Vi har \u00f6ver 50 \u00e5rs erfarenhet av tillverkning och utveckling av galler, burar och lyor f\u00f6r p\u00e4lsdjursuppf\u00f6dning.  Produktutvecklingen sker i n\u00e4ra samr\u00e5d med v\u00e5ra kunder. Farmarna delger  ofta sina behov av nya eller f\u00f6rb\u00e4ttrade produkter och vi tillverkar den  b\u00e4sta m\u00f6jliga produkten f\u00f6r att underl\u00e4tta farmarbetet. Maskinparken  har uppdaterats f\u00f6r att b\u00e4ttre kunna tillgodose kundernas \u00f6nskem\u00e5l och  dagens behov.<\/p>\n\n\n\n<p>Nya produkter utanf\u00f6r p\u00e4lsdjursn\u00e4ringen har under \u00e5rens lopp tagits fram utg\u00e5ende fr\u00e5n de resurser som f\u00f6retaget har. Vi  ser fram emot att lansera nya produkter inom den n\u00e4rmaste framtiden. <\/p>\n\n\n\n<p>F\u00f6r att se v\u00e5ra farm produkter <a rel=\"noreferrer noopener\" aria-label=\" (\u00f6ppnas i en ny flik)\" href=\"https:\/\/www.granlunds.com\/wp-content\/uploads\/2019\/12\/ProduktkatalogSV.pdf\" target=\"_blank\">klicka h\u00e4r<\/a><\/p>\n\n\n\n<p>Galler\/n\u00e4t i lager mars 2018: <a rel=\"noreferrer noopener\" aria-label=\" (\u00f6ppnas i en ny flik)\" href=\"https:\/\/www.granlunds.com\/wp-content\/uploads\/2019\/11\/MateriallistaSV.pdf\" target=\"_blank\">klicka h\u00e4r<\/a><\/p>\n\n\n\n<div style=\"height:39px\" aria-hidden=\"true\" class=\"wp-block-spacer\"><\/div>\n\n\n\n<h1 class=\"h1-width wp-block-heading\">Samarbetspartners<\/h1>\n\n\n\n<figure class=\"wp-block-image\"><img decoding=\"async\" width=\"1024\" height=\"94\" src=\"https:\/\/www.granlunds.com\/wp-content\/uploads\/2019\/11\/wire4-1024x94.jpg\" alt=\"\" class=\"wp-image-312\" srcset=\"https:\/\/www.granlunds.com\/wp-content\/uploads\/2019\/11\/wire4-1024x94.jpg 1024w, https:\/\/www.granlunds.com\/wp-content\/uploads\/2019\/11\/wire4-300x27.jpg 300w, https:\/\/www.granlunds.com\/wp-content\/uploads\/2019\/11\/wire4-768x70.jpg 768w, https:\/\/www.granlunds.com\/wp-content\/uploads\/2019\/11\/wire4.jpg 1280w\" sizes=\"(max-width: 1024px) 100vw, 1024px\" \/><\/figure>\n","protected":false},"excerpt":{"rendered":"<p>Farm Granlunds \u00e4r ett dotterbolag till OstroCenter, som \u00e4r en v\u00e4letablerad j\u00e4rnaff\u00e4r i Nykarleby. Vi har \u00f6ver 50 \u00e5rs erfarenhet av tillverkning och utveckling av galler, burar och lyor f\u00f6r p\u00e4lsdjursuppf\u00f6dning. Produktutvecklingen sker i n\u00e4ra samr\u00e5d med v\u00e5ra kunder. Farmarna delger ofta sina behov av nya eller f\u00f6rb\u00e4ttrade produkter och vi tillverkar den b\u00e4sta m\u00f6jliga &#8230; <a title=\"Galler, burar och lyor f\u00f6r p\u00e4lsdjursn\u00e4ringen\" class=\"read-more\" href=\"https:\/\/www.granlunds.com\/sv\/farm\/\">L\u00e4s mer <span class=\"screen-reader-text\">Galler, burar och lyor f\u00f6r p\u00e4lsdjursn\u00e4ringen<\/span><\/a><\/p>\n","protected":false},"author":1,"featured_media":0,"parent":0,"menu_order":1,"comment_status":"closed","ping_status":"closed","template":"","meta":{"advgb_blocks_editor_width":"","advgb_blocks_columns_visual_guide":"","footnotes":""},"coauthors":[],"author_meta":{"author_link":"https:\/\/www.granlunds.com\/sv\/author\/tommy\/","display_name":"tommy"},"relative_dates":{"created":"Publicerad 7 \u00e5r sedan","modified":"Uppdaterad 6 \u00e5r sedan"},"absolute_dates":{"created":"Publicerat den 24 oktober, 2019","modified":"Uppdaterad den 13 september, 2020"},"absolute_dates_time":{"created":"Publicerat den 24 oktober, 2019 13:09","modified":"Uppdaterad den 13 september, 2020 14:00"},"featured_img_caption":"","featured_img":false,"series_order":"","_links":{"self":[{"href":"https:\/\/www.granlunds.com\/sv\/wp-json\/wp\/v2\/pages\/8"}],"collection":[{"href":"https:\/\/www.granlunds.com\/sv\/wp-json\/wp\/v2\/pages"}],"about":[{"href":"https:\/\/www.granlunds.com\/sv\/wp-json\/wp\/v2\/types\/page"}],"author":[{"embeddable":true,"href":"https:\/\/www.granlunds.com\/sv\/wp-json\/wp\/v2\/users\/1"}],"replies":[{"embeddable":true,"href":"https:\/\/www.granlunds.com\/sv\/wp-json\/wp\/v2\/comments?post=8"}],"version-history":[{"count":11,"href":"https:\/\/www.granlunds.com\/sv\/wp-json\/wp\/v2\/pages\/8\/revisions"}],"predecessor-version":[{"id":2765,"href":"https:\/\/www.granlunds.com\/sv\/wp-json\/wp\/v2\/pages\/8\/revisions\/2765"}],"wp:attachment":[{"href":"https:\/\/www.granlunds.com\/sv\/wp-json\/wp\/v2\/media?parent=8"}],"curies":[{"name":"wp","href":"https:\/\/api.w.org\/{rel}","templated":true}]}}