{"id":59,"date":"2019-10-24T13:58:01","date_gmt":"2019-10-24T11:58:01","guid":{"rendered":"https:\/\/www.granlunds.com\/?page_id=59"},"modified":"2024-10-28T14:35:32","modified_gmt":"2024-10-28T12:35:32","slug":"mink","status":"publish","type":"page","link":"https:\/\/www.granlunds.com\/sv\/wildlife\/mink\/","title":{"rendered":"Minkf\u00e4lla"},"content":{"rendered":"\n<h1 class=\"h1-width wp-block-heading\"><em>Wildlife<\/em><\/h1>\n\n\n\n<div class=\"wp-block-columns is-layout-flex wp-container-core-columns-layout-1 wp-block-columns-is-layout-flex\">\n<div class=\"wp-block-column is-layout-flow wp-block-column-is-layout-flow\">\n<figure class=\"wp-block-image size-large\"><img fetchpriority=\"high\" decoding=\"async\" width=\"1024\" height=\"480\" src=\"https:\/\/www.granlunds.com\/wp-content\/uploads\/2019\/10\/minkfalla-1024x480.jpg\" alt=\"\" class=\"wp-image-67\" srcset=\"https:\/\/www.granlunds.com\/wp-content\/uploads\/2019\/10\/minkfalla-1024x480.jpg 1024w, https:\/\/www.granlunds.com\/wp-content\/uploads\/2019\/10\/minkfalla-300x141.jpg 300w, https:\/\/www.granlunds.com\/wp-content\/uploads\/2019\/10\/minkfalla-768x360.jpg 768w, https:\/\/www.granlunds.com\/wp-content\/uploads\/2019\/10\/minkfalla.jpg 1280w\" sizes=\"(max-width: 1024px) 100vw, 1024px\" \/><\/figure>\n<\/div>\n\n\n\n<div class=\"wp-block-column is-layout-flow wp-block-column-is-layout-flow\">\n<h2 class=\"wp-block-heading\"><em>Minkf\u00e4lla \u00d6F10<\/em><\/h2>\n\n\n\n<p>L\u00e4ngd: 72 cm<br>H\u00f6jd: 16 cm<br>Bredd: 18 cm<br>Vikt: 1,5 kg<br>EAN\/GTIN: 6430063461007<br>Material: Aluzink galler 1 x 1&#8243;, 2mm tr\u00e5d.<br>F\u00f6rst\u00e4rkningar: Galvaniserad tr\u00e5d 4 mm. <\/p>\n<\/div>\n<\/div>\n\n\n\n<div class=\"wp-block-columns is-layout-flex wp-container-core-columns-layout-2 wp-block-columns-is-layout-flex\">\n<div class=\"wp-block-column is-layout-flow wp-block-column-is-layout-flow\">\n<h2 class=\"wp-block-heading\">Om minken<\/h2>\n\n\n\n<p>Minken lever i skogslandskap bunden  till vattendrag. Den f\u00f6redrar frodig strandvegetation. Minken \u00e4r 50-60  cm l\u00e5ng och v\u00e4ger 0,8 \u2013 2,0 kg. F\u00f6dan best\u00e5r av t.ex. f\u00e5glar, sm\u00e5gnagare  och fisk. En valpkull best\u00e5r av 4-6 ungar.<\/p>\n\n\n\n<h2 class=\"wp-block-heading\">Anv\u00e4ndning<\/h2>\n\n\n\n<p>Gillra f\u00e4llan genom att dra fj\u00e4dern  upp\u00e5t och vik luckan in\u00e5t. Lyft upp trampan tills kroken hakar om  luckan. H\u00e5ll upp f\u00e4llan och sl\u00e4pp ner betet i matkoppen. F\u00e4llan sluts d\u00e5  minken stiger p\u00e5 trampan inne i f\u00e4llan.<\/p>\n<\/div>\n\n\n\n<div class=\"wp-block-column is-layout-flow wp-block-column-is-layout-flow\">\n<figure class=\"wp-block-image size-large\"><img decoding=\"async\" width=\"1024\" height=\"576\" src=\"https:\/\/www.granlunds.com\/wp-content\/uploads\/2022\/11\/minkfalla2-1-edited-1024x576.jpg\" alt=\"\" class=\"wp-image-6002\" srcset=\"https:\/\/www.granlunds.com\/wp-content\/uploads\/2022\/11\/minkfalla2-1-edited-1024x576.jpg 1024w, https:\/\/www.granlunds.com\/wp-content\/uploads\/2022\/11\/minkfalla2-1-edited-300x169.jpg 300w, https:\/\/www.granlunds.com\/wp-content\/uploads\/2022\/11\/minkfalla2-1-edited-768x432.jpg 768w, https:\/\/www.granlunds.com\/wp-content\/uploads\/2022\/11\/minkfalla2-1-edited-250x141.jpg 250w, https:\/\/www.granlunds.com\/wp-content\/uploads\/2022\/11\/minkfalla2-1-edited.jpg 1067w\" sizes=\"(max-width: 1024px) 100vw, 1024px\" \/><\/figure>\n<\/div>\n<\/div>\n\n\n\n<div class=\"wp-block-columns is-layout-flex wp-container-core-columns-layout-3 wp-block-columns-is-layout-flex\">\n<div class=\"wp-block-column is-layout-flow wp-block-column-is-layout-flow\">\n<h2 class=\"wp-block-heading\">\u00c5terf\u00f6rs\u00e4ljare i Sverige<\/h2>\n\n\n\n<figure class=\"wp-block-image size-full\"><a href=\"https:\/\/www.hylte-lantman.com\/\"><img decoding=\"async\" width=\"306\" height=\"164\" src=\"https:\/\/www.granlunds.com\/wp-content\/uploads\/2024\/10\/Hylte-jakt-lantman-1.png\" alt=\"\" class=\"wp-image-9741\" srcset=\"https:\/\/www.granlunds.com\/wp-content\/uploads\/2024\/10\/Hylte-jakt-lantman-1.png 306w, https:\/\/www.granlunds.com\/wp-content\/uploads\/2024\/10\/Hylte-jakt-lantman-1-300x161.png 300w, https:\/\/www.granlunds.com\/wp-content\/uploads\/2024\/10\/Hylte-jakt-lantman-1-50x27.png 50w, https:\/\/www.granlunds.com\/wp-content\/uploads\/2024\/10\/Hylte-jakt-lantman-1-250x134.png 250w\" sizes=\"(max-width: 306px) 100vw, 306px\" \/><\/a><\/figure>\n\n\n\n<figure class=\"wp-block-image size-full\"><a href=\"https:\/\/rmjakt.se\/\"><img loading=\"lazy\" decoding=\"async\" width=\"393\" height=\"128\" src=\"https:\/\/www.granlunds.com\/wp-content\/uploads\/2022\/11\/image.png\" alt=\"\" class=\"wp-image-5969\" srcset=\"https:\/\/www.granlunds.com\/wp-content\/uploads\/2022\/11\/image.png 393w, https:\/\/www.granlunds.com\/wp-content\/uploads\/2022\/11\/image-300x98.png 300w, https:\/\/www.granlunds.com\/wp-content\/uploads\/2022\/11\/image-250x81.png 250w\" sizes=\"(max-width: 393px) 100vw, 393px\" \/><\/a><\/figure>\n\n\n\n<figure class=\"wp-block-image size-full is-resized\"><img loading=\"lazy\" decoding=\"async\" width=\"613\" height=\"65\" src=\"https:\/\/www.granlunds.com\/wp-content\/uploads\/2021\/02\/hundochjakt-logga.png\" alt=\"\" class=\"wp-image-3580\" style=\"width:432px;height:45px\" srcset=\"https:\/\/www.granlunds.com\/wp-content\/uploads\/2021\/02\/hundochjakt-logga.png 613w, https:\/\/www.granlunds.com\/wp-content\/uploads\/2021\/02\/hundochjakt-logga-300x32.png 300w, https:\/\/www.granlunds.com\/wp-content\/uploads\/2021\/02\/hundochjakt-logga-250x27.png 250w\" sizes=\"(max-width: 613px) 100vw, 613px\" \/><\/figure>\n<\/div>\n\n\n\n<div class=\"wp-block-column is-layout-flow wp-block-column-is-layout-flow\">\n<h2 class=\"wp-block-heading\">\u00c5terf\u00f6rs\u00e4ljare i Norge<\/h2>\n\n\n\n<figure class=\"wp-block-image size-full is-resized\"><a href=\"https:\/\/www.markhusan.no\/\"><img loading=\"lazy\" decoding=\"async\" width=\"184\" height=\"60\" src=\"https:\/\/www.granlunds.com\/wp-content\/uploads\/2021\/04\/Markhusan-4.png\" alt=\"\" class=\"wp-image-3678\" style=\"width:456px;height:149px\"\/><\/a><\/figure>\n<\/div>\n<\/div>\n\n\n\n<h2 class=\"wp-block-heading has-text-align-center reseller\"><a href=\"https:\/\/www.granlunds.com\/sv\/wildlife\/aterforsaljare\">\u00c5terf\u00f6rs\u00e4ljare i Finland Tryck h\u00e4r!<\/a><\/h2>\n\n\n\n<div style=\"height:39px\" aria-hidden=\"true\" class=\"wp-block-spacer\"><\/div>\n","protected":false},"excerpt":{"rendered":"<p>Minkf\u00e4lla \u00d6F10 L\u00e4ngd: 72 cmH\u00f6jd: 16 cmBredd: 18 cmVikt: 1,5 kgEAN\/GTIN: 6430063461007Material: Aluzink galler 1 x 1&#8243;, 2mm tr\u00e5d.F\u00f6rst\u00e4rkningar: Galvaniserad tr\u00e5d 4 mm. Om minken Minken lever i skogslandskap bunden till vattendrag. Den f\u00f6redrar frodig strandvegetation. Minken \u00e4r 50-60 cm l\u00e5ng och v\u00e4ger 0,8 \u2013 2,0 kg. F\u00f6dan best\u00e5r av t.ex. f\u00e5glar, sm\u00e5gnagare och fisk. &#8230; <a title=\"Minkf\u00e4lla\" class=\"read-more\" href=\"https:\/\/www.granlunds.com\/sv\/wildlife\/mink\/\">L\u00e4s mer <span class=\"screen-reader-text\">Minkf\u00e4lla<\/span><\/a><\/p>\n","protected":false},"author":1,"featured_media":0,"parent":10,"menu_order":0,"comment_status":"closed","ping_status":"closed","template":"","meta":{"advgb_blocks_editor_width":"","advgb_blocks_columns_visual_guide":"","footnotes":""},"coauthors":[],"author_meta":{"author_link":"https:\/\/www.granlunds.com\/sv\/author\/tommy\/","display_name":"tommy"},"relative_dates":{"created":"Publicerad 6 \u00e5r sedan","modified":"Uppdaterad 1 \u00e5r sedan"},"absolute_dates":{"created":"Publicerat den 24 oktober, 2019","modified":"Uppdaterad den 28 oktober, 2024"},"absolute_dates_time":{"created":"Publicerat den 24 oktober, 2019 13:58","modified":"Uppdaterad den 28 oktober, 2024 14:35"},"featured_img_caption":"","featured_img":false,"series_order":"","_links":{"self":[{"href":"https:\/\/www.granlunds.com\/sv\/wp-json\/wp\/v2\/pages\/59"}],"collection":[{"href":"https:\/\/www.granlunds.com\/sv\/wp-json\/wp\/v2\/pages"}],"about":[{"href":"https:\/\/www.granlunds.com\/sv\/wp-json\/wp\/v2\/types\/page"}],"author":[{"embeddable":true,"href":"https:\/\/www.granlunds.com\/sv\/wp-json\/wp\/v2\/users\/1"}],"replies":[{"embeddable":true,"href":"https:\/\/www.granlunds.com\/sv\/wp-json\/wp\/v2\/comments?post=59"}],"version-history":[{"count":15,"href":"https:\/\/www.granlunds.com\/sv\/wp-json\/wp\/v2\/pages\/59\/revisions"}],"predecessor-version":[{"id":9744,"href":"https:\/\/www.granlunds.com\/sv\/wp-json\/wp\/v2\/pages\/59\/revisions\/9744"}],"up":[{"embeddable":true,"href":"https:\/\/www.granlunds.com\/sv\/wp-json\/wp\/v2\/pages\/10"}],"wp:attachment":[{"href":"https:\/\/www.granlunds.com\/sv\/wp-json\/wp\/v2\/media?parent=59"}],"curies":[{"name":"wp","href":"https:\/\/api.w.org\/{rel}","templated":true}]}}