{"id":5334,"date":"2022-08-05T15:00:30","date_gmt":"2022-08-05T12:00:30","guid":{"rendered":"https:\/\/www.granlunds.com\/?page_id=5334"},"modified":"2026-02-02T16:16:40","modified_gmt":"2026-02-02T14:16:40","slug":"stenfyrar","status":"publish","type":"page","link":"https:\/\/www.granlunds.com\/sv\/stenfyrar\/","title":{"rendered":"Stenfyrar"},"content":{"rendered":"\t\t<div data-elementor-type=\"wp-page\" data-elementor-id=\"5334\" class=\"elementor elementor-5334\" data-elementor-post-type=\"page\">\n\t\t\t\t\t\t\t\t\t<section class=\"elementor-section elementor-top-section elementor-element elementor-element-2c6519a elementor-section-stretched elementor-section-boxed elementor-section-height-default elementor-section-height-default\" data-id=\"2c6519a\" data-element_type=\"section\" data-settings=\"{&quot;stretch_section&quot;:&quot;section-stretched&quot;}\">\n\t\t\t\t\t\t<div class=\"elementor-container elementor-column-gap-no\">\n\t\t\t\t\t<div class=\"elementor-column elementor-col-66 elementor-top-column elementor-element elementor-element-31deb04\" data-id=\"31deb04\" data-element_type=\"column\" data-settings=\"{&quot;background_background&quot;:&quot;classic&quot;}\">\n\t\t\t<div class=\"elementor-widget-wrap elementor-element-populated\">\n\t\t\t\t\t\t\t\t\t<\/div>\n\t\t<\/div>\n\t\t\t\t<div class=\"elementor-column elementor-col-33 elementor-top-column elementor-element elementor-element-99bcb5e\" data-id=\"99bcb5e\" data-element_type=\"column\" data-settings=\"{&quot;background_background&quot;:&quot;classic&quot;}\">\n\t\t\t<div class=\"elementor-widget-wrap elementor-element-populated\">\n\t\t\t\t\t\t\t\t<div class=\"elementor-element elementor-element-3edb25f elementor-widget elementor-widget-heading\" data-id=\"3edb25f\" data-element_type=\"widget\" data-widget_type=\"heading.default\">\n\t\t\t\t<div class=\"elementor-widget-container\">\n\t\t\t<h2 class=\"elementor-heading-title elementor-size-default\"><b>Stenfyrar<\/b><\/h2>\t\t<\/div>\n\t\t\t\t<\/div>\n\t\t\t\t<div class=\"elementor-element elementor-element-bc308e3 elementor-widget elementor-widget-text-editor\" data-id=\"bc308e3\" data-element_type=\"widget\" data-widget_type=\"text-editor.default\">\n\t\t\t\t<div class=\"elementor-widget-container\">\n\t\t\t\t\t\t\t<p>Stenfyren tillverkas i Finland och har blivit en popul\u00e4r prydnad f\u00f6r villastranden och tr\u00e4dg\u00e5rden.<\/p><p>Tack vare den stabila konstruktionen och varmf\u00f6rsinkningen kommer fyren att h\u00e5lla i generationer \u00e4ven p\u00e5 utsatta platser.<\/p><p>Fyren kommer till sin fulla r\u00e4tt med en st\u00e4mningsfull belysning som monteras uppe i tornet.<\/p>\t\t\t\t\t\t<\/div>\n\t\t\t\t<\/div>\n\t\t\t\t<div class=\"elementor-element elementor-element-870a4c0 elementor-widget elementor-widget-button\" data-id=\"870a4c0\" data-element_type=\"widget\" data-widget_type=\"button.default\">\n\t\t\t\t<div class=\"elementor-widget-container\">\n\t\t\t\t\t<div class=\"elementor-button-wrapper\">\n\t\t\t<a class=\"elementor-button elementor-button-link elementor-size-sm\" href=\"https:\/\/www.granlunds.com\/sv\/produkt-kategori\/stenfyrar\/\">\n\t\t\t\t\t\t<span class=\"elementor-button-content-wrapper\">\n\t\t\t\t\t\t<span class=\"elementor-button-text\">BEST\u00c4LL NU<\/span>\n\t\t<\/span>\n\t\t\t\t\t<\/a>\n\t\t<\/div>\n\t\t\t\t<\/div>\n\t\t\t\t<\/div>\n\t\t\t\t\t<\/div>\n\t\t<\/div>\n\t\t\t\t\t\t\t<\/div>\n\t\t<\/section>\n\t\t\t\t<section class=\"elementor-section elementor-top-section elementor-element elementor-element-e2b9275 elementor-section-stretched elementor-hidden-tablet elementor-hidden-mobile elementor-section-boxed elementor-section-height-default elementor-section-height-default\" data-id=\"e2b9275\" data-element_type=\"section\" data-settings=\"{&quot;stretch_section&quot;:&quot;section-stretched&quot;}\">\n\t\t\t\t\t\t<div class=\"elementor-container elementor-column-gap-no\">\n\t\t\t\t\t<div class=\"elementor-column elementor-col-100 elementor-top-column elementor-element elementor-element-ca752ac\" data-id=\"ca752ac\" data-element_type=\"column\">\n\t\t\t<div class=\"elementor-widget-wrap elementor-element-populated\">\n\t\t\t\t\t\t\t\t<div class=\"elementor-element elementor-element-0d30b5d elementor-widget elementor-widget-spacer\" data-id=\"0d30b5d\" data-element_type=\"widget\" data-widget_type=\"spacer.default\">\n\t\t\t\t<div class=\"elementor-widget-container\">\n\t\t\t\t\t<div class=\"elementor-spacer\">\n\t\t\t<div class=\"elementor-spacer-inner\"><\/div>\n\t\t<\/div>\n\t\t\t\t<\/div>\n\t\t\t\t<\/div>\n\t\t\t\t\t<\/div>\n\t\t<\/div>\n\t\t\t\t\t\t\t<\/div>\n\t\t<\/section>\n\t\t\t\t<section class=\"elementor-section elementor-top-section elementor-element elementor-element-b33788a elementor-section-stretched elementor-section-boxed elementor-section-height-default elementor-section-height-default\" data-id=\"b33788a\" data-element_type=\"section\" data-settings=\"{&quot;stretch_section&quot;:&quot;section-stretched&quot;}\">\n\t\t\t\t\t\t<div class=\"elementor-container elementor-column-gap-no\">\n\t\t\t\t\t<div class=\"elementor-column elementor-col-33 elementor-top-column elementor-element elementor-element-b7b1ec0\" data-id=\"b7b1ec0\" data-element_type=\"column\" data-settings=\"{&quot;background_background&quot;:&quot;classic&quot;}\">\n\t\t\t<div class=\"elementor-widget-wrap elementor-element-populated\">\n\t\t\t\t\t\t\t\t<div class=\"elementor-element elementor-element-e394bfc elementor-widget elementor-widget-heading\" data-id=\"e394bfc\" data-element_type=\"widget\" data-widget_type=\"heading.default\">\n\t\t\t\t<div class=\"elementor-widget-container\">\n\t\t\t<h2 class=\"elementor-heading-title elementor-size-default\"><a href=\"https:\/\/www.granlunds.com\/sv\/stenfyrar-specifikationer\/\"><b>Specifikationer<\/b><\/a><\/h2>\t\t<\/div>\n\t\t\t\t<\/div>\n\t\t\t\t\t<\/div>\n\t\t<\/div>\n\t\t\t\t<div class=\"elementor-column elementor-col-33 elementor-top-column elementor-element elementor-element-0d9644b\" data-id=\"0d9644b\" data-element_type=\"column\" data-settings=\"{&quot;background_background&quot;:&quot;classic&quot;}\">\n\t\t\t<div class=\"elementor-widget-wrap elementor-element-populated\">\n\t\t\t\t\t\t\t\t<div class=\"elementor-element elementor-element-5f353f6 elementor-widget elementor-widget-heading\" data-id=\"5f353f6\" data-element_type=\"widget\" data-widget_type=\"heading.default\">\n\t\t\t\t<div class=\"elementor-widget-container\">\n\t\t\t<h2 class=\"elementor-heading-title elementor-size-default\"><a href=\"https:\/\/www.granlunds.com\/sv\/stenfyrar\/stenfyrar-fyllnadsmaterial\/\"><b>Fyllnadsmaterial<\/b><\/a><\/h2>\t\t<\/div>\n\t\t\t\t<\/div>\n\t\t\t\t\t<\/div>\n\t\t<\/div>\n\t\t\t\t<div class=\"elementor-column elementor-col-33 elementor-top-column elementor-element elementor-element-2091dee\" data-id=\"2091dee\" data-element_type=\"column\" data-settings=\"{&quot;background_background&quot;:&quot;classic&quot;}\">\n\t\t\t<div class=\"elementor-widget-wrap elementor-element-populated\">\n\t\t\t\t\t\t\t\t<div class=\"elementor-element elementor-element-80e54df elementor-widget elementor-widget-heading\" data-id=\"80e54df\" data-element_type=\"widget\" data-widget_type=\"heading.default\">\n\t\t\t\t<div class=\"elementor-widget-container\">\n\t\t\t<h2 class=\"elementor-heading-title elementor-size-default\"><a href=\"https:\/\/www.granlunds.com\/sv\/stenfyrar\/stenfyrar-gabioner\/\"><b>Kombinera med gabioner<\/b><\/a><\/h2>\t\t<\/div>\n\t\t\t\t<\/div>\n\t\t\t\t\t<\/div>\n\t\t<\/div>\n\t\t\t\t\t\t\t<\/div>\n\t\t<\/section>\n\t\t\t\t<section class=\"elementor-section elementor-top-section elementor-element elementor-element-00fb354 elementor-section-stretched elementor-section-boxed elementor-section-height-default elementor-section-height-default\" data-id=\"00fb354\" data-element_type=\"section\" data-settings=\"{&quot;stretch_section&quot;:&quot;section-stretched&quot;}\">\n\t\t\t\t\t\t<div class=\"elementor-container elementor-column-gap-no\">\n\t\t\t\t\t<div class=\"elementor-column elementor-col-100 elementor-top-column elementor-element elementor-element-6a2a97d\" data-id=\"6a2a97d\" data-element_type=\"column\">\n\t\t\t<div class=\"elementor-widget-wrap elementor-element-populated\">\n\t\t\t\t\t\t\t\t<div class=\"elementor-element elementor-element-e9264a9 elementor-widget elementor-widget-spacer\" data-id=\"e9264a9\" data-element_type=\"widget\" data-widget_type=\"spacer.default\">\n\t\t\t\t<div class=\"elementor-widget-container\">\n\t\t\t\t\t<div class=\"elementor-spacer\">\n\t\t\t<div class=\"elementor-spacer-inner\"><\/div>\n\t\t<\/div>\n\t\t\t\t<\/div>\n\t\t\t\t<\/div>\n\t\t\t\t\t<\/div>\n\t\t<\/div>\n\t\t\t\t\t\t\t<\/div>\n\t\t<\/section>\n\t\t\t\t<section class=\"elementor-section elementor-top-section elementor-element elementor-element-d58aa13 elementor-section-stretched elementor-section-boxed elementor-section-height-default elementor-section-height-default\" data-id=\"d58aa13\" data-element_type=\"section\" data-settings=\"{&quot;stretch_section&quot;:&quot;section-stretched&quot;}\">\n\t\t\t\t\t\t<div class=\"elementor-container elementor-column-gap-no\">\n\t\t\t\t\t<div class=\"elementor-column elementor-col-100 elementor-top-column elementor-element elementor-element-059f995\" data-id=\"059f995\" data-element_type=\"column\">\n\t\t\t<div class=\"elementor-widget-wrap elementor-element-populated\">\n\t\t\t\t\t\t\t\t<div class=\"elementor-element elementor-element-49e84b3 elementor-widget elementor-widget-heading\" data-id=\"49e84b3\" data-element_type=\"widget\" data-widget_type=\"heading.default\">\n\t\t\t\t<div class=\"elementor-widget-container\">\n\t\t\t<h2 class=\"elementor-heading-title elementor-size-default\"><b>Best\u00e4ll din egen fyr<\/b><\/h2>\t\t<\/div>\n\t\t\t\t<\/div>\n\t\t\t\t\t<\/div>\n\t\t<\/div>\n\t\t\t\t\t\t\t<\/div>\n\t\t<\/section>\n\t\t\t\t<section class=\"elementor-section elementor-top-section elementor-element elementor-element-909396a elementor-section-stretched elementor-section-boxed elementor-section-height-default elementor-section-height-default\" data-id=\"909396a\" data-element_type=\"section\" data-settings=\"{&quot;stretch_section&quot;:&quot;section-stretched&quot;}\">\n\t\t\t\t\t\t<div class=\"elementor-container elementor-column-gap-default\">\n\t\t\t\t\t<div class=\"elementor-column elementor-col-100 elementor-top-column elementor-element elementor-element-09196e2\" data-id=\"09196e2\" data-element_type=\"column\">\n\t\t\t<div class=\"elementor-widget-wrap elementor-element-populated\">\n\t\t\t\t\t\t\t\t<div class=\"elementor-element elementor-element-8235177 elementor-product-loop-item--align-center elementor-grid-4 elementor-grid-tablet-3 elementor-grid-mobile-2 elementor-products-grid elementor-wc-products elementor-widget elementor-widget-woocommerce-products\" data-id=\"8235177\" data-element_type=\"widget\" data-widget_type=\"woocommerce-products.default\">\n\t\t\t\t<div class=\"elementor-widget-container\">\n\t\t\t<div class=\"woocommerce columns-4 \"><ul class=\"products elementor-grid columns-4\">\n<li class=\"product type-product post-9786 status-publish first instock product_cat-stenfyrar product_cat-stenkorgar-3mm product_cat-stenkorgar-5mm has-post-thumbnail taxable shipping-taxable purchasable product-type-simple\">\n\t<a href=\"https:\/\/www.granlunds.com\/sv\/produkt\/stenfyr-72cm\/\" class=\"woocommerce-LoopProduct-link woocommerce-loop-product__link\"><img fetchpriority=\"high\" decoding=\"async\" width=\"250\" height=\"250\" src=\"https:\/\/www.granlunds.com\/wp-content\/uploads\/2024\/11\/IMG-20230529-WA0000-1-1-250x250.jpg\" class=\"attachment-woocommerce_thumbnail size-woocommerce_thumbnail\" alt=\"\" srcset=\"https:\/\/www.granlunds.com\/wp-content\/uploads\/2024\/11\/IMG-20230529-WA0000-1-1-250x250.jpg 250w, https:\/\/www.granlunds.com\/wp-content\/uploads\/2024\/11\/IMG-20230529-WA0000-1-1-150x150.jpg 150w, https:\/\/www.granlunds.com\/wp-content\/uploads\/2024\/11\/IMG-20230529-WA0000-1-1-100x100.jpg 100w\" sizes=\"(max-width: 250px) 100vw, 250px\" \/><h2 class=\"woocommerce-loop-product__title\">Stenfyr 72cm<\/h2>\n\t<span class=\"price\"><span class=\"woocommerce-Price-amount amount\"><bdi>210,00&nbsp;<span class=\"woocommerce-Price-currencySymbol\">&euro;<\/span><\/bdi><\/span><\/span>\n<\/a><div class=\"woocommerce-loop-product__buttons\"><a class=\"button show_more\" href=\"https:\/\/www.granlunds.com\/sv\/produkt\/stenfyr-72cm\/\">Visa produkt<\/a><\/div><span id=\"woocommerce_loop_add_to_cart_link_describedby_9786\" class=\"screen-reader-text\">\n\t<\/span>\n<\/li>\n<li class=\"product type-product post-3262 status-publish instock product_cat-stenfyrar product_cat-stenkorgar-3mm product_cat-stenkorgar-5mm has-post-thumbnail taxable shipping-taxable purchasable product-type-simple\">\n\t<a href=\"https:\/\/www.granlunds.com\/sv\/produkt\/stenfyr-180cm\/\" class=\"woocommerce-LoopProduct-link woocommerce-loop-product__link\"><img decoding=\"async\" width=\"250\" height=\"250\" src=\"https:\/\/www.granlunds.com\/wp-content\/uploads\/2021\/01\/Majakka-Korpelainen-1-scaled-e1680725637371-250x250.jpg\" class=\"attachment-woocommerce_thumbnail size-woocommerce_thumbnail\" alt=\"\" srcset=\"https:\/\/www.granlunds.com\/wp-content\/uploads\/2021\/01\/Majakka-Korpelainen-1-scaled-e1680725637371-250x250.jpg 250w, https:\/\/www.granlunds.com\/wp-content\/uploads\/2021\/01\/Majakka-Korpelainen-1-scaled-e1680725637371-150x150.jpg 150w, https:\/\/www.granlunds.com\/wp-content\/uploads\/2021\/01\/Majakka-Korpelainen-1-scaled-e1680725637371-100x100.jpg 100w\" sizes=\"(max-width: 250px) 100vw, 250px\" \/><h2 class=\"woocommerce-loop-product__title\">Stenfyr 180cm<\/h2>\n\t<span class=\"price\"><span class=\"woocommerce-Price-amount amount\"><bdi>398,00&nbsp;<span class=\"woocommerce-Price-currencySymbol\">&euro;<\/span><\/bdi><\/span><\/span>\n<\/a><div class=\"woocommerce-loop-product__buttons\"><a class=\"button show_more\" href=\"https:\/\/www.granlunds.com\/sv\/produkt\/stenfyr-180cm\/\">Visa produkt<\/a><\/div><span id=\"woocommerce_loop_add_to_cart_link_describedby_3262\" class=\"screen-reader-text\">\n\t<\/span>\n<\/li>\n<li class=\"product type-product post-5716 status-publish instock product_cat-stenfyrar product_cat-stenkorgar-3mm product_cat-stenkorgar-5mm has-post-thumbnail taxable shipping-taxable purchasable product-type-simple\">\n\t<a href=\"https:\/\/www.granlunds.com\/sv\/produkt\/stenfyr-120cm-stenkorg\/\" class=\"woocommerce-LoopProduct-link woocommerce-loop-product__link\"><img decoding=\"async\" width=\"250\" height=\"250\" src=\"https:\/\/www.granlunds.com\/wp-content\/uploads\/2022\/09\/Fyr-stenkorg-1000X1000-250x250.jpg\" class=\"attachment-woocommerce_thumbnail size-woocommerce_thumbnail\" alt=\"\" srcset=\"https:\/\/www.granlunds.com\/wp-content\/uploads\/2022\/09\/Fyr-stenkorg-1000X1000-250x250.jpg 250w, https:\/\/www.granlunds.com\/wp-content\/uploads\/2022\/09\/Fyr-stenkorg-1000X1000-300x300.jpg 300w, https:\/\/www.granlunds.com\/wp-content\/uploads\/2022\/09\/Fyr-stenkorg-1000X1000-150x150.jpg 150w, https:\/\/www.granlunds.com\/wp-content\/uploads\/2022\/09\/Fyr-stenkorg-1000X1000-768x768.jpg 768w, https:\/\/www.granlunds.com\/wp-content\/uploads\/2022\/09\/Fyr-stenkorg-1000X1000-100x100.jpg 100w, https:\/\/www.granlunds.com\/wp-content\/uploads\/2022\/09\/Fyr-stenkorg-1000X1000.jpg 1000w\" sizes=\"(max-width: 250px) 100vw, 250px\" \/><h2 class=\"woocommerce-loop-product__title\">Stenfyr 120cm + stenkorg<\/h2>\n\t<span class=\"price\"><span class=\"woocommerce-Price-amount amount\"><bdi>330,00&nbsp;<span class=\"woocommerce-Price-currencySymbol\">&euro;<\/span><\/bdi><\/span><\/span>\n<\/a><div class=\"woocommerce-loop-product__buttons\"><a class=\"button show_more\" href=\"https:\/\/www.granlunds.com\/sv\/produkt\/stenfyr-120cm-stenkorg\/\">Visa produkt<\/a><\/div><span id=\"woocommerce_loop_add_to_cart_link_describedby_5716\" class=\"screen-reader-text\">\n\t<\/span>\n<\/li>\n<li class=\"product type-product post-3367 status-publish last instock product_cat-stenfyrar product_cat-stenkorgar-3mm product_cat-stenkorgar-5mm has-post-thumbnail taxable shipping-taxable purchasable product-type-simple\">\n\t<a href=\"https:\/\/www.granlunds.com\/sv\/produkt\/stenfyr-120cm\/\" class=\"woocommerce-LoopProduct-link woocommerce-loop-product__link\"><img loading=\"lazy\" decoding=\"async\" width=\"250\" height=\"250\" src=\"https:\/\/www.granlunds.com\/wp-content\/uploads\/2021\/01\/IMG-20210217-WA0011-250x250.jpg\" class=\"attachment-woocommerce_thumbnail size-woocommerce_thumbnail\" alt=\"\" srcset=\"https:\/\/www.granlunds.com\/wp-content\/uploads\/2021\/01\/IMG-20210217-WA0011-250x250.jpg 250w, https:\/\/www.granlunds.com\/wp-content\/uploads\/2021\/01\/IMG-20210217-WA0011-150x150.jpg 150w, https:\/\/www.granlunds.com\/wp-content\/uploads\/2021\/01\/IMG-20210217-WA0011-100x100.jpg 100w\" sizes=\"(max-width: 250px) 100vw, 250px\" \/><h2 class=\"woocommerce-loop-product__title\">Stenfyr 120cm<\/h2>\n\t<span class=\"price\"><span class=\"woocommerce-Price-amount amount\"><bdi>315,00&nbsp;<span class=\"woocommerce-Price-currencySymbol\">&euro;<\/span><\/bdi><\/span><\/span>\n<\/a><div class=\"woocommerce-loop-product__buttons\"><a class=\"button show_more\" href=\"https:\/\/www.granlunds.com\/sv\/produkt\/stenfyr-120cm\/\">Visa produkt<\/a><\/div><span id=\"woocommerce_loop_add_to_cart_link_describedby_3367\" class=\"screen-reader-text\">\n\t<\/span>\n<\/li>\n<li class=\"product type-product post-9793 status-publish first instock product_cat-stenfyrar product_cat-stenkorgar-3mm product_cat-stenkorgar-5mm has-post-thumbnail taxable shipping-taxable purchasable product-type-simple\">\n\t<a href=\"https:\/\/www.granlunds.com\/sv\/produkt\/belysning-72cm\/\" class=\"woocommerce-LoopProduct-link woocommerce-loop-product__link\"><img loading=\"lazy\" decoding=\"async\" width=\"250\" height=\"250\" src=\"https:\/\/www.granlunds.com\/wp-content\/uploads\/2021\/08\/Majakka-valaisin-250x250.jpg\" class=\"attachment-woocommerce_thumbnail size-woocommerce_thumbnail\" alt=\"\" srcset=\"https:\/\/www.granlunds.com\/wp-content\/uploads\/2021\/08\/Majakka-valaisin-250x250.jpg 250w, https:\/\/www.granlunds.com\/wp-content\/uploads\/2021\/08\/Majakka-valaisin-150x150.jpg 150w, https:\/\/www.granlunds.com\/wp-content\/uploads\/2021\/08\/Majakka-valaisin-100x100.jpg 100w\" sizes=\"(max-width: 250px) 100vw, 250px\" \/><h2 class=\"woocommerce-loop-product__title\">Belysning 72cm<\/h2>\n\t<span class=\"price\"><span class=\"woocommerce-Price-amount amount\"><bdi>20,00&nbsp;<span class=\"woocommerce-Price-currencySymbol\">&euro;<\/span><\/bdi><\/span><\/span>\n<\/a><div class=\"woocommerce-loop-product__buttons\"><a class=\"button show_more\" href=\"https:\/\/www.granlunds.com\/sv\/produkt\/belysning-72cm\/\">Visa produkt<\/a><\/div><span id=\"woocommerce_loop_add_to_cart_link_describedby_9793\" class=\"screen-reader-text\">\n\t<\/span>\n<\/li>\n<li class=\"product type-product post-3975 status-publish instock product_cat-stenfyrar product_cat-stenkorgar-3mm product_cat-stenkorgar-5mm has-post-thumbnail taxable shipping-taxable purchasable product-type-simple\">\n\t<a href=\"https:\/\/www.granlunds.com\/sv\/produkt\/belysning-180cm\/\" class=\"woocommerce-LoopProduct-link woocommerce-loop-product__link\"><img loading=\"lazy\" decoding=\"async\" width=\"250\" height=\"250\" src=\"https:\/\/www.granlunds.com\/wp-content\/uploads\/2021\/08\/Majakka-valaisin-250x250.jpg\" class=\"attachment-woocommerce_thumbnail size-woocommerce_thumbnail\" alt=\"\" srcset=\"https:\/\/www.granlunds.com\/wp-content\/uploads\/2021\/08\/Majakka-valaisin-250x250.jpg 250w, https:\/\/www.granlunds.com\/wp-content\/uploads\/2021\/08\/Majakka-valaisin-150x150.jpg 150w, https:\/\/www.granlunds.com\/wp-content\/uploads\/2021\/08\/Majakka-valaisin-100x100.jpg 100w\" sizes=\"(max-width: 250px) 100vw, 250px\" \/><h2 class=\"woocommerce-loop-product__title\">Belysning 180cm<\/h2>\n\t<span class=\"price\"><span class=\"woocommerce-Price-amount amount\"><bdi>20,00&nbsp;<span class=\"woocommerce-Price-currencySymbol\">&euro;<\/span><\/bdi><\/span><\/span>\n<\/a><div class=\"woocommerce-loop-product__buttons\"><a class=\"button show_more\" href=\"https:\/\/www.granlunds.com\/sv\/produkt\/belysning-180cm\/\">Visa produkt<\/a><\/div><span id=\"woocommerce_loop_add_to_cart_link_describedby_3975\" class=\"screen-reader-text\">\n\t<\/span>\n<\/li>\n<li class=\"product type-product post-3980 status-publish instock product_cat-stenfyrar product_cat-stenkorgar-3mm product_cat-stenkorgar-5mm has-post-thumbnail taxable shipping-taxable purchasable product-type-simple\">\n\t<a href=\"https:\/\/www.granlunds.com\/sv\/produkt\/belysning-120cm\/\" class=\"woocommerce-LoopProduct-link woocommerce-loop-product__link\"><img loading=\"lazy\" decoding=\"async\" width=\"250\" height=\"250\" src=\"https:\/\/www.granlunds.com\/wp-content\/uploads\/2021\/08\/Majakka-valaisin-250x250.jpg\" class=\"attachment-woocommerce_thumbnail size-woocommerce_thumbnail\" alt=\"\" srcset=\"https:\/\/www.granlunds.com\/wp-content\/uploads\/2021\/08\/Majakka-valaisin-250x250.jpg 250w, https:\/\/www.granlunds.com\/wp-content\/uploads\/2021\/08\/Majakka-valaisin-150x150.jpg 150w, https:\/\/www.granlunds.com\/wp-content\/uploads\/2021\/08\/Majakka-valaisin-100x100.jpg 100w\" sizes=\"(max-width: 250px) 100vw, 250px\" \/><h2 class=\"woocommerce-loop-product__title\">Belysning 120cm<\/h2>\n\t<span class=\"price\"><span class=\"woocommerce-Price-amount amount\"><bdi>20,00&nbsp;<span class=\"woocommerce-Price-currencySymbol\">&euro;<\/span><\/bdi><\/span><\/span>\n<\/a><div class=\"woocommerce-loop-product__buttons\"><a class=\"button show_more\" href=\"https:\/\/www.granlunds.com\/sv\/produkt\/belysning-120cm\/\">Visa produkt<\/a><\/div><span id=\"woocommerce_loop_add_to_cart_link_describedby_3980\" class=\"screen-reader-text\">\n\t<\/span>\n<\/li>\n<\/ul>\n<\/div>\t\t<\/div>\n\t\t\t\t<\/div>\n\t\t\t\t\t<\/div>\n\t\t<\/div>\n\t\t\t\t\t\t\t<\/div>\n\t\t<\/section>\n\t\t\t\t\t\t\t<\/div>\n\t\t","protected":false},"excerpt":{"rendered":"<p>Stenfyrar Stenfyren tillverkas i Finland och har blivit en popul\u00e4r prydnad f\u00f6r villastranden och tr\u00e4dg\u00e5rden. Tack vare den stabila konstruktionen och varmf\u00f6rsinkningen kommer fyren att h\u00e5lla i generationer \u00e4ven p\u00e5 utsatta platser. Fyren kommer till sin fulla r\u00e4tt med en st\u00e4mningsfull belysning som monteras uppe i tornet. BEST\u00c4LL NU Specifikationer Fyllnadsmaterial Kombinera med gabioner Best\u00e4ll &#8230; <a title=\"Stenfyrar\" class=\"read-more\" href=\"https:\/\/www.granlunds.com\/sv\/stenfyrar\/\">L\u00e4s mer <span class=\"screen-reader-text\">Stenfyrar<\/span><\/a><\/p>\n","protected":false},"author":3,"featured_media":0,"parent":0,"menu_order":0,"comment_status":"closed","ping_status":"closed","template":"","meta":{"advgb_blocks_editor_width":"","advgb_blocks_columns_visual_guide":"","footnotes":""},"coauthors":[],"author_meta":{"author_link":"https:\/\/www.granlunds.com\/sv\/author\/kaj\/","display_name":"Kaj"},"relative_dates":{"created":"Publicerad 4 \u00e5r sedan","modified":"Uppdaterad 3 m\u00e5nader sedan"},"absolute_dates":{"created":"Publicerat den 5 augusti, 2022","modified":"Uppdaterad den 2 februari, 2026"},"absolute_dates_time":{"created":"Publicerat den 5 augusti, 2022 15:00","modified":"Uppdaterad den 2 februari, 2026 16:16"},"featured_img_caption":"","featured_img":false,"series_order":"","_links":{"self":[{"href":"https:\/\/www.granlunds.com\/sv\/wp-json\/wp\/v2\/pages\/5334"}],"collection":[{"href":"https:\/\/www.granlunds.com\/sv\/wp-json\/wp\/v2\/pages"}],"about":[{"href":"https:\/\/www.granlunds.com\/sv\/wp-json\/wp\/v2\/types\/page"}],"author":[{"embeddable":true,"href":"https:\/\/www.granlunds.com\/sv\/wp-json\/wp\/v2\/users\/3"}],"replies":[{"embeddable":true,"href":"https:\/\/www.granlunds.com\/sv\/wp-json\/wp\/v2\/comments?post=5334"}],"version-history":[{"count":298,"href":"https:\/\/www.granlunds.com\/sv\/wp-json\/wp\/v2\/pages\/5334\/revisions"}],"predecessor-version":[{"id":10508,"href":"https:\/\/www.granlunds.com\/sv\/wp-json\/wp\/v2\/pages\/5334\/revisions\/10508"}],"wp:attachment":[{"href":"https:\/\/www.granlunds.com\/sv\/wp-json\/wp\/v2\/media?parent=5334"}],"curies":[{"name":"wp","href":"https:\/\/api.w.org\/{rel}","templated":true}]}}