{"id":480,"date":"2019-11-13T12:38:59","date_gmt":"2019-11-13T11:38:59","guid":{"rendered":"https:\/\/www.granlunds.com\/?page_id=480"},"modified":"2023-02-22T09:04:26","modified_gmt":"2023-02-22T07:04:26","slug":"kass2","status":"publish","type":"page","link":"https:\/\/www.granlunds.com\/sv\/wildlife\/kass2\/","title":{"rendered":"Mj\u00e4rde 2-sidig"},"content":{"rendered":"\n<h1 class=\"h1-width wp-block-heading\"><em>Wildlife<\/em><\/h1>\n\n\n\n<div class=\"wp-block-columns is-layout-flex wp-container-core-columns-layout-1 wp-block-columns-is-layout-flex\">\n<div class=\"wp-block-column is-layout-flow wp-block-column-is-layout-flow\">\n<figure class=\"wp-block-image size-large\"><img fetchpriority=\"high\" decoding=\"async\" width=\"1024\" height=\"1011\" src=\"https:\/\/www.granlunds.com\/wp-content\/uploads\/2020\/01\/Kass-2-sidig-beskuren-1024x1011.jpg\" alt=\"\" class=\"wp-image-1515\" srcset=\"https:\/\/www.granlunds.com\/wp-content\/uploads\/2020\/01\/Kass-2-sidig-beskuren-1024x1011.jpg 1024w, https:\/\/www.granlunds.com\/wp-content\/uploads\/2020\/01\/Kass-2-sidig-beskuren-100x100.jpg 100w, https:\/\/www.granlunds.com\/wp-content\/uploads\/2020\/01\/Kass-2-sidig-beskuren-600x592.jpg 600w, https:\/\/www.granlunds.com\/wp-content\/uploads\/2020\/01\/Kass-2-sidig-beskuren-300x296.jpg 300w, https:\/\/www.granlunds.com\/wp-content\/uploads\/2020\/01\/Kass-2-sidig-beskuren-768x758.jpg 768w, https:\/\/www.granlunds.com\/wp-content\/uploads\/2020\/01\/Kass-2-sidig-beskuren.jpg 1069w\" sizes=\"(max-width: 1024px) 100vw, 1024px\" \/><\/figure>\n<\/div>\n\n\n\n<div class=\"wp-block-column is-layout-flow wp-block-column-is-layout-flow\">\n<h2 class=\"wp-block-heading\">Mj\u00e4rde 2-sidig \u00d6F80<\/h2>\n\n\n\n<p>L\u00e4ngd: 107cm<br>Bredd: 71cm<br>H\u00f6jd: 46cm<br>Vikt: 7,5kg<br>EAN\/GTIN: 6430063468006<br>Material: Aluzink 1&#215;1\u201d, 2mm med PVC-yta.<\/p>\n\n\n\n<h2 class=\"wp-block-heading\">Allm\u00e4nt<\/h2>\n\n\n\n<p><span style=\"font-size: revert; background-color: initial;\">Med ing\u00e5ngar fr\u00e5n b\u00e5da sidor blir denna modell ett effektivt f\u00e5ngstredskap.<\/span><\/p>\n\n\n\n<h2 class=\"wp-block-heading\">\u00c5terf\u00f6rs\u00e4ljare<\/h2>\n\n\n\n<figure class=\"wp-block-image size-full\"><img decoding=\"async\" width=\"238\" height=\"73\" src=\"https:\/\/www.granlunds.com\/wp-content\/uploads\/2022\/11\/ostrologo.gif\" alt=\"\" class=\"wp-image-5952\"\/><\/figure>\n\n\n\n<figure class=\"wp-block-image size-full is-resized\"><a href=\"https:\/\/www.karkkainen.com\/verkkokauppa\/\"><img decoding=\"async\" src=\"https:\/\/www.granlunds.com\/wp-content\/uploads\/2022\/11\/karkkainencom_logo.png\" alt=\"\" class=\"wp-image-5949\" width=\"375\" height=\"98\"\/><\/a><\/figure>\n\n\n\n<figure class=\"wp-block-image size-full is-resized\"><a href=\"https:\/\/www.tuontitukku.fi\/\"><img loading=\"lazy\" decoding=\"async\" src=\"https:\/\/www.granlunds.com\/wp-content\/uploads\/2022\/11\/Tuontitukku.png\" alt=\"\" class=\"wp-image-5946\" width=\"365\" height=\"64\" srcset=\"https:\/\/www.granlunds.com\/wp-content\/uploads\/2022\/11\/Tuontitukku.png 570w, https:\/\/www.granlunds.com\/wp-content\/uploads\/2022\/11\/Tuontitukku-300x53.png 300w, https:\/\/www.granlunds.com\/wp-content\/uploads\/2022\/11\/Tuontitukku-250x44.png 250w\" sizes=\"(max-width: 365px) 100vw, 365px\" \/><\/a><\/figure>\n\n\n\n<p> <\/p>\n<\/div>\n<\/div>\n\n\n\n<div class=\"wp-block-columns is-layout-flex wp-container-core-columns-layout-2 wp-block-columns-is-layout-flex\"><\/div>\n","protected":false},"excerpt":{"rendered":"<p>Mj\u00e4rde 2-sidig \u00d6F80 L\u00e4ngd: 107cmBredd: 71cmH\u00f6jd: 46cmVikt: 7,5kgEAN\/GTIN: 6430063468006Material: Aluzink 1&#215;1\u201d, 2mm med PVC-yta. Allm\u00e4nt Med ing\u00e5ngar fr\u00e5n b\u00e5da sidor blir denna modell ett effektivt f\u00e5ngstredskap. \u00c5terf\u00f6rs\u00e4ljare<\/p>\n","protected":false},"author":1,"featured_media":0,"parent":10,"menu_order":0,"comment_status":"closed","ping_status":"closed","template":"","meta":{"advgb_blocks_editor_width":"","advgb_blocks_columns_visual_guide":"","footnotes":""},"coauthors":[],"author_meta":{"author_link":"https:\/\/www.granlunds.com\/sv\/author\/tommy\/","display_name":"tommy"},"relative_dates":{"created":"Publicerad 6 \u00e5r sedan","modified":"Uppdaterad 3 \u00e5r sedan"},"absolute_dates":{"created":"Publicerat den 13 november, 2019","modified":"Uppdaterad den 22 februari, 2023"},"absolute_dates_time":{"created":"Publicerat den 13 november, 2019 12:38","modified":"Uppdaterad den 22 februari, 2023 09:04"},"featured_img_caption":"","featured_img":false,"series_order":"","_links":{"self":[{"href":"https:\/\/www.granlunds.com\/sv\/wp-json\/wp\/v2\/pages\/480"}],"collection":[{"href":"https:\/\/www.granlunds.com\/sv\/wp-json\/wp\/v2\/pages"}],"about":[{"href":"https:\/\/www.granlunds.com\/sv\/wp-json\/wp\/v2\/types\/page"}],"author":[{"embeddable":true,"href":"https:\/\/www.granlunds.com\/sv\/wp-json\/wp\/v2\/users\/1"}],"replies":[{"embeddable":true,"href":"https:\/\/www.granlunds.com\/sv\/wp-json\/wp\/v2\/comments?post=480"}],"version-history":[{"count":13,"href":"https:\/\/www.granlunds.com\/sv\/wp-json\/wp\/v2\/pages\/480\/revisions"}],"predecessor-version":[{"id":6236,"href":"https:\/\/www.granlunds.com\/sv\/wp-json\/wp\/v2\/pages\/480\/revisions\/6236"}],"up":[{"embeddable":true,"href":"https:\/\/www.granlunds.com\/sv\/wp-json\/wp\/v2\/pages\/10"}],"wp:attachment":[{"href":"https:\/\/www.granlunds.com\/sv\/wp-json\/wp\/v2\/media?parent=480"}],"curies":[{"name":"wp","href":"https:\/\/api.w.org\/{rel}","templated":true}]}}