{"id":474,"date":"2019-11-13T10:44:58","date_gmt":"2019-11-13T09:44:58","guid":{"rendered":"https:\/\/www.granlunds.com\/?page_id=474"},"modified":"2025-10-21T15:35:31","modified_gmt":"2025-10-21T12:35:31","slug":"rokgaller","status":"publish","type":"page","link":"https:\/\/www.granlunds.com\/sv\/wildlife\/rokgaller\/","title":{"rendered":"R\u00f6kgaller"},"content":{"rendered":"\n<h1 class=\"h1-width wp-block-heading\"><em>Wildlife<\/em><\/h1>\n\n\n\n<div class=\"wp-block-columns is-layout-flex wp-container-core-columns-layout-1 wp-block-columns-is-layout-flex\">\n<div class=\"wp-block-column is-layout-flow wp-block-column-is-layout-flow\">\n<figure class=\"wp-block-image size-large\"><img fetchpriority=\"high\" decoding=\"async\" width=\"1024\" height=\"480\" src=\"https:\/\/www.granlunds.com\/wp-content\/uploads\/2019\/10\/rokgaller-1024x480.jpg\" alt=\"\" class=\"wp-image-149\" srcset=\"https:\/\/www.granlunds.com\/wp-content\/uploads\/2019\/10\/rokgaller-1024x480.jpg 1024w, https:\/\/www.granlunds.com\/wp-content\/uploads\/2019\/10\/rokgaller-300x141.jpg 300w, https:\/\/www.granlunds.com\/wp-content\/uploads\/2019\/10\/rokgaller-768x360.jpg 768w, https:\/\/www.granlunds.com\/wp-content\/uploads\/2019\/10\/rokgaller.jpg 1280w\" sizes=\"(max-width: 1024px) 100vw, 1024px\" \/><\/figure>\n<\/div>\n\n\n\n<div class=\"wp-block-column is-layout-flow wp-block-column-is-layout-flow\">\n<h2 class=\"wp-block-heading\">R\u00f6kgaller \u00d6F90<\/h2>\n\n\n\n<p>L\u00e4ngd: 410mm<br>Bredd: 238mm<br>H\u00f6jd: 40mm<br>Vikt: 0,6kg<br>EAN\/GTIN: 6430063469003<br>Material: Rostfritt galler 1&#215;1\u201d, 2,0mm<\/p>\n\n\n\n<h2 class=\"wp-block-heading\"><a href=\"https:\/\/www.granlunds.com\/sv\/produkt\/rokgaller\/\">Klicka h\u00e4r och best\u00e4ll!<\/a><\/h2>\n<\/div>\n<\/div>\n\n\n\n<h2 class=\"wp-block-heading\">Allm\u00e4nt<\/h2>\n\n\n\n<p>Passar till de flesta el-r\u00f6kugnar och r\u00f6kl\u00e5dor. <br>Med denna produkt kan du r\u00f6ka abborre, sik och andra mindre fiskar liggande p\u00e5 rygg.<br>R\u00f6kningen blir j\u00e4mnare genom hela fisken och smakerna bibeh\u00e5lls.<br>Inhemsk produkt. <\/p>\n\n\n\n<h2 class=\"wp-block-heading\">\u00c5terf\u00f6rs\u00e4ljare<\/h2>\n\n\n\n<p><a rel=\"noreferrer noopener\" href=\"https:\/\/www.granlunds.com\/sv\/butik-for-stenkorgar\/\" target=\"_blank\">www.granlunds.com\/sv\/butik-for-stenkorgar\/<\/a><\/p>\n\n\n\n<p><a aria-label=\" (opens in a new tab)\" rel=\"noreferrer noopener\" class=\"rank-math-link\" href=\"https:\/\/karkkainen.com\/\" target=\"_blank\">www.karkkainen.com<\/a><\/p>\n\n\n\n<figure class=\"wp-block-image size-full\"><img decoding=\"async\" width=\"238\" height=\"73\" src=\"https:\/\/www.granlunds.com\/wp-content\/uploads\/2022\/11\/ostrologo.gif\" alt=\"\" class=\"wp-image-5952\"\/><\/figure>\n\n\n\n<div style=\"height:37px\" aria-hidden=\"true\" class=\"wp-block-spacer\"><\/div>\n","protected":false},"excerpt":{"rendered":"<p>R\u00f6kgaller \u00d6F90 L\u00e4ngd: 410mmBredd: 238mmH\u00f6jd: 40mmVikt: 0,6kgEAN\/GTIN: 6430063469003Material: Rostfritt galler 1&#215;1\u201d, 2,0mm Klicka h\u00e4r och best\u00e4ll! Allm\u00e4nt Passar till de flesta el-r\u00f6kugnar och r\u00f6kl\u00e5dor. Med denna produkt kan du r\u00f6ka abborre, sik och andra mindre fiskar liggande p\u00e5 rygg.R\u00f6kningen blir j\u00e4mnare genom hela fisken och smakerna bibeh\u00e5lls.Inhemsk produkt. \u00c5terf\u00f6rs\u00e4ljare www.granlunds.com\/sv\/butik-for-stenkorgar\/ www.karkkainen.com<\/p>\n","protected":false},"author":1,"featured_media":0,"parent":10,"menu_order":0,"comment_status":"closed","ping_status":"closed","template":"","meta":{"advgb_blocks_editor_width":"","advgb_blocks_columns_visual_guide":"","footnotes":""},"coauthors":[],"author_meta":{"author_link":"https:\/\/www.granlunds.com\/sv\/author\/tommy\/","display_name":"tommy"},"relative_dates":{"created":"Publicerad 6 \u00e5r sedan","modified":"Uppdaterad 6 m\u00e5nader sedan"},"absolute_dates":{"created":"Publicerat den 13 november, 2019","modified":"Uppdaterad den 21 oktober, 2025"},"absolute_dates_time":{"created":"Publicerat den 13 november, 2019 10:44","modified":"Uppdaterad den 21 oktober, 2025 15:35"},"featured_img_caption":"","featured_img":false,"series_order":"","_links":{"self":[{"href":"https:\/\/www.granlunds.com\/sv\/wp-json\/wp\/v2\/pages\/474"}],"collection":[{"href":"https:\/\/www.granlunds.com\/sv\/wp-json\/wp\/v2\/pages"}],"about":[{"href":"https:\/\/www.granlunds.com\/sv\/wp-json\/wp\/v2\/types\/page"}],"author":[{"embeddable":true,"href":"https:\/\/www.granlunds.com\/sv\/wp-json\/wp\/v2\/users\/1"}],"replies":[{"embeddable":true,"href":"https:\/\/www.granlunds.com\/sv\/wp-json\/wp\/v2\/comments?post=474"}],"version-history":[{"count":23,"href":"https:\/\/www.granlunds.com\/sv\/wp-json\/wp\/v2\/pages\/474\/revisions"}],"predecessor-version":[{"id":10269,"href":"https:\/\/www.granlunds.com\/sv\/wp-json\/wp\/v2\/pages\/474\/revisions\/10269"}],"up":[{"embeddable":true,"href":"https:\/\/www.granlunds.com\/sv\/wp-json\/wp\/v2\/pages\/10"}],"wp:attachment":[{"href":"https:\/\/www.granlunds.com\/sv\/wp-json\/wp\/v2\/media?parent=474"}],"curies":[{"name":"wp","href":"https:\/\/api.w.org\/{rel}","templated":true}]}}