{"id":4726,"date":"2022-01-14T16:25:44","date_gmt":"2022-01-14T14:25:44","guid":{"rendered":"https:\/\/www.granlunds.com\/?page_id=4726"},"modified":"2024-04-06T14:19:09","modified_gmt":"2024-04-06T11:19:09","slug":"jepo-garanti","status":"publish","type":"page","link":"https:\/\/www.granlunds.com\/sv\/jepo-hundgard\/jepo-garanti\/","title":{"rendered":"Jepo garanti"},"content":{"rendered":"\t\t<div data-elementor-type=\"wp-page\" data-elementor-id=\"4726\" class=\"elementor elementor-4726\" data-elementor-post-type=\"page\">\n\t\t\t\t\t\t\t\t\t<section class=\"elementor-section elementor-top-section elementor-element elementor-element-91963b8 elementor-section-stretched elementor-section-boxed elementor-section-height-default elementor-section-height-default\" data-id=\"91963b8\" data-element_type=\"section\" data-settings=\"{&quot;stretch_section&quot;:&quot;section-stretched&quot;}\">\n\t\t\t\t\t\t<div class=\"elementor-container elementor-column-gap-no\">\n\t\t\t\t\t<div class=\"elementor-column elementor-col-100 elementor-top-column elementor-element elementor-element-d0a68f2\" data-id=\"d0a68f2\" data-element_type=\"column\" data-settings=\"{&quot;background_background&quot;:&quot;classic&quot;}\">\n\t\t\t<div class=\"elementor-widget-wrap elementor-element-populated\">\n\t\t\t\t\t\t\t\t<div class=\"elementor-element elementor-element-637694d elementor-widget elementor-widget-heading\" data-id=\"637694d\" data-element_type=\"widget\" data-widget_type=\"heading.default\">\n\t\t\t\t<div class=\"elementor-widget-container\">\n\t\t\t<h2 class=\"elementor-heading-title elementor-size-default\"><b>Garanti<\/b><\/h2>\t\t<\/div>\n\t\t\t\t<\/div>\n\t\t\t\t\t<\/div>\n\t\t<\/div>\n\t\t\t\t\t\t\t<\/div>\n\t\t<\/section>\n\t\t\t\t<section class=\"elementor-section elementor-top-section elementor-element elementor-element-1010850 elementor-section-stretched elementor-section-boxed elementor-section-height-default elementor-section-height-default\" data-id=\"1010850\" data-element_type=\"section\" data-settings=\"{&quot;stretch_section&quot;:&quot;section-stretched&quot;}\">\n\t\t\t\t\t\t<div class=\"elementor-container elementor-column-gap-no\">\n\t\t\t\t\t<div class=\"elementor-column elementor-col-100 elementor-top-column elementor-element elementor-element-2624da9\" data-id=\"2624da9\" data-element_type=\"column\">\n\t\t\t<div class=\"elementor-widget-wrap elementor-element-populated\">\n\t\t\t\t\t\t\t\t<div class=\"elementor-element elementor-element-56a374c elementor-widget elementor-widget-spacer\" data-id=\"56a374c\" data-element_type=\"widget\" data-widget_type=\"spacer.default\">\n\t\t\t\t<div class=\"elementor-widget-container\">\n\t\t\t\t\t<div class=\"elementor-spacer\">\n\t\t\t<div class=\"elementor-spacer-inner\"><\/div>\n\t\t<\/div>\n\t\t\t\t<\/div>\n\t\t\t\t<\/div>\n\t\t\t\t\t<\/div>\n\t\t<\/div>\n\t\t\t\t\t\t\t<\/div>\n\t\t<\/section>\n\t\t\t\t<section class=\"elementor-section elementor-top-section elementor-element elementor-element-5617ad2 elementor-section-stretched elementor-section-boxed elementor-section-height-default elementor-section-height-default\" data-id=\"5617ad2\" data-element_type=\"section\" data-settings=\"{&quot;stretch_section&quot;:&quot;section-stretched&quot;}\">\n\t\t\t\t\t\t<div class=\"elementor-container elementor-column-gap-no\">\n\t\t\t\t\t<div class=\"elementor-column elementor-col-100 elementor-top-column elementor-element elementor-element-777e83b\" data-id=\"777e83b\" data-element_type=\"column\">\n\t\t\t<div class=\"elementor-widget-wrap elementor-element-populated\">\n\t\t\t\t\t\t\t\t<div class=\"elementor-element elementor-element-452aaac elementor-widget elementor-widget-spacer\" data-id=\"452aaac\" data-element_type=\"widget\" data-widget_type=\"spacer.default\">\n\t\t\t\t<div class=\"elementor-widget-container\">\n\t\t\t\t\t<div class=\"elementor-spacer\">\n\t\t\t<div class=\"elementor-spacer-inner\"><\/div>\n\t\t<\/div>\n\t\t\t\t<\/div>\n\t\t\t\t<\/div>\n\t\t\t\t\t<\/div>\n\t\t<\/div>\n\t\t\t\t\t\t\t<\/div>\n\t\t<\/section>\n\t\t\t\t<section class=\"elementor-section elementor-top-section elementor-element elementor-element-ef34f84 elementor-section-stretched elementor-section-boxed elementor-section-height-default elementor-section-height-default\" data-id=\"ef34f84\" data-element_type=\"section\" data-settings=\"{&quot;stretch_section&quot;:&quot;section-stretched&quot;}\">\n\t\t\t\t\t\t<div class=\"elementor-container elementor-column-gap-no\">\n\t\t\t\t\t<div class=\"elementor-column elementor-col-50 elementor-top-column elementor-element elementor-element-c9eaa2f\" data-id=\"c9eaa2f\" data-element_type=\"column\">\n\t\t\t<div class=\"elementor-widget-wrap elementor-element-populated\">\n\t\t\t\t\t\t\t\t<div class=\"elementor-element elementor-element-9026716 elementor-widget elementor-widget-image\" data-id=\"9026716\" data-element_type=\"widget\" data-widget_type=\"image.default\">\n\t\t\t\t<div class=\"elementor-widget-container\">\n\t\t\t\t\t\t\t\t\t\t\t\t\t\t\t<img fetchpriority=\"high\" decoding=\"async\" width=\"800\" height=\"600\" src=\"https:\/\/www.granlunds.com\/wp-content\/uploads\/2020\/02\/sokkeliratkaisu-1.jpg\" class=\"attachment-large size-large wp-image-1622\" alt=\"\" srcset=\"https:\/\/www.granlunds.com\/wp-content\/uploads\/2020\/02\/sokkeliratkaisu-1.jpg 800w, https:\/\/www.granlunds.com\/wp-content\/uploads\/2020\/02\/sokkeliratkaisu-1-600x450.jpg 600w, https:\/\/www.granlunds.com\/wp-content\/uploads\/2020\/02\/sokkeliratkaisu-1-300x225.jpg 300w, https:\/\/www.granlunds.com\/wp-content\/uploads\/2020\/02\/sokkeliratkaisu-1-768x576.jpg 768w\" sizes=\"(max-width: 800px) 100vw, 800px\" \/>\t\t\t\t\t\t\t\t\t\t\t\t\t\t\t<\/div>\n\t\t\t\t<\/div>\n\t\t\t\t\t<\/div>\n\t\t<\/div>\n\t\t\t\t<div class=\"elementor-column elementor-col-50 elementor-top-column elementor-element elementor-element-8de4e9a\" data-id=\"8de4e9a\" data-element_type=\"column\" data-settings=\"{&quot;background_background&quot;:&quot;classic&quot;}\">\n\t\t\t<div class=\"elementor-widget-wrap elementor-element-populated\">\n\t\t\t\t\t\t\t\t<div class=\"elementor-element elementor-element-4d1364a elementor-widget elementor-widget-heading\" data-id=\"4d1364a\" data-element_type=\"widget\" data-widget_type=\"heading.default\">\n\t\t\t\t<div class=\"elementor-widget-container\">\n\t\t\t<h2 class=\"elementor-heading-title elementor-size-default\"><b>Garanti JEPO hundelement<\/b><\/h2>\t\t<\/div>\n\t\t\t\t<\/div>\n\t\t\t\t<div class=\"elementor-element elementor-element-3b843df elementor-widget elementor-widget-text-editor\" data-id=\"3b843df\" data-element_type=\"widget\" data-widget_type=\"text-editor.default\">\n\t\t\t\t<div class=\"elementor-widget-container\">\n\t\t\t\t\t\t\t<p>JEPO hundelement som k\u00f6pts efter \u00e5r 2014 har 10 \u00e5rs garanti. Garantin f\u00f6ruts\u00e4tter att hundg\u00e5rden \u00e4r r\u00e4tt monterad. Garantin g\u00e4ller stommen, gallret och gallrets inf\u00e4stning.<\/p><p>Garantin g\u00e4ller inte f\u00f6r skador som uppkommit om t.ex. hunden har \u00e5terkommande urinerat p\u00e5 samma st\u00e4lle, ej heller om hagen har anv\u00e4nts f\u00f6r varghybrider.<\/p><p>F\u00f6r att garantin skall g\u00e4lla b\u00f6r elementen lyftas upp fr\u00e5n marken med en sockel, plankor eller Leca-stenar s\u00e5 att stommen inte st\u00e5r direkt p\u00e5 marken.<\/p>\t\t\t\t\t\t<\/div>\n\t\t\t\t<\/div>\n\t\t\t\t\t<\/div>\n\t\t<\/div>\n\t\t\t\t\t\t\t<\/div>\n\t\t<\/section>\n\t\t\t\t<section class=\"elementor-section elementor-top-section elementor-element elementor-element-dae43aa elementor-section-stretched elementor-hidden-tablet elementor-hidden-mobile elementor-section-boxed elementor-section-height-default elementor-section-height-default\" data-id=\"dae43aa\" data-element_type=\"section\" data-settings=\"{&quot;stretch_section&quot;:&quot;section-stretched&quot;}\">\n\t\t\t\t\t\t<div class=\"elementor-container elementor-column-gap-no\">\n\t\t\t\t\t<div class=\"elementor-column elementor-col-100 elementor-top-column elementor-element elementor-element-a049c47\" data-id=\"a049c47\" data-element_type=\"column\">\n\t\t\t<div class=\"elementor-widget-wrap elementor-element-populated\">\n\t\t\t\t\t\t\t\t<div class=\"elementor-element elementor-element-1bbe1fa elementor-widget elementor-widget-spacer\" data-id=\"1bbe1fa\" data-element_type=\"widget\" data-widget_type=\"spacer.default\">\n\t\t\t\t<div class=\"elementor-widget-container\">\n\t\t\t\t\t<div class=\"elementor-spacer\">\n\t\t\t<div class=\"elementor-spacer-inner\"><\/div>\n\t\t<\/div>\n\t\t\t\t<\/div>\n\t\t\t\t<\/div>\n\t\t\t\t\t<\/div>\n\t\t<\/div>\n\t\t\t\t\t\t\t<\/div>\n\t\t<\/section>\n\t\t\t\t<section class=\"elementor-section elementor-top-section elementor-element elementor-element-6c413b8 elementor-section-stretched elementor-section-boxed elementor-section-height-default elementor-section-height-default\" data-id=\"6c413b8\" data-element_type=\"section\" data-settings=\"{&quot;stretch_section&quot;:&quot;section-stretched&quot;}\">\n\t\t\t\t\t\t<div class=\"elementor-container elementor-column-gap-no\">\n\t\t\t\t\t<div class=\"elementor-column elementor-col-50 elementor-top-column elementor-element elementor-element-79edd58\" data-id=\"79edd58\" data-element_type=\"column\">\n\t\t\t<div class=\"elementor-widget-wrap elementor-element-populated\">\n\t\t\t\t\t\t\t\t<div class=\"elementor-element elementor-element-2da5614 elementor-widget elementor-widget-image\" data-id=\"2da5614\" data-element_type=\"widget\" data-widget_type=\"image.default\">\n\t\t\t\t<div class=\"elementor-widget-container\">\n\t\t\t\t\t\t\t\t\t\t\t\t\t\t\t<img decoding=\"async\" src=\"https:\/\/www.granlunds.com\/wp-content\/uploads\/elementor\/thumbs\/JIMI-koiratarha-kategori-1-e1713033490155-qmnuu713bzy0lm1k6jhluu9uu75zw09jo8n8pidkro.jpg\" title=\"JIMI koiratarha kategori\" alt=\"JIMI koiratarha kategori\" loading=\"lazy\" \/>\t\t\t\t\t\t\t\t\t\t\t\t\t\t\t<\/div>\n\t\t\t\t<\/div>\n\t\t\t\t\t<\/div>\n\t\t<\/div>\n\t\t\t\t<div class=\"elementor-column elementor-col-50 elementor-top-column elementor-element elementor-element-5ca2991\" data-id=\"5ca2991\" data-element_type=\"column\" data-settings=\"{&quot;background_background&quot;:&quot;classic&quot;}\">\n\t\t\t<div class=\"elementor-widget-wrap elementor-element-populated\">\n\t\t\t\t\t\t\t\t<div class=\"elementor-element elementor-element-738623d elementor-widget elementor-widget-heading\" data-id=\"738623d\" data-element_type=\"widget\" data-widget_type=\"heading.default\">\n\t\t\t\t<div class=\"elementor-widget-container\">\n\t\t\t<h2 class=\"elementor-heading-title elementor-size-default\"><b>Garanti JIMI hundelement<\/b><\/h2>\t\t<\/div>\n\t\t\t\t<\/div>\n\t\t\t\t<div class=\"elementor-element elementor-element-44c7141 elementor-widget elementor-widget-text-editor\" data-id=\"44c7141\" data-element_type=\"widget\" data-widget_type=\"text-editor.default\">\n\t\t\t\t<div class=\"elementor-widget-container\">\n\t\t\t\t\t\t\t<p>JIMI hundelement har 2 \u00e5rs garanti. Garantin f\u00f6ruts\u00e4tter att hundg\u00e5rden \u00e4r r\u00e4tt monterad. Garantin g\u00e4ller stommen, gallret och gallrets inf\u00e4stning.<\/p><p>Garantin g\u00e4ller inte f\u00f6r skador som uppkommit om t.ex. hunden har \u00e5terkommande urinerat p\u00e5 samma st\u00e4lle, ej heller om hagen har anv\u00e4nts f\u00f6r varghybrider.<\/p><p>F\u00f6r att garantin skall g\u00e4lla b\u00f6r elementen lyftas upp fr\u00e5n marken med en sockel, plankor eller Leca-stenar s\u00e5 att stommen inte st\u00e5r direkt p\u00e5 marken.<\/p>\t\t\t\t\t\t<\/div>\n\t\t\t\t<\/div>\n\t\t\t\t\t<\/div>\n\t\t<\/div>\n\t\t\t\t\t\t\t<\/div>\n\t\t<\/section>\n\t\t\t\t<section class=\"elementor-section elementor-top-section elementor-element elementor-element-82f3b30 elementor-section-stretched elementor-hidden-tablet elementor-hidden-mobile elementor-section-boxed elementor-section-height-default elementor-section-height-default\" data-id=\"82f3b30\" data-element_type=\"section\" data-settings=\"{&quot;stretch_section&quot;:&quot;section-stretched&quot;}\">\n\t\t\t\t\t\t<div class=\"elementor-container elementor-column-gap-no\">\n\t\t\t\t\t<div class=\"elementor-column elementor-col-100 elementor-top-column elementor-element elementor-element-2eee063\" data-id=\"2eee063\" data-element_type=\"column\">\n\t\t\t<div class=\"elementor-widget-wrap elementor-element-populated\">\n\t\t\t\t\t\t\t\t<div class=\"elementor-element elementor-element-4d1e17c elementor-widget elementor-widget-spacer\" data-id=\"4d1e17c\" data-element_type=\"widget\" data-widget_type=\"spacer.default\">\n\t\t\t\t<div class=\"elementor-widget-container\">\n\t\t\t\t\t<div class=\"elementor-spacer\">\n\t\t\t<div class=\"elementor-spacer-inner\"><\/div>\n\t\t<\/div>\n\t\t\t\t<\/div>\n\t\t\t\t<\/div>\n\t\t\t\t\t<\/div>\n\t\t<\/div>\n\t\t\t\t\t\t\t<\/div>\n\t\t<\/section>\n\t\t\t\t<section class=\"elementor-section elementor-top-section elementor-element elementor-element-c244816 elementor-section-stretched elementor-section-boxed elementor-section-height-default elementor-section-height-default\" data-id=\"c244816\" data-element_type=\"section\" data-settings=\"{&quot;stretch_section&quot;:&quot;section-stretched&quot;}\">\n\t\t\t\t\t\t<div class=\"elementor-container elementor-column-gap-no\">\n\t\t\t\t\t<div class=\"elementor-column elementor-col-50 elementor-top-column elementor-element elementor-element-01bd9db\" data-id=\"01bd9db\" data-element_type=\"column\" data-settings=\"{&quot;background_background&quot;:&quot;classic&quot;}\">\n\t\t\t<div class=\"elementor-widget-wrap elementor-element-populated\">\n\t\t\t\t\t\t\t\t<div class=\"elementor-element elementor-element-0d113ec elementor-widget elementor-widget-image\" data-id=\"0d113ec\" data-element_type=\"widget\" data-widget_type=\"image.default\">\n\t\t\t\t<div class=\"elementor-widget-container\">\n\t\t\t\t\t\t\t\t\t\t\t\t\t\t\t<img decoding=\"async\" width=\"305\" height=\"394\" src=\"https:\/\/www.granlunds.com\/wp-content\/uploads\/2020\/02\/lucka.jpg\" class=\"attachment-large size-large wp-image-1588\" alt=\"\" srcset=\"https:\/\/www.granlunds.com\/wp-content\/uploads\/2020\/02\/lucka.jpg 305w, https:\/\/www.granlunds.com\/wp-content\/uploads\/2020\/02\/lucka-232x300.jpg 232w\" sizes=\"(max-width: 305px) 100vw, 305px\" \/>\t\t\t\t\t\t\t\t\t\t\t\t\t\t\t<\/div>\n\t\t\t\t<\/div>\n\t\t\t\t\t<\/div>\n\t\t<\/div>\n\t\t\t\t<div class=\"elementor-column elementor-col-50 elementor-top-column elementor-element elementor-element-d571b75\" data-id=\"d571b75\" data-element_type=\"column\" data-settings=\"{&quot;background_background&quot;:&quot;classic&quot;}\">\n\t\t\t<div class=\"elementor-widget-wrap elementor-element-populated\">\n\t\t\t\t\t\t\t\t<div class=\"elementor-element elementor-element-ff5fcb8 elementor-widget elementor-widget-heading\" data-id=\"ff5fcb8\" data-element_type=\"widget\" data-widget_type=\"heading.default\">\n\t\t\t\t<div class=\"elementor-widget-container\">\n\t\t\t<h2 class=\"elementor-heading-title elementor-size-default\"><b>Garanti hundluckor<\/b><\/h2>\t\t<\/div>\n\t\t\t\t<\/div>\n\t\t\t\t<div class=\"elementor-element elementor-element-1b216a0 elementor-widget elementor-widget-text-editor\" data-id=\"1b216a0\" data-element_type=\"widget\" data-widget_type=\"text-editor.default\">\n\t\t\t\t<div class=\"elementor-widget-container\">\n\t\t\t\t\t\t\t<p>V\u00e5ra hundluckor ha 3 \u00e5rs garanti som r\u00e4knas utifr\u00e5n leveransdatum.<\/p><p>Garantivillkoren f\u00f6ruts\u00e4tter att luckan \u00e4r r\u00e4tt monterad samt att anv\u00e4ndningen har varit normal.<\/p>\t\t\t\t\t\t<\/div>\n\t\t\t\t<\/div>\n\t\t\t\t\t<\/div>\n\t\t<\/div>\n\t\t\t\t\t\t\t<\/div>\n\t\t<\/section>\n\t\t\t\t<section class=\"elementor-section elementor-top-section elementor-element elementor-element-e31f009 elementor-section-stretched elementor-hidden-tablet elementor-hidden-mobile elementor-section-boxed elementor-section-height-default elementor-section-height-default\" data-id=\"e31f009\" data-element_type=\"section\" data-settings=\"{&quot;stretch_section&quot;:&quot;section-stretched&quot;}\">\n\t\t\t\t\t\t<div class=\"elementor-container elementor-column-gap-no\">\n\t\t\t\t\t<div class=\"elementor-column elementor-col-100 elementor-top-column elementor-element elementor-element-abb88ea\" data-id=\"abb88ea\" data-element_type=\"column\">\n\t\t\t<div class=\"elementor-widget-wrap elementor-element-populated\">\n\t\t\t\t\t\t\t\t<div class=\"elementor-element elementor-element-f8f4fab elementor-widget elementor-widget-spacer\" data-id=\"f8f4fab\" data-element_type=\"widget\" data-widget_type=\"spacer.default\">\n\t\t\t\t<div class=\"elementor-widget-container\">\n\t\t\t\t\t<div class=\"elementor-spacer\">\n\t\t\t<div class=\"elementor-spacer-inner\"><\/div>\n\t\t<\/div>\n\t\t\t\t<\/div>\n\t\t\t\t<\/div>\n\t\t\t\t\t<\/div>\n\t\t<\/div>\n\t\t\t\t\t\t\t<\/div>\n\t\t<\/section>\n\t\t\t\t<section class=\"elementor-section elementor-top-section elementor-element elementor-element-94c8bf8 elementor-section-stretched elementor-section-boxed elementor-section-height-default elementor-section-height-default\" data-id=\"94c8bf8\" data-element_type=\"section\" data-settings=\"{&quot;stretch_section&quot;:&quot;section-stretched&quot;}\">\n\t\t\t\t\t\t<div class=\"elementor-container elementor-column-gap-no\">\n\t\t\t\t\t<div class=\"elementor-column elementor-col-50 elementor-top-column elementor-element elementor-element-6a88fc0\" data-id=\"6a88fc0\" data-element_type=\"column\">\n\t\t\t<div class=\"elementor-widget-wrap elementor-element-populated\">\n\t\t\t\t\t\t\t\t<div class=\"elementor-element elementor-element-efee4d9 elementor-widget elementor-widget-image\" data-id=\"efee4d9\" data-element_type=\"widget\" data-widget_type=\"image.default\">\n\t\t\t\t<div class=\"elementor-widget-container\">\n\t\t\t\t\t\t\t\t\t\t\t\t\t\t\t<img decoding=\"async\" src=\"https:\/\/www.granlunds.com\/wp-content\/uploads\/elementor\/thumbs\/Lammitin-70W-Muuntaja-150W-1536x1536-1-oxtmaz6znhi9vlqxpkpc0sttavysq0v2sqh0vcgx3c.jpg\" title=\"L\u00e4mmitin 70W Muuntaja 150W 1536&#215;1536\" alt=\"L\u00e4mmitin 70W Muuntaja 150W 1536x1536\" loading=\"lazy\" \/>\t\t\t\t\t\t\t\t\t\t\t\t\t\t\t<\/div>\n\t\t\t\t<\/div>\n\t\t\t\t\t<\/div>\n\t\t<\/div>\n\t\t\t\t<div class=\"elementor-column elementor-col-50 elementor-top-column elementor-element elementor-element-5f4c38d\" data-id=\"5f4c38d\" data-element_type=\"column\" data-settings=\"{&quot;background_background&quot;:&quot;classic&quot;}\">\n\t\t\t<div class=\"elementor-widget-wrap elementor-element-populated\">\n\t\t\t\t\t\t\t\t<div class=\"elementor-element elementor-element-a2f92f9 elementor-widget elementor-widget-heading\" data-id=\"a2f92f9\" data-element_type=\"widget\" data-widget_type=\"heading.default\">\n\t\t\t\t<div class=\"elementor-widget-container\">\n\t\t\t<h2 class=\"elementor-heading-title elementor-size-default\"><b>Garanti v\u00e4rmebatteri<\/b><\/h2>\t\t<\/div>\n\t\t\t\t<\/div>\n\t\t\t\t<div class=\"elementor-element elementor-element-92fb9cd elementor-widget elementor-widget-text-editor\" data-id=\"92fb9cd\" data-element_type=\"widget\" data-widget_type=\"text-editor.default\">\n\t\t\t\t<div class=\"elementor-widget-container\">\n\t\t\t\t\t\t\t<p>V\u00e4rmebatterier f\u00f6r hundkojan har 1 \u00e5rs garanti som r\u00e4knas utifr\u00e5n leveransdatum.<\/p><p>Garantin g\u00e4ller ej om felet orsakats av hunden eller om utrustningen har monterats felaktigt.&nbsp;<\/p><p>Notera transformatorns skyddsklass!<\/p>\t\t\t\t\t\t<\/div>\n\t\t\t\t<\/div>\n\t\t\t\t\t<\/div>\n\t\t<\/div>\n\t\t\t\t\t\t\t<\/div>\n\t\t<\/section>\n\t\t\t\t<section class=\"elementor-section elementor-top-section elementor-element elementor-element-c430aef elementor-section-stretched elementor-section-boxed elementor-section-height-default elementor-section-height-default\" data-id=\"c430aef\" data-element_type=\"section\" data-settings=\"{&quot;stretch_section&quot;:&quot;section-stretched&quot;}\">\n\t\t\t\t\t\t<div class=\"elementor-container elementor-column-gap-no\">\n\t\t\t\t\t<div class=\"elementor-column elementor-col-100 elementor-top-column elementor-element elementor-element-7ed8237\" data-id=\"7ed8237\" data-element_type=\"column\">\n\t\t\t<div class=\"elementor-widget-wrap elementor-element-populated\">\n\t\t\t\t\t\t\t\t<div class=\"elementor-element elementor-element-892c6e0 elementor-widget elementor-widget-spacer\" data-id=\"892c6e0\" data-element_type=\"widget\" data-widget_type=\"spacer.default\">\n\t\t\t\t<div class=\"elementor-widget-container\">\n\t\t\t\t\t<div class=\"elementor-spacer\">\n\t\t\t<div class=\"elementor-spacer-inner\"><\/div>\n\t\t<\/div>\n\t\t\t\t<\/div>\n\t\t\t\t<\/div>\n\t\t\t\t\t<\/div>\n\t\t<\/div>\n\t\t\t\t\t\t\t<\/div>\n\t\t<\/section>\n\t\t\t\t\t\t\t<\/div>\n\t\t","protected":false},"excerpt":{"rendered":"<p>Garanti Garanti JEPO hundelement JEPO hundelement som k\u00f6pts efter \u00e5r 2014 har 10 \u00e5rs garanti. Garantin f\u00f6ruts\u00e4tter att hundg\u00e5rden \u00e4r r\u00e4tt monterad. Garantin g\u00e4ller stommen, gallret och gallrets inf\u00e4stning. Garantin g\u00e4ller inte f\u00f6r skador som uppkommit om t.ex. hunden har \u00e5terkommande urinerat p\u00e5 samma st\u00e4lle, ej heller om hagen har anv\u00e4nts f\u00f6r varghybrider. F\u00f6r att &#8230; <a title=\"Jepo garanti\" class=\"read-more\" href=\"https:\/\/www.granlunds.com\/sv\/jepo-hundgard\/jepo-garanti\/\">L\u00e4s mer <span class=\"screen-reader-text\">Jepo garanti<\/span><\/a><\/p>\n","protected":false},"author":3,"featured_media":0,"parent":1541,"menu_order":1,"comment_status":"closed","ping_status":"closed","template":"","meta":{"advgb_blocks_editor_width":"","advgb_blocks_columns_visual_guide":"","footnotes":""},"coauthors":[],"author_meta":{"author_link":"https:\/\/www.granlunds.com\/sv\/author\/kaj\/","display_name":"Kaj"},"relative_dates":{"created":"Publicerad 4 \u00e5r sedan","modified":"Uppdaterad 2 \u00e5r sedan"},"absolute_dates":{"created":"Publicerat den 14 januari, 2022","modified":"Uppdaterad den 6 april, 2024"},"absolute_dates_time":{"created":"Publicerat den 14 januari, 2022 16:25","modified":"Uppdaterad den 6 april, 2024 14:19"},"featured_img_caption":"","featured_img":false,"series_order":"","_links":{"self":[{"href":"https:\/\/www.granlunds.com\/sv\/wp-json\/wp\/v2\/pages\/4726"}],"collection":[{"href":"https:\/\/www.granlunds.com\/sv\/wp-json\/wp\/v2\/pages"}],"about":[{"href":"https:\/\/www.granlunds.com\/sv\/wp-json\/wp\/v2\/types\/page"}],"author":[{"embeddable":true,"href":"https:\/\/www.granlunds.com\/sv\/wp-json\/wp\/v2\/users\/3"}],"replies":[{"embeddable":true,"href":"https:\/\/www.granlunds.com\/sv\/wp-json\/wp\/v2\/comments?post=4726"}],"version-history":[{"count":38,"href":"https:\/\/www.granlunds.com\/sv\/wp-json\/wp\/v2\/pages\/4726\/revisions"}],"predecessor-version":[{"id":9307,"href":"https:\/\/www.granlunds.com\/sv\/wp-json\/wp\/v2\/pages\/4726\/revisions\/9307"}],"up":[{"embeddable":true,"href":"https:\/\/www.granlunds.com\/sv\/wp-json\/wp\/v2\/pages\/1541"}],"wp:attachment":[{"href":"https:\/\/www.granlunds.com\/sv\/wp-json\/wp\/v2\/media?parent=4726"}],"curies":[{"name":"wp","href":"https:\/\/api.w.org\/{rel}","templated":true}]}}