{"id":471,"date":"2019-11-13T10:35:00","date_gmt":"2019-11-13T09:35:00","guid":{"rendered":"https:\/\/www.granlunds.com\/?page_id=471"},"modified":"2023-02-22T09:02:27","modified_gmt":"2023-02-22T07:02:27","slug":"kass1","status":"publish","type":"page","link":"https:\/\/www.granlunds.com\/sv\/wildlife\/kass1\/","title":{"rendered":"Mj\u00e4rde 1-\u00f6ppning"},"content":{"rendered":"\n<h1 class=\"h1-width wp-block-heading\"><em>Wildlife<\/em><\/h1>\n\n\n\n<div class=\"wp-block-columns is-layout-flex wp-container-core-columns-layout-1 wp-block-columns-is-layout-flex\">\n<div class=\"wp-block-column is-layout-flow wp-block-column-is-layout-flow\">\n<figure class=\"wp-block-image size-full\"><img fetchpriority=\"high\" decoding=\"async\" width=\"598\" height=\"600\" src=\"https:\/\/www.granlunds.com\/wp-content\/uploads\/2020\/01\/fiskfalla-1.jpg\" alt=\"\" class=\"wp-image-1451\" srcset=\"https:\/\/www.granlunds.com\/wp-content\/uploads\/2020\/01\/fiskfalla-1.jpg 598w, https:\/\/www.granlunds.com\/wp-content\/uploads\/2020\/01\/fiskfalla-1-100x100.jpg 100w, https:\/\/www.granlunds.com\/wp-content\/uploads\/2020\/01\/fiskfalla-1-300x300.jpg 300w, https:\/\/www.granlunds.com\/wp-content\/uploads\/2020\/01\/fiskfalla-1-150x150.jpg 150w\" sizes=\"(max-width: 598px) 100vw, 598px\" \/><\/figure>\n<\/div>\n\n\n\n<div class=\"wp-block-column is-layout-flow wp-block-column-is-layout-flow\">\n<h2 class=\"wp-block-heading\">Mj\u00e4rde 1-\u00f6ppning<\/h2>\n\n\n\n<p>L\u00e4ngd: 107(+ arm 45cm)<br>Bredd: 71cm<br>H\u00f6jd: 46cm<br>Vikt: 7,5kg<br>EAN\/GTIN: 6430063468105<br>Material: Aluzink 1&#215;1\u201d, 2mm med PVC-yta.<\/p>\n\n\n\n<h2 class=\"wp-block-heading\">Allm\u00e4nt<\/h2>\n\n\n\n<p><span style=\"font-size: revert; background-color: initial;\">Mj\u00e4rden \u00e4r konstruerad enligt samma  princip som en ryssja med en yttre, bredare och en inre, smalare  \u00f6ppning. Armen levereras l\u00f6st f\u00f6r att monteras av kunden.<\/span> <span style=\"font-size: revert; background-color: initial;\">Mj\u00e4rdarna \u00e4r testade och fungerar bra  f\u00f6r abborre och t.o.m. g\u00e4dda. Gallret \u00e4r gr\u00f6nt plastiserat aluzink n\u00e4t med 2,0mm:s tr\u00e5d och maskstorlek 25 x 25mm.<\/span> <\/p>\n\n\n\n<h2 class=\"wp-block-heading\">\u00c5terf\u00f6rs\u00e4ljare<\/h2>\n\n\n\n<figure class=\"wp-block-image size-full is-resized\"><img decoding=\"async\" src=\"https:\/\/www.granlunds.com\/wp-content\/uploads\/2022\/11\/ostrologo.gif\" alt=\"\" class=\"wp-image-5952\" width=\"343\" height=\"105\"\/><\/figure>\n\n\n\n<figure class=\"wp-block-image size-full is-resized\"><a href=\"https:\/\/www.karkkainen.com\/verkkokauppa\/\"><img decoding=\"async\" src=\"https:\/\/www.granlunds.com\/wp-content\/uploads\/2022\/11\/karkkainencom_logo.png\" alt=\"\" class=\"wp-image-5949\" width=\"398\" height=\"104\"\/><\/a><\/figure>\n\n\n\n<figure class=\"wp-block-image size-full is-resized\"><a href=\"https:\/\/www.tuontitukku.fi\/\"><img loading=\"lazy\" decoding=\"async\" src=\"https:\/\/www.granlunds.com\/wp-content\/uploads\/2022\/11\/Tuontitukku.png\" alt=\"\" class=\"wp-image-5946\" width=\"398\" height=\"70\" srcset=\"https:\/\/www.granlunds.com\/wp-content\/uploads\/2022\/11\/Tuontitukku.png 570w, https:\/\/www.granlunds.com\/wp-content\/uploads\/2022\/11\/Tuontitukku-300x53.png 300w, https:\/\/www.granlunds.com\/wp-content\/uploads\/2022\/11\/Tuontitukku-250x44.png 250w\" sizes=\"(max-width: 398px) 100vw, 398px\" \/><\/a><\/figure>\n<\/div>\n<\/div>\n","protected":false},"excerpt":{"rendered":"<p>Mj\u00e4rde 1-\u00f6ppning L\u00e4ngd: 107(+ arm 45cm)Bredd: 71cmH\u00f6jd: 46cmVikt: 7,5kgEAN\/GTIN: 6430063468105Material: Aluzink 1&#215;1\u201d, 2mm med PVC-yta. Allm\u00e4nt Mj\u00e4rden \u00e4r konstruerad enligt samma princip som en ryssja med en yttre, bredare och en inre, smalare \u00f6ppning. Armen levereras l\u00f6st f\u00f6r att monteras av kunden. Mj\u00e4rdarna \u00e4r testade och fungerar bra f\u00f6r abborre och t.o.m. g\u00e4dda. Gallret \u00e4r &#8230; <a title=\"Mj\u00e4rde 1-\u00f6ppning\" class=\"read-more\" href=\"https:\/\/www.granlunds.com\/sv\/wildlife\/kass1\/\">L\u00e4s mer <span class=\"screen-reader-text\">Mj\u00e4rde 1-\u00f6ppning<\/span><\/a><\/p>\n","protected":false},"author":1,"featured_media":0,"parent":10,"menu_order":0,"comment_status":"closed","ping_status":"closed","template":"","meta":{"advgb_blocks_editor_width":"","advgb_blocks_columns_visual_guide":"","footnotes":""},"coauthors":[],"author_meta":{"author_link":"https:\/\/www.granlunds.com\/sv\/author\/tommy\/","display_name":"tommy"},"relative_dates":{"created":"Publicerad 6 \u00e5r sedan","modified":"Uppdaterad 3 \u00e5r sedan"},"absolute_dates":{"created":"Publicerat den 13 november, 2019","modified":"Uppdaterad den 22 februari, 2023"},"absolute_dates_time":{"created":"Publicerat den 13 november, 2019 10:35","modified":"Uppdaterad den 22 februari, 2023 09:02"},"featured_img_caption":"","featured_img":false,"series_order":"","_links":{"self":[{"href":"https:\/\/www.granlunds.com\/sv\/wp-json\/wp\/v2\/pages\/471"}],"collection":[{"href":"https:\/\/www.granlunds.com\/sv\/wp-json\/wp\/v2\/pages"}],"about":[{"href":"https:\/\/www.granlunds.com\/sv\/wp-json\/wp\/v2\/types\/page"}],"author":[{"embeddable":true,"href":"https:\/\/www.granlunds.com\/sv\/wp-json\/wp\/v2\/users\/1"}],"replies":[{"embeddable":true,"href":"https:\/\/www.granlunds.com\/sv\/wp-json\/wp\/v2\/comments?post=471"}],"version-history":[{"count":17,"href":"https:\/\/www.granlunds.com\/sv\/wp-json\/wp\/v2\/pages\/471\/revisions"}],"predecessor-version":[{"id":6234,"href":"https:\/\/www.granlunds.com\/sv\/wp-json\/wp\/v2\/pages\/471\/revisions\/6234"}],"up":[{"embeddable":true,"href":"https:\/\/www.granlunds.com\/sv\/wp-json\/wp\/v2\/pages\/10"}],"wp:attachment":[{"href":"https:\/\/www.granlunds.com\/sv\/wp-json\/wp\/v2\/media?parent=471"}],"curies":[{"name":"wp","href":"https:\/\/api.w.org\/{rel}","templated":true}]}}