{"id":420,"date":"2019-11-11T11:58:12","date_gmt":"2019-11-11T10:58:12","guid":{"rendered":"https:\/\/www.granlunds.com\/?page_id=420"},"modified":"2023-02-22T08:58:43","modified_gmt":"2023-02-22T06:58:43","slug":"rav","status":"publish","type":"page","link":"https:\/\/www.granlunds.com\/sv\/wildlife\/rav\/","title":{"rendered":"R\u00e4vf\u00e4lla"},"content":{"rendered":"\n<h1 class=\"h1-width wp-block-heading\"><em>Wildlife<\/em><\/h1>\n\n\n\n<div class=\"wp-block-columns is-layout-flex wp-container-core-columns-layout-1 wp-block-columns-is-layout-flex\">\n<div class=\"wp-block-column is-layout-flow wp-block-column-is-layout-flow\">\n<figure class=\"wp-block-image size-large\"><img fetchpriority=\"high\" decoding=\"async\" width=\"1024\" height=\"480\" src=\"https:\/\/www.granlunds.com\/wp-content\/uploads\/2019\/11\/ravfalla-1024x480.jpg\" alt=\"\" class=\"wp-image-421\" srcset=\"https:\/\/www.granlunds.com\/wp-content\/uploads\/2019\/11\/ravfalla-1024x480.jpg 1024w, https:\/\/www.granlunds.com\/wp-content\/uploads\/2019\/11\/ravfalla-300x141.jpg 300w, https:\/\/www.granlunds.com\/wp-content\/uploads\/2019\/11\/ravfalla-768x360.jpg 768w, https:\/\/www.granlunds.com\/wp-content\/uploads\/2019\/11\/ravfalla.jpg 1280w\" sizes=\"(max-width: 1024px) 100vw, 1024px\" \/><\/figure>\n<\/div>\n\n\n\n<div class=\"wp-block-column is-layout-flow wp-block-column-is-layout-flow\">\n<h2 class=\"wp-block-heading\">R\u00e4vf\u00e4lla \u00d6F30<\/h2>\n\n\n\n<p>L\u00e4ngd: 199 cm<br>Bredd: 31 cm<br>H\u00f6jd: 46 cm<br>Vikt: 9 kg<br>EAN\/GTIN: 6430063463001<br>Material: Aluzink 1&#215;1\u00bd&#8221;, 2mm tr\u00e5d.<br>F\u00f6rst\u00e4rkningar: Galvaniserad tr\u00e5d 4mm.<\/p>\n<\/div>\n<\/div>\n\n\n\n<div class=\"wp-block-columns is-layout-flex wp-container-core-columns-layout-2 wp-block-columns-is-layout-flex\">\n<div class=\"wp-block-column is-layout-flow wp-block-column-is-layout-flow\">\n<h2 class=\"wp-block-heading\">R\u00e4ven<\/h2>\n\n\n\n<p>R\u00f6dr\u00e4ven \u00e4r en skygg och f\u00f6rsiktig art. Den lever p\u00e5 ett brett omr\u00e5de som omfattar b\u00e5de tundra och st\u00e4der. R\u00f6dr\u00e4ven \u00e4r 58-90cm l\u00e5ng och v\u00e4ger 6-11kg. F\u00f6dan best\u00e5r av t.ex. kaniner, f\u00e5glar, \u00e4gg och avfall. En valpkull best\u00e5r av 4-12 valpar.<\/p>\n\n\n\n<h2 class=\"wp-block-heading\">Anv\u00e4ndning<\/h2>\n\n\n\n<p>Gillra f\u00e4llan genom att \u00f6ppna betesluckan p\u00e5 mitten av f\u00e4llan och s\u00e4tt in betet. F\u00e4llan \u00e4r en genomg\u00e5ngsf\u00e4lla med \u00f6ppning i b\u00e5da gavlarna. Gillra en gavel \u00e5t g\u00e5ngen genom att trycka ut l\u00e5set p\u00e5 b\u00e5da sidorna och \u00f6ppna luckan. F\u00f6r gillerpinnen under motstycket p\u00e5 luckan. F\u00e4st dragfj\u00e4drar i  gallerpinnarna. F\u00e4llan sluts n\u00e4r r\u00e4ven stiger p\u00e5 trampan inne i f\u00e4llan.<\/p>\n<\/div>\n\n\n\n<div class=\"wp-block-column is-layout-flow wp-block-column-is-layout-flow\">\n<figure class=\"wp-block-image size-large\"><img decoding=\"async\" width=\"1067\" height=\"600\" src=\"https:\/\/www.granlunds.com\/wp-content\/uploads\/2022\/11\/ravfalla2-edited.jpg\" alt=\"\" class=\"wp-image-6006\" srcset=\"https:\/\/www.granlunds.com\/wp-content\/uploads\/2022\/11\/ravfalla2-edited.jpg 1067w, https:\/\/www.granlunds.com\/wp-content\/uploads\/2022\/11\/ravfalla2-edited-300x169.jpg 300w, https:\/\/www.granlunds.com\/wp-content\/uploads\/2022\/11\/ravfalla2-edited-1024x576.jpg 1024w, https:\/\/www.granlunds.com\/wp-content\/uploads\/2022\/11\/ravfalla2-edited-768x432.jpg 768w, https:\/\/www.granlunds.com\/wp-content\/uploads\/2022\/11\/ravfalla2-edited-250x141.jpg 250w\" sizes=\"(max-width: 1067px) 100vw, 1067px\" \/><\/figure>\n<\/div>\n<\/div>\n\n\n\n<p><\/p>\n\n\n\n<div class=\"wp-block-columns is-layout-flex wp-container-core-columns-layout-3 wp-block-columns-is-layout-flex\">\n<div class=\"wp-block-column is-layout-flow wp-block-column-is-layout-flow advgb-dyn-69a844db\" style=\"flex-basis:50%\">\n<h2 class=\"wp-block-heading advgb-dyn-a202e2e2\">\u00c5terf\u00f6rs\u00e4ljare i Sverige<\/h2>\n\n\n\n<figure class=\"wp-block-image size-full\"><a href=\"https:\/\/rmjakt.se\/\"><img decoding=\"async\" width=\"393\" height=\"128\" src=\"https:\/\/www.granlunds.com\/wp-content\/uploads\/2022\/11\/image.png\" alt=\"\" class=\"wp-image-5969\" srcset=\"https:\/\/www.granlunds.com\/wp-content\/uploads\/2022\/11\/image.png 393w, https:\/\/www.granlunds.com\/wp-content\/uploads\/2022\/11\/image-300x98.png 300w, https:\/\/www.granlunds.com\/wp-content\/uploads\/2022\/11\/image-250x81.png 250w\" sizes=\"(max-width: 393px) 100vw, 393px\" \/><\/a><\/figure>\n<\/div>\n\n\n\n<div class=\"wp-block-column is-layout-flow wp-block-column-is-layout-flow advgb-dyn-69a844db\" style=\"flex-basis:50%\">\n<h2 class=\"wp-block-heading\">\u00c5terf\u00f6rs\u00e4ljare i Norge<\/h2>\n\n\n\n<figure class=\"wp-block-image size-full is-resized\"><a href=\"https:\/\/www.markhusan.no\/\"><img loading=\"lazy\" decoding=\"async\" src=\"https:\/\/www.granlunds.com\/wp-content\/uploads\/2021\/04\/Markhusan-4.png\" alt=\"\" class=\"wp-image-3678\" width=\"441\" height=\"144\"\/><\/a><\/figure>\n<\/div>\n<\/div>\n\n\n\n<h2 class=\"has-text-align-center reseller wp-block-heading\"><a href=\"https:\/\/www.granlunds.com\/sv\/wildlife\/aterforsaljare\">\u00c5terf\u00f6rs\u00e4ljare i Finland Tryck h\u00e4r!<\/a><\/h2>\n\n\n\n<div style=\"height:37px\" aria-hidden=\"true\" class=\"wp-block-spacer\"><\/div>\n","protected":false},"excerpt":{"rendered":"<p>R\u00e4vf\u00e4lla \u00d6F30 L\u00e4ngd: 199 cmBredd: 31 cmH\u00f6jd: 46 cmVikt: 9 kgEAN\/GTIN: 6430063463001Material: Aluzink 1&#215;1\u00bd&#8221;, 2mm tr\u00e5d.F\u00f6rst\u00e4rkningar: Galvaniserad tr\u00e5d 4mm. R\u00e4ven R\u00f6dr\u00e4ven \u00e4r en skygg och f\u00f6rsiktig art. Den lever p\u00e5 ett brett omr\u00e5de som omfattar b\u00e5de tundra och st\u00e4der. R\u00f6dr\u00e4ven \u00e4r 58-90cm l\u00e5ng och v\u00e4ger 6-11kg. F\u00f6dan best\u00e5r av t.ex. kaniner, f\u00e5glar, \u00e4gg och avfall. &#8230; <a title=\"R\u00e4vf\u00e4lla\" class=\"read-more\" href=\"https:\/\/www.granlunds.com\/sv\/wildlife\/rav\/\">L\u00e4s mer <span class=\"screen-reader-text\">R\u00e4vf\u00e4lla<\/span><\/a><\/p>\n","protected":false},"author":1,"featured_media":0,"parent":10,"menu_order":0,"comment_status":"closed","ping_status":"closed","template":"","meta":{"advgb_blocks_editor_width":"","advgb_blocks_columns_visual_guide":"","footnotes":""},"coauthors":[],"author_meta":{"author_link":"https:\/\/www.granlunds.com\/sv\/author\/tommy\/","display_name":"tommy"},"relative_dates":{"created":"Publicerad 6 \u00e5r sedan","modified":"Uppdaterad 3 \u00e5r sedan"},"absolute_dates":{"created":"Publicerat den 11 november, 2019","modified":"Uppdaterad den 22 februari, 2023"},"absolute_dates_time":{"created":"Publicerat den 11 november, 2019 11:58","modified":"Uppdaterad den 22 februari, 2023 08:58"},"featured_img_caption":"","featured_img":false,"series_order":"","_links":{"self":[{"href":"https:\/\/www.granlunds.com\/sv\/wp-json\/wp\/v2\/pages\/420"}],"collection":[{"href":"https:\/\/www.granlunds.com\/sv\/wp-json\/wp\/v2\/pages"}],"about":[{"href":"https:\/\/www.granlunds.com\/sv\/wp-json\/wp\/v2\/types\/page"}],"author":[{"embeddable":true,"href":"https:\/\/www.granlunds.com\/sv\/wp-json\/wp\/v2\/users\/1"}],"replies":[{"embeddable":true,"href":"https:\/\/www.granlunds.com\/sv\/wp-json\/wp\/v2\/comments?post=420"}],"version-history":[{"count":9,"href":"https:\/\/www.granlunds.com\/sv\/wp-json\/wp\/v2\/pages\/420\/revisions"}],"predecessor-version":[{"id":6231,"href":"https:\/\/www.granlunds.com\/sv\/wp-json\/wp\/v2\/pages\/420\/revisions\/6231"}],"up":[{"embeddable":true,"href":"https:\/\/www.granlunds.com\/sv\/wp-json\/wp\/v2\/pages\/10"}],"wp:attachment":[{"href":"https:\/\/www.granlunds.com\/sv\/wp-json\/wp\/v2\/media?parent=420"}],"curies":[{"name":"wp","href":"https:\/\/api.w.org\/{rel}","templated":true}]}}