{"id":398,"date":"2019-11-11T11:47:21","date_gmt":"2019-11-11T10:47:21","guid":{"rendered":"https:\/\/www.granlunds.com\/?page_id=398"},"modified":"2023-02-22T08:53:44","modified_gmt":"2023-02-22T06:53:44","slug":"kanin","status":"publish","type":"page","link":"https:\/\/www.granlunds.com\/sv\/wildlife\/kanin\/","title":{"rendered":"Kaninf\u00e4lla"},"content":{"rendered":"\n<h1 class=\"h1-width wp-block-heading\"><em>Wildlife<\/em><\/h1>\n\n\n\n<div class=\"wp-block-columns is-layout-flex wp-container-core-columns-layout-1 wp-block-columns-is-layout-flex\">\n<div class=\"wp-block-column is-vertically-aligned-center is-layout-flow wp-block-column-is-layout-flow\">\n<figure class=\"wp-block-image size-large\"><img fetchpriority=\"high\" decoding=\"async\" width=\"959\" height=\"600\" src=\"https:\/\/www.granlunds.com\/wp-content\/uploads\/2022\/11\/kaninfalla-edited-1.jpg\" alt=\"\" class=\"wp-image-5890\" srcset=\"https:\/\/www.granlunds.com\/wp-content\/uploads\/2022\/11\/kaninfalla-edited-1.jpg 959w, https:\/\/www.granlunds.com\/wp-content\/uploads\/2022\/11\/kaninfalla-edited-1-300x188.jpg 300w, https:\/\/www.granlunds.com\/wp-content\/uploads\/2022\/11\/kaninfalla-edited-1-768x481.jpg 768w, https:\/\/www.granlunds.com\/wp-content\/uploads\/2022\/11\/kaninfalla-edited-1-250x156.jpg 250w\" sizes=\"(max-width: 959px) 100vw, 959px\" \/><\/figure>\n<\/div>\n\n\n\n<div class=\"wp-block-column is-vertically-aligned-top has-white-color has-text-color is-layout-flow wp-block-column-is-layout-flow\">\n<h2 class=\"has-text-align-left wp-block-heading\">Kaninf\u00e4lla  \u00d6F20,1 (\u00d6F40)<\/h2>\n\n\n\n<p class=\"has-text-align-left has-black-color has-text-color has-medium-font-size\">L\u00e4ngd: 76 cm<br>Bredd: 31 cm<br>H\u00f6jd: 36 cm<br>Vikt: 4 kg<br>EAN\/GTIN: 6430063462011<br>Material: Aluzink 1&#215;1\u00bd&#8221;, 2mm tr\u00e5d.<br>F\u00f6rst\u00e4rkningar: Galvaniserad tr\u00e5d 4mm.<br>Godk\u00e4nd av Naturv\u00e5rdsverket L124<\/p>\n<\/div>\n<\/div>\n\n\n\n<div class=\"wp-block-columns is-layout-flex wp-container-core-columns-layout-2 wp-block-columns-is-layout-flex\">\n<div class=\"wp-block-column is-vertically-aligned-top is-layout-flow wp-block-column-is-layout-flow advgb-dyn-30499083\" style=\"flex-basis:50%\">\n<h2 class=\"has-text-align-left wp-block-heading advgb-dyn-f5943e48\">Om kaninen<\/h2>\n\n\n\n<p class=\"has-text-align-left has-black-color has-text-color has-medium-font-size advgb-dyn-b054f0a5\">Kaninen \u00e4r ett aktivt och socialt djur  som lever i kolonier och gr\u00e4ver omfattande tunnlar med m\u00e5nga utg\u00e5ngar.  L\u00e4ngden \u00e4r 34-50 cm och den v\u00e4ger 1-2,5 kg. Kaninen f\u00e5r kullar med 5-8 ungar, upp till  fyra g\u00e5nger om \u00e5ret.<\/p>\n<\/div>\n\n\n\n<div class=\"wp-block-column is-vertically-aligned-center is-layout-flow wp-block-column-is-layout-flow advgb-dyn-7874989e\" style=\"flex-basis:50%\">\n<figure class=\"wp-block-image size-large is-resized\"><img decoding=\"async\" src=\"https:\/\/www.granlunds.com\/wp-content\/uploads\/2019\/10\/kaninfalla-fangst-1024x480.jpg\" alt=\"\" class=\"wp-image-131\" width=\"583\" height=\"273\" srcset=\"https:\/\/www.granlunds.com\/wp-content\/uploads\/2019\/10\/kaninfalla-fangst-1024x480.jpg 1024w, https:\/\/www.granlunds.com\/wp-content\/uploads\/2019\/10\/kaninfalla-fangst-300x141.jpg 300w, https:\/\/www.granlunds.com\/wp-content\/uploads\/2019\/10\/kaninfalla-fangst-768x360.jpg 768w, https:\/\/www.granlunds.com\/wp-content\/uploads\/2019\/10\/kaninfalla-fangst.jpg 1280w\" sizes=\"(max-width: 583px) 100vw, 583px\" \/><\/figure>\n<\/div>\n<\/div>\n\n\n\n<h2 class=\"has-text-align-left wp-block-heading\">Anv\u00e4ndning<\/h2>\n\n\n\n<p class=\"has-text-align-left\">Gillra f\u00e4llan genom att \u00f6ppna  betesluckan och s\u00e4tt in betet. <strong>Som bete kan man anv\u00e4nda \u00e4pple eller p\u00e4ron som har visat sig fungera bra. Krossa frukten l\u00e4tt genom att trycka s\u00f6nder den med foten eller n\u00e4ven, d\u00e5 blir frukten saftig och lukten lockar till sig bytet. Dessutom kan man &#8221;krydda extra&#8221; med \u00e4ppelsaft. <\/strong><\/p>\n\n\n\n<p class=\"has-text-align-left\">Tryck ut l\u00e5set p\u00e5 b\u00e5da sidorna och \u00f6ppna  luckan. F\u00f6r gillerpinnen under motstycket p\u00e5 luckan. F\u00e4llan st\u00e4ngs n\u00e4r  kaninen stiger p\u00e5 trampan inne i f\u00e4llan. Kaninf\u00e4llan f\u00e5ngar \u00e4ven och  vildkatt.<\/p>\n\n\n\n<h2 class=\"has-text-align-left wp-block-heading\">\u00c5terf\u00f6rs\u00e4ljare i Sverige<\/h2>\n\n\n\n<div class=\"wp-block-columns is-layout-flex wp-container-core-columns-layout-4 wp-block-columns-is-layout-flex\">\n<div class=\"wp-block-column is-layout-flow wp-block-column-is-layout-flow advgb-dyn-94263ffd\" style=\"flex-basis:100%\">\n<div class=\"wp-block-columns is-layout-flex wp-container-core-columns-layout-3 wp-block-columns-is-layout-flex advgb-dyn-ff8a277f\">\n<div class=\"wp-block-column is-layout-flow wp-block-column-is-layout-flow advgb-dyn-bb754da6\"><div class=\"wp-block-image\">\n<figure class=\"aligncenter size-large is-resized advgb-dyn-08724d76\"><a href=\"https:\/\/rmjakt.se\/\"><img decoding=\"async\" src=\"https:\/\/www.granlunds.com\/wp-content\/uploads\/2021\/02\/RM-jakt-logo.png\" alt=\"\" class=\"wp-image-3571\" width=\"469\" height=\"152\" srcset=\"https:\/\/www.granlunds.com\/wp-content\/uploads\/2021\/02\/RM-jakt-logo.png 393w, https:\/\/www.granlunds.com\/wp-content\/uploads\/2021\/02\/RM-jakt-logo-300x98.png 300w, https:\/\/www.granlunds.com\/wp-content\/uploads\/2021\/02\/RM-jakt-logo-250x81.png 250w\" sizes=\"(max-width: 469px) 100vw, 469px\" \/><\/a><\/figure><\/div><\/div>\n\n\n\n<div class=\"wp-block-column is-layout-flow wp-block-column-is-layout-flow advgb-dyn-bb754da6\"><div class=\"wp-block-image\">\n<figure class=\"aligncenter size-large is-resized advgb-dyn-425b568f\"><a href=\"https:\/\/www.hylte-lantman.com\/\"><img loading=\"lazy\" decoding=\"async\" src=\"https:\/\/www.granlunds.com\/wp-content\/uploads\/2021\/02\/Hylte-logo.png\" alt=\"\" class=\"wp-image-3574\" width=\"312\" height=\"164\" srcset=\"https:\/\/www.granlunds.com\/wp-content\/uploads\/2021\/02\/Hylte-logo.png 310w, https:\/\/www.granlunds.com\/wp-content\/uploads\/2021\/02\/Hylte-logo-300x158.png 300w, https:\/\/www.granlunds.com\/wp-content\/uploads\/2021\/02\/Hylte-logo-250x131.png 250w\" sizes=\"(max-width: 312px) 100vw, 312px\" \/><\/a><\/figure><\/div><\/div>\n<\/div>\n<\/div>\n<\/div>\n\n\n\n<h2 class=\"has-text-align-center reseller wp-block-heading\"><a href=\"https:\/\/www.granlunds.com\/sv\/wildlife\/aterforsaljare\">\u00c5terf\u00f6rs\u00e4ljare i Finland Tryck h\u00e4r!<\/a><\/h2>\n\n\n\n<div style=\"height:25px\" aria-hidden=\"true\" class=\"wp-block-spacer\"><\/div>\n","protected":false},"excerpt":{"rendered":"<p>Kaninf\u00e4lla \u00d6F20,1 (\u00d6F40) L\u00e4ngd: 76 cmBredd: 31 cmH\u00f6jd: 36 cmVikt: 4 kgEAN\/GTIN: 6430063462011Material: Aluzink 1&#215;1\u00bd&#8221;, 2mm tr\u00e5d.F\u00f6rst\u00e4rkningar: Galvaniserad tr\u00e5d 4mm.Godk\u00e4nd av Naturv\u00e5rdsverket L124 Om kaninen Kaninen \u00e4r ett aktivt och socialt djur som lever i kolonier och gr\u00e4ver omfattande tunnlar med m\u00e5nga utg\u00e5ngar. L\u00e4ngden \u00e4r 34-50 cm och den v\u00e4ger 1-2,5 kg. Kaninen f\u00e5r kullar &#8230; <a title=\"Kaninf\u00e4lla\" class=\"read-more\" href=\"https:\/\/www.granlunds.com\/sv\/wildlife\/kanin\/\">L\u00e4s mer <span class=\"screen-reader-text\">Kaninf\u00e4lla<\/span><\/a><\/p>\n","protected":false},"author":1,"featured_media":0,"parent":10,"menu_order":0,"comment_status":"closed","ping_status":"closed","template":"","meta":{"advgb_blocks_editor_width":"","advgb_blocks_columns_visual_guide":"","footnotes":""},"coauthors":[],"author_meta":{"author_link":"https:\/\/www.granlunds.com\/sv\/author\/tommy\/","display_name":"tommy"},"relative_dates":{"created":"Publicerad 6 \u00e5r sedan","modified":"Uppdaterad 3 \u00e5r sedan"},"absolute_dates":{"created":"Publicerat den 11 november, 2019","modified":"Uppdaterad den 22 februari, 2023"},"absolute_dates_time":{"created":"Publicerat den 11 november, 2019 11:47","modified":"Uppdaterad den 22 februari, 2023 08:53"},"featured_img_caption":"","featured_img":false,"series_order":"","_links":{"self":[{"href":"https:\/\/www.granlunds.com\/sv\/wp-json\/wp\/v2\/pages\/398"}],"collection":[{"href":"https:\/\/www.granlunds.com\/sv\/wp-json\/wp\/v2\/pages"}],"about":[{"href":"https:\/\/www.granlunds.com\/sv\/wp-json\/wp\/v2\/types\/page"}],"author":[{"embeddable":true,"href":"https:\/\/www.granlunds.com\/sv\/wp-json\/wp\/v2\/users\/1"}],"replies":[{"embeddable":true,"href":"https:\/\/www.granlunds.com\/sv\/wp-json\/wp\/v2\/comments?post=398"}],"version-history":[{"count":30,"href":"https:\/\/www.granlunds.com\/sv\/wp-json\/wp\/v2\/pages\/398\/revisions"}],"predecessor-version":[{"id":6224,"href":"https:\/\/www.granlunds.com\/sv\/wp-json\/wp\/v2\/pages\/398\/revisions\/6224"}],"up":[{"embeddable":true,"href":"https:\/\/www.granlunds.com\/sv\/wp-json\/wp\/v2\/pages\/10"}],"wp:attachment":[{"href":"https:\/\/www.granlunds.com\/sv\/wp-json\/wp\/v2\/media?parent=398"}],"curies":[{"name":"wp","href":"https:\/\/api.w.org\/{rel}","templated":true}]}}