{"id":363,"date":"2019-11-11T11:20:39","date_gmt":"2019-11-11T10:20:39","guid":{"rendered":"https:\/\/www.granlunds.com\/?page_id=363"},"modified":"2023-02-22T08:56:54","modified_gmt":"2023-02-22T06:56:54","slug":"gravling","status":"publish","type":"page","link":"https:\/\/www.granlunds.com\/sv\/wildlife\/gravling\/","title":{"rendered":"Gr\u00e4vlingsf\u00e4lla"},"content":{"rendered":"\n<h1 class=\"h1-width wp-block-heading\"><em>Wildlife<\/em><\/h1>\n\n\n\n<div class=\"wp-block-columns is-layout-flex wp-container-core-columns-layout-1 wp-block-columns-is-layout-flex\">\n<div class=\"wp-block-column is-layout-flow wp-block-column-is-layout-flow\">\n<figure class=\"wp-block-image size-large\"><img fetchpriority=\"high\" decoding=\"async\" width=\"900\" height=\"600\" src=\"https:\/\/www.granlunds.com\/wp-content\/uploads\/2022\/11\/gravlingsfalla-stangd-1-edited.jpg\" alt=\"\" class=\"wp-image-5924\" srcset=\"https:\/\/www.granlunds.com\/wp-content\/uploads\/2022\/11\/gravlingsfalla-stangd-1-edited.jpg 900w, https:\/\/www.granlunds.com\/wp-content\/uploads\/2022\/11\/gravlingsfalla-stangd-1-edited-300x200.jpg 300w, https:\/\/www.granlunds.com\/wp-content\/uploads\/2022\/11\/gravlingsfalla-stangd-1-edited-768x512.jpg 768w, https:\/\/www.granlunds.com\/wp-content\/uploads\/2022\/11\/gravlingsfalla-stangd-1-edited-250x167.jpg 250w\" sizes=\"(max-width: 900px) 100vw, 900px\" \/><\/figure>\n<\/div>\n\n\n\n<div class=\"wp-block-column is-layout-flow wp-block-column-is-layout-flow\">\n<h2 class=\"wp-block-heading\">Gr\u00e4vlingsf\u00e4lla \u00d6F70<\/h2>\n\n\n\n<p>L\u00e4ngd: 116cm<br>Bredd: 41cm<br>H\u00f6jd: 46cm<br>Vikt: 13kg<br>EAN\/GTIN: 6430063467009 <br>Material: PVC-bekl\u00e4dd Aluzink 1&#215;2\u201d, 3,5mm tr\u00e5d.<br>F\u00f6rst\u00e4rkningar: Galvaniserad tr\u00e5d 4 och 5mm.<\/p>\n<\/div>\n<\/div>\n\n\n\n<div class=\"wp-block-columns is-layout-flex wp-container-core-columns-layout-2 wp-block-columns-is-layout-flex\">\n<div class=\"wp-block-column is-layout-flow wp-block-column-is-layout-flow\">\n<h2 class=\"wp-block-heading\">Allm\u00e4nt<\/h2>\n\n\n\n<p>F\u00e4llan \u00e4r l\u00e4mplig ocks\u00e5 f\u00f6r andra djur s\u00e5som m\u00e5rdhund, r\u00e4v, skogsm\u00e5rd m.m. Gr\u00e4vlingen \u00e4r ett starkt djur som g\u00e4rna drar i tillg\u00e4ngliga delar inne i f\u00e4llan. D\u00e4rf\u00f6r \u00e4r gr\u00e4vlingsf\u00e4llans r\u00f6rliga delar placerade p\u00e5 utsidan. F\u00e4llan \u00e4r f\u00f6rsedd med en dubbel ing\u00e5ngslucka som g\u00f6r det om\u00f6jligt f\u00f6r den starka gr\u00e4vlingen att trycka upp luckan och smita ut.<\/p>\n<\/div>\n\n\n\n<div class=\"wp-block-column is-layout-flow wp-block-column-is-layout-flow\">\n<figure class=\"wp-block-image size-large\"><img decoding=\"async\" width=\"1024\" height=\"480\" src=\"https:\/\/www.granlunds.com\/wp-content\/uploads\/2019\/10\/gravlingsfalla-fangst-1024x480.jpg\" alt=\"\" class=\"wp-image-122\" srcset=\"https:\/\/www.granlunds.com\/wp-content\/uploads\/2019\/10\/gravlingsfalla-fangst-1024x480.jpg 1024w, https:\/\/www.granlunds.com\/wp-content\/uploads\/2019\/10\/gravlingsfalla-fangst-300x141.jpg 300w, https:\/\/www.granlunds.com\/wp-content\/uploads\/2019\/10\/gravlingsfalla-fangst-768x360.jpg 768w, https:\/\/www.granlunds.com\/wp-content\/uploads\/2019\/10\/gravlingsfalla-fangst.jpg 1280w\" sizes=\"(max-width: 1024px) 100vw, 1024px\" \/><\/figure>\n<\/div>\n<\/div>\n\n\n\n<div class=\"wp-block-columns is-layout-flex wp-container-core-columns-layout-3 wp-block-columns-is-layout-flex\">\n<div class=\"wp-block-column is-layout-flow wp-block-column-is-layout-flow\">\n<h2 class=\"wp-block-heading\">Anv\u00e4ndning<\/h2>\n\n\n\n<p>Gillra f\u00e4llan genom att \u00f6ppna  betesluckan och s\u00e4tt in betet l\u00e4ngst inne p\u00e5 f\u00e4llans golv. Tryck ut  l\u00e5set p\u00e5 b\u00e5da sidorna och \u00f6ppna luckan. F\u00f6r gillerpinnen under  motstycket p\u00e5 luckan. F\u00e4llan st\u00e4ngs n\u00e4r djuret stiger p\u00e5 trampan inne i f\u00e4llan.<\/p>\n<\/div>\n\n\n\n<div class=\"wp-block-column is-layout-flow wp-block-column-is-layout-flow\">\n<figure class=\"wp-block-image size-full\"><img decoding=\"async\" width=\"900\" height=\"563\" src=\"https:\/\/www.granlunds.com\/wp-content\/uploads\/2022\/11\/gravlingsfalla-open-2-edited-1.jpg\" alt=\"\" class=\"wp-image-5994\" srcset=\"https:\/\/www.granlunds.com\/wp-content\/uploads\/2022\/11\/gravlingsfalla-open-2-edited-1.jpg 900w, https:\/\/www.granlunds.com\/wp-content\/uploads\/2022\/11\/gravlingsfalla-open-2-edited-1-300x188.jpg 300w, https:\/\/www.granlunds.com\/wp-content\/uploads\/2022\/11\/gravlingsfalla-open-2-edited-1-768x480.jpg 768w, https:\/\/www.granlunds.com\/wp-content\/uploads\/2022\/11\/gravlingsfalla-open-2-edited-1-250x156.jpg 250w\" sizes=\"(max-width: 900px) 100vw, 900px\" \/><\/figure>\n<\/div>\n<\/div>\n\n\n\n<div class=\"wp-block-columns is-layout-flex wp-container-core-columns-layout-4 wp-block-columns-is-layout-flex\">\n<div class=\"wp-block-column is-layout-flow wp-block-column-is-layout-flow\">\n<h2 class=\"wp-block-heading\">\u00c5terf\u00f6rs\u00e4ljare i Sverige<\/h2>\n\n\n<div class=\"wp-block-image\">\n<figure class=\"aligncenter size-large\"><a href=\"https:\/\/rmjakt.se\/\"><img loading=\"lazy\" decoding=\"async\" width=\"393\" height=\"128\" src=\"https:\/\/www.granlunds.com\/wp-content\/uploads\/2021\/02\/RM-jakt-logo.png\" alt=\"\" class=\"wp-image-3571\" srcset=\"https:\/\/www.granlunds.com\/wp-content\/uploads\/2021\/02\/RM-jakt-logo.png 393w, https:\/\/www.granlunds.com\/wp-content\/uploads\/2021\/02\/RM-jakt-logo-300x98.png 300w, https:\/\/www.granlunds.com\/wp-content\/uploads\/2021\/02\/RM-jakt-logo-250x81.png 250w\" sizes=\"(max-width: 393px) 100vw, 393px\" \/><\/a><\/figure><\/div><\/div>\n\n\n\n<div class=\"wp-block-column is-layout-flow wp-block-column-is-layout-flow\">\n<h2 class=\"wp-block-heading\">\u00c5terf\u00f6rs\u00e4ljare i Norge<\/h2>\n\n\n<div class=\"wp-block-image\">\n<figure class=\"aligncenter size-large is-resized\"><a href=\"https:\/\/markhusan.no\"><img loading=\"lazy\" decoding=\"async\" src=\"https:\/\/www.granlunds.com\/wp-content\/uploads\/2021\/04\/Markhusan-1.png\" alt=\"\" class=\"wp-image-3659\" width=\"349\" height=\"113\"\/><\/a><\/figure><\/div><\/div>\n<\/div>\n\n\n\n<h2 class=\"has-text-align-center reseller wp-block-heading\"><a href=\"https:\/\/www.granlunds.com\/sv\/wildlife\/aterforsaljare\">\u00c5terf\u00f6rs\u00e4ljare i Finland Tryck h\u00e4r!<\/a><\/h2>\n\n\n\n<div style=\"height:39px\" aria-hidden=\"true\" class=\"wp-block-spacer\"><\/div>\n","protected":false},"excerpt":{"rendered":"<p>Gr\u00e4vlingsf\u00e4lla \u00d6F70 L\u00e4ngd: 116cmBredd: 41cmH\u00f6jd: 46cmVikt: 13kgEAN\/GTIN: 6430063467009 Material: PVC-bekl\u00e4dd Aluzink 1&#215;2\u201d, 3,5mm tr\u00e5d.F\u00f6rst\u00e4rkningar: Galvaniserad tr\u00e5d 4 och 5mm. Allm\u00e4nt F\u00e4llan \u00e4r l\u00e4mplig ocks\u00e5 f\u00f6r andra djur s\u00e5som m\u00e5rdhund, r\u00e4v, skogsm\u00e5rd m.m. Gr\u00e4vlingen \u00e4r ett starkt djur som g\u00e4rna drar i tillg\u00e4ngliga delar inne i f\u00e4llan. D\u00e4rf\u00f6r \u00e4r gr\u00e4vlingsf\u00e4llans r\u00f6rliga delar placerade p\u00e5 utsidan. F\u00e4llan &#8230; <a title=\"Gr\u00e4vlingsf\u00e4lla\" class=\"read-more\" href=\"https:\/\/www.granlunds.com\/sv\/wildlife\/gravling\/\">L\u00e4s mer <span class=\"screen-reader-text\">Gr\u00e4vlingsf\u00e4lla<\/span><\/a><\/p>\n","protected":false},"author":1,"featured_media":0,"parent":10,"menu_order":0,"comment_status":"closed","ping_status":"closed","template":"","meta":{"advgb_blocks_editor_width":"","advgb_blocks_columns_visual_guide":"","footnotes":""},"coauthors":[],"author_meta":{"author_link":"https:\/\/www.granlunds.com\/sv\/author\/tommy\/","display_name":"tommy"},"relative_dates":{"created":"Publicerad 6 \u00e5r sedan","modified":"Uppdaterad 3 \u00e5r sedan"},"absolute_dates":{"created":"Publicerat den 11 november, 2019","modified":"Uppdaterad den 22 februari, 2023"},"absolute_dates_time":{"created":"Publicerat den 11 november, 2019 11:20","modified":"Uppdaterad den 22 februari, 2023 08:56"},"featured_img_caption":"","featured_img":false,"series_order":"","_links":{"self":[{"href":"https:\/\/www.granlunds.com\/sv\/wp-json\/wp\/v2\/pages\/363"}],"collection":[{"href":"https:\/\/www.granlunds.com\/sv\/wp-json\/wp\/v2\/pages"}],"about":[{"href":"https:\/\/www.granlunds.com\/sv\/wp-json\/wp\/v2\/types\/page"}],"author":[{"embeddable":true,"href":"https:\/\/www.granlunds.com\/sv\/wp-json\/wp\/v2\/users\/1"}],"replies":[{"embeddable":true,"href":"https:\/\/www.granlunds.com\/sv\/wp-json\/wp\/v2\/comments?post=363"}],"version-history":[{"count":18,"href":"https:\/\/www.granlunds.com\/sv\/wp-json\/wp\/v2\/pages\/363\/revisions"}],"predecessor-version":[{"id":6228,"href":"https:\/\/www.granlunds.com\/sv\/wp-json\/wp\/v2\/pages\/363\/revisions\/6228"}],"up":[{"embeddable":true,"href":"https:\/\/www.granlunds.com\/sv\/wp-json\/wp\/v2\/pages\/10"}],"wp:attachment":[{"href":"https:\/\/www.granlunds.com\/sv\/wp-json\/wp\/v2\/media?parent=363"}],"curies":[{"name":"wp","href":"https:\/\/api.w.org\/{rel}","templated":true}]}}