{"id":3208,"date":"2021-01-20T14:58:34","date_gmt":"2021-01-20T12:58:34","guid":{"rendered":"https:\/\/www.granlunds.com\/?page_id=3208"},"modified":"2023-11-22T15:54:51","modified_gmt":"2023-11-22T13:54:51","slug":"butik-for-stenkorgar","status":"publish","type":"page","link":"https:\/\/www.granlunds.com\/sv\/butik-for-stenkorgar\/","title":{"rendered":"Butik f\u00f6r stenkorgar"},"content":{"rendered":"\t\t<div data-elementor-type=\"wp-page\" data-elementor-id=\"3208\" class=\"elementor elementor-3208\" data-elementor-post-type=\"page\">\n\t\t\t\t\t\t\t\t\t<section class=\"elementor-section elementor-top-section elementor-element elementor-element-9ae4fab elementor-section-stretched elementor-section-boxed elementor-section-height-default elementor-section-height-default\" data-id=\"9ae4fab\" data-element_type=\"section\" data-settings=\"{&quot;stretch_section&quot;:&quot;section-stretched&quot;}\">\n\t\t\t\t\t\t<div class=\"elementor-container elementor-column-gap-no\">\n\t\t\t\t\t<div class=\"elementor-column elementor-col-100 elementor-top-column elementor-element elementor-element-dc0f47c\" data-id=\"dc0f47c\" data-element_type=\"column\" data-settings=\"{&quot;background_background&quot;:&quot;classic&quot;}\">\n\t\t\t<div class=\"elementor-widget-wrap elementor-element-populated\">\n\t\t\t\t\t\t\t\t<div class=\"elementor-element elementor-element-2a7a9b8 elementor-widget elementor-widget-heading\" data-id=\"2a7a9b8\" data-element_type=\"widget\" data-widget_type=\"heading.default\">\n\t\t\t\t<div class=\"elementor-widget-container\">\n\t\t\t<h2 class=\"elementor-heading-title elementor-size-default\"><b>Webbutik - stenkorgar<\/b><\/h2>\t\t<\/div>\n\t\t\t\t<\/div>\n\t\t\t\t<div class=\"elementor-element elementor-element-b58d78f elementor-widget elementor-widget-text-editor\" data-id=\"b58d78f\" data-element_type=\"widget\" data-widget_type=\"text-editor.default\">\n\t\t\t\t<div class=\"elementor-widget-container\">\n\t\t\t\t\t\t\t<p>I webbutiken kan du smidigt best\u00e4lla stenkorgar med spiralmontering.<\/p>\n<p>Du som bor i Sverige f\u00e5r kontakta kundtj\u00e4nst f\u00f6r best\u00e4llning, ring +358 50 5713792 eller skicka e-post till info@granlunds.com.<\/p>\t\t\t\t\t\t<\/div>\n\t\t\t\t<\/div>\n\t\t\t\t\t<\/div>\n\t\t<\/div>\n\t\t\t\t\t\t\t<\/div>\n\t\t<\/section>\n\t\t\t\t<section class=\"elementor-section elementor-top-section elementor-element elementor-element-3b736e1 elementor-section-boxed elementor-section-height-default elementor-section-height-default\" data-id=\"3b736e1\" data-element_type=\"section\">\n\t\t\t\t\t\t<div class=\"elementor-container elementor-column-gap-default\">\n\t\t\t\t\t<div class=\"elementor-column elementor-col-100 elementor-top-column elementor-element elementor-element-43a3c79\" data-id=\"43a3c79\" data-element_type=\"column\">\n\t\t\t<div class=\"elementor-widget-wrap elementor-element-populated\">\n\t\t\t\t\t\t\t\t<div class=\"elementor-element elementor-element-cc5b7e1 elementor-widget elementor-widget-spacer\" data-id=\"cc5b7e1\" data-element_type=\"widget\" data-widget_type=\"spacer.default\">\n\t\t\t\t<div class=\"elementor-widget-container\">\n\t\t\t\t\t<div class=\"elementor-spacer\">\n\t\t\t<div class=\"elementor-spacer-inner\"><\/div>\n\t\t<\/div>\n\t\t\t\t<\/div>\n\t\t\t\t<\/div>\n\t\t\t\t\t<\/div>\n\t\t<\/div>\n\t\t\t\t\t\t\t<\/div>\n\t\t<\/section>\n\t\t\t\t<section class=\"elementor-section elementor-top-section elementor-element elementor-element-7b50d07 h1-width elementor-section-stretched elementor-section-boxed elementor-section-height-default elementor-section-height-default\" data-id=\"7b50d07\" data-element_type=\"section\" data-settings=\"{&quot;stretch_section&quot;:&quot;section-stretched&quot;}\">\n\t\t\t\t\t\t<div class=\"elementor-container elementor-column-gap-default\">\n\t\t\t\t\t<div class=\"elementor-column elementor-col-100 elementor-top-column elementor-element elementor-element-7f3cc5a\" data-id=\"7f3cc5a\" data-element_type=\"column\">\n\t\t\t<div class=\"elementor-widget-wrap elementor-element-populated\">\n\t\t\t\t\t\t\t\t<div class=\"elementor-element elementor-element-b8bb0a1 elementor-product-loop-item--align-left elementor-grid-4 elementor-grid-tablet-3 elementor-grid-mobile-2 elementor-products-grid elementor-wc-products elementor-widget elementor-widget-wc-categories\" data-id=\"b8bb0a1\" data-element_type=\"widget\" data-widget_type=\"wc-categories.default\">\n\t\t\t\t<div class=\"elementor-widget-container\">\n\t\t\t<div class=\"woocommerce columns-4\"><ul class=\"products elementor-grid columns-4\">\n<li class=\"product-category product first\">\n\t<a aria-label=\"Bes\u00f6k produktkategori Stenkorgar 5 mm\" href=\"https:\/\/www.granlunds.com\/sv\/produkt-kategori\/stenkorgar-5mm\/\"><img fetchpriority=\"high\" decoding=\"async\" src=\"https:\/\/www.granlunds.com\/wp-content\/uploads\/2021\/01\/Kivikorikauppa-5mm-1-250x250.jpg\" alt=\"Stenkorgar 5 mm\" width=\"250\" height=\"250\" srcset=\"https:\/\/www.granlunds.com\/wp-content\/uploads\/2021\/01\/Kivikorikauppa-5mm-1-250x250.jpg 250w, https:\/\/www.granlunds.com\/wp-content\/uploads\/2021\/01\/Kivikorikauppa-5mm-1-300x300.jpg 300w, https:\/\/www.granlunds.com\/wp-content\/uploads\/2021\/01\/Kivikorikauppa-5mm-1-150x150.jpg 150w, https:\/\/www.granlunds.com\/wp-content\/uploads\/2021\/01\/Kivikorikauppa-5mm-1-768x768.jpg 768w, https:\/\/www.granlunds.com\/wp-content\/uploads\/2021\/01\/Kivikorikauppa-5mm-1-100x100.jpg 100w, https:\/\/www.granlunds.com\/wp-content\/uploads\/2021\/01\/Kivikorikauppa-5mm-1.jpg 1000w\" sizes=\"(max-width: 250px) 100vw, 250px\" \/>\t\t<h2 class=\"woocommerce-loop-category__title\">\n\t\t\tStenkorgar 5 mm <mark class=\"count\">(19)<\/mark>\t\t<\/h2>\n\t\t<\/a><\/li>\n<li class=\"product-category product\">\n\t<a aria-label=\"Bes\u00f6k produktkategori Stenkorgar 3 mm\" href=\"https:\/\/www.granlunds.com\/sv\/produkt-kategori\/stenkorgar-3mm\/\"><img decoding=\"async\" src=\"https:\/\/www.granlunds.com\/wp-content\/uploads\/2021\/01\/Kivikorikauppa-3mm-1-250x250.jpg\" alt=\"Stenkorgar 3 mm\" width=\"250\" height=\"250\" srcset=\"https:\/\/www.granlunds.com\/wp-content\/uploads\/2021\/01\/Kivikorikauppa-3mm-1-250x250.jpg 250w, https:\/\/www.granlunds.com\/wp-content\/uploads\/2021\/01\/Kivikorikauppa-3mm-1-300x300.jpg 300w, https:\/\/www.granlunds.com\/wp-content\/uploads\/2021\/01\/Kivikorikauppa-3mm-1-150x150.jpg 150w, https:\/\/www.granlunds.com\/wp-content\/uploads\/2021\/01\/Kivikorikauppa-3mm-1-768x768.jpg 768w, https:\/\/www.granlunds.com\/wp-content\/uploads\/2021\/01\/Kivikorikauppa-3mm-1-100x100.jpg 100w, https:\/\/www.granlunds.com\/wp-content\/uploads\/2021\/01\/Kivikorikauppa-3mm-1.jpg 1000w\" sizes=\"(max-width: 250px) 100vw, 250px\" \/>\t\t<h2 class=\"woocommerce-loop-category__title\">\n\t\t\tStenkorgar 3 mm <mark class=\"count\">(15)<\/mark>\t\t<\/h2>\n\t\t<\/a><\/li>\n<li class=\"product-category product\">\n\t<a aria-label=\"Bes\u00f6k produktkategori Stenfyrar\" href=\"https:\/\/www.granlunds.com\/sv\/produkt-kategori\/stenfyrar\/\"><img decoding=\"async\" src=\"https:\/\/www.granlunds.com\/wp-content\/uploads\/2021\/01\/Paxal-1-kanttinen-250x250.jpg\" alt=\"Stenfyrar\" width=\"250\" height=\"250\" srcset=\"https:\/\/www.granlunds.com\/wp-content\/uploads\/2021\/01\/Paxal-1-kanttinen-250x251.jpg 250w, https:\/\/www.granlunds.com\/wp-content\/uploads\/2021\/01\/Paxal-1-kanttinen-1019x1024.jpg 1019w, https:\/\/www.granlunds.com\/wp-content\/uploads\/2021\/01\/Paxal-1-kanttinen-150x150.jpg 150w, https:\/\/www.granlunds.com\/wp-content\/uploads\/2021\/01\/Paxal-1-kanttinen-768x772.jpg 768w, https:\/\/www.granlunds.com\/wp-content\/uploads\/2021\/01\/Paxal-1-kanttinen-1528x1536.jpg 1528w, https:\/\/www.granlunds.com\/wp-content\/uploads\/2021\/01\/Paxal-1-kanttinen-100x100.jpg 100w, https:\/\/www.granlunds.com\/wp-content\/uploads\/2021\/01\/Paxal-1-kanttinen.jpg 1560w\" sizes=\"(max-width: 250px) 100vw, 250px\" \/>\t\t<h2 class=\"woocommerce-loop-category__title\">\n\t\t\tStenfyrar <mark class=\"count\">(7)<\/mark>\t\t<\/h2>\n\t\t<\/a><\/li>\n<li class=\"product-category product last\">\n\t<a aria-label=\"Bes\u00f6k produktkategori R\u00f6kgaller\" href=\"https:\/\/www.granlunds.com\/sv\/produkt-kategori\/rokgaller\/\"><img loading=\"lazy\" decoding=\"async\" src=\"https:\/\/www.granlunds.com\/wp-content\/uploads\/2019\/10\/rokgaller-250x250.jpg\" alt=\"R\u00f6kgaller\" width=\"250\" height=\"250\" srcset=\"https:\/\/www.granlunds.com\/wp-content\/uploads\/2019\/10\/rokgaller-250x250.jpg 250w, https:\/\/www.granlunds.com\/wp-content\/uploads\/2019\/10\/rokgaller-150x150.jpg 150w\" sizes=\"(max-width: 250px) 100vw, 250px\" \/>\t\t<h2 class=\"woocommerce-loop-category__title\">\n\t\t\tR\u00f6kgaller <mark class=\"count\">(1)<\/mark>\t\t<\/h2>\n\t\t<\/a><\/li>\n<\/ul>\n<\/div>\t\t<\/div>\n\t\t\t\t<\/div>\n\t\t\t\t\t<\/div>\n\t\t<\/div>\n\t\t\t\t\t\t\t<\/div>\n\t\t<\/section>\n\t\t\t\t\t\t\t<\/div>\n\t\t","protected":false},"excerpt":{"rendered":"<p>Webbutik &#8211; stenkorgar I webbutiken kan du smidigt best\u00e4lla stenkorgar med spiralmontering. Du som bor i Sverige f\u00e5r kontakta kundtj\u00e4nst f\u00f6r best\u00e4llning, ring +358 50 5713792 eller skicka e-post till info@granlunds.com.<\/p>\n","protected":false},"author":2,"featured_media":0,"parent":0,"menu_order":0,"comment_status":"closed","ping_status":"closed","template":"","meta":{"advgb_blocks_editor_width":"","advgb_blocks_columns_visual_guide":"","footnotes":""},"coauthors":[],"author_meta":{"author_link":"https:\/\/www.granlunds.com\/sv\/author\/jos\/","display_name":"jos"},"relative_dates":{"created":"Publicerad 5 \u00e5r sedan","modified":"Uppdaterad 2 \u00e5r sedan"},"absolute_dates":{"created":"Publicerat den 20 januari, 2021","modified":"Uppdaterad den 22 november, 2023"},"absolute_dates_time":{"created":"Publicerat den 20 januari, 2021 14:58","modified":"Uppdaterad den 22 november, 2023 15:54"},"featured_img_caption":"","featured_img":false,"series_order":"","_links":{"self":[{"href":"https:\/\/www.granlunds.com\/sv\/wp-json\/wp\/v2\/pages\/3208"}],"collection":[{"href":"https:\/\/www.granlunds.com\/sv\/wp-json\/wp\/v2\/pages"}],"about":[{"href":"https:\/\/www.granlunds.com\/sv\/wp-json\/wp\/v2\/types\/page"}],"author":[{"embeddable":true,"href":"https:\/\/www.granlunds.com\/sv\/wp-json\/wp\/v2\/users\/2"}],"replies":[{"embeddable":true,"href":"https:\/\/www.granlunds.com\/sv\/wp-json\/wp\/v2\/comments?post=3208"}],"version-history":[{"count":146,"href":"https:\/\/www.granlunds.com\/sv\/wp-json\/wp\/v2\/pages\/3208\/revisions"}],"predecessor-version":[{"id":8658,"href":"https:\/\/www.granlunds.com\/sv\/wp-json\/wp\/v2\/pages\/3208\/revisions\/8658"}],"wp:attachment":[{"href":"https:\/\/www.granlunds.com\/sv\/wp-json\/wp\/v2\/media?parent=3208"}],"curies":[{"name":"wp","href":"https:\/\/api.w.org\/{rel}","templated":true}]}}