{"id":3161,"date":"2021-01-20T11:00:52","date_gmt":"2021-01-20T09:00:52","guid":{"rendered":"https:\/\/www.granlunds.com\/?page_id=3161"},"modified":"2024-04-13T21:47:14","modified_gmt":"2024-04-13T18:47:14","slug":"butik-for-hundgardar","status":"publish","type":"page","link":"https:\/\/www.granlunds.com\/sv\/butik-for-hundgardar\/","title":{"rendered":"Butik f\u00f6r hundg\u00e5rdar"},"content":{"rendered":"\t\t<div data-elementor-type=\"wp-page\" data-elementor-id=\"3161\" class=\"elementor elementor-3161\" data-elementor-post-type=\"page\">\n\t\t\t\t\t\t\t\t\t<section class=\"elementor-section elementor-top-section elementor-element elementor-element-62ca8be elementor-section-stretched elementor-section-boxed elementor-section-height-default elementor-section-height-default\" data-id=\"62ca8be\" data-element_type=\"section\" data-settings=\"{&quot;stretch_section&quot;:&quot;section-stretched&quot;}\">\n\t\t\t\t\t\t<div class=\"elementor-container elementor-column-gap-no\">\n\t\t\t\t\t<div class=\"elementor-column elementor-col-100 elementor-top-column elementor-element elementor-element-fa40c99\" data-id=\"fa40c99\" data-element_type=\"column\" data-settings=\"{&quot;background_background&quot;:&quot;classic&quot;}\">\n\t\t\t<div class=\"elementor-widget-wrap elementor-element-populated\">\n\t\t\t\t\t\t\t\t<div class=\"elementor-element elementor-element-a6aebc7 elementor-widget elementor-widget-heading\" data-id=\"a6aebc7\" data-element_type=\"widget\" data-widget_type=\"heading.default\">\n\t\t\t\t<div class=\"elementor-widget-container\">\n\t\t\t<h2 class=\"elementor-heading-title elementor-size-default\"><b>Webbutik - hundg\u00e5rdar<\/b><\/h2>\t\t<\/div>\n\t\t\t\t<\/div>\n\t\t\t\t<div class=\"elementor-element elementor-element-b985f5c elementor-widget elementor-widget-text-editor\" data-id=\"b985f5c\" data-element_type=\"widget\" data-widget_type=\"text-editor.default\">\n\t\t\t\t<div class=\"elementor-widget-container\">\n\t\t\t\t\t\t\t<p>Bor du p\u00e5 \u00c5land och funderar p\u00e5 en JEPO hundg\u00e5rd?&nbsp;<span style=\"color: var( --e-global-color-5ad2c3a5 ); font-family: var( --e-global-typography-text-font-family ), Open sans; font-weight: var( --e-global-typography-text-font-weight );\">D\u00e5 kan du s\u00f6ka dig till BILA AB som \u00e4r v\u00e5r \u00e5terf\u00f6rs\u00e4ljare p\u00e5 \u00c5land och har de vanligaste elementen i lager.<\/span><\/p>\t\t\t\t\t\t<\/div>\n\t\t\t\t<\/div>\n\t\t\t\t\t<\/div>\n\t\t<\/div>\n\t\t\t\t\t\t\t<\/div>\n\t\t<\/section>\n\t\t\t\t<section class=\"elementor-section elementor-top-section elementor-element elementor-element-98c80ab elementor-section-stretched elementor-section-boxed elementor-section-height-default elementor-section-height-default\" data-id=\"98c80ab\" data-element_type=\"section\" data-settings=\"{&quot;stretch_section&quot;:&quot;section-stretched&quot;}\">\n\t\t\t\t\t\t<div class=\"elementor-container elementor-column-gap-default\">\n\t\t\t\t\t<div class=\"elementor-column elementor-col-100 elementor-top-column elementor-element elementor-element-fead1ac\" data-id=\"fead1ac\" data-element_type=\"column\">\n\t\t\t<div class=\"elementor-widget-wrap elementor-element-populated\">\n\t\t\t\t\t\t\t\t<div class=\"elementor-element elementor-element-834f35c elementor-grid-3 elementor-grid-tablet-3 elementor-grid-mobile-2 elementor-products-grid elementor-wc-products elementor-widget elementor-widget-wc-categories\" data-id=\"834f35c\" data-element_type=\"widget\" data-widget_type=\"wc-categories.default\">\n\t\t\t\t<div class=\"elementor-widget-container\">\n\t\t\t<div class=\"woocommerce columns-3\"><ul class=\"products elementor-grid columns-3\">\n<li class=\"product-category product first\">\n\t<a aria-label=\"Bes\u00f6k produktkategori JEPO hundg\u00e5rd\" href=\"https:\/\/www.granlunds.com\/sv\/produkt-kategori\/hundgard\/\"><img fetchpriority=\"high\" decoding=\"async\" src=\"https:\/\/www.granlunds.com\/wp-content\/uploads\/2020\/11\/Element-250x250.jpg\" alt=\"JEPO hundg\u00e5rd\" width=\"250\" height=\"250\" srcset=\"https:\/\/www.granlunds.com\/wp-content\/uploads\/2020\/11\/Element-250x250.jpg 250w, https:\/\/www.granlunds.com\/wp-content\/uploads\/2020\/11\/Element-150x150.jpg 150w, https:\/\/www.granlunds.com\/wp-content\/uploads\/2020\/11\/Element-100x100.jpg 100w\" sizes=\"(max-width: 250px) 100vw, 250px\" \/>\t\t<h2 class=\"woocommerce-loop-category__title\">\n\t\t\tJEPO hundg\u00e5rd <mark class=\"count\">(10)<\/mark>\t\t<\/h2>\n\t\t<\/a><\/li>\n<li class=\"product-category product\">\n\t<a aria-label=\"Bes\u00f6k produktkategori JIMI hundg\u00e5rd\" href=\"https:\/\/www.granlunds.com\/sv\/produkt-kategori\/jimi-hundgard\/\"><img decoding=\"async\" src=\"https:\/\/www.granlunds.com\/wp-content\/uploads\/2024\/04\/Jimi-koiratarhaelementti-250x250.jpg\" alt=\"JIMI hundg\u00e5rd\" width=\"250\" height=\"250\" srcset=\"https:\/\/www.granlunds.com\/wp-content\/uploads\/2024\/04\/Jimi-koiratarhaelementti-250x250.jpg 250w, https:\/\/www.granlunds.com\/wp-content\/uploads\/2024\/04\/Jimi-koiratarhaelementti-300x300.jpg 300w, https:\/\/www.granlunds.com\/wp-content\/uploads\/2024\/04\/Jimi-koiratarhaelementti-1024x1024.jpg 1024w, https:\/\/www.granlunds.com\/wp-content\/uploads\/2024\/04\/Jimi-koiratarhaelementti-150x150.jpg 150w, https:\/\/www.granlunds.com\/wp-content\/uploads\/2024\/04\/Jimi-koiratarhaelementti-768x768.jpg 768w, https:\/\/www.granlunds.com\/wp-content\/uploads\/2024\/04\/Jimi-koiratarhaelementti-50x50.jpg 50w, https:\/\/www.granlunds.com\/wp-content\/uploads\/2024\/04\/Jimi-koiratarhaelementti-1600x1600.jpg 1600w, https:\/\/www.granlunds.com\/wp-content\/uploads\/2024\/04\/Jimi-koiratarhaelementti-1536x1536.jpg 1536w, https:\/\/www.granlunds.com\/wp-content\/uploads\/2024\/04\/Jimi-koiratarhaelementti-2048x2048.jpg 2048w, https:\/\/www.granlunds.com\/wp-content\/uploads\/2024\/04\/Jimi-koiratarhaelementti-100x100.jpg 100w\" sizes=\"(max-width: 250px) 100vw, 250px\" \/>\t\t<h2 class=\"woocommerce-loop-category__title\">\n\t\t\tJIMI hundg\u00e5rd <mark class=\"count\">(4)<\/mark>\t\t<\/h2>\n\t\t<\/a><\/li>\n<li class=\"product-category product last\">\n\t<a aria-label=\"Bes\u00f6k produktkategori Luckor\" href=\"https:\/\/www.granlunds.com\/sv\/produkt-kategori\/luckor\/\"><img decoding=\"async\" src=\"https:\/\/www.granlunds.com\/wp-content\/uploads\/2020\/02\/lucka-300x300.jpg\" alt=\"Luckor\" width=\"250\" height=\"250\" srcset=\"https:\/\/www.granlunds.com\/wp-content\/uploads\/2020\/02\/lucka-300x300.jpg 300w, https:\/\/www.granlunds.com\/wp-content\/uploads\/2020\/02\/lucka-100x100.jpg 100w, https:\/\/www.granlunds.com\/wp-content\/uploads\/2020\/02\/lucka-150x150.jpg 150w\" sizes=\"(max-width: 250px) 100vw, 250px\" \/>\t\t<h2 class=\"woocommerce-loop-category__title\">\n\t\t\tLuckor <mark class=\"count\">(9)<\/mark>\t\t<\/h2>\n\t\t<\/a><\/li>\n<li class=\"product-category product first\">\n\t<a aria-label=\"Bes\u00f6k produktkategori V\u00e4rmeelement\" href=\"https:\/\/www.granlunds.com\/sv\/produkt-kategori\/varmeelement\/\"><img loading=\"lazy\" decoding=\"async\" src=\"https:\/\/www.granlunds.com\/wp-content\/uploads\/2020\/02\/Lammitin-70W-Muuntaja-150W-1536x1536-1-250x250.jpg\" alt=\"V\u00e4rmeelement\" width=\"250\" height=\"250\" srcset=\"https:\/\/www.granlunds.com\/wp-content\/uploads\/2020\/02\/Lammitin-70W-Muuntaja-150W-1536x1536-1-250x250.jpg 250w, https:\/\/www.granlunds.com\/wp-content\/uploads\/2020\/02\/Lammitin-70W-Muuntaja-150W-1536x1536-1-300x300.jpg 300w, https:\/\/www.granlunds.com\/wp-content\/uploads\/2020\/02\/Lammitin-70W-Muuntaja-150W-1536x1536-1-1024x1024.jpg 1024w, https:\/\/www.granlunds.com\/wp-content\/uploads\/2020\/02\/Lammitin-70W-Muuntaja-150W-1536x1536-1-150x150.jpg 150w, https:\/\/www.granlunds.com\/wp-content\/uploads\/2020\/02\/Lammitin-70W-Muuntaja-150W-1536x1536-1-768x768.jpg 768w, https:\/\/www.granlunds.com\/wp-content\/uploads\/2020\/02\/Lammitin-70W-Muuntaja-150W-1536x1536-1-100x100.jpg 100w, https:\/\/www.granlunds.com\/wp-content\/uploads\/2020\/02\/Lammitin-70W-Muuntaja-150W-1536x1536-1.jpg 1536w\" sizes=\"(max-width: 250px) 100vw, 250px\" \/>\t\t<h2 class=\"woocommerce-loop-category__title\">\n\t\t\tV\u00e4rmeelement <mark class=\"count\">(10)<\/mark>\t\t<\/h2>\n\t\t<\/a><\/li>\n<li class=\"product-category product\">\n\t<a aria-label=\"Bes\u00f6k produktkategori Vattensk\u00e5lar\" href=\"https:\/\/www.granlunds.com\/sv\/produkt-kategori\/vattenskalar\/\"><img loading=\"lazy\" decoding=\"async\" src=\"https:\/\/www.granlunds.com\/wp-content\/uploads\/2020\/02\/DSC_0246-250x250.jpg\" alt=\"Vattensk\u00e5lar\" width=\"250\" height=\"250\" srcset=\"https:\/\/www.granlunds.com\/wp-content\/uploads\/2020\/02\/DSC_0246-250x249.jpg 250w, https:\/\/www.granlunds.com\/wp-content\/uploads\/2020\/02\/DSC_0246-300x300.jpg 300w, https:\/\/www.granlunds.com\/wp-content\/uploads\/2020\/02\/DSC_0246-150x150.jpg 150w, https:\/\/www.granlunds.com\/wp-content\/uploads\/2020\/02\/DSC_0246-100x100.jpg 100w, https:\/\/www.granlunds.com\/wp-content\/uploads\/2020\/02\/DSC_0246.jpg 696w\" sizes=\"(max-width: 250px) 100vw, 250px\" \/>\t\t<h2 class=\"woocommerce-loop-category__title\">\n\t\t\tVattensk\u00e5lar <mark class=\"count\">(13)<\/mark>\t\t<\/h2>\n\t\t<\/a><\/li>\n<\/ul>\n<\/div>\t\t<\/div>\n\t\t\t\t<\/div>\n\t\t\t\t\t<\/div>\n\t\t<\/div>\n\t\t\t\t\t\t\t<\/div>\n\t\t<\/section>\n\t\t\t\t<section class=\"elementor-section elementor-top-section elementor-element elementor-element-ea51da9 elementor-section-boxed elementor-section-height-default elementor-section-height-default\" data-id=\"ea51da9\" data-element_type=\"section\">\n\t\t\t\t\t\t<div class=\"elementor-container elementor-column-gap-default\">\n\t\t\t\t\t<div class=\"elementor-column elementor-col-100 elementor-top-column elementor-element elementor-element-d28c79e\" data-id=\"d28c79e\" data-element_type=\"column\">\n\t\t\t<div class=\"elementor-widget-wrap elementor-element-populated\">\n\t\t\t\t\t\t\t\t<div class=\"elementor-element elementor-element-7ddbd28 elementor-widget elementor-widget-spacer\" data-id=\"7ddbd28\" data-element_type=\"widget\" data-widget_type=\"spacer.default\">\n\t\t\t\t<div class=\"elementor-widget-container\">\n\t\t\t\t\t<div class=\"elementor-spacer\">\n\t\t\t<div class=\"elementor-spacer-inner\"><\/div>\n\t\t<\/div>\n\t\t\t\t<\/div>\n\t\t\t\t<\/div>\n\t\t\t\t\t<\/div>\n\t\t<\/div>\n\t\t\t\t\t\t\t<\/div>\n\t\t<\/section>\n\t\t\t\t\t\t\t<\/div>\n\t\t","protected":false},"excerpt":{"rendered":"<p>Webbutik &#8211; hundg\u00e5rdar Bor du p\u00e5 \u00c5land och funderar p\u00e5 en JEPO hundg\u00e5rd?&nbsp;D\u00e5 kan du s\u00f6ka dig till BILA AB som \u00e4r v\u00e5r \u00e5terf\u00f6rs\u00e4ljare p\u00e5 \u00c5land och har de vanligaste elementen i lager.<\/p>\n","protected":false},"author":2,"featured_media":0,"parent":0,"menu_order":0,"comment_status":"closed","ping_status":"closed","template":"","meta":{"advgb_blocks_editor_width":"","advgb_blocks_columns_visual_guide":"","footnotes":""},"coauthors":[],"author_meta":{"author_link":"https:\/\/www.granlunds.com\/sv\/author\/jos\/","display_name":"jos"},"relative_dates":{"created":"Publicerad 5 \u00e5r sedan","modified":"Uppdaterad 2 \u00e5r sedan"},"absolute_dates":{"created":"Publicerat den 20 januari, 2021","modified":"Uppdaterad den 13 april, 2024"},"absolute_dates_time":{"created":"Publicerat den 20 januari, 2021 11:00","modified":"Uppdaterad den 13 april, 2024 21:47"},"featured_img_caption":"","featured_img":false,"series_order":"","_links":{"self":[{"href":"https:\/\/www.granlunds.com\/sv\/wp-json\/wp\/v2\/pages\/3161"}],"collection":[{"href":"https:\/\/www.granlunds.com\/sv\/wp-json\/wp\/v2\/pages"}],"about":[{"href":"https:\/\/www.granlunds.com\/sv\/wp-json\/wp\/v2\/types\/page"}],"author":[{"embeddable":true,"href":"https:\/\/www.granlunds.com\/sv\/wp-json\/wp\/v2\/users\/2"}],"replies":[{"embeddable":true,"href":"https:\/\/www.granlunds.com\/sv\/wp-json\/wp\/v2\/comments?post=3161"}],"version-history":[{"count":130,"href":"https:\/\/www.granlunds.com\/sv\/wp-json\/wp\/v2\/pages\/3161\/revisions"}],"predecessor-version":[{"id":9411,"href":"https:\/\/www.granlunds.com\/sv\/wp-json\/wp\/v2\/pages\/3161\/revisions\/9411"}],"wp:attachment":[{"href":"https:\/\/www.granlunds.com\/sv\/wp-json\/wp\/v2\/media?parent=3161"}],"curies":[{"name":"wp","href":"https:\/\/api.w.org\/{rel}","templated":true}]}}