{"id":1912,"date":"2020-02-26T09:28:40","date_gmt":"2020-02-26T07:28:40","guid":{"rendered":"https:\/\/www.granlunds.com\/?page_id=1912"},"modified":"2020-02-28T20:00:17","modified_gmt":"2020-02-28T18:00:17","slug":"bestallning-och-leveransvillkor","status":"publish","type":"page","link":"https:\/\/www.granlunds.com\/sv\/bestallning-och-leveransvillkor\/","title":{"rendered":"Best\u00e4llning och leveransvillkor"},"content":{"rendered":"\n<p>Vi\nhar 18-\u00e5rsgr\u00e4ns p\u00e5 k\u00f6p (om inte m\u00e5lsman skriftligen godk\u00e4nner k\u00f6pet)<\/p>\n\n\n\n<h3 class=\"wp-block-heading\">Best\u00e4llning&nbsp;<\/h3>\n\n\n\n<p>Det\n\u00e4r enkelt och s\u00e4kert att handla i webbshoppen. Vi levererar produkterna inom\nn\u00e5gra dagar fr\u00e5n betalningstransaktionen. Ifall produkten har tagit slut, s\u00e5\nmeddelar vi om det omedelbart. Vi levererar produkterna med post eller\nKaukokiito, beroende p\u00e5 storleken. Alla v\u00e4ggelement till hundhagar levereras\nalltid hem till kunden. Postpaket h\u00e4mtas av kunden fr\u00e5n n\u00e4rmaste postombud.\nPostpaketet g\u00e5r ocks\u00e5 att f\u00e5&nbsp;enda till d\u00f6rren men d\u00e5&nbsp;l\u00e4gger vi\ntill&nbsp;postavgiften i det slutgiltiga priset.&nbsp;<\/p>\n\n\n\n<p>Priserna\ninneh\u00e5ller merv\u00e4rdesskatt p\u00e5 24%. Priset, som \u00e4r i kraft i k\u00f6p\u00f6gonblicket, syns\nbredvid respektive produkt.<\/p>\n\n\n\n<p>F\u00f6r\nf\u00f6retag med giltigt moms nummer (EU VAT) och som finns utanf\u00f6r Finland\ninneh\u00e5ller priserna ingen merv\u00e4rdesskatt (dvs. produkterna s\u00e4ljs momsfritt).<\/p>\n\n\n\n<h3 class=\"wp-block-heading\">Prisinformation<\/h3>\n\n\n\n<p>Alla\npriser i webbutiken&nbsp;inneh\u00e5ller merv\u00e4rdesskatt.<\/p>\n\n\n\n<p>F\u00f6r\ninloggade f\u00f6retag som registrerat sig med giltigt moms nummer (EU VAT) och som\nfinns utanf\u00f6r Finland inneh\u00e5ller priserna&nbsp;ingen&nbsp;merv\u00e4rdesskatt.<\/p>\n\n\n\n<h3 class=\"wp-block-heading\">Betalning<\/h3>\n\n\n\n<p><strong>Klarna&nbsp;Checkout<\/strong><\/p>\n\n\n\n<p>I\nsamarbete med Klarna erbjuder vi betalning mot faktura, kort och\ndirektbetalning. Denna betalningsl\u00f6sning heter Klarna Checkout.<\/p>\n\n\n\n<p>Klarna\nCheckout presenterar viss information f\u00f6r dig s\u00e5 snart du \u00e4r identifierad.\nVilken information du beh\u00f6ver ange f\u00f6r att uppn\u00e5 identifiering kan variera\nmellan olika k\u00f6ptillf\u00e4llen och kunder. N\u00e5gon kreditupplysning tas aldrig direkt\ni Klarna Checkout utan vid behov beroende p\u00e5 det betalningsalternativ du har\nvalt. Kreditupplysningar som tas av Klarna p\u00e5verkar inte din kreditv\u00e4rdighet\noch kan inte ses av andra som beg\u00e4r kreditupplysning om dig, t ex banker. Sedan\ndu har identifierats uppvisar Klarna Checkout vilka alternativ som \u00e4r\ntillg\u00e4ngliga f\u00f6r just dig. Faktura \u00e4r f\u00f6rvalt som betalningsalternativ men du\nkan givetvis fritt v\u00e4lja n\u00e5got av de andra alternativen s\u00e5som direktbetalning\nvia bank eller betalning med kort.&nbsp;<\/p>\n\n\n\n<p>Betalningen\nf\u00f6rmedlas av&nbsp;Klarna AB (aff\u00e4rs ID SE556737-0431). Om du har n\u00e5gra fr\u00e5gor\nang\u00e5ende din betalning, v\u00e4nligen kontakta kundservice@klarna.fi eller ring 09-\n42599771.<\/p>\n\n\n\n<p>Du\nhittar de allm\u00e4nna villkoren&nbsp;<a href=\"https:\/\/cdn.klarna.com\/1.0\/shared\/content\/legal\/sv_fi\/account\/terms.pdf\"><strong>h\u00e4r<\/strong><\/a>. Du kan hitta vanligt europeisk\nkonsumentinformation&nbsp;<a href=\"https:\/\/cdn.klarna.com\/1.0\/shared\/content\/legal\/sv_fi\/consumer_credit.pdf\"><strong>h\u00e4r<\/strong><\/a>.<\/p>\n\n\n\n<h3 class=\"wp-block-heading\">Leveranser och Frakt<\/h3>\n\n\n\n<p>Best\u00e4llningar\nmed enbart tillbeh\u00f6r s\u00e5som hundluckor, v\u00e4rmeelement eller vattensk\u00e5lar skickas\nmed post. Best\u00e4llningar som inneh\u00e5ller v\u00e4ggelement skickas i sin helhet med\nKaukokiito. Normalt skickas varan fr\u00e5n oss inom max 2 arbetsdagar, 1-2 dagar\ntillkommer f\u00f6r transporten.&nbsp;&nbsp;Leveranskostnaden \u00e4r utskriven vid\nbest\u00e4llning.<\/p>\n\n\n\n<p>Du\nkan ocks\u00e5 sj\u00e4lv h\u00e4mta dina best\u00e4llda varor f\u00f6r att undvika fraktkostnader. Du\nbest\u00e4ller och betalar i webbutiken, efter godk\u00e4nd betalning kan du h\u00e4mta\nvarorna fr\u00e5n v\u00e5r fabrik i Munsala, vardagar kl. 07-15.<\/p>\n\n\n\n<h3 class=\"wp-block-heading\">Outl\u00f6sta paket<\/h3>\n\n\n\n<p>F\u00f6r\nvaror som du som kund inte l\u00f6ser ut debiterar vi en kostnad f\u00f6r frakt, returfrakt\noch hantering p\u00e5 totalt 60 euro. Vid skrymmande s\u00e4ndningar tillkommer \u00e4ven\nextra fraktkostnad enligt prislista.<\/p>\n\n\n\n<h3 class=\"wp-block-heading\">\u00c5ngerr\u00e4tt<\/h3>\n\n\n\n<p>Som\nprivat kund (g\u00e4ller ej f\u00f6retag) har du alltid 14 dagars \u00e5ngerr\u00e4tt enligt\nDistans- och hemf\u00f6rs\u00e4ljningslagen. \u00c5ngerfristen b\u00f6rjar l\u00f6pa fr\u00e5n den dag du\nmottagit varan. En f\u00f6ruts\u00e4ttning \u00e4r dock att varan \u00e4r i ett v\u00e4sentligen\nof\u00f6r\u00e4ndrat skick. Om du har anv\u00e4nt varan eller hanterat den p\u00e5 ett s\u00e4tt som\ninte \u00e4r n\u00f6dv\u00e4ndigt f\u00f6r att unders\u00f6ka den kan vi komma att g\u00f6ra ett prisavdrag\nsom st\u00e5r i proportion till varans v\u00e4rdeminskning.&nbsp;<\/p>\n\n\n\n<p>Granlunds\nskall\nbekr\u00e4fta att returen \u00e4r till\u00e5ten och att \u00e5ngerfristen inte har passerats innan\nvarorna skickas tillbaka. Kunden st\u00e5r f\u00f6r varans returkostnad och har ansvaret\nf\u00f6r varan till dess den har kommit oss tillhanda. Returer f\u00e5r inte skickas som\npostf\u00f6rskott.<\/p>\n\n\n\n<h3 class=\"wp-block-heading\">\u00c5terbetalning<\/h3>\n\n\n\n<p>Konsumenten\nhar r\u00e4tt att \u00e5terf\u00e5 pengarna vid \u00e5ngerr\u00e4tt inom 14 dagar fr\u00e5n den dag d\u00e5 vi\nmottagit meddelandet. Kunden kan dock f\u00e5 v\u00e4nta tills dess att varan har kommit\n\u00e5ter eller till dess kunden har l\u00e4mnat ett bevis p\u00e5 att varan \u00e5ters\u00e4nts, det\nsom sker f\u00f6rst. N\u00e4r s\u00e5 har skett betalar vi snarast hela k\u00f6pesumman inklusive\neventuell fraktkostnad (<strong>ej<\/strong>&nbsp;returfrakten). Om du har betalat med\nfaktura, direktbetalning eller f\u00f6rskottsbetalning \u00f6verf\u00f6r vi pengarna till ditt\nbankkonto. <\/p>\n\n\n\n<h3 class=\"wp-block-heading\">Garanti och reklamation<\/h3>\n\n\n\n<p>P\u00e5 hundhagar k\u00f6pta efter \u00e5r 2014 ger vi 10 \u00e5rs\ngaranti. Garantin g\u00e4ller stommen, n\u00e4tet samt dess fasts\u00e4ttning. F\u00f6r att\ngarantin skall g\u00e4lla b\u00f6r hagen lyftas upp fr\u00e5n marken med t.ex. sockel, plankor\neller Leca-stenar. Garantin f\u00f6ruts\u00e4tter att produkten \u00e4r r\u00e4tt monterad och att hagen\nINTE har anv\u00e4nts av varghybrider. Garantin g\u00e4ller inte om hunden har urinerat\np\u00e5 samma st\u00e4lle flera \u00e5r och f\u00f6rorsakat korrosion p\u00e5 gallret. <\/p>\n\n\n\n<p>P\u00e5 \u00f6vriga hundtillbeh\u00f6r ger vi 1 \u00e5rs garanti,\nf\u00f6rutsatt att produkten har anv\u00e4nts enligt beskrivning.<\/p>\n\n\n\n<p><strong>Adress f\u00f6r reklamation:<\/strong><\/p>\n\n\n\n<p>Granlunds<br>Norra Munsalav\u00e4gen 174<br>66950 Munsala<br>FINLAND<\/p>\n\n\n\n<p><strong>Vid reklamation g\u00e4ller:<\/strong><\/p>\n\n\n\n<p>Om du har f\u00e5tt en defekt eller felexpedierad vara ber vi dig att omg\u00e5ende kontakta v\u00e5r kundservice p\u00e5&nbsp;<strong>info@granlunds.com<\/strong>.&nbsp;Beskriv felet s\u00e5 utf\u00f6rligt som m\u00f6jligt. Om vi inte kan l\u00f6sa problemet f\u00e5r du naturligtvis reklamera produkten f\u00f6r att f\u00e5 en ny. Reklamationer skall g\u00f6ras i enlighet med de instruktioner du f\u00e5r av oss. Om vi f\u00f6retar omleverans eller avhj\u00e4lpande av felet vid reklamation \u00e5terbetalas eventuella fraktkostnader inom 14 dagar fr\u00e5n den dag vi mottagit den reklamerade varan. Retur av vara samt \u00e5terbetalning ska ske utan&nbsp;on\u00f6digt dr\u00f6jsm\u00e5l.&nbsp; Vid eventuell tvist f\u00f6ljer vi&nbsp;<a rel=\"noreferrer noopener\" href=\"http:\/\/www.kuluttajariita.fi\/sv\/\" target=\"_blank\" class=\"rank-math-link\"><strong>Konsumenttvisten\u00e4mndens<\/strong><\/a>&nbsp;rekommendationer. <\/p>\n\n\n\n<p><\/p>\n","protected":false},"excerpt":{"rendered":"<p>Vi har 18-\u00e5rsgr\u00e4ns p\u00e5 k\u00f6p (om inte m\u00e5lsman skriftligen godk\u00e4nner k\u00f6pet) Best\u00e4llning&nbsp; Det \u00e4r enkelt och s\u00e4kert att handla i webbshoppen. Vi levererar produkterna inom n\u00e5gra dagar fr\u00e5n betalningstransaktionen. Ifall produkten har tagit slut, s\u00e5 meddelar vi om det omedelbart. Vi levererar produkterna med post eller Kaukokiito, beroende p\u00e5 storleken. Alla v\u00e4ggelement till hundhagar levereras &#8230; <a title=\"Best\u00e4llning och leveransvillkor\" class=\"read-more\" href=\"https:\/\/www.granlunds.com\/sv\/bestallning-och-leveransvillkor\/\">L\u00e4s mer <span class=\"screen-reader-text\">Best\u00e4llning och leveransvillkor<\/span><\/a><\/p>\n","protected":false},"author":2,"featured_media":0,"parent":0,"menu_order":0,"comment_status":"closed","ping_status":"closed","template":"","meta":{"advgb_blocks_editor_width":"","advgb_blocks_columns_visual_guide":"","footnotes":""},"coauthors":[],"author_meta":{"author_link":"https:\/\/www.granlunds.com\/sv\/author\/jos\/","display_name":"jos"},"relative_dates":{"created":"Publicerad 6 \u00e5r sedan","modified":"Uppdaterad 6 \u00e5r sedan"},"absolute_dates":{"created":"Publicerat den 26 februari, 2020","modified":"Uppdaterad den 28 februari, 2020"},"absolute_dates_time":{"created":"Publicerat den 26 februari, 2020 09:28","modified":"Uppdaterad den 28 februari, 2020 20:00"},"featured_img_caption":"","featured_img":false,"series_order":"","_links":{"self":[{"href":"https:\/\/www.granlunds.com\/sv\/wp-json\/wp\/v2\/pages\/1912"}],"collection":[{"href":"https:\/\/www.granlunds.com\/sv\/wp-json\/wp\/v2\/pages"}],"about":[{"href":"https:\/\/www.granlunds.com\/sv\/wp-json\/wp\/v2\/types\/page"}],"author":[{"embeddable":true,"href":"https:\/\/www.granlunds.com\/sv\/wp-json\/wp\/v2\/users\/2"}],"replies":[{"embeddable":true,"href":"https:\/\/www.granlunds.com\/sv\/wp-json\/wp\/v2\/comments?post=1912"}],"version-history":[{"count":3,"href":"https:\/\/www.granlunds.com\/sv\/wp-json\/wp\/v2\/pages\/1912\/revisions"}],"predecessor-version":[{"id":2268,"href":"https:\/\/www.granlunds.com\/sv\/wp-json\/wp\/v2\/pages\/1912\/revisions\/2268"}],"wp:attachment":[{"href":"https:\/\/www.granlunds.com\/sv\/wp-json\/wp\/v2\/media?parent=1912"}],"curies":[{"name":"wp","href":"https:\/\/api.w.org\/{rel}","templated":true}]}}