{"id":1536,"date":"2020-01-03T16:15:41","date_gmt":"2020-01-03T14:15:41","guid":{"rendered":"https:\/\/www.granlunds.com\/?page_id=1536"},"modified":"2020-02-26T10:42:23","modified_gmt":"2020-02-26T08:42:23","slug":"integritetspolicy","status":"publish","type":"page","link":"https:\/\/www.granlunds.com\/sv\/integritetspolicy\/","title":{"rendered":"Integritetspolicy"},"content":{"rendered":"\n<h2 class=\"wp-block-heading\">Dataskyddsbeskrivning och cookies <\/h2>\n\n\n\n<p>Denna dataskyddsbeskrivning beskriver hur vi anv\u00e4nder och skyddar den\ninformation du l\u00e4mnar n\u00e4r du bes\u00f6ker sidan. Vi v\u00e4rnar om din personliga\nintegritet, vilket inneb\u00e4r att vi alltid samlar in och hanterar personuppgifter\nansvarsfullt med din integritet i \u00e5tanke.<\/p>\n\n\n\n<p>Vi anv\u00e4nder personuppgifter f\u00f6r att uppfylla v\u00e5ra lagstadgade och\n\u00f6verenskomna f\u00f6rpliktelser samt f\u00f6r att ge dig erbjudanden och r\u00e5dgivning om\nv\u00e5ra produkter och tj\u00e4nster.<\/p>\n\n\n\n<p>I v\u00e5r dataskyddsbeskrivning redog\u00f6r vi mera detaljerat bl.a. f\u00f6r\nhurudana personuppgifter vi sparar, varifr\u00e5n vi f\u00e5r information och till vad vi\nanv\u00e4nder dem. D\u00e4rtill ber\u00e4ttar vi i vilka fall och p\u00e5 vilka grunder vi ger\ninformationen vidare till tredje part och om den registrerades r\u00e4ttigheter till\nsina egna personuppgifter.<\/p>\n\n\n\n<p>Om du har fr\u00e5gor om dataskyddet och personuppgifterna kan du kontakta\noss. V\u00e5ra kontaktuppgifter hittar du i avsnittet registeransvarig nedan.<\/p>\n\n\n\n<h2 class=\"wp-block-heading\">Anv\u00e4ndningen av kakor (Cookies)<\/h2>\n\n\n\n<p>Kakor \u00e4r textfiler placerade i din dators webbl\u00e4sare f\u00f6r att samla in\ninternetlogginformation och information om bes\u00f6karnas beteende. Denna\ninformation hj\u00e4lper oss analysera data om hemsidetrafiken och f\u00f6rb\u00e4ttra v\u00e5r\nhemsida och anpassa den till kundens behov. Vi anv\u00e4nder den h\u00e4r informationen\nf\u00f6r statistiskt analyseringssyfte och eventuellt f\u00f6r att rikta\nmarknadsf\u00f6ringen. <\/p>\n\n\n\n<p>Cookies anv\u00e4nds ocks\u00e5 f\u00f6r att hantera samma bes\u00f6karsession medan du\nbl\u00e4ddrar mellan sidor p\u00e5 webbplatsen. Vi lagrar inte personuppgifter eller\nannan k\u00e4nslig information i kakorna.<\/p>\n\n\n\n<p>Du kan st\u00e4lla in din webbl\u00e4sare f\u00f6r att inte acceptera cookies. Detta\nkan dock hindra dig fr\u00e5n att dra full nytta av webbplatsen.<\/p>\n\n\n\n<h3 class=\"wp-block-heading\">Anv\u00e4ndning av bes\u00f6ksstatistik och analytik<\/h3>\n\n\n\n<p>Den h\u00e4r webbplatsen anv\u00e4nder Google Analytics. Analysverktyget fr\u00e5n\nGoogle anv\u00e4nds f\u00f6r att utv\u00e4rdera trafiken p\u00e5 webbplatsen. Det inneb\u00e4r att\nsammanst\u00e4lla rapporter \u00f6ver ditt beteende p\u00e5 webbplatsen f\u00f6r att vi ska kunna\nf\u00f6rb\u00e4ttra inneh\u00e5llet s\u00e5 det b\u00e4ttre motsvarar dina behov. Detta sker p\u00e5 ett\nanonymiserat s\u00e4tt tack vare IP-maskering som bara anv\u00e4nder en del av\nIP-adressen. D\u00e4rf\u00f6r \u00e4r det inte m\u00f6jligt att sp\u00e5ra en identifierbar persons\naktivitetsm\u00f6nster p\u00e5 Internet. Insamlat data anv\u00e4nds enbart f\u00f6r statistiska\n\u00e4ndam\u00e5l p\u00e5 ett anonymiserat s\u00e4tt. Google kommer inte att anv\u00e4nda din f\u00f6rkortade\nIP-adress tillsammans med annan Google-data. Ett godk\u00e4nnande av webbsp\u00e5rning\noch analys kan \u00e5terkallas n\u00e4r som helst. Ett till\u00e4gg till din webbl\u00e4sare kan\nladdas ner fr\u00e5n Googles webbplats och installeras.<\/p>\n\n\n\n<h3 class=\"wp-block-heading\">Fraktbolag<\/h3>\n\n\n\n<p>F\u00f6r att kunna leverera dina best\u00e4llningar m\u00e5ste vi dela viss information\nmed fraktbolaget. Vi delar f\u00f6r- och efternamn samt adress f\u00f6r leverans. Epost\noch\/eller mobilnummer f\u00f6r avisering. I dagsl\u00e4get anv\u00e4nder vi Posti eller H.\nWidjeskog f\u00f6r leverans, i n\u00e4romr\u00e5det sker leveranser \u00e4ven med f\u00f6retagets egna\nfordon.<\/p>\n\n\n\n<h3 class=\"wp-block-heading\">Andra webbplatser<\/h3>\n\n\n\n<p>V\u00e5r webbsida kan inneh\u00e5lla l\u00e4nkar till andra webbsidor av intresse.\nDock, har vi ingen kontroll \u00f6ver andra hemsidor n\u00e4r du v\u00e4l l\u00e4mnat v\u00e5r. D\u00e4rf\u00f6r\nkan vi inte h\u00e5llas ansvariga f\u00f6r skydd eller sekretess av information du l\u00e4mnar\nunder bes\u00f6ket p\u00e5 andra webbplatser. Dessa sidor omfattas inte av detta\nsekretessavtal. Du b\u00f6r vara vaksam och l\u00e4sa varje sekretessavtal p\u00e5 den hemsida\ndet g\u00e4ller.<\/p>\n\n\n\n<h2 class=\"wp-block-heading\">Dataskyddsbeskrivning<\/h2>\n\n\n\n<p>Den h\u00e4r dataskyddspolicyn beskriver hur vi samlar\nin, anv\u00e4nder, lagrar och skyddar dina personuppgifter. N\u00e4r vi skriver \u201ddu\u201d\nmenar vi dig som kund, potentiell kund, eller annan relevant person.<\/p>\n\n\n\n<h3 class=\"wp-block-heading\">Grunderna f\u00f6r och \u00e4ndam\u00e5len med behandlingen av personuppgifter<\/h3>\n\n\n\n<p>Vi anv\u00e4nder personuppgifter f\u00f6r att uppfylla v\u00e5ra lagstadgade och\n\u00f6verenskomna f\u00f6rpliktelser samt f\u00f6r att ge dig erbjudanden och r\u00e5dgivning om\nv\u00e5ra produkter och tj\u00e4nster.<\/p>\n\n\n\n<h3 class=\"wp-block-heading\">Vilken information samlar vi om dig?<\/h3>\n\n\n\n<p>Vi samlar in information om dig n\u00e4r du registrerar dig hos oss eller\nbest\u00e4ller produkter eller tj\u00e4nster. Vi samlar ocks\u00e5 information n\u00e4r du\nfrivilligt slutf\u00f6r kundunders\u00f6kningar, ger feedback, prenumererar p\u00e5 nyhetsbrev\noch kontaktar oss. Webbplatsanv\u00e4ndningsinformation samlas in med hj\u00e4lp av\ncookies.<\/p>\n\n\n\n<p>N\u00e4r du kontaktar oss behandlar vi f\u00f6ljande personuppgifter:<\/p>\n\n\n\n<ul><li><strong>Person- och kontaktinformation<\/strong> &#8211; namn,\ne-postadress, mobiltelefonnummer, etc.<\/li><\/ul>\n\n\n\n<p>N\u00e4r du inlett ett kundf\u00f6rh\u00e5llande behandlar vi f\u00f6ljande personuppgifter:<\/p>\n\n\n\n<ul><li><strong>Person- och kontaktinformation<\/strong> &#8211; namn,\nfaktura- och leveransadress, e-postadress, mobiltelefonnummer, etc.<\/li><li><strong>Information om varor\/tj\u00e4nster<\/strong> &#8211; detaljer\nang\u00e5ende de varor\/tj\u00e4nster du har k\u00f6pt.<\/li><\/ul>\n\n\n\n<p>Information som insamlas f\u00f6r att identifiera v\u00e5ra kunder \u00e4r en\nf\u00f6ruts\u00e4ttning f\u00f6r att vi kan inleda ett kundf\u00f6rh\u00e5llande. Utan de n\u00f6dv\u00e4ndiga\npersonuppgifterna kan vi inte erbjuda v\u00e5ra tj\u00e4nster och produkter.<\/p>\n\n\n\n<p><em>Vi lagrar\ningen k\u00e4nslig information s\u00e5som personbeteckning (personnummer) och betal-\neller kreditkortsnummer.<\/em><\/p>\n\n\n\n<h3 class=\"wp-block-heading\">Fr\u00e5n vilka k\u00e4llor h\u00e4mtar vi dina personuppgifter?<\/h3>\n\n\n\n<p>Ut\u00f6ver de uppgifter du sj\u00e4lv l\u00e4mnar till oss, eller som vi samlar in\nfr\u00e5n dig utifr\u00e5n dina k\u00f6p och hur du anv\u00e4nder v\u00e5ra tj\u00e4nster, kan vi ocks\u00e5 komma\natt samla in personuppgifter fr\u00e5n n\u00e5gon annan (s.k. tredje part). De uppgifter\nvi samlar in fr\u00e5n tredje part \u00e4r f\u00f6ljande:<\/p>\n\n\n\n<ul><li>Adressuppgifter fr\u00e5n offentliga register f\u00f6r att\nvara s\u00e4kra p\u00e5 att vi har r\u00e4tt adressuppgifter till dig.<\/li><li>Uppgifter om kreditv\u00e4rdighet fr\u00e5n\nkreditv\u00e4rderingsinstitut, banker eller upplysningsf\u00f6retag.<\/li><\/ul>\n\n\n\n<h3 class=\"wp-block-heading\">Hur anv\u00e4nder vi informationen om dig?<\/h3>\n\n\n\n<p>Vi h\u00e5ller dina personuppgifter konfidentiella. Endast de av v\u00e5ra\narbetstagare, som genom sitt arbete har r\u00e4tt att behandla personuppgifter, har\nr\u00e4tt att anv\u00e4nda systemet inneh\u00e5llande personuppgifter. F\u00f6rbudet mot att\nutnyttja och r\u00f6ja informationen g\u00e4ller hela v\u00e5r personal. Varje anv\u00e4ndare har\nett personligt anv\u00e4ndarnamn och l\u00f6senord till systemet. Uppgifterna insamlas i\ndatabaser som \u00e4r skyddade genom brandmurar, l\u00f6senord och andra tekniska\n\u00e5tg\u00e4rder. Databaserna och s\u00e4kerhetskopiorna av dem \u00e4r bel\u00e4gna i l\u00e5sta utrymmen\noch endast vissa p\u00e5 f\u00f6rhand utvalda personer har tillg\u00e5ng till utrymmena.<\/p>\n\n\n\n<p>Vi instruerar v\u00e5r personal som deltar i behandlingen av personuppgifter\nom korrekt behandling av personuppgifter. Dessutom s\u00e4kerst\u00e4ller vi kontinuerligt\npersonalens tillr\u00e4ckliga expertis.<\/p>\n\n\n\n<h3 class=\"wp-block-heading\">Vilka kan vi komma att dela dina personuppgifter med?<\/h3>\n\n\n\n<ul><li>Statliga myndigheter (polisen, skatteverket eller andra myndigheter) om vi \u00e4r skyldiga att g\u00f6ra det enligt lag eller vid misstanke om brott.<\/li><li>F\u00f6retag som ombes\u00f6rjer allm\u00e4nna varutransporter (logistikf\u00f6retag och spedit\u00f6rer).<\/li><li>F\u00f6retag som erbjuder betall\u00f6sningar (kortinl\u00f6sande f\u00f6retag, banker och andra betaltj\u00e4nstleverant\u00f6rer).<\/li><li>Marknadsf\u00f6ring (nyhetsbrev, sociala medier, mediebyr\u00e5er eller reklambyr\u00e5er).<\/li><li>IT-tj\u00e4nster (f\u00f6retag som hanterar n\u00f6dv\u00e4ndig drift, teknisk support och underh\u00e5ll av v\u00e5ra IT-l\u00f6sningar).<\/li><\/ul>\n\n\n\n<p> N\u00e4r dina personuppgifter delas med ett f\u00f6retag som \u00e4r sj\u00e4lvst\u00e4ndigt  personuppgiftsansvarig g\u00e4ller det f\u00f6retagets integritetspolicy och  personuppgiftshantering.  <\/p>\n\n\n\n<h3 class=\"wp-block-heading\">Hur l\u00e4nge lagrar vi informationen?<\/h3>\n\n\n\n<p>Vi lagrar din personliga information s\u00e5 l\u00e4nge du anv\u00e4nder v\u00e5ra tj\u00e4nster.\nVi lagrar faktureringsuppgifter i 10 \u00e5r, vilket kr\u00e4vs enligt\nskattelagstiftningen, som kan anv\u00e4ndas f\u00f6r audition eller annat juridiskt\n\u00e4ndam\u00e5l.<\/p>\n\n\n\n<p>Om du vill att dina personuppgifter ska tas bort, uppdateras eller\n\u00e4ndras, v\u00e4nligen kontakta oss.&nbsp;<\/p>\n\n\n\n<h3 class=\"wp-block-heading\">Tillg\u00e5ng till din information och r\u00e4ttelse<\/h3>\n\n\n\n<p>Du har r\u00e4tt att beg\u00e4ra en kopia av den information vi uppr\u00e4tth\u00e5ller om\ndig. Om du vill ha en kopia av n\u00e5gra eller alla dina personuppgifter, v\u00e4nligen\nmejla oss p\u00e5 info@granlunds.com. Vi tillhandah\u00e5ller denna information\nkostnadsfritt.<\/p>\n\n\n\n<p>Vi vill se till att dina personuppgifter \u00e4r korrekta och aktuella. Du\nkan be oss att korrigera eller ta bort information som du tycker \u00e4r felaktig.<\/p>\n\n\n\n<p>Vi ber dig uppm\u00e4rksamma att vi betr\u00e4ffande vissa uppgifter har en\nlagstadgad skyldighet att lagra dina faktureringsuppgifter relaterade till\nink\u00f6p av produkter och tj\u00e4nster i 10 \u00e5r, vilket kr\u00e4vs enligt nuvarande skattelagstiftning.<\/p>\n\n\n\n<h3 class=\"wp-block-heading\">\u00c4ndringar i v\u00e5r Dataskyddsbeskrivning<\/h3>\n\n\n\n<p>Vi h\u00e5ller v\u00e5r dataskyddsbeskrivning under regelbunden granskning och\nf\u00f6rbeh\u00e5ller oss d\u00e4rf\u00f6r r\u00e4tten att \u00e4ndra denna dataskyddsbeskrivning genom att\nmeddela om detta p\u00e5 v\u00e5r webbplats. Vi f\u00f6ljer EU:s allm\u00e4nna dataskyddsf\u00f6rordning\n(GDPR).<\/p>\n\n\n\n<p>Denna dataskyddsbeskrivning uppdaterades senast den 2 januari 2020.<\/p>\n\n\n\n<h3 class=\"wp-block-heading\">Registeransvarig<\/h3>\n\n\n\n<p>Granlunds Farmtillbeh\u00f6r Ab<br>\nFo-nummer: 9213967-4<br>\nNorra Munsalav\u00e4gen 174<br>\n66950 Munsala<br>\nFINLAND<\/p>\n\n\n\n<h3 class=\"wp-block-heading\">Hur kontaktar du oss?<\/h3>\n\n\n\n<p>Kontakta oss om du har n\u00e5gra fr\u00e5gor om v\u00e5r dataskyddsbeskrivning eller\ninformation vi h\u00e5ller om dig:<\/p>\n\n\n\n<p>Via e-post: info@granlunds.com eller skriv till oss p\u00e5 ovanst\u00e5ende adress (registeransvarig).<\/p>\n","protected":false},"excerpt":{"rendered":"<p>Dataskyddsbeskrivning och cookies Denna dataskyddsbeskrivning beskriver hur vi anv\u00e4nder och skyddar den information du l\u00e4mnar n\u00e4r du bes\u00f6ker sidan. Vi v\u00e4rnar om din personliga integritet, vilket inneb\u00e4r att vi alltid samlar in och hanterar personuppgifter ansvarsfullt med din integritet i \u00e5tanke. Vi anv\u00e4nder personuppgifter f\u00f6r att uppfylla v\u00e5ra lagstadgade och \u00f6verenskomna f\u00f6rpliktelser samt f\u00f6r att &#8230; <a title=\"Integritetspolicy\" class=\"read-more\" href=\"https:\/\/www.granlunds.com\/sv\/integritetspolicy\/\">L\u00e4s mer <span class=\"screen-reader-text\">Integritetspolicy<\/span><\/a><\/p>\n","protected":false},"author":1,"featured_media":0,"parent":0,"menu_order":0,"comment_status":"closed","ping_status":"closed","template":"","meta":{"advgb_blocks_editor_width":"","advgb_blocks_columns_visual_guide":"","footnotes":""},"coauthors":[],"author_meta":{"author_link":"https:\/\/www.granlunds.com\/sv\/author\/tommy\/","display_name":"tommy"},"relative_dates":{"created":"Publicerad 6 \u00e5r sedan","modified":"Uppdaterad 6 \u00e5r sedan"},"absolute_dates":{"created":"Publicerat den 3 januari, 2020","modified":"Uppdaterad den 26 februari, 2020"},"absolute_dates_time":{"created":"Publicerat den 3 januari, 2020 16:15","modified":"Uppdaterad den 26 februari, 2020 10:42"},"featured_img_caption":"","featured_img":false,"series_order":"","_links":{"self":[{"href":"https:\/\/www.granlunds.com\/sv\/wp-json\/wp\/v2\/pages\/1536"}],"collection":[{"href":"https:\/\/www.granlunds.com\/sv\/wp-json\/wp\/v2\/pages"}],"about":[{"href":"https:\/\/www.granlunds.com\/sv\/wp-json\/wp\/v2\/types\/page"}],"author":[{"embeddable":true,"href":"https:\/\/www.granlunds.com\/sv\/wp-json\/wp\/v2\/users\/1"}],"replies":[{"embeddable":true,"href":"https:\/\/www.granlunds.com\/sv\/wp-json\/wp\/v2\/comments?post=1536"}],"version-history":[{"count":1,"href":"https:\/\/www.granlunds.com\/sv\/wp-json\/wp\/v2\/pages\/1536\/revisions"}],"predecessor-version":[{"id":1537,"href":"https:\/\/www.granlunds.com\/sv\/wp-json\/wp\/v2\/pages\/1536\/revisions\/1537"}],"wp:attachment":[{"href":"https:\/\/www.granlunds.com\/sv\/wp-json\/wp\/v2\/media?parent=1536"}],"curies":[{"name":"wp","href":"https:\/\/api.w.org\/{rel}","templated":true}]}}