{"id":10396,"date":"2026-01-30T10:13:58","date_gmt":"2026-01-30T08:13:58","guid":{"rendered":"https:\/\/www.granlunds.com\/?page_id=10396"},"modified":"2026-01-30T13:16:26","modified_gmt":"2026-01-30T11:16:26","slug":"gallervaggar-galleri","status":"publish","type":"page","link":"https:\/\/www.granlunds.com\/sv\/gallervagg-2\/gallervaggar-galleri\/","title":{"rendered":"Gallerv\u00e4gg anv\u00e4ndningsomr\u00e5de"},"content":{"rendered":"\t\t<div data-elementor-type=\"wp-page\" data-elementor-id=\"10396\" class=\"elementor elementor-10396\" data-elementor-post-type=\"page\">\n\t\t\t\t\t\t\t\t\t<section class=\"elementor-section elementor-top-section elementor-element elementor-element-9ae35e3 elementor-section-stretched elementor-section-boxed elementor-section-height-default elementor-section-height-default\" data-id=\"9ae35e3\" data-element_type=\"section\" data-settings=\"{&quot;stretch_section&quot;:&quot;section-stretched&quot;}\">\n\t\t\t\t\t\t<div class=\"elementor-container elementor-column-gap-no\">\n\t\t\t\t\t<div class=\"elementor-column elementor-col-100 elementor-top-column elementor-element elementor-element-f02a288\" data-id=\"f02a288\" data-element_type=\"column\" data-settings=\"{&quot;background_background&quot;:&quot;classic&quot;}\">\n\t\t\t<div class=\"elementor-widget-wrap elementor-element-populated\">\n\t\t\t\t\t\t\t\t<div class=\"elementor-element elementor-element-e5bc0c2 elementor-widget elementor-widget-heading\" data-id=\"e5bc0c2\" data-element_type=\"widget\" data-widget_type=\"heading.default\">\n\t\t\t\t<div class=\"elementor-widget-container\">\n\t\t\t<h2 class=\"elementor-heading-title elementor-size-default\"><b>Gallerv\u00e4ggar anv\u00e4ndningsomr\u00e5den<\/b><\/h2>\t\t<\/div>\n\t\t\t\t<\/div>\n\t\t\t\t\t<\/div>\n\t\t<\/div>\n\t\t\t\t\t\t\t<\/div>\n\t\t<\/section>\n\t\t\t\t<section class=\"elementor-section elementor-top-section elementor-element elementor-element-f01e9ee elementor-section-stretched elementor-section-boxed elementor-section-height-default elementor-section-height-default\" data-id=\"f01e9ee\" data-element_type=\"section\" data-settings=\"{&quot;stretch_section&quot;:&quot;section-stretched&quot;}\">\n\t\t\t\t\t\t<div class=\"elementor-container elementor-column-gap-no\">\n\t\t\t\t\t<div class=\"elementor-column elementor-col-100 elementor-top-column elementor-element elementor-element-ccce3c2\" data-id=\"ccce3c2\" data-element_type=\"column\">\n\t\t\t<div class=\"elementor-widget-wrap elementor-element-populated\">\n\t\t\t\t\t\t\t\t<div class=\"elementor-element elementor-element-32f3791 elementor-widget elementor-widget-spacer\" data-id=\"32f3791\" data-element_type=\"widget\" data-widget_type=\"spacer.default\">\n\t\t\t\t<div class=\"elementor-widget-container\">\n\t\t\t\t\t<div class=\"elementor-spacer\">\n\t\t\t<div class=\"elementor-spacer-inner\"><\/div>\n\t\t<\/div>\n\t\t\t\t<\/div>\n\t\t\t\t<\/div>\n\t\t\t\t\t<\/div>\n\t\t<\/div>\n\t\t\t\t\t\t\t<\/div>\n\t\t<\/section>\n\t\t\t\t<section class=\"elementor-section elementor-top-section elementor-element elementor-element-ade3a8e elementor-section-stretched elementor-section-boxed elementor-section-height-default elementor-section-height-default\" data-id=\"ade3a8e\" data-element_type=\"section\" data-settings=\"{&quot;stretch_section&quot;:&quot;section-stretched&quot;}\">\n\t\t\t\t\t\t<div class=\"elementor-container elementor-column-gap-no\">\n\t\t\t\t\t<div class=\"elementor-column elementor-col-66 elementor-top-column elementor-element elementor-element-5429696\" data-id=\"5429696\" data-element_type=\"column\">\n\t\t\t<div class=\"elementor-widget-wrap elementor-element-populated\">\n\t\t\t\t\t\t\t\t<div class=\"elementor-element elementor-element-77bb466 elementor-widget elementor-widget-image\" data-id=\"77bb466\" data-element_type=\"widget\" data-widget_type=\"image.default\">\n\t\t\t\t<div class=\"elementor-widget-container\">\n\t\t\t\t\t\t\t\t\t\t\t\t\t\t\t<img fetchpriority=\"high\" decoding=\"async\" width=\"1024\" height=\"628\" src=\"https:\/\/www.granlunds.com\/wp-content\/uploads\/2026\/01\/Fresh-1-scaled-e1769759431906-1024x628.jpg\" class=\"attachment-large size-large wp-image-10375\" alt=\"Verkkosein\u00e4\" srcset=\"https:\/\/www.granlunds.com\/wp-content\/uploads\/2026\/01\/Fresh-1-scaled-e1769759431906-1024x628.jpg 1024w, https:\/\/www.granlunds.com\/wp-content\/uploads\/2026\/01\/Fresh-1-scaled-e1769759431906-300x184.jpg 300w, https:\/\/www.granlunds.com\/wp-content\/uploads\/2026\/01\/Fresh-1-scaled-e1769759431906-768x471.jpg 768w, https:\/\/www.granlunds.com\/wp-content\/uploads\/2026\/01\/Fresh-1-scaled-e1769759431906-50x31.jpg 50w, https:\/\/www.granlunds.com\/wp-content\/uploads\/2026\/01\/Fresh-1-scaled-e1769759431906-1600x982.jpg 1600w, https:\/\/www.granlunds.com\/wp-content\/uploads\/2026\/01\/Fresh-1-scaled-e1769759431906-1536x943.jpg 1536w, https:\/\/www.granlunds.com\/wp-content\/uploads\/2026\/01\/Fresh-1-scaled-e1769759431906-250x153.jpg 250w, https:\/\/www.granlunds.com\/wp-content\/uploads\/2026\/01\/Fresh-1-scaled-e1769759431906.jpg 1877w\" sizes=\"(max-width: 1024px) 100vw, 1024px\" \/>\t\t\t\t\t\t\t\t\t\t\t\t\t\t\t<\/div>\n\t\t\t\t<\/div>\n\t\t\t\t\t<\/div>\n\t\t<\/div>\n\t\t\t\t<div class=\"elementor-column elementor-col-33 elementor-top-column elementor-element elementor-element-acdecd2\" data-id=\"acdecd2\" data-element_type=\"column\" data-settings=\"{&quot;background_background&quot;:&quot;classic&quot;}\">\n\t\t\t<div class=\"elementor-widget-wrap elementor-element-populated\">\n\t\t\t\t\t\t\t\t<div class=\"elementor-element elementor-element-0719d19 elementor-widget elementor-widget-heading\" data-id=\"0719d19\" data-element_type=\"widget\" data-widget_type=\"heading.default\">\n\t\t\t\t<div class=\"elementor-widget-container\">\n\t\t\t<h2 class=\"elementor-heading-title elementor-size-default\"><b>Gasstation<\/b><\/h2>\t\t<\/div>\n\t\t\t\t<\/div>\n\t\t\t\t<div class=\"elementor-element elementor-element-6b8e260 elementor-widget elementor-widget-text-editor\" data-id=\"6b8e260\" data-element_type=\"widget\" data-widget_type=\"text-editor.default\">\n\t\t\t\t<div class=\"elementor-widget-container\">\n\t\t\t\t\t\t\t<p>L\u00e5sbar inh\u00e4gnad runt gasbeh\u00e5llare.<br>H\u00f6jdkrav 2,5m.&nbsp;<\/p>\t\t\t\t\t\t<\/div>\n\t\t\t\t<\/div>\n\t\t\t\t\t<\/div>\n\t\t<\/div>\n\t\t\t\t\t\t\t<\/div>\n\t\t<\/section>\n\t\t\t\t<section class=\"elementor-section elementor-top-section elementor-element elementor-element-0bcfaf0 elementor-section-boxed elementor-section-height-default elementor-section-height-default\" data-id=\"0bcfaf0\" data-element_type=\"section\">\n\t\t\t\t\t\t<div class=\"elementor-container elementor-column-gap-no\">\n\t\t\t\t\t<div class=\"elementor-column elementor-col-100 elementor-top-column elementor-element elementor-element-6889024\" data-id=\"6889024\" data-element_type=\"column\">\n\t\t\t<div class=\"elementor-widget-wrap elementor-element-populated\">\n\t\t\t\t\t\t\t\t<div class=\"elementor-element elementor-element-bff3c08 elementor-widget elementor-widget-spacer\" data-id=\"bff3c08\" data-element_type=\"widget\" data-widget_type=\"spacer.default\">\n\t\t\t\t<div class=\"elementor-widget-container\">\n\t\t\t\t\t<div class=\"elementor-spacer\">\n\t\t\t<div class=\"elementor-spacer-inner\"><\/div>\n\t\t<\/div>\n\t\t\t\t<\/div>\n\t\t\t\t<\/div>\n\t\t\t\t\t<\/div>\n\t\t<\/div>\n\t\t\t\t\t\t\t<\/div>\n\t\t<\/section>\n\t\t\t\t<section class=\"elementor-section elementor-top-section elementor-element elementor-element-c0b1bb1 elementor-section-stretched elementor-section-boxed elementor-section-height-default elementor-section-height-default\" data-id=\"c0b1bb1\" data-element_type=\"section\" data-settings=\"{&quot;stretch_section&quot;:&quot;section-stretched&quot;}\">\n\t\t\t\t\t\t<div class=\"elementor-container elementor-column-gap-no\">\n\t\t\t\t\t<div class=\"elementor-column elementor-col-50 elementor-top-column elementor-element elementor-element-92d6a32\" data-id=\"92d6a32\" data-element_type=\"column\">\n\t\t\t<div class=\"elementor-widget-wrap elementor-element-populated\">\n\t\t\t\t\t\t\t\t<div class=\"elementor-element elementor-element-5038c0e elementor-widget elementor-widget-image\" data-id=\"5038c0e\" data-element_type=\"widget\" data-widget_type=\"image.default\">\n\t\t\t\t<div class=\"elementor-widget-container\">\n\t\t\t\t\t\t\t\t\t\t\t\t\t\t\t<img decoding=\"async\" width=\"822\" height=\"1024\" src=\"https:\/\/www.granlunds.com\/wp-content\/uploads\/2026\/01\/Hybridiarena-4-822x1024.jpg\" class=\"attachment-large size-large wp-image-10428\" alt=\"Muuntamon verkkosein\u00e4\" srcset=\"https:\/\/www.granlunds.com\/wp-content\/uploads\/2026\/01\/Hybridiarena-4-822x1024.jpg 822w, https:\/\/www.granlunds.com\/wp-content\/uploads\/2026\/01\/Hybridiarena-4-241x300.jpg 241w, https:\/\/www.granlunds.com\/wp-content\/uploads\/2026\/01\/Hybridiarena-4-768x957.jpg 768w, https:\/\/www.granlunds.com\/wp-content\/uploads\/2026\/01\/Hybridiarena-4-50x62.jpg 50w, https:\/\/www.granlunds.com\/wp-content\/uploads\/2026\/01\/Hybridiarena-4-1600x1993.jpg 1600w, https:\/\/www.granlunds.com\/wp-content\/uploads\/2026\/01\/Hybridiarena-4-1233x1536.jpg 1233w, https:\/\/www.granlunds.com\/wp-content\/uploads\/2026\/01\/Hybridiarena-4-1644x2048.jpg 1644w, https:\/\/www.granlunds.com\/wp-content\/uploads\/2026\/01\/Hybridiarena-4-250x311.jpg 250w, https:\/\/www.granlunds.com\/wp-content\/uploads\/2026\/01\/Hybridiarena-4.jpg 1800w\" sizes=\"(max-width: 822px) 100vw, 822px\" \/>\t\t\t\t\t\t\t\t\t\t\t\t\t\t\t<\/div>\n\t\t\t\t<\/div>\n\t\t\t\t\t<\/div>\n\t\t<\/div>\n\t\t\t\t<div class=\"elementor-column elementor-col-50 elementor-top-column elementor-element elementor-element-b5775f8\" data-id=\"b5775f8\" data-element_type=\"column\" data-settings=\"{&quot;background_background&quot;:&quot;classic&quot;}\">\n\t\t\t<div class=\"elementor-widget-wrap elementor-element-populated\">\n\t\t\t\t\t\t\t\t<div class=\"elementor-element elementor-element-dbd6520 elementor-widget elementor-widget-heading\" data-id=\"dbd6520\" data-element_type=\"widget\" data-widget_type=\"heading.default\">\n\t\t\t\t<div class=\"elementor-widget-container\">\n\t\t\t<h2 class=\"elementor-heading-title elementor-size-default\"><b>Tranformatorstation<\/b><\/h2>\t\t<\/div>\n\t\t\t\t<\/div>\n\t\t\t\t<div class=\"elementor-element elementor-element-91dc4df elementor-widget elementor-widget-text-editor\" data-id=\"91dc4df\" data-element_type=\"widget\" data-widget_type=\"text-editor.default\">\n\t\t\t\t<div class=\"elementor-widget-container\">\n\t\t\t\t\t\t\t<p>Gallev\u00e4gg till transformatorstation med h\u00f6ga krav p\u00e5 els\u00e4kerhet.<\/p>\t\t\t\t\t\t<\/div>\n\t\t\t\t<\/div>\n\t\t\t\t\t<\/div>\n\t\t<\/div>\n\t\t\t\t\t\t\t<\/div>\n\t\t<\/section>\n\t\t\t\t<section class=\"elementor-section elementor-top-section elementor-element elementor-element-f6e6e03 elementor-section-boxed elementor-section-height-default elementor-section-height-default\" data-id=\"f6e6e03\" data-element_type=\"section\">\n\t\t\t\t\t\t<div class=\"elementor-container elementor-column-gap-no\">\n\t\t\t\t\t<div class=\"elementor-column elementor-col-100 elementor-top-column elementor-element elementor-element-dd95bba\" data-id=\"dd95bba\" data-element_type=\"column\">\n\t\t\t<div class=\"elementor-widget-wrap elementor-element-populated\">\n\t\t\t\t\t\t\t\t<div class=\"elementor-element elementor-element-5a522ce elementor-widget elementor-widget-spacer\" data-id=\"5a522ce\" data-element_type=\"widget\" data-widget_type=\"spacer.default\">\n\t\t\t\t<div class=\"elementor-widget-container\">\n\t\t\t\t\t<div class=\"elementor-spacer\">\n\t\t\t<div class=\"elementor-spacer-inner\"><\/div>\n\t\t<\/div>\n\t\t\t\t<\/div>\n\t\t\t\t<\/div>\n\t\t\t\t\t<\/div>\n\t\t<\/div>\n\t\t\t\t\t\t\t<\/div>\n\t\t<\/section>\n\t\t\t\t<section class=\"elementor-section elementor-top-section elementor-element elementor-element-6cabd70 elementor-section-stretched elementor-section-boxed elementor-section-height-default elementor-section-height-default\" data-id=\"6cabd70\" data-element_type=\"section\" data-settings=\"{&quot;stretch_section&quot;:&quot;section-stretched&quot;}\">\n\t\t\t\t\t\t<div class=\"elementor-container elementor-column-gap-no\">\n\t\t\t\t\t<div class=\"elementor-column elementor-col-66 elementor-top-column elementor-element elementor-element-c8abbf3\" data-id=\"c8abbf3\" data-element_type=\"column\">\n\t\t\t<div class=\"elementor-widget-wrap elementor-element-populated\">\n\t\t\t\t\t\t\t\t<div class=\"elementor-element elementor-element-a68e880 elementor-widget elementor-widget-image\" data-id=\"a68e880\" data-element_type=\"widget\" data-widget_type=\"image.default\">\n\t\t\t\t<div class=\"elementor-widget-container\">\n\t\t\t\t\t\t\t\t\t\t\t\t\t\t\t<img decoding=\"async\" width=\"1024\" height=\"810\" src=\"https:\/\/www.granlunds.com\/wp-content\/uploads\/2026\/01\/Roskakatos-scaled-e1769761738606-1024x810.jpg\" class=\"attachment-large size-large wp-image-10414\" alt=\"\" srcset=\"https:\/\/www.granlunds.com\/wp-content\/uploads\/2026\/01\/Roskakatos-scaled-e1769761738606-1024x810.jpg 1024w, https:\/\/www.granlunds.com\/wp-content\/uploads\/2026\/01\/Roskakatos-scaled-e1769761738606-300x237.jpg 300w, https:\/\/www.granlunds.com\/wp-content\/uploads\/2026\/01\/Roskakatos-scaled-e1769761738606-768x608.jpg 768w, https:\/\/www.granlunds.com\/wp-content\/uploads\/2026\/01\/Roskakatos-scaled-e1769761738606-50x40.jpg 50w, https:\/\/www.granlunds.com\/wp-content\/uploads\/2026\/01\/Roskakatos-scaled-e1769761738606-250x198.jpg 250w, https:\/\/www.granlunds.com\/wp-content\/uploads\/2026\/01\/Roskakatos-scaled-e1769761738606.jpg 1254w\" sizes=\"(max-width: 1024px) 100vw, 1024px\" \/>\t\t\t\t\t\t\t\t\t\t\t\t\t\t\t<\/div>\n\t\t\t\t<\/div>\n\t\t\t\t\t<\/div>\n\t\t<\/div>\n\t\t\t\t<div class=\"elementor-column elementor-col-33 elementor-top-column elementor-element elementor-element-8360ffd\" data-id=\"8360ffd\" data-element_type=\"column\" data-settings=\"{&quot;background_background&quot;:&quot;classic&quot;}\">\n\t\t\t<div class=\"elementor-widget-wrap elementor-element-populated\">\n\t\t\t\t\t\t\t\t<div class=\"elementor-element elementor-element-bf24353 elementor-widget elementor-widget-heading\" data-id=\"bf24353\" data-element_type=\"widget\" data-widget_type=\"heading.default\">\n\t\t\t\t<div class=\"elementor-widget-container\">\n\t\t\t<h2 class=\"elementor-heading-title elementor-size-default\"><b>Sophus<\/b><\/h2>\t\t<\/div>\n\t\t\t\t<\/div>\n\t\t\t\t<div class=\"elementor-element elementor-element-bdf9850 elementor-widget elementor-widget-text-editor\" data-id=\"bdf9850\" data-element_type=\"widget\" data-widget_type=\"text-editor.default\">\n\t\t\t\t<div class=\"elementor-widget-container\">\n\t\t\t\t\t\t\t<p>L\u00e5sbar pard\u00f6rr till sophus.<br \/>Sm\u00e5 gallermaskor f\u00f6r att hindra f\u00e5glar.<\/p>\t\t\t\t\t\t<\/div>\n\t\t\t\t<\/div>\n\t\t\t\t\t<\/div>\n\t\t<\/div>\n\t\t\t\t\t\t\t<\/div>\n\t\t<\/section>\n\t\t\t\t<section class=\"elementor-section elementor-top-section elementor-element elementor-element-5a39754 elementor-section-boxed elementor-section-height-default elementor-section-height-default\" data-id=\"5a39754\" data-element_type=\"section\">\n\t\t\t\t\t\t<div class=\"elementor-container elementor-column-gap-no\">\n\t\t\t\t\t<div class=\"elementor-column elementor-col-100 elementor-top-column elementor-element elementor-element-139d8bf\" data-id=\"139d8bf\" data-element_type=\"column\">\n\t\t\t<div class=\"elementor-widget-wrap elementor-element-populated\">\n\t\t\t\t\t\t\t\t<div class=\"elementor-element elementor-element-df2e7eb elementor-widget elementor-widget-spacer\" data-id=\"df2e7eb\" data-element_type=\"widget\" data-widget_type=\"spacer.default\">\n\t\t\t\t<div class=\"elementor-widget-container\">\n\t\t\t\t\t<div class=\"elementor-spacer\">\n\t\t\t<div class=\"elementor-spacer-inner\"><\/div>\n\t\t<\/div>\n\t\t\t\t<\/div>\n\t\t\t\t<\/div>\n\t\t\t\t\t<\/div>\n\t\t<\/div>\n\t\t\t\t\t\t\t<\/div>\n\t\t<\/section>\n\t\t\t\t<section class=\"elementor-section elementor-top-section elementor-element elementor-element-85ab035 elementor-section-stretched elementor-section-boxed elementor-section-height-default elementor-section-height-default\" data-id=\"85ab035\" data-element_type=\"section\" data-settings=\"{&quot;stretch_section&quot;:&quot;section-stretched&quot;}\">\n\t\t\t\t\t\t<div class=\"elementor-container elementor-column-gap-no\">\n\t\t\t\t\t<div class=\"elementor-column elementor-col-66 elementor-top-column elementor-element elementor-element-676e585\" data-id=\"676e585\" data-element_type=\"column\">\n\t\t\t<div class=\"elementor-widget-wrap elementor-element-populated\">\n\t\t\t\t\t\t\t\t<div class=\"elementor-element elementor-element-c357144 elementor-widget elementor-widget-image\" data-id=\"c357144\" data-element_type=\"widget\" data-widget_type=\"image.default\">\n\t\t\t\t<div class=\"elementor-widget-container\">\n\t\t\t\t\t\t\t\t\t\t\t\t\t\t\t<img loading=\"lazy\" decoding=\"async\" width=\"1024\" height=\"590\" src=\"https:\/\/www.granlunds.com\/wp-content\/uploads\/2023\/11\/Tullmagasinet-1-scaled-1-1024x590.jpg\" class=\"attachment-large size-large wp-image-8260\" alt=\"\" srcset=\"https:\/\/www.granlunds.com\/wp-content\/uploads\/2023\/11\/Tullmagasinet-1-scaled-1-1024x590.jpg 1024w, https:\/\/www.granlunds.com\/wp-content\/uploads\/2023\/11\/Tullmagasinet-1-scaled-1-300x173.jpg 300w, https:\/\/www.granlunds.com\/wp-content\/uploads\/2023\/11\/Tullmagasinet-1-scaled-1-768x443.jpg 768w, https:\/\/www.granlunds.com\/wp-content\/uploads\/2023\/11\/Tullmagasinet-1-scaled-1-1600x922.jpg 1600w, https:\/\/www.granlunds.com\/wp-content\/uploads\/2023\/11\/Tullmagasinet-1-scaled-1-1536x885.jpg 1536w, https:\/\/www.granlunds.com\/wp-content\/uploads\/2023\/11\/Tullmagasinet-1-scaled-1-2048x1180.jpg 2048w, https:\/\/www.granlunds.com\/wp-content\/uploads\/2023\/11\/Tullmagasinet-1-scaled-1-250x144.jpg 250w\" sizes=\"(max-width: 1024px) 100vw, 1024px\" \/>\t\t\t\t\t\t\t\t\t\t\t\t\t\t\t<\/div>\n\t\t\t\t<\/div>\n\t\t\t\t\t<\/div>\n\t\t<\/div>\n\t\t\t\t<div class=\"elementor-column elementor-col-33 elementor-top-column elementor-element elementor-element-c86148d\" data-id=\"c86148d\" data-element_type=\"column\" data-settings=\"{&quot;background_background&quot;:&quot;classic&quot;}\">\n\t\t\t<div class=\"elementor-widget-wrap elementor-element-populated\">\n\t\t\t\t\t\t\t\t<div class=\"elementor-element elementor-element-243c945 elementor-widget elementor-widget-heading\" data-id=\"243c945\" data-element_type=\"widget\" data-widget_type=\"heading.default\">\n\t\t\t\t<div class=\"elementor-widget-container\">\n\t\t\t<h2 class=\"elementor-heading-title elementor-size-default\"><b>Br\u00e4nsletank<\/b><\/h2>\t\t<\/div>\n\t\t\t\t<\/div>\n\t\t\t\t<div class=\"elementor-element elementor-element-15118bf elementor-widget elementor-widget-text-editor\" data-id=\"15118bf\" data-element_type=\"widget\" data-widget_type=\"text-editor.default\">\n\t\t\t\t<div class=\"elementor-widget-container\">\n\t\t\t\t\t\t\t<p>Inh\u00e4gnad br\u00e4nsletank ovan jord, v\u00e4ggh\u00f6jd minst 2,5m.<\/p>\t\t\t\t\t\t<\/div>\n\t\t\t\t<\/div>\n\t\t\t\t\t<\/div>\n\t\t<\/div>\n\t\t\t\t\t\t\t<\/div>\n\t\t<\/section>\n\t\t\t\t<section class=\"elementor-section elementor-top-section elementor-element elementor-element-b639240 elementor-section-stretched elementor-section-boxed elementor-section-height-default elementor-section-height-default\" data-id=\"b639240\" data-element_type=\"section\" data-settings=\"{&quot;stretch_section&quot;:&quot;section-stretched&quot;}\">\n\t\t\t\t\t\t<div class=\"elementor-container elementor-column-gap-no\">\n\t\t\t\t\t<div class=\"elementor-column elementor-col-100 elementor-top-column elementor-element elementor-element-98500d1\" data-id=\"98500d1\" data-element_type=\"column\">\n\t\t\t<div class=\"elementor-widget-wrap elementor-element-populated\">\n\t\t\t\t\t\t\t\t<div class=\"elementor-element elementor-element-0b8e723 elementor-widget elementor-widget-spacer\" data-id=\"0b8e723\" data-element_type=\"widget\" data-widget_type=\"spacer.default\">\n\t\t\t\t<div class=\"elementor-widget-container\">\n\t\t\t\t\t<div class=\"elementor-spacer\">\n\t\t\t<div class=\"elementor-spacer-inner\"><\/div>\n\t\t<\/div>\n\t\t\t\t<\/div>\n\t\t\t\t<\/div>\n\t\t\t\t\t<\/div>\n\t\t<\/div>\n\t\t\t\t\t\t\t<\/div>\n\t\t<\/section>\n\t\t\t\t\t\t\t<\/div>\n\t\t","protected":false},"excerpt":{"rendered":"<p>Gallerv\u00e4ggar anv\u00e4ndningsomr\u00e5den Gasstation L\u00e5sbar inh\u00e4gnad runt gasbeh\u00e5llare.H\u00f6jdkrav 2,5m.&nbsp; Tranformatorstation Gallev\u00e4gg till transformatorstation med h\u00f6ga krav p\u00e5 els\u00e4kerhet. Sophus L\u00e5sbar pard\u00f6rr till sophus.Sm\u00e5 gallermaskor f\u00f6r att hindra f\u00e5glar. Br\u00e4nsletank Inh\u00e4gnad br\u00e4nsletank ovan jord, v\u00e4ggh\u00f6jd minst 2,5m.<\/p>\n","protected":false},"author":3,"featured_media":0,"parent":7352,"menu_order":1,"comment_status":"closed","ping_status":"closed","template":"","meta":{"advgb_blocks_editor_width":"","advgb_blocks_columns_visual_guide":"","footnotes":""},"coauthors":[],"author_meta":{"author_link":"https:\/\/www.granlunds.com\/sv\/author\/kaj\/","display_name":"Kaj"},"relative_dates":{"created":"Publicerad 2 m\u00e5nader sedan","modified":"Uppdaterad 2 m\u00e5nader sedan"},"absolute_dates":{"created":"Publicerat den 30 januari, 2026","modified":"Uppdaterad den 30 januari, 2026"},"absolute_dates_time":{"created":"Publicerat den 30 januari, 2026 10:13","modified":"Uppdaterad den 30 januari, 2026 13:16"},"featured_img_caption":"","featured_img":false,"series_order":"","_links":{"self":[{"href":"https:\/\/www.granlunds.com\/sv\/wp-json\/wp\/v2\/pages\/10396"}],"collection":[{"href":"https:\/\/www.granlunds.com\/sv\/wp-json\/wp\/v2\/pages"}],"about":[{"href":"https:\/\/www.granlunds.com\/sv\/wp-json\/wp\/v2\/types\/page"}],"author":[{"embeddable":true,"href":"https:\/\/www.granlunds.com\/sv\/wp-json\/wp\/v2\/users\/3"}],"replies":[{"embeddable":true,"href":"https:\/\/www.granlunds.com\/sv\/wp-json\/wp\/v2\/comments?post=10396"}],"version-history":[{"count":46,"href":"https:\/\/www.granlunds.com\/sv\/wp-json\/wp\/v2\/pages\/10396\/revisions"}],"predecessor-version":[{"id":10496,"href":"https:\/\/www.granlunds.com\/sv\/wp-json\/wp\/v2\/pages\/10396\/revisions\/10496"}],"up":[{"embeddable":true,"href":"https:\/\/www.granlunds.com\/sv\/wp-json\/wp\/v2\/pages\/7352"}],"wp:attachment":[{"href":"https:\/\/www.granlunds.com\/sv\/wp-json\/wp\/v2\/media?parent=10396"}],"curies":[{"name":"wp","href":"https:\/\/api.w.org\/{rel}","templated":true}]}}