{"id":1035,"date":"2019-12-03T14:13:18","date_gmt":"2019-12-03T13:13:18","guid":{"rendered":"https:\/\/www.granlunds.com\/?page_id=1035"},"modified":"2023-04-03T15:09:27","modified_gmt":"2023-04-03T12:09:27","slug":"aterforsaljare","status":"publish","type":"page","link":"https:\/\/www.granlunds.com\/sv\/gabions\/aterforsaljare\/","title":{"rendered":"\u00c5terf\u00f6rs\u00e4ljare av stenkorgar"},"content":{"rendered":"\t\t<div data-elementor-type=\"wp-page\" data-elementor-id=\"1035\" class=\"elementor elementor-1035\" data-elementor-post-type=\"page\">\n\t\t\t\t\t\t\t\t\t<section class=\"elementor-section elementor-top-section elementor-element elementor-element-95b69ac elementor-section-stretched elementor-section-boxed elementor-section-height-default elementor-section-height-default\" data-id=\"95b69ac\" data-element_type=\"section\" data-settings=\"{&quot;stretch_section&quot;:&quot;section-stretched&quot;}\">\n\t\t\t\t\t\t<div class=\"elementor-container elementor-column-gap-no\">\n\t\t\t\t\t<div class=\"elementor-column elementor-col-33 elementor-top-column elementor-element elementor-element-761859f\" data-id=\"761859f\" data-element_type=\"column\" data-settings=\"{&quot;background_background&quot;:&quot;classic&quot;}\">\n\t\t\t<div class=\"elementor-widget-wrap elementor-element-populated\">\n\t\t\t\t\t\t\t\t<div class=\"elementor-element elementor-element-79d2c7d elementor-widget elementor-widget-heading\" data-id=\"79d2c7d\" data-element_type=\"widget\" data-widget_type=\"heading.default\">\n\t\t\t\t<div class=\"elementor-widget-container\">\n\t\t\t<h2 class=\"elementor-heading-title elementor-size-default\"><b>\u00c5terf\u00f6rs\u00e4ljare<\/b><\/h2>\t\t<\/div>\n\t\t\t\t<\/div>\n\t\t\t\t<div class=\"elementor-element elementor-element-b6a2d4d elementor-widget elementor-widget-text-editor\" data-id=\"b6a2d4d\" data-element_type=\"widget\" data-widget_type=\"text-editor.default\">\n\t\t\t\t<div class=\"elementor-widget-container\">\n\t\t\t\t\t\t\t<p>&#8230;..p\u00e5 kommande&#8230;&#8230;<\/p>\t\t\t\t\t\t<\/div>\n\t\t\t\t<\/div>\n\t\t\t\t\t<\/div>\n\t\t<\/div>\n\t\t\t\t<div class=\"elementor-column elementor-col-66 elementor-top-column elementor-element elementor-element-e8bcb62\" data-id=\"e8bcb62\" data-element_type=\"column\">\n\t\t\t<div class=\"elementor-widget-wrap elementor-element-populated\">\n\t\t\t\t\t\t\t\t<div class=\"elementor-element elementor-element-368c5c1 elementor-widget elementor-widget-google_maps\" data-id=\"368c5c1\" data-element_type=\"widget\" data-widget_type=\"google_maps.default\">\n\t\t\t\t<div class=\"elementor-widget-container\">\n\t\t\t\t\t<div class=\"elementor-custom-embed\">\n\t\t\t<iframe loading=\"lazy\"\n\t\t\t\t\tsrc=\"https:\/\/maps.google.com\/maps?q=Munsala&#038;t=m&#038;z=5&#038;output=embed&#038;iwloc=near\"\n\t\t\t\t\ttitle=\"Munsala\"\n\t\t\t\t\taria-label=\"Munsala\"\n\t\t\t><\/iframe>\n\t\t<\/div>\n\t\t\t\t<\/div>\n\t\t\t\t<\/div>\n\t\t\t\t\t<\/div>\n\t\t<\/div>\n\t\t\t\t\t\t\t<\/div>\n\t\t<\/section>\n\t\t\t\t<section class=\"elementor-section elementor-top-section elementor-element elementor-element-ea3576a elementor-section-stretched elementor-section-boxed elementor-section-height-default elementor-section-height-default\" data-id=\"ea3576a\" data-element_type=\"section\" data-settings=\"{&quot;stretch_section&quot;:&quot;section-stretched&quot;}\">\n\t\t\t\t\t\t<div class=\"elementor-container elementor-column-gap-no\">\n\t\t\t\t\t<div class=\"elementor-column elementor-col-100 elementor-top-column elementor-element elementor-element-c287523\" data-id=\"c287523\" data-element_type=\"column\">\n\t\t\t<div class=\"elementor-widget-wrap elementor-element-populated\">\n\t\t\t\t\t\t\t\t<div class=\"elementor-element elementor-element-857f14f elementor-widget elementor-widget-spacer\" data-id=\"857f14f\" data-element_type=\"widget\" data-widget_type=\"spacer.default\">\n\t\t\t\t<div class=\"elementor-widget-container\">\n\t\t\t\t\t<div class=\"elementor-spacer\">\n\t\t\t<div class=\"elementor-spacer-inner\"><\/div>\n\t\t<\/div>\n\t\t\t\t<\/div>\n\t\t\t\t<\/div>\n\t\t\t\t\t<\/div>\n\t\t<\/div>\n\t\t\t\t\t\t\t<\/div>\n\t\t<\/section>\n\t\t\t\t\t\t\t<\/div>\n\t\t","protected":false},"excerpt":{"rendered":"<p>\u00c5terf\u00f6rs\u00e4ljare &#8230;..p\u00e5 kommande&#8230;&#8230;<\/p>\n","protected":false},"author":1,"featured_media":0,"parent":6,"menu_order":0,"comment_status":"closed","ping_status":"closed","template":"","meta":{"advgb_blocks_editor_width":"","advgb_blocks_columns_visual_guide":"","footnotes":""},"coauthors":[],"author_meta":{"author_link":"https:\/\/www.granlunds.com\/sv\/author\/tommy\/","display_name":"tommy"},"relative_dates":{"created":"Publicerad 6 \u00e5r sedan","modified":"Uppdaterad 3 \u00e5r sedan"},"absolute_dates":{"created":"Publicerat den 3 december, 2019","modified":"Uppdaterad den 3 april, 2023"},"absolute_dates_time":{"created":"Publicerat den 3 december, 2019 14:13","modified":"Uppdaterad den 3 april, 2023 15:09"},"featured_img_caption":"","featured_img":false,"series_order":"","_links":{"self":[{"href":"https:\/\/www.granlunds.com\/sv\/wp-json\/wp\/v2\/pages\/1035"}],"collection":[{"href":"https:\/\/www.granlunds.com\/sv\/wp-json\/wp\/v2\/pages"}],"about":[{"href":"https:\/\/www.granlunds.com\/sv\/wp-json\/wp\/v2\/types\/page"}],"author":[{"embeddable":true,"href":"https:\/\/www.granlunds.com\/sv\/wp-json\/wp\/v2\/users\/1"}],"replies":[{"embeddable":true,"href":"https:\/\/www.granlunds.com\/sv\/wp-json\/wp\/v2\/comments?post=1035"}],"version-history":[{"count":21,"href":"https:\/\/www.granlunds.com\/sv\/wp-json\/wp\/v2\/pages\/1035\/revisions"}],"predecessor-version":[{"id":7037,"href":"https:\/\/www.granlunds.com\/sv\/wp-json\/wp\/v2\/pages\/1035\/revisions\/7037"}],"up":[{"embeddable":true,"href":"https:\/\/www.granlunds.com\/sv\/wp-json\/wp\/v2\/pages\/6"}],"wp:attachment":[{"href":"https:\/\/www.granlunds.com\/sv\/wp-json\/wp\/v2\/media?parent=1035"}],"curies":[{"name":"wp","href":"https:\/\/api.w.org\/{rel}","templated":true}]}}