{"id":9805,"date":"2024-11-25T11:01:05","date_gmt":"2024-11-26T07:51:41","guid":{"rendered":"https:\/\/www.granlunds.com\/?post_type=product&#038;p=9805"},"modified":"2024-12-05T08:32:00","modified_gmt":"2024-12-05T06:32:00","slug":"kivimajakka-72cm","status":"publish","type":"product","link":"https:\/\/www.granlunds.com\/fi\/tuote\/kivimajakka-72cm\/","title":{"rendered":"Kivimajakka 72cm"},"content":{"rendered":"<p>Majakka on kuumasinkitty ja valmistettu Suomessa.<\/p>\n<p><strong>HUOM! Pienemm\u00e4n majakan rahti on nyt halvempi, alle 20\u20ac koko Suomeen!<\/strong><\/p>\n<p><strong>Tekniset tiedot:<\/strong><br \/>\nPohjan halkaisija: 35cm<br \/>\nKorkeus: 72cm<br \/>\nPaino: 9kg<br \/>\nReik\u00e4 valaisimelle: 72mm<\/p>\n<p><strong>T\u00e4ytt\u00f6materiaali ei kuulu toimitukseen!<\/strong><\/p>\n<p>Majakkaan voidaan asentaa kohdevalaisin. Valaisin suunnataan yl\u00f6sp\u00e4in kattoon joka levi\u00e4\u00e4 valon majakan ymp\u00e4ri.<\/p>\n<p>S\u00e4hk\u00f6kaapeli tai putki on asennettava majakan keskelle t\u00e4ytt\u00f6vaiheessa.<\/p>\n<p>Valaisin tilattavaa erikseen verkkokaupastamme!<\/p>\n","protected":false},"excerpt":{"rendered":"<p>T\u00e4ydellinen koriste puutarhalle, m\u00f6kin rannalle tai vaikka olohuoneeseen.<\/p>\n","protected":false},"author":3,"featured_media":9908,"template":"","meta":{"advgb_blocks_editor_width":"","advgb_blocks_columns_visual_guide":""},"product_cat":[64,62,70],"product_tag":[],"featured_img":"https:\/\/www.granlunds.com\/wp-content\/uploads\/2024\/11\/IMG-20230529-WA0000-1-1.jpg","coauthors":[],"author_meta":{"author_link":"https:\/\/www.granlunds.com\/fi\/author\/kaj\/","display_name":"Kaj"},"relative_dates":{"created":"Julkaistu 1 vuosi sitten","modified":"P\u00e4ivitetty 1 vuosi sitten"},"absolute_dates":{"created":"Julkaistu 25.11.2024","modified":"P\u00e4ivitetty 5.12.2024"},"absolute_dates_time":{"created":"Julkaistu 25.11.2024 11:01","modified":"P\u00e4ivitetty 5.12.2024 8:32"},"featured_img_caption":"","tax_additional":{"product_type":{"linked":["<a href=\"https:\/\/www.granlunds.com\/fi\/?taxonomy=product_type&#038;term=simple\" class=\"advgb-post-tax-term\">simple<\/a>"],"unlinked":["<span class=\"advgb-post-tax-term\">simple<\/span>"],"slug":"product_type","name":"Tuotetyyppi"},"product_visibility":{"linked":[],"unlinked":[],"slug":"product_visibility","name":"Tuotteen n\u00e4kyvyys"},"product_cat":{"linked":["<a href=\"https:\/\/www.granlunds.com\/fi\/tuote-kategoria\/kivikorit-3mm\/\" class=\"advgb-post-tax-term\">Kivikorit 3mm<\/a>","<a href=\"https:\/\/www.granlunds.com\/fi\/tuote-kategoria\/kivikorit-5mm\/\" class=\"advgb-post-tax-term\">Kivikorit 5 mm<\/a>","<a href=\"https:\/\/www.granlunds.com\/fi\/tuote-kategoria\/kivimajakka\/\" class=\"advgb-post-tax-term\">Kivimajakka<\/a>"],"unlinked":["<span class=\"advgb-post-tax-term\">Kivikorit 3mm<\/span>","<span class=\"advgb-post-tax-term\">Kivikorit 5 mm<\/span>","<span class=\"advgb-post-tax-term\">Kivimajakka<\/span>"],"slug":"product_cat","name":"Osastot"},"product_tag":{"linked":[],"unlinked":[],"slug":"product_tag","name":"Avainsanat tuotteelle"},"product_shipping_class":{"linked":["<a href=\"https:\/\/www.granlunds.com\/fi\/?taxonomy=product_shipping_class&#038;term=stenkorgar-fi\" class=\"advgb-post-tax-term\">Stenkorgar<\/a>"],"unlinked":["<span class=\"advgb-post-tax-term\">Stenkorgar<\/span>"],"slug":"product_shipping_class","name":"Tuotteen toimitusluokat"},"translation_priority":{"linked":["<a href=\"https:\/\/www.granlunds.com\/fi\/?taxonomy=translation_priority&#038;term=optional-fi\" class=\"advgb-post-tax-term\">Optional<\/a>"],"unlinked":["<span class=\"advgb-post-tax-term\">Optional<\/span>"],"slug":"translation_priority","name":"Translation Priorities"}},"series_order":"","_links":{"self":[{"href":"https:\/\/www.granlunds.com\/fi\/wp-json\/wp\/v2\/product\/9805"}],"collection":[{"href":"https:\/\/www.granlunds.com\/fi\/wp-json\/wp\/v2\/product"}],"about":[{"href":"https:\/\/www.granlunds.com\/fi\/wp-json\/wp\/v2\/types\/product"}],"wp:featuredmedia":[{"embeddable":true,"href":"https:\/\/www.granlunds.com\/fi\/wp-json\/wp\/v2\/media\/9908"}],"wp:attachment":[{"href":"https:\/\/www.granlunds.com\/fi\/wp-json\/wp\/v2\/media?parent=9805"}],"wp:term":[{"taxonomy":"product_cat","embeddable":true,"href":"https:\/\/www.granlunds.com\/fi\/wp-json\/wp\/v2\/product_cat?post=9805"},{"taxonomy":"product_tag","embeddable":true,"href":"https:\/\/www.granlunds.com\/fi\/wp-json\/wp\/v2\/product_tag?post=9805"}],"curies":[{"name":"wp","href":"https:\/\/api.w.org\/{rel}","templated":true}]}}