{"id":9234,"date":"2024-03-16T14:38:10","date_gmt":"2024-03-16T12:38:10","guid":{"rendered":"https:\/\/www.granlunds.com\/produkt\/jimi-kulmatuki\/"},"modified":"2024-04-05T11:36:02","modified_gmt":"2024-04-05T08:36:02","slug":"jimi-kulmatuki","status":"publish","type":"product","link":"https:\/\/www.granlunds.com\/fi\/tuote\/jimi-kulmatuki\/","title":{"rendered":"JIMI kulmatuki"},"content":{"rendered":"<p>JIMI kulmatuki tilattava erikseen ja sopii ainoastaan JIMI tarhoihin.<\/p>\n<p>KULMATUET EIV\u00c4T SIS\u00c4LLY KUN TILAAT JIMI ELEMENTTEJ\u00c4!<\/p>\n<p>Jos tarhasein\u00e4n koostuu kahdesta (tai useampi) elementist\u00e4 on laitettavaa kulmatuki jokaiseen nurkkaan.<\/p>\n<ul>\n<li>Alumiiniputki 16m<\/li>\n<li>Pituus 170mm<\/li>\n<li>Asennushelat sis\u00e4ltyy<\/li>\n<\/ul>\n","protected":false},"excerpt":{"rendered":"<p>JIMI kulmatuki<\/p>\n","protected":false},"author":3,"featured_media":9050,"template":"","meta":{"advgb_blocks_editor_width":"","advgb_blocks_columns_visual_guide":""},"product_cat":[75],"product_tag":[],"featured_img":"https:\/\/www.granlunds.com\/wp-content\/uploads\/2024\/03\/JIMI-kulmatuki-2.jpg","coauthors":[],"author_meta":{"author_link":"https:\/\/www.granlunds.com\/fi\/author\/kaj\/","display_name":"Kaj"},"relative_dates":{"created":"Julkaistu 2 vuotta sitten","modified":"P\u00e4ivitetty 2 vuotta sitten"},"absolute_dates":{"created":"Julkaistu 16.3.2024","modified":"P\u00e4ivitetty 5.4.2024"},"absolute_dates_time":{"created":"Julkaistu 16.3.2024 14:38","modified":"P\u00e4ivitetty 5.4.2024 11:36"},"featured_img_caption":"","tax_additional":{"product_type":{"linked":["<a href=\"https:\/\/www.granlunds.com\/fi\/?taxonomy=product_type&#038;term=simple\" class=\"advgb-post-tax-term\">simple<\/a>"],"unlinked":["<span class=\"advgb-post-tax-term\">simple<\/span>"],"slug":"product_type","name":"Tuotetyyppi"},"product_visibility":{"linked":[],"unlinked":[],"slug":"product_visibility","name":"Tuotteen n\u00e4kyvyys"},"product_cat":{"linked":["<a href=\"https:\/\/www.granlunds.com\/fi\/tuote-kategoria\/jimi-hundgard-fi\/\" class=\"advgb-post-tax-term\">JIMI koiratarha<\/a>"],"unlinked":["<span class=\"advgb-post-tax-term\">JIMI koiratarha<\/span>"],"slug":"product_cat","name":"Osastot"},"product_tag":{"linked":[],"unlinked":[],"slug":"product_tag","name":"Avainsanat tuotteelle"},"product_shipping_class":{"linked":[],"unlinked":[],"slug":"product_shipping_class","name":"Tuotteen toimitusluokat"},"translation_priority":{"linked":["<a href=\"https:\/\/www.granlunds.com\/fi\/?taxonomy=translation_priority&#038;term=optional-fi\" class=\"advgb-post-tax-term\">Optional<\/a>"],"unlinked":["<span class=\"advgb-post-tax-term\">Optional<\/span>"],"slug":"translation_priority","name":"Translation Priorities"}},"series_order":"","_links":{"self":[{"href":"https:\/\/www.granlunds.com\/fi\/wp-json\/wp\/v2\/product\/9234"}],"collection":[{"href":"https:\/\/www.granlunds.com\/fi\/wp-json\/wp\/v2\/product"}],"about":[{"href":"https:\/\/www.granlunds.com\/fi\/wp-json\/wp\/v2\/types\/product"}],"wp:featuredmedia":[{"embeddable":true,"href":"https:\/\/www.granlunds.com\/fi\/wp-json\/wp\/v2\/media\/9050"}],"wp:attachment":[{"href":"https:\/\/www.granlunds.com\/fi\/wp-json\/wp\/v2\/media?parent=9234"}],"wp:term":[{"taxonomy":"product_cat","embeddable":true,"href":"https:\/\/www.granlunds.com\/fi\/wp-json\/wp\/v2\/product_cat?post=9234"},{"taxonomy":"product_tag","embeddable":true,"href":"https:\/\/www.granlunds.com\/fi\/wp-json\/wp\/v2\/product_tag?post=9234"}],"curies":[{"name":"wp","href":"https:\/\/api.w.org\/{rel}","templated":true}]}}