{"id":9232,"date":"2024-03-16T13:58:22","date_gmt":"2024-04-05T08:15:08","guid":{"rendered":"https:\/\/www.granlunds.com\/?post_type=product&#038;p=9232"},"modified":"2024-04-06T14:22:04","modified_gmt":"2024-04-06T11:22:04","slug":"jimi-seinaelementti","status":"publish","type":"product","link":"https:\/\/www.granlunds.com\/fi\/tuote\/jimi-seinaelementti\/","title":{"rendered":"JIMI sein\u00e4elementti"},"content":{"rendered":"<p>JIMI koiratarha on hieman yksinkertaisempi ja edullisempi, mutta silti kunnon koiratarha joka t\u00e4ytt\u00e4\u00e4 toimintansa. Elementtien koot mahdollistaa rakenteita lyhyill\u00e4 seinill\u00e4 joka ehk\u00e4 t\u00e4ytt\u00e4\u00e4 tarpeisiinne paremmin. JIMI elementtej\u00e4 eiv\u00e4 ole yhteensopivia JEPO elementtien kanssa!<\/p>\n<p>JIMI sein\u00e4elementill\u00e4 on pienemm\u00e4t verkkosilm\u00e4koot (50x50mm) elementin alaosassa. 60cm korkeudelta kasvaa silm\u00e4koot asteittain kokoon 50x100mm:iin.<\/p>\n<ul>\n<li>Kuumasinkitty<\/li>\n<li>Valmistettu Ruotsissa<\/li>\n<li>Kehys: 20x20xmm<\/li>\n<li>Verkon lankavahvuus: 3,0mm<\/li>\n<li>Silm\u00e4koko: 50\u00d750 \u2013 50x100mm<\/li>\n<li>Verkko on hitsattu kehykseen<\/li>\n<li>Leveys: 120cm<\/li>\n<li>Korkeus: 180cm<\/li>\n<li>Paino: 8kg<\/li>\n<li>Kasaushelat sis\u00e4ltyy.<\/li>\n<li><strong>HUOM! Kulmatuet tilattava erikseen!<\/strong><\/li>\n<\/ul>\n","protected":false},"excerpt":{"rendered":"<p>JIMI sein\u00e4elementti 120 x 180cm (leveys x korkeus)<\/p>\n","protected":false},"author":3,"featured_media":9074,"template":"","meta":{"advgb_blocks_editor_width":"","advgb_blocks_columns_visual_guide":""},"product_cat":[75],"product_tag":[],"featured_img":"https:\/\/www.granlunds.com\/wp-content\/uploads\/2024\/03\/JIMI-seinaelementti-1200x1800-1.jpg","coauthors":[],"author_meta":{"author_link":"https:\/\/www.granlunds.com\/fi\/author\/kaj\/","display_name":"Kaj"},"relative_dates":{"created":"Julkaistu 2 vuotta sitten","modified":"P\u00e4ivitetty 2 vuotta sitten"},"absolute_dates":{"created":"Julkaistu 16.3.2024","modified":"P\u00e4ivitetty 6.4.2024"},"absolute_dates_time":{"created":"Julkaistu 16.3.2024 13:58","modified":"P\u00e4ivitetty 6.4.2024 14:22"},"featured_img_caption":"","tax_additional":{"product_type":{"linked":["<a href=\"https:\/\/www.granlunds.com\/fi\/?taxonomy=product_type&#038;term=simple\" class=\"advgb-post-tax-term\">simple<\/a>"],"unlinked":["<span class=\"advgb-post-tax-term\">simple<\/span>"],"slug":"product_type","name":"Tuotetyyppi"},"product_visibility":{"linked":[],"unlinked":[],"slug":"product_visibility","name":"Tuotteen n\u00e4kyvyys"},"product_cat":{"linked":["<a href=\"https:\/\/www.granlunds.com\/fi\/tuote-kategoria\/jimi-hundgard-fi\/\" class=\"advgb-post-tax-term\">JIMI koiratarha<\/a>"],"unlinked":["<span class=\"advgb-post-tax-term\">JIMI koiratarha<\/span>"],"slug":"product_cat","name":"Osastot"},"product_tag":{"linked":[],"unlinked":[],"slug":"product_tag","name":"Avainsanat tuotteelle"},"product_shipping_class":{"linked":[],"unlinked":[],"slug":"product_shipping_class","name":"Tuotteen toimitusluokat"},"translation_priority":{"linked":["<a href=\"https:\/\/www.granlunds.com\/fi\/?taxonomy=translation_priority&#038;term=optional-fi\" class=\"advgb-post-tax-term\">Optional<\/a>"],"unlinked":["<span class=\"advgb-post-tax-term\">Optional<\/span>"],"slug":"translation_priority","name":"Translation Priorities"}},"series_order":"","_links":{"self":[{"href":"https:\/\/www.granlunds.com\/fi\/wp-json\/wp\/v2\/product\/9232"}],"collection":[{"href":"https:\/\/www.granlunds.com\/fi\/wp-json\/wp\/v2\/product"}],"about":[{"href":"https:\/\/www.granlunds.com\/fi\/wp-json\/wp\/v2\/types\/product"}],"wp:featuredmedia":[{"embeddable":true,"href":"https:\/\/www.granlunds.com\/fi\/wp-json\/wp\/v2\/media\/9074"}],"wp:attachment":[{"href":"https:\/\/www.granlunds.com\/fi\/wp-json\/wp\/v2\/media?parent=9232"}],"wp:term":[{"taxonomy":"product_cat","embeddable":true,"href":"https:\/\/www.granlunds.com\/fi\/wp-json\/wp\/v2\/product_cat?post=9232"},{"taxonomy":"product_tag","embeddable":true,"href":"https:\/\/www.granlunds.com\/fi\/wp-json\/wp\/v2\/product_tag?post=9232"}],"curies":[{"name":"wp","href":"https:\/\/api.w.org\/{rel}","templated":true}]}}