{"id":9018,"date":"2024-02-26T12:58:29","date_gmt":"2024-02-26T10:58:29","guid":{"rendered":"https:\/\/www.granlunds.com\/?post_type=product&#038;p=9018"},"modified":"2024-02-26T14:48:37","modified_gmt":"2024-02-26T12:48:37","slug":"lammitettava-vesiastia-betoni-220v-40w","status":"publish","type":"product","link":"https:\/\/www.granlunds.com\/fi\/tuote\/lammitettava-vesiastia-betoni-220v-40w\/","title":{"rendered":"L\u00e4mmitett\u00e4v\u00e4 vesiastia betoni 220V\/40W"},"content":{"rendered":"<ul>\n<li>220 V\/40W<\/li>\n<li>K\u00e4ytt\u00f6l\u00e4mp\u00f6tila jopa -40 \u00b0C<\/li>\n<li>Kumikaapeli pistokkeella 3 x 1,0 mm\u00b2, 2 m<\/li>\n<li>Suojausluokka IP44<\/li>\n<li>Ulkomitta n. 270mm x korkeus n. 150mm<\/li>\n<li>Paino ca. 10kg<\/li>\n<li>Valmistettu Suomessa<\/li>\n<li>Kiinte\u00e4 muovikulho 2,6L<\/li>\n<\/ul>\n<div class=\"et_pb_column et_pb_column_1_4 et_pb_column_5 et_pb_css_mix_blend_mode_passthrough\">\n<div class=\"et_pb_module et_pb_text et_pb_text_2 et_pb_text_align_left et_pb_bg_layout_light\">\n<div class=\"et_pb_text_inner\">\n<h4><b>Asennus<\/b><\/h4>\n<p>Aseta juoma-astia tasaiselle alustalle suojamaadoitetun pistorasian l\u00e4helle. K\u00e4yt\u00e4 vain suojamaadoitettua pistorasiaa varmistaaksesi turvallisen k\u00e4yt\u00f6n. \u00c4l\u00e4 k\u00e4yt\u00e4 jatkojohtoja tai sovittimia, jotka voivat heikent\u00e4\u00e4 s\u00e4hk\u00f6turvallisuutta.<\/p>\n<h4><b>Materiaalit<\/b><\/h4>\n<\/div>\n<\/div>\n<div class=\"et_pb_module et_pb_text et_pb_text_3 et_pb_text_align_left et_pb_bg_layout_light\">\n<div class=\"et_pb_text_inner\">\n<p>Ulkokuori on valmistettu kest\u00e4v\u00e4st\u00e4 betonista, sis\u00e4kuori on turvallista elintarvikek\u00e4ytt\u00f6\u00f6n tarkoitettua muovia.<\/p>\n<\/div>\n<\/div>\n<\/div>\n<div class=\"et_pb_column et_pb_column_1_4 et_pb_column_6 et_pb_css_mix_blend_mode_passthrough et-last-child\">\n<div class=\"et_pb_module et_pb_text et_pb_text_4 et_pb_text_align_left et_pb_bg_layout_light\">\n<div class=\"et_pb_text_inner\">\n<h4><b>S\u00e4hk\u00f6johto<\/b><\/h4>\n<\/div>\n<\/div>\n<div class=\"et_pb_module et_pb_text et_pb_text_5 et_pb_text_align_left et_pb_bg_layout_light\">\n<div class=\"et_pb_text_inner\">\n<p>Suojele s\u00e4hk\u00f6johto koiran ulottumattomiin est\u00e4\u00e4ksesi tahattomat vauriot. Tarkista s\u00e4\u00e4nn\u00f6llisesti johdon kunto ja vaihda se tarvittaessa.<\/p>\n<\/div>\n<\/div>\n<\/div>\n","protected":false},"excerpt":{"rendered":"<p>K\u00e4ytt\u00f6l\u00e4mp\u00f6tila jopa -40 \u00b0C<\/p>\n","protected":false},"author":3,"featured_media":9010,"template":"","meta":{"advgb_blocks_editor_width":"","advgb_blocks_columns_visual_guide":""},"product_cat":[32],"product_tag":[],"featured_img":"https:\/\/www.granlunds.com\/wp-content\/uploads\/2024\/02\/Lammitettava-juomakuppi-betoni-1.jpg","coauthors":[],"author_meta":{"author_link":"https:\/\/www.granlunds.com\/fi\/author\/kaj\/","display_name":"Kaj"},"relative_dates":{"created":"Julkaistu 2 vuotta sitten","modified":"P\u00e4ivitetty 2 vuotta sitten"},"absolute_dates":{"created":"Julkaistu 26.2.2024","modified":"P\u00e4ivitetty 26.2.2024"},"absolute_dates_time":{"created":"Julkaistu 26.2.2024 12:58","modified":"P\u00e4ivitetty 26.2.2024 14:48"},"featured_img_caption":"","tax_additional":{"product_type":{"linked":["<a href=\"https:\/\/www.granlunds.com\/fi\/?taxonomy=product_type&#038;term=simple\" class=\"advgb-post-tax-term\">simple<\/a>"],"unlinked":["<span class=\"advgb-post-tax-term\">simple<\/span>"],"slug":"product_type","name":"Tuotetyyppi"},"product_visibility":{"linked":[],"unlinked":[],"slug":"product_visibility","name":"Tuotteen n\u00e4kyvyys"},"product_cat":{"linked":["<a href=\"https:\/\/www.granlunds.com\/fi\/tuote-kategoria\/vesiastiat\/\" class=\"advgb-post-tax-term\">Vesiastiat<\/a>"],"unlinked":["<span class=\"advgb-post-tax-term\">Vesiastiat<\/span>"],"slug":"product_cat","name":"Osastot"},"product_tag":{"linked":[],"unlinked":[],"slug":"product_tag","name":"Avainsanat tuotteelle"},"product_shipping_class":{"linked":["<a href=\"https:\/\/www.granlunds.com\/fi\/?taxonomy=product_shipping_class&#038;term=pieni-paketti\" class=\"advgb-post-tax-term\">Pieni paketti<\/a>"],"unlinked":["<span class=\"advgb-post-tax-term\">Pieni paketti<\/span>"],"slug":"product_shipping_class","name":"Tuotteen toimitusluokat"},"translation_priority":{"linked":["<a href=\"https:\/\/www.granlunds.com\/fi\/?taxonomy=translation_priority&#038;term=optional-fi\" class=\"advgb-post-tax-term\">Optional<\/a>"],"unlinked":["<span class=\"advgb-post-tax-term\">Optional<\/span>"],"slug":"translation_priority","name":"Translation Priorities"}},"series_order":"","_links":{"self":[{"href":"https:\/\/www.granlunds.com\/fi\/wp-json\/wp\/v2\/product\/9018"}],"collection":[{"href":"https:\/\/www.granlunds.com\/fi\/wp-json\/wp\/v2\/product"}],"about":[{"href":"https:\/\/www.granlunds.com\/fi\/wp-json\/wp\/v2\/types\/product"}],"wp:featuredmedia":[{"embeddable":true,"href":"https:\/\/www.granlunds.com\/fi\/wp-json\/wp\/v2\/media\/9010"}],"wp:attachment":[{"href":"https:\/\/www.granlunds.com\/fi\/wp-json\/wp\/v2\/media?parent=9018"}],"wp:term":[{"taxonomy":"product_cat","embeddable":true,"href":"https:\/\/www.granlunds.com\/fi\/wp-json\/wp\/v2\/product_cat?post=9018"},{"taxonomy":"product_tag","embeddable":true,"href":"https:\/\/www.granlunds.com\/fi\/wp-json\/wp\/v2\/product_tag?post=9018"}],"curies":[{"name":"wp","href":"https:\/\/api.w.org\/{rel}","templated":true}]}}