{"id":8729,"date":"2023-12-21T12:45:56","date_gmt":"2023-12-21T10:45:56","guid":{"rendered":"https:\/\/www.granlunds.com\/?post_type=product&#038;p=8729"},"modified":"2023-12-21T14:10:51","modified_gmt":"2023-12-21T12:10:51","slug":"koiranluukku-ovi-lasilla-490-x-370mm","status":"publish","type":"product","link":"https:\/\/www.granlunds.com\/fi\/tuote\/koiranluukku-ovi-lasilla-490-x-370mm\/","title":{"rendered":"Koiranluukku ovi lasilla 490 x 370mm"},"content":{"rendered":"<header class=\"product-header\" role=\"banner\"><\/header>\n<section class=\"product-overview\" role=\"region\">\n<div class=\"long description product-long-description\">\n<ul>\n<li>Pienin asennusreik\u00e4: 490 x 370mm<\/li>\n<li>Suurin asennusreik\u00e4: 530 x 410mm<\/li>\n<li>Karmin ulkomitat: 555 x 435mm<\/li>\n<li>Kulkuaukko: 435 x 315mm<\/li>\n<li>Kaksisuuntainen sarana<\/li>\n<\/ul>\n<p>Itsest\u00e4\u00e4n sulkeutuva, kolme-osainen koiranluukku, valmistettu filmivanerista. Kehykset sek\u00e4 ovilehti ovat pellitetty puremisen est\u00e4miseksi. Luukun voi asentaa joko vasen- tai oikeak\u00e4tiseksi sek\u00e4 kopin sis\u00e4- tai ulkosein\u00e4\u00e4n, sijoitetaan 10-20cm lattialta.<\/p>\n<\/div>\n<\/section>\n","protected":false},"excerpt":{"rendered":"<p>Itsest\u00e4\u00e4n sulkeutuva sivusaranaoitu ovi lasilla.<\/p>\n<p>Korkealaatuinen tuote valmistettu Tornionlaaksossa.<\/p>\n","protected":false},"author":3,"featured_media":8719,"template":"","meta":{"advgb_blocks_editor_width":"","advgb_blocks_columns_visual_guide":""},"product_cat":[30],"product_tag":[],"featured_img":"https:\/\/www.granlunds.com\/wp-content\/uploads\/2023\/12\/Koiranluukku-ovi-lasilla-5.jpg","coauthors":[],"author_meta":{"author_link":"https:\/\/www.granlunds.com\/fi\/author\/kaj\/","display_name":"Kaj"},"relative_dates":{"created":"Julkaistu 2 vuotta sitten","modified":"P\u00e4ivitetty 2 vuotta sitten"},"absolute_dates":{"created":"Julkaistu 21.12.2023","modified":"P\u00e4ivitetty 21.12.2023"},"absolute_dates_time":{"created":"Julkaistu 21.12.2023 12:45","modified":"P\u00e4ivitetty 21.12.2023 14:10"},"featured_img_caption":"","tax_additional":{"product_type":{"linked":["<a href=\"https:\/\/www.granlunds.com\/fi\/?taxonomy=product_type&#038;term=simple\" class=\"advgb-post-tax-term\">simple<\/a>"],"unlinked":["<span class=\"advgb-post-tax-term\">simple<\/span>"],"slug":"product_type","name":"Tuotetyyppi"},"product_visibility":{"linked":[],"unlinked":[],"slug":"product_visibility","name":"Tuotteen n\u00e4kyvyys"},"product_cat":{"linked":["<a href=\"https:\/\/www.granlunds.com\/fi\/tuote-kategoria\/luukut\/\" class=\"advgb-post-tax-term\">Luukut<\/a>"],"unlinked":["<span class=\"advgb-post-tax-term\">Luukut<\/span>"],"slug":"product_cat","name":"Osastot"},"product_tag":{"linked":[],"unlinked":[],"slug":"product_tag","name":"Avainsanat tuotteelle"},"product_shipping_class":{"linked":["<a href=\"https:\/\/www.granlunds.com\/fi\/?taxonomy=product_shipping_class&#038;term=pieni-paketti\" class=\"advgb-post-tax-term\">Pieni paketti<\/a>"],"unlinked":["<span class=\"advgb-post-tax-term\">Pieni paketti<\/span>"],"slug":"product_shipping_class","name":"Tuotteen toimitusluokat"},"translation_priority":{"linked":["<a href=\"https:\/\/www.granlunds.com\/fi\/?taxonomy=translation_priority&#038;term=optional-fi\" class=\"advgb-post-tax-term\">Optional<\/a>"],"unlinked":["<span class=\"advgb-post-tax-term\">Optional<\/span>"],"slug":"translation_priority","name":"Translation Priorities"}},"series_order":"","_links":{"self":[{"href":"https:\/\/www.granlunds.com\/fi\/wp-json\/wp\/v2\/product\/8729"}],"collection":[{"href":"https:\/\/www.granlunds.com\/fi\/wp-json\/wp\/v2\/product"}],"about":[{"href":"https:\/\/www.granlunds.com\/fi\/wp-json\/wp\/v2\/types\/product"}],"wp:featuredmedia":[{"embeddable":true,"href":"https:\/\/www.granlunds.com\/fi\/wp-json\/wp\/v2\/media\/8719"}],"wp:attachment":[{"href":"https:\/\/www.granlunds.com\/fi\/wp-json\/wp\/v2\/media?parent=8729"}],"wp:term":[{"taxonomy":"product_cat","embeddable":true,"href":"https:\/\/www.granlunds.com\/fi\/wp-json\/wp\/v2\/product_cat?post=8729"},{"taxonomy":"product_tag","embeddable":true,"href":"https:\/\/www.granlunds.com\/fi\/wp-json\/wp\/v2\/product_tag?post=8729"}],"curies":[{"name":"wp","href":"https:\/\/api.w.org\/{rel}","templated":true}]}}