{"id":6092,"date":"2022-11-24T13:00:16","date_gmt":"2022-11-24T11:00:16","guid":{"rendered":"https:\/\/www.granlunds.com\/?post_type=product&#038;p=6092"},"modified":"2022-11-24T13:34:16","modified_gmt":"2022-11-24T11:34:16","slug":"muuntaja-ip44-24v-210w","status":"publish","type":"product","link":"https:\/\/www.granlunds.com\/fi\/tuote\/muuntaja-ip44-24v-210w\/","title":{"rendered":"Muuntaja IP44 <br\/>24V\/210W"},"content":{"rendered":"<p>Vaihtoehtoinen muuntaja kun tarvitaan parempi soujausluokka.<\/p>\n<p>HUOM! Vaatii valtuutetun s\u00e4hk\u00f6asentajan asennuksen!<\/p>\n<p>24V\/210W muuntajaan voidaan my\u00f6s kytke\u00e4 eri s\u00e4hk\u00f6laitteita. Esimerkkej\u00e4 yhdistelmist\u00e4:<\/p>\n<ul>\n<li>1kpl 40W vesiastia +1kpl 140w l\u00e4mmitin<\/li>\n<li>2kpl 40W vesiastia + 1kpl 70w s\u00e4hk\u00f6l\u00e4mmitin<\/li>\n<li>4kpl 40W vesiastia<\/li>\n<\/ul>\n<p>Tekniset tiedot:<\/p>\n<ul>\n<li>24V AC<\/li>\n<li>2,5A<\/li>\n<li>210VA<\/li>\n<li>IP44<\/li>\n<li>Takuu: 1v.<\/li>\n<li>Paino: 3,4kg.<\/li>\n<\/ul>\n","protected":false},"excerpt":{"rendered":"<p>210W:n muuntaja korkeammalla suojausluokalla.<\/p>\n","protected":false},"author":3,"featured_media":6121,"template":"","meta":{"advgb_blocks_editor_width":"","advgb_blocks_columns_visual_guide":""},"product_cat":[31,32],"product_tag":[],"featured_img":"https:\/\/www.granlunds.com\/wp-content\/uploads\/2022\/11\/20221208_141618-2.jpg","coauthors":[],"author_meta":{"author_link":"https:\/\/www.granlunds.com\/fi\/author\/kaj\/","display_name":"Kaj"},"relative_dates":{"created":"Julkaistu 3 vuotta sitten","modified":"P\u00e4ivitetty 3 vuotta sitten"},"absolute_dates":{"created":"Julkaistu 24.11.2022","modified":"P\u00e4ivitetty 24.11.2022"},"absolute_dates_time":{"created":"Julkaistu 24.11.2022 13:00","modified":"P\u00e4ivitetty 24.11.2022 13:34"},"featured_img_caption":"","tax_additional":{"product_type":{"linked":["<a href=\"https:\/\/www.granlunds.com\/fi\/?taxonomy=product_type&#038;term=simple\" class=\"advgb-post-tax-term\">simple<\/a>"],"unlinked":["<span class=\"advgb-post-tax-term\">simple<\/span>"],"slug":"product_type","name":"Tuotetyyppi"},"product_visibility":{"linked":[],"unlinked":[],"slug":"product_visibility","name":"Tuotteen n\u00e4kyvyys"},"product_cat":{"linked":["<a href=\"https:\/\/www.granlunds.com\/fi\/tuote-kategoria\/lammittimet\/\" class=\"advgb-post-tax-term\">L\u00e4mmittimet<\/a>","<a href=\"https:\/\/www.granlunds.com\/fi\/tuote-kategoria\/vesiastiat\/\" class=\"advgb-post-tax-term\">Vesiastiat<\/a>"],"unlinked":["<span class=\"advgb-post-tax-term\">L\u00e4mmittimet<\/span>","<span class=\"advgb-post-tax-term\">Vesiastiat<\/span>"],"slug":"product_cat","name":"Osastot"},"product_tag":{"linked":[],"unlinked":[],"slug":"product_tag","name":"Avainsanat tuotteelle"},"product_shipping_class":{"linked":["<a href=\"https:\/\/www.granlunds.com\/fi\/?taxonomy=product_shipping_class&#038;term=pieni-paketti\" class=\"advgb-post-tax-term\">Pieni paketti<\/a>"],"unlinked":["<span class=\"advgb-post-tax-term\">Pieni paketti<\/span>"],"slug":"product_shipping_class","name":"Tuotteen toimitusluokat"},"translation_priority":{"linked":["<a href=\"https:\/\/www.granlunds.com\/fi\/?taxonomy=translation_priority&#038;term=optional-fi\" class=\"advgb-post-tax-term\">Optional<\/a>"],"unlinked":["<span class=\"advgb-post-tax-term\">Optional<\/span>"],"slug":"translation_priority","name":"Translation Priorities"}},"series_order":"","_links":{"self":[{"href":"https:\/\/www.granlunds.com\/fi\/wp-json\/wp\/v2\/product\/6092"}],"collection":[{"href":"https:\/\/www.granlunds.com\/fi\/wp-json\/wp\/v2\/product"}],"about":[{"href":"https:\/\/www.granlunds.com\/fi\/wp-json\/wp\/v2\/types\/product"}],"wp:featuredmedia":[{"embeddable":true,"href":"https:\/\/www.granlunds.com\/fi\/wp-json\/wp\/v2\/media\/6121"}],"wp:attachment":[{"href":"https:\/\/www.granlunds.com\/fi\/wp-json\/wp\/v2\/media?parent=6092"}],"wp:term":[{"taxonomy":"product_cat","embeddable":true,"href":"https:\/\/www.granlunds.com\/fi\/wp-json\/wp\/v2\/product_cat?post=6092"},{"taxonomy":"product_tag","embeddable":true,"href":"https:\/\/www.granlunds.com\/fi\/wp-json\/wp\/v2\/product_tag?post=6092"}],"curies":[{"name":"wp","href":"https:\/\/api.w.org\/{rel}","templated":true}]}}