{"id":5712,"date":"2022-09-14T10:59:29","date_gmt":"2022-09-14T07:59:29","guid":{"rendered":"https:\/\/www.granlunds.com\/?post_type=product&#038;p=5712"},"modified":"2022-09-14T12:25:46","modified_gmt":"2022-09-14T09:25:46","slug":"kivikori-3mm-06x03x03m","status":"publish","type":"product","link":"https:\/\/www.granlunds.com\/fi\/tuote\/kivikori-3mm-06x03x03m\/","title":{"rendered":"Kivikori 3mm 0,6&#215;0,3&#215;0,3m"},"content":{"rendered":"<p>Tuote toimitetaan osina kierrelangalla, ty\u00f6kaluja ei tarvita kokoamiseen.<\/p>\n<p>Kori voidaan kasata \u201dsarjaan\u201d jatkokorin kanssa. Silloin syntyy kustannustehokas rakenne sek\u00e4 siistimpi ulkon\u00e4k\u00f6 kun v\u00e4ltet\u00e4\u00e4n tupla kierrelankoja. Hitsattu 3,0mm:n Aluzink verkko, silm\u00e4koko 50 x 50mm. Sopiva t\u00e4ytt\u00f6materiaali on 65-100mm luonnonkivi tai murske, ei kuulu toimitukseen. Kori voidaan my\u00f6skin k\u00e4ytt\u00e4\u00e4 pystyasennossa.<\/p>\n<p><strong>Tekniset tiedot:<\/strong><br \/>\nKorin pituus: 0,6m (n.62cm)<br \/>\nKorin leveys: 0,3m (n.31cm)<br \/>\nKorin korkeus: 0,3m (n.31cm)<br \/>\nPaino: 3kg<br \/>\nSilm\u00e4koko: 50 x 50mm<\/p>\n<p><strong>Toimitussis\u00e4lt\u00f6:<\/strong><br \/>\nVerkko Aluzink 0,6 x 0,3m 4kpl<br \/>\nVerkko Aluzink 0,3 x 0,3m 2kpl<br \/>\nTukilanka 0,3m 2kpl<br \/>\nKierrelanka 0,6m 8kpl<\/p>\n","protected":false},"excerpt":{"rendered":"<p><strong>Aluzink kivikori osina kierrelangalla. <span style=\"color: #ff0000;\">HUOM! Silm\u00e4koko 50 x 50mm!<\/span><\/strong><\/p>\n","protected":false},"author":3,"featured_media":3341,"template":"","meta":{"advgb_blocks_editor_width":"","advgb_blocks_columns_visual_guide":""},"product_cat":[64],"product_tag":[],"featured_img":"https:\/\/www.granlunds.com\/wp-content\/uploads\/2021\/01\/Kivikori1.jpg","coauthors":[],"author_meta":{"author_link":"https:\/\/www.granlunds.com\/fi\/author\/kaj\/","display_name":"Kaj"},"relative_dates":{"created":"Posted 4 vuotta ago","modified":"Updated 4 vuotta ago"},"absolute_dates":{"created":"Posted on 14.9.2022","modified":"Updated on 14.9.2022"},"absolute_dates_time":{"created":"Posted on 14.9.2022 10:59","modified":"Updated on 14.9.2022 12:25"},"featured_img_caption":"","tax_additional":{"product_type":{"linked":["<a href=\"https:\/\/www.granlunds.com\/fi\/?taxonomy=product_type&#038;term=simple\" class=\"advgb-post-tax-term\">simple<\/a>"],"unlinked":["<span class=\"advgb-post-tax-term\">simple<\/span>"],"slug":"product_type","name":"Tuotetyyppi"},"product_visibility":{"linked":["<a href=\"https:\/\/www.granlunds.com\/fi\/?taxonomy=product_visibility&#038;term=outofstock\" class=\"advgb-post-tax-term\">outofstock<\/a>"],"unlinked":["<span class=\"advgb-post-tax-term\">outofstock<\/span>"],"slug":"product_visibility","name":"Tuotteen n\u00e4kyvyys"},"product_cat":{"linked":["<a href=\"https:\/\/www.granlunds.com\/fi\/tuote-kategoria\/kivikorit-3mm\/\" class=\"advgb-post-tax-term\">Kivikorit 3mm<\/a>"],"unlinked":["<span class=\"advgb-post-tax-term\">Kivikorit 3mm<\/span>"],"slug":"product_cat","name":"Osastot"},"product_tag":{"linked":[],"unlinked":[],"slug":"product_tag","name":"Avainsanat tuotteelle"},"product_shipping_class":{"linked":["<a href=\"https:\/\/www.granlunds.com\/fi\/?taxonomy=product_shipping_class&#038;term=pieni-paketti\" class=\"advgb-post-tax-term\">Pieni paketti<\/a>"],"unlinked":["<span class=\"advgb-post-tax-term\">Pieni paketti<\/span>"],"slug":"product_shipping_class","name":"Tuotteen toimitusluokat"},"translation_priority":{"linked":["<a href=\"https:\/\/www.granlunds.com\/fi\/?taxonomy=translation_priority&#038;term=optional-fi\" class=\"advgb-post-tax-term\">Optional<\/a>"],"unlinked":["<span class=\"advgb-post-tax-term\">Optional<\/span>"],"slug":"translation_priority","name":"Translation Priorities"}},"series_order":"","_links":{"self":[{"href":"https:\/\/www.granlunds.com\/fi\/wp-json\/wp\/v2\/product\/5712"}],"collection":[{"href":"https:\/\/www.granlunds.com\/fi\/wp-json\/wp\/v2\/product"}],"about":[{"href":"https:\/\/www.granlunds.com\/fi\/wp-json\/wp\/v2\/types\/product"}],"wp:featuredmedia":[{"embeddable":true,"href":"https:\/\/www.granlunds.com\/fi\/wp-json\/wp\/v2\/media\/3341"}],"wp:attachment":[{"href":"https:\/\/www.granlunds.com\/fi\/wp-json\/wp\/v2\/media?parent=5712"}],"wp:term":[{"taxonomy":"product_cat","embeddable":true,"href":"https:\/\/www.granlunds.com\/fi\/wp-json\/wp\/v2\/product_cat?post=5712"},{"taxonomy":"product_tag","embeddable":true,"href":"https:\/\/www.granlunds.com\/fi\/wp-json\/wp\/v2\/product_tag?post=5712"}],"curies":[{"name":"wp","href":"https:\/\/api.w.org\/{rel}","templated":true}]}}