{"id":5665,"date":"2022-05-05T14:52:07","date_gmt":"2022-08-26T09:16:33","guid":{"rendered":"https:\/\/www.granlunds.com\/?post_type=product&#038;p=5665"},"modified":"2023-02-22T15:04:16","modified_gmt":"2023-02-22T13:04:16","slug":"korotuselementti","status":"publish","type":"product","link":"https:\/\/www.granlunds.com\/fi\/tuote\/korotuselementti\/","title":{"rendered":"JEPO Korotuselementti"},"content":{"rendered":"<p>Onko tarhasi liian matala?<\/p>\n<p>T\u00e4m\u00e4 on mainio ja edullinen ratkaisu jos tarhasi tulee liian matalaksi talven aikana.<\/p>\n<p>Korotuselementti sopii asennettavaksi sek\u00e4 vanhoihin ett\u00e4 uusiin JEPO tarhaelementteihin, sen avulla saat 223,5cm korkean tarhan.<\/p>\n<ul>\n<li>10 vuoden takuu!<\/li>\n<li>Kotimainen tuote<\/li>\n<li>Kehys: Hitsattu alumiini 30x30x2mm<\/li>\n<li>Verkko: Aluzink 3,0mm<\/li>\n<li>Silm\u00e4koko: 50x50mm<\/li>\n<li>Leveys: 199cm<\/li>\n<li>Korkeus: 39cm<\/li>\n<li>Paino: 4,5kg<\/li>\n<\/ul>\n","protected":false},"excerpt":{"rendered":"<p><strong>Korotuselementin avulla saat 223,5cm korkean tarhan.<\/strong><\/p>\n","protected":false},"author":3,"featured_media":5039,"template":"","meta":{"advgb_blocks_editor_width":"","advgb_blocks_columns_visual_guide":""},"product_cat":[33],"product_tag":[],"featured_img":"https:\/\/www.granlunds.com\/wp-content\/uploads\/2022\/05\/Jepo-korotus-4-3000X3000-scaled.jpg","coauthors":[],"author_meta":{"author_link":"https:\/\/www.granlunds.com\/fi\/author\/kaj\/","display_name":"Kaj"},"relative_dates":{"created":"Julkaistu 4 vuotta sitten","modified":"P\u00e4ivitetty 3 vuotta sitten"},"absolute_dates":{"created":"Julkaistu 5.5.2022","modified":"P\u00e4ivitetty 22.2.2023"},"absolute_dates_time":{"created":"Julkaistu 5.5.2022 14:52","modified":"P\u00e4ivitetty 22.2.2023 15:04"},"featured_img_caption":"","tax_additional":{"product_type":{"linked":["<a href=\"https:\/\/www.granlunds.com\/fi\/?taxonomy=product_type&#038;term=simple\" class=\"advgb-post-tax-term\">simple<\/a>"],"unlinked":["<span class=\"advgb-post-tax-term\">simple<\/span>"],"slug":"product_type","name":"Tuotetyyppi"},"product_visibility":{"linked":[],"unlinked":[],"slug":"product_visibility","name":"Tuotteen n\u00e4kyvyys"},"product_cat":{"linked":["<a href=\"https:\/\/www.granlunds.com\/fi\/tuote-kategoria\/koiratarhat\/\" class=\"advgb-post-tax-term\">JEPO koiratarha<\/a>"],"unlinked":["<span class=\"advgb-post-tax-term\">JEPO koiratarha<\/span>"],"slug":"product_cat","name":"Osastot"},"product_tag":{"linked":[],"unlinked":[],"slug":"product_tag","name":"Avainsanat tuotteelle"},"product_shipping_class":{"linked":[],"unlinked":[],"slug":"product_shipping_class","name":"Tuotteen toimitusluokat"},"translation_priority":{"linked":["<a href=\"https:\/\/www.granlunds.com\/fi\/?taxonomy=translation_priority&#038;term=optional-fi\" class=\"advgb-post-tax-term\">Optional<\/a>"],"unlinked":["<span class=\"advgb-post-tax-term\">Optional<\/span>"],"slug":"translation_priority","name":"Translation Priorities"}},"series_order":"","_links":{"self":[{"href":"https:\/\/www.granlunds.com\/fi\/wp-json\/wp\/v2\/product\/5665"}],"collection":[{"href":"https:\/\/www.granlunds.com\/fi\/wp-json\/wp\/v2\/product"}],"about":[{"href":"https:\/\/www.granlunds.com\/fi\/wp-json\/wp\/v2\/types\/product"}],"wp:featuredmedia":[{"embeddable":true,"href":"https:\/\/www.granlunds.com\/fi\/wp-json\/wp\/v2\/media\/5039"}],"wp:attachment":[{"href":"https:\/\/www.granlunds.com\/fi\/wp-json\/wp\/v2\/media?parent=5665"}],"wp:term":[{"taxonomy":"product_cat","embeddable":true,"href":"https:\/\/www.granlunds.com\/fi\/wp-json\/wp\/v2\/product_cat?post=5665"},{"taxonomy":"product_tag","embeddable":true,"href":"https:\/\/www.granlunds.com\/fi\/wp-json\/wp\/v2\/product_tag?post=5665"}],"curies":[{"name":"wp","href":"https:\/\/api.w.org\/{rel}","templated":true}]}}